{"id":24784,"date":"2024-06-09T17:21:46","date_gmt":"2024-06-09T15:21:46","guid":{"rendered":"https:\/\/smans.com\/product\/automatic-pick-place-printer-placeall-620l\/"},"modified":"2026-04-09T13:06:12","modified_gmt":"2026-04-09T11:06:12","slug":"automatic-pick-place-printer-placeall-620l","status":"publish","type":"product","link":"https:\/\/smans.com\/fr\/product\/automatic-pick-place-printer-placeall-620l\/","title":{"rendered":"Fritsch SMT - Automatic Pick &amp; Place Printer placeALL 620L"},"content":{"rendered":"<p>La placeALL\u00ae620L est une machine modulaire de placement de composants avec une zone de placement agrandie et prenant en charge une large gamme de composants, des puces 0201 aux composants \u00e0 pas fin et aux BGA. Gr\u00e2ce \u00e0 ses <strong>284 positions d&rsquo;alimentation<\/strong> et \u00e0 son logiciel intelligent, les temps de changement sont r\u00e9duits au minimum, tandis que les cartes de circuits imprim\u00e9s jusqu&rsquo;\u00e0 910 \u00d7 430 mm peuvent \u00eatre enti\u00e8rement assembl\u00e9es. Avec une capacit\u00e9 pouvant atteindre <strong>10 500 composants par heure<\/strong>, la 620L offre une solution flexible et efficace pour les volumes SMT petits et moyens, avec une alimentation par bande, stick, plateau ou composants individuels.<\/p>\n","protected":false},"excerpt":{"rendered":"<p>Machine pick-and-place avec 284 positions d&rsquo;alimentation et une zone de placement allant jusqu&rsquo;\u00e0 910 \u00d7 430 mm pour des productions moyennes flexibles.<\/p>\n","protected":false},"featured_media":0,"template":"","meta":{"_acf_changed":false},"pwb-brand":[18242],"product_brand":[],"product_cat":[17991,18011,18084],"product_tag":[],"class_list":{"0":"post-24784","1":"product","2":"type-product","3":"status-publish","5":"pwb-brand-brand-fritsch-fr","6":"product_cat-electronique-fr","7":"product_cat-equipement-d-assemblage-smt-fr","8":"product_cat-pick-place-fr","10":"first","11":"instock","12":"taxable","13":"shipping-taxable","14":"product-type-simple"},"acf":[],"yoast_head":"<!-- This site is optimized with the Yoast SEO plugin v27.1.1 - https:\/\/yoast.com\/product\/yoast-seo-wordpress\/ -->\n<title>Automatic Pick &amp; Place Printer placeALL 620L - Smans<\/title>\n<meta name=\"robots\" content=\"index, follow, max-snippet:-1, max-image-preview:large, max-video-preview:-1\" \/>\n<link rel=\"canonical\" href=\"https:\/\/smans.com\/fr\/product\/automatic-pick-place-printer-placeall-620l\/\" \/>\n<meta property=\"og:locale\" content=\"fr_FR\" \/>\n<meta property=\"og:type\" content=\"article\" \/>\n<meta property=\"og:title\" content=\"Automatic Pick &amp; Place Printer placeALL 620L - Smans\" \/>\n<meta property=\"og:description\" content=\"Machine pick-and-place avec 284 positions d&#039;alimentation et une zone de placement allant jusqu&#039;\u00e0 910 \u00d7 430 mm pour des productions moyennes flexibles.\" \/>\n<meta property=\"og:url\" content=\"https:\/\/smans.com\/fr\/product\/automatic-pick-place-printer-placeall-620l\/\" \/>\n<meta property=\"og:site_name\" content=\"Smans\" \/>\n<meta property=\"article:modified_time\" content=\"2026-04-09T11:06:12+00:00\" \/>\n<meta name=\"twitter:card\" content=\"summary_large_image\" \/>\n<meta name=\"twitter:label1\" content=\"Dur\u00e9e de lecture estim\u00e9e\" \/>\n\t<meta name=\"twitter:data1\" content=\"1 minute\" \/>\n<script type=\"application\/ld+json\" class=\"yoast-schema-graph\">{\"@context\":\"https:\/\/schema.org\",\"@graph\":[{\"@type\":\"WebPage\",\"@id\":\"https:\/\/smans.com\/fr\/product\/automatic-pick-place-printer-placeall-620l\/\",\"url\":\"https:\/\/smans.com\/fr\/product\/automatic-pick-place-printer-placeall-620l\/\",\"name\":\"Automatic Pick &amp; Place Printer placeALL 620L - Smans\",\"isPartOf\":{\"@id\":\"https:\/\/smans.com\/nl\/#website\"},\"datePublished\":\"2024-06-09T15:21:46+00:00\",\"dateModified\":\"2026-04-09T11:06:12+00:00\",\"breadcrumb\":{\"@id\":\"https:\/\/smans.com\/fr\/product\/automatic-pick-place-printer-placeall-620l\/#breadcrumb\"},\"inLanguage\":\"fr-FR\",\"potentialAction\":[{\"@type\":\"ReadAction\",\"target\":[\"https:\/\/smans.com\/fr\/product\/automatic-pick-place-printer-placeall-620l\/\"]}]},{\"@type\":\"BreadcrumbList\",\"@id\":\"https:\/\/smans.com\/fr\/product\/automatic-pick-place-printer-placeall-620l\/#breadcrumb\",\"itemListElement\":[{\"@type\":\"ListItem\",\"position\":1,\"name\":\"Home\",\"item\":\"https:\/\/smans.com\/fr\/\"},{\"@type\":\"ListItem\",\"position\":2,\"name\":\"Boutique\",\"item\":\"https:\/\/smans.com\/nl\/shop\/\"},{\"@type\":\"ListItem\",\"position\":3,\"name\":\"Fritsch SMT - Automatic Pick &amp; Place Printer placeALL 620L\"}]},{\"@type\":\"WebSite\",\"@id\":\"https:\/\/smans.com\/nl\/#website\",\"url\":\"https:\/\/smans.com\/nl\/\",\"name\":\"Smans\",\"description\":\"\",\"publisher\":{\"@id\":\"https:\/\/smans.com\/nl\/#organization\"},\"potentialAction\":[{\"@type\":\"SearchAction\",\"target\":{\"@type\":\"EntryPoint\",\"urlTemplate\":\"https:\/\/smans.com\/nl\/?s={search_term_string}\"},\"query-input\":{\"@type\":\"PropertyValueSpecification\",\"valueRequired\":true,\"valueName\":\"search_term_string\"}}],\"inLanguage\":\"fr-FR\"},{\"@type\":\"Organization\",\"@id\":\"https:\/\/smans.com\/nl\/#organization\",\"name\":\"Smans\",\"url\":\"https:\/\/smans.com\/nl\/\",\"logo\":{\"@type\":\"ImageObject\",\"inLanguage\":\"fr-FR\",\"@id\":\"https:\/\/smans.com\/nl\/#\/schema\/logo\/image\/\",\"url\":\"https:\/\/smans.com\/wp-content\/uploads\/2023\/09\/logo.svg\",\"contentUrl\":\"https:\/\/smans.com\/wp-content\/uploads\/2023\/09\/logo.svg\",\"caption\":\"Smans\"},\"image\":{\"@id\":\"https:\/\/smans.com\/nl\/#\/schema\/logo\/image\/\"}}]}<\/script>\n<!-- \/ Yoast SEO plugin. -->","yoast_head_json":{"title":"Automatic Pick &amp; Place Printer placeALL 620L - Smans","robots":{"index":"index","follow":"follow","max-snippet":"max-snippet:-1","max-image-preview":"max-image-preview:large","max-video-preview":"max-video-preview:-1"},"canonical":"https:\/\/smans.com\/fr\/product\/automatic-pick-place-printer-placeall-620l\/","og_locale":"fr_FR","og_type":"article","og_title":"Automatic Pick &amp; Place Printer placeALL 620L - Smans","og_description":"Machine pick-and-place avec 284 positions d'alimentation et une zone de placement allant jusqu'\u00e0 910 \u00d7 430 mm pour des productions moyennes flexibles.","og_url":"https:\/\/smans.com\/fr\/product\/automatic-pick-place-printer-placeall-620l\/","og_site_name":"Smans","article_modified_time":"2026-04-09T11:06:12+00:00","twitter_card":"summary_large_image","twitter_misc":{"Dur\u00e9e de lecture estim\u00e9e":"1 minute"},"schema":{"@context":"https:\/\/schema.org","@graph":[{"@type":"WebPage","@id":"https:\/\/smans.com\/fr\/product\/automatic-pick-place-printer-placeall-620l\/","url":"https:\/\/smans.com\/fr\/product\/automatic-pick-place-printer-placeall-620l\/","name":"Automatic Pick &amp; Place Printer placeALL 620L - Smans","isPartOf":{"@id":"https:\/\/smans.com\/nl\/#website"},"datePublished":"2024-06-09T15:21:46+00:00","dateModified":"2026-04-09T11:06:12+00:00","breadcrumb":{"@id":"https:\/\/smans.com\/fr\/product\/automatic-pick-place-printer-placeall-620l\/#breadcrumb"},"inLanguage":"fr-FR","potentialAction":[{"@type":"ReadAction","target":["https:\/\/smans.com\/fr\/product\/automatic-pick-place-printer-placeall-620l\/"]}]},{"@type":"BreadcrumbList","@id":"https:\/\/smans.com\/fr\/product\/automatic-pick-place-printer-placeall-620l\/#breadcrumb","itemListElement":[{"@type":"ListItem","position":1,"name":"Home","item":"https:\/\/smans.com\/fr\/"},{"@type":"ListItem","position":2,"name":"Boutique","item":"https:\/\/smans.com\/nl\/shop\/"},{"@type":"ListItem","position":3,"name":"Fritsch SMT - Automatic Pick &amp; Place Printer placeALL 620L"}]},{"@type":"WebSite","@id":"https:\/\/smans.com\/nl\/#website","url":"https:\/\/smans.com\/nl\/","name":"Smans","description":"","publisher":{"@id":"https:\/\/smans.com\/nl\/#organization"},"potentialAction":[{"@type":"SearchAction","target":{"@type":"EntryPoint","urlTemplate":"https:\/\/smans.com\/nl\/?s={search_term_string}"},"query-input":{"@type":"PropertyValueSpecification","valueRequired":true,"valueName":"search_term_string"}}],"inLanguage":"fr-FR"},{"@type":"Organization","@id":"https:\/\/smans.com\/nl\/#organization","name":"Smans","url":"https:\/\/smans.com\/nl\/","logo":{"@type":"ImageObject","inLanguage":"fr-FR","@id":"https:\/\/smans.com\/nl\/#\/schema\/logo\/image\/","url":"https:\/\/smans.com\/wp-content\/uploads\/2023\/09\/logo.svg","contentUrl":"https:\/\/smans.com\/wp-content\/uploads\/2023\/09\/logo.svg","caption":"Smans"},"image":{"@id":"https:\/\/smans.com\/nl\/#\/schema\/logo\/image\/"}}]}},"brands":[{"id":18242,"name":"Fritsch SMT","slug":"brand-fritsch-fr"}],"_links":{"self":[{"href":"https:\/\/smans.com\/fr\/wp-json\/wp\/v2\/product\/24784","targetHints":{"allow":["GET"]}}],"collection":[{"href":"https:\/\/smans.com\/fr\/wp-json\/wp\/v2\/product"}],"about":[{"href":"https:\/\/smans.com\/fr\/wp-json\/wp\/v2\/types\/product"}],"wp:attachment":[{"href":"https:\/\/smans.com\/fr\/wp-json\/wp\/v2\/media?parent=24784"}],"wp:term":[{"taxonomy":"pwb-brand","embeddable":true,"href":"https:\/\/smans.com\/fr\/wp-json\/wp\/v2\/pwb-brand?post=24784"},{"taxonomy":"product_brand","embeddable":true,"href":"https:\/\/smans.com\/fr\/wp-json\/wp\/v2\/product_brand?post=24784"},{"taxonomy":"product_cat","embeddable":true,"href":"https:\/\/smans.com\/fr\/wp-json\/wp\/v2\/product_cat?post=24784"},{"taxonomy":"product_tag","embeddable":true,"href":"https:\/\/smans.com\/fr\/wp-json\/wp\/v2\/product_tag?post=24784"}],"curies":[{"name":"wp","href":"https:\/\/api.w.org\/{rel}","templated":true}]}}