{"id":24785,"date":"2024-06-09T17:21:44","date_gmt":"2024-06-09T15:21:44","guid":{"rendered":"https:\/\/smans.com\/product\/automatic-pick-place-printer-placeall-620\/"},"modified":"2026-04-29T11:00:53","modified_gmt":"2026-04-29T09:00:53","slug":"automatic-pick-place-printer-placeall-620","status":"publish","type":"product","link":"https:\/\/smans.com\/fr\/product\/automatic-pick-place-printer-placeall-620\/","title":{"rendered":"Fritsch SMT - Automatic Pick &amp; Place Printer placeALL 620"},"content":{"rendered":"<div class=\"ce-gallery\" data-ce-columns=\"1\" data-ce-images=\"2\">\n<div class=\"ce-row\">\n<div class=\"ce-column\">\n<p>La placeALL\u00ae620 est une machine de placement modulaire qui excelle en termes de flexibilit\u00e9 et d&rsquo;efficacit\u00e9 pour les s\u00e9ries de production petites \u00e0 moyennes. Gr\u00e2ce \u00e0 sa conception compacte et \u00e0 ses modules extensibles, la 620 s&rsquo;int\u00e8gre parfaitement aussi bien dans les processus autonomes que dans les lignes de production automatis\u00e9es. La machine traite une large gamme de composants, des puces 0201 aux composants \u00e0 pas fin de <strong>70 \u00d7 70 mm<\/strong> avec un <strong>pas de 0,3 mm<\/strong>, y compris les BGA, \u00b5BGA, CSP, QFN et les composants sp\u00e9cifiques aux clients tels que les connecteurs ou les LED THT c\u00e2bl\u00e9es.<\/p>\n<p>Avec <strong>jusqu&rsquo;\u00e0 208 positions d&rsquo;entr\u00e9e<\/strong> et un logiciel intelligent qui r\u00e9duit au minimum les changements de production, le placeALL\u00ae620 offre un flux de travail extr\u00eamement efficace. Le syst\u00e8me est con\u00e7u pour r\u00e9aliser des temps de changement courts sans compromettre la pr\u00e9cision ou la vitesse. Avec une capacit\u00e9 pouvant atteindre <strong>10 500 composants<\/strong> par heure (lorsqu&rsquo;il est utilis\u00e9 avec deux t\u00eates), cette machine offre des performances constantes pour diverses applications dans la production SMT.<\/p>\n<p>Le placeALL\u00ae620 s&rsquo;int\u00e8gre parfaitement dans un syst\u00e8me d&rsquo;assemblage en ligne, tel que le smartLINE, qui est enti\u00e8rement compatible avec la norme SMEMA. Gr\u00e2ce \u00e0 cette connexion, la machine est id\u00e9ale pour les lignes de production automatis\u00e9es o\u00f9 la pr\u00e9cision, la r\u00e9p\u00e9tabilit\u00e9 et la flexibilit\u00e9 sont essentielles.<\/p>\n<p>En bref, la placeALL\u00ae620 combine une conception modulaire, des temps de changement rapides et une large prise en charge des composants dans une solution compacte et fiable pour l&rsquo;assemblage \u00e9lectronique moderne.<\/p>\n<\/div>\n<\/div>\n<\/div>\n","protected":false},"excerpt":{"rendered":"<p>Machine pick-and-place pour petites et moyennes s\u00e9ries, avec 208 positions d&rsquo;alimentation, prise en charge de composants de 0201 \u00e0 70\u00d770 mm<\/p>\n","protected":false},"featured_media":0,"template":"","meta":{"_acf_changed":false},"pwb-brand":[18242],"product_brand":[],"product_cat":[17991,18011,18084],"product_tag":[],"class_list":{"0":"post-24785","1":"product","2":"type-product","3":"status-publish","5":"pwb-brand-brand-fritsch-fr","6":"product_cat-electronique-fr","7":"product_cat-equipement-d-assemblage-smt-fr","8":"product_cat-pick-place-fr","10":"first","11":"instock","12":"taxable","13":"shipping-taxable","14":"product-type-simple"},"acf":[],"yoast_head":"<!-- This site is optimized with the Yoast SEO plugin v27.1.1 - https:\/\/yoast.com\/product\/yoast-seo-wordpress\/ -->\n<title>Automatic Pick &amp; Place Printer placeALL 620 - Smans<\/title>\n<meta name=\"robots\" content=\"index, follow, max-snippet:-1, max-image-preview:large, max-video-preview:-1\" \/>\n<link rel=\"canonical\" href=\"https:\/\/smans.com\/fr\/product\/automatic-pick-place-printer-placeall-620\/\" \/>\n<meta property=\"og:locale\" content=\"fr_FR\" \/>\n<meta property=\"og:type\" content=\"article\" \/>\n<meta property=\"og:title\" content=\"Automatic Pick &amp; Place Printer placeALL 620 - Smans\" \/>\n<meta property=\"og:description\" content=\"Machine pick-and-place pour petites et moyennes s\u00e9ries, avec 208 positions d&#039;alimentation, prise en charge de composants de 0201 \u00e0 70\u00d770 mm\" \/>\n<meta property=\"og:url\" content=\"https:\/\/smans.com\/fr\/product\/automatic-pick-place-printer-placeall-620\/\" \/>\n<meta property=\"og:site_name\" content=\"Smans\" \/>\n<meta property=\"article:modified_time\" content=\"2026-04-29T09:00:53+00:00\" \/>\n<meta name=\"twitter:card\" content=\"summary_large_image\" \/>\n<meta name=\"twitter:label1\" content=\"Dur\u00e9e de lecture estim\u00e9e\" \/>\n\t<meta name=\"twitter:data1\" content=\"1 minute\" \/>\n<script type=\"application\/ld+json\" class=\"yoast-schema-graph\">{\"@context\":\"https:\/\/schema.org\",\"@graph\":[{\"@type\":\"WebPage\",\"@id\":\"https:\/\/smans.com\/fr\/product\/automatic-pick-place-printer-placeall-620\/\",\"url\":\"https:\/\/smans.com\/fr\/product\/automatic-pick-place-printer-placeall-620\/\",\"name\":\"Automatic Pick &amp; Place Printer placeALL 620 - Smans\",\"isPartOf\":{\"@id\":\"https:\/\/smans.com\/nl\/#website\"},\"datePublished\":\"2024-06-09T15:21:44+00:00\",\"dateModified\":\"2026-04-29T09:00:53+00:00\",\"breadcrumb\":{\"@id\":\"https:\/\/smans.com\/fr\/product\/automatic-pick-place-printer-placeall-620\/#breadcrumb\"},\"inLanguage\":\"fr-FR\",\"potentialAction\":[{\"@type\":\"ReadAction\",\"target\":[\"https:\/\/smans.com\/fr\/product\/automatic-pick-place-printer-placeall-620\/\"]}]},{\"@type\":\"BreadcrumbList\",\"@id\":\"https:\/\/smans.com\/fr\/product\/automatic-pick-place-printer-placeall-620\/#breadcrumb\",\"itemListElement\":[{\"@type\":\"ListItem\",\"position\":1,\"name\":\"Home\",\"item\":\"https:\/\/smans.com\/fr\/\"},{\"@type\":\"ListItem\",\"position\":2,\"name\":\"Boutique\",\"item\":\"https:\/\/smans.com\/nl\/shop\/\"},{\"@type\":\"ListItem\",\"position\":3,\"name\":\"Fritsch SMT - Automatic Pick &amp; Place Printer placeALL 620\"}]},{\"@type\":\"WebSite\",\"@id\":\"https:\/\/smans.com\/nl\/#website\",\"url\":\"https:\/\/smans.com\/nl\/\",\"name\":\"Smans\",\"description\":\"\",\"publisher\":{\"@id\":\"https:\/\/smans.com\/nl\/#organization\"},\"potentialAction\":[{\"@type\":\"SearchAction\",\"target\":{\"@type\":\"EntryPoint\",\"urlTemplate\":\"https:\/\/smans.com\/nl\/?s={search_term_string}\"},\"query-input\":{\"@type\":\"PropertyValueSpecification\",\"valueRequired\":true,\"valueName\":\"search_term_string\"}}],\"inLanguage\":\"fr-FR\"},{\"@type\":\"Organization\",\"@id\":\"https:\/\/smans.com\/nl\/#organization\",\"name\":\"Smans\",\"url\":\"https:\/\/smans.com\/nl\/\",\"logo\":{\"@type\":\"ImageObject\",\"inLanguage\":\"fr-FR\",\"@id\":\"https:\/\/smans.com\/nl\/#\/schema\/logo\/image\/\",\"url\":\"https:\/\/smans.com\/wp-content\/uploads\/2023\/09\/logo.svg\",\"contentUrl\":\"https:\/\/smans.com\/wp-content\/uploads\/2023\/09\/logo.svg\",\"caption\":\"Smans\"},\"image\":{\"@id\":\"https:\/\/smans.com\/nl\/#\/schema\/logo\/image\/\"}}]}<\/script>\n<!-- \/ Yoast SEO plugin. -->","yoast_head_json":{"title":"Automatic Pick &amp; Place Printer placeALL 620 - Smans","robots":{"index":"index","follow":"follow","max-snippet":"max-snippet:-1","max-image-preview":"max-image-preview:large","max-video-preview":"max-video-preview:-1"},"canonical":"https:\/\/smans.com\/fr\/product\/automatic-pick-place-printer-placeall-620\/","og_locale":"fr_FR","og_type":"article","og_title":"Automatic Pick &amp; Place Printer placeALL 620 - Smans","og_description":"Machine pick-and-place pour petites et moyennes s\u00e9ries, avec 208 positions d'alimentation, prise en charge de composants de 0201 \u00e0 70\u00d770 mm","og_url":"https:\/\/smans.com\/fr\/product\/automatic-pick-place-printer-placeall-620\/","og_site_name":"Smans","article_modified_time":"2026-04-29T09:00:53+00:00","twitter_card":"summary_large_image","twitter_misc":{"Dur\u00e9e de lecture estim\u00e9e":"1 minute"},"schema":{"@context":"https:\/\/schema.org","@graph":[{"@type":"WebPage","@id":"https:\/\/smans.com\/fr\/product\/automatic-pick-place-printer-placeall-620\/","url":"https:\/\/smans.com\/fr\/product\/automatic-pick-place-printer-placeall-620\/","name":"Automatic Pick &amp; Place Printer placeALL 620 - Smans","isPartOf":{"@id":"https:\/\/smans.com\/nl\/#website"},"datePublished":"2024-06-09T15:21:44+00:00","dateModified":"2026-04-29T09:00:53+00:00","breadcrumb":{"@id":"https:\/\/smans.com\/fr\/product\/automatic-pick-place-printer-placeall-620\/#breadcrumb"},"inLanguage":"fr-FR","potentialAction":[{"@type":"ReadAction","target":["https:\/\/smans.com\/fr\/product\/automatic-pick-place-printer-placeall-620\/"]}]},{"@type":"BreadcrumbList","@id":"https:\/\/smans.com\/fr\/product\/automatic-pick-place-printer-placeall-620\/#breadcrumb","itemListElement":[{"@type":"ListItem","position":1,"name":"Home","item":"https:\/\/smans.com\/fr\/"},{"@type":"ListItem","position":2,"name":"Boutique","item":"https:\/\/smans.com\/nl\/shop\/"},{"@type":"ListItem","position":3,"name":"Fritsch SMT - Automatic Pick &amp; Place Printer placeALL 620"}]},{"@type":"WebSite","@id":"https:\/\/smans.com\/nl\/#website","url":"https:\/\/smans.com\/nl\/","name":"Smans","description":"","publisher":{"@id":"https:\/\/smans.com\/nl\/#organization"},"potentialAction":[{"@type":"SearchAction","target":{"@type":"EntryPoint","urlTemplate":"https:\/\/smans.com\/nl\/?s={search_term_string}"},"query-input":{"@type":"PropertyValueSpecification","valueRequired":true,"valueName":"search_term_string"}}],"inLanguage":"fr-FR"},{"@type":"Organization","@id":"https:\/\/smans.com\/nl\/#organization","name":"Smans","url":"https:\/\/smans.com\/nl\/","logo":{"@type":"ImageObject","inLanguage":"fr-FR","@id":"https:\/\/smans.com\/nl\/#\/schema\/logo\/image\/","url":"https:\/\/smans.com\/wp-content\/uploads\/2023\/09\/logo.svg","contentUrl":"https:\/\/smans.com\/wp-content\/uploads\/2023\/09\/logo.svg","caption":"Smans"},"image":{"@id":"https:\/\/smans.com\/nl\/#\/schema\/logo\/image\/"}}]}},"brands":[{"id":18242,"name":"Fritsch SMT","slug":"brand-fritsch-fr"}],"_links":{"self":[{"href":"https:\/\/smans.com\/fr\/wp-json\/wp\/v2\/product\/24785","targetHints":{"allow":["GET"]}}],"collection":[{"href":"https:\/\/smans.com\/fr\/wp-json\/wp\/v2\/product"}],"about":[{"href":"https:\/\/smans.com\/fr\/wp-json\/wp\/v2\/types\/product"}],"wp:attachment":[{"href":"https:\/\/smans.com\/fr\/wp-json\/wp\/v2\/media?parent=24785"}],"wp:term":[{"taxonomy":"pwb-brand","embeddable":true,"href":"https:\/\/smans.com\/fr\/wp-json\/wp\/v2\/pwb-brand?post=24785"},{"taxonomy":"product_brand","embeddable":true,"href":"https:\/\/smans.com\/fr\/wp-json\/wp\/v2\/product_brand?post=24785"},{"taxonomy":"product_cat","embeddable":true,"href":"https:\/\/smans.com\/fr\/wp-json\/wp\/v2\/product_cat?post=24785"},{"taxonomy":"product_tag","embeddable":true,"href":"https:\/\/smans.com\/fr\/wp-json\/wp\/v2\/product_tag?post=24785"}],"curies":[{"name":"wp","href":"https:\/\/api.w.org\/{rel}","templated":true}]}}