{"id":24790,"date":"2024-06-09T17:10:40","date_gmt":"2024-06-09T15:10:40","guid":{"rendered":"https:\/\/smans.com\/product\/ferrule-module-aeh-ls\/"},"modified":"2026-04-08T12:38:01","modified_gmt":"2026-04-08T10:38:01","slug":"ferrule-module-aeh-ls","status":"publish","type":"product","link":"https:\/\/smans.com\/fr\/product\/ferrule-module-aeh-ls\/","title":{"rendered":"Komax - Ferrule module AEH-LS"},"content":{"rendered":"<p>Le module d\u2019embout AEH-LS est con\u00e7u pour sertir efficacement des embouts en vrac sur des c\u00e2bles d\u00e9nud\u00e9s, avec des options d\u2019int\u00e9gration pour diff\u00e9rentes applications.<\/p>\n<p><strong>Caract\u00e9ristiques principales :<\/strong><\/p>\n<ul>\n<li>\n<p><strong>Utilisation simple :<\/strong><\/p>\n<ul>\n<li>Insertion facile des c\u00e2bles avec d\u00e9tection automatique de la pr\u00e9sence de l\u2019embout par un capteur.<\/li>\n<li>Compatible avec des embouts de 6, 8, 10 ou 12 mm de longueur.<\/li>\n<\/ul>\n<\/li>\n<li>\n<p><strong>Int\u00e9gration en option :<\/strong><\/p>\n<ul>\n<li>Peut \u00eatre int\u00e9gr\u00e9 \u00e0 la plupart des machines de traitement de c\u00e2bles Komax.<\/li>\n<li>Commande intuitive via l\u2019interface HMI de TopWin.<\/li>\n<\/ul>\n<\/li>\n<li>\n<p><strong>Options de marquage :<\/strong><\/p>\n<ul>\n<li>Les c\u00e2bles peuvent \u00eatre marqu\u00e9s avec du texte ou des chiffres gr\u00e2ce au marqueur \u00e0 jet d\u2019encre.<\/li>\n<\/ul>\n<\/li>\n<li>\n<p><strong>Fiabilit\u00e9 du processus :<\/strong><\/p>\n<ul>\n<li>Positionnement pr\u00e9cis des extr\u00e9mit\u00e9s de c\u00e2ble avec d\u00e9tection de l\u2019embout par un capteur.<\/li>\n<li>Am\u00e9liore la s\u00e9curit\u00e9 \u00e9lectrique dans les armoires de commande.<\/li>\n<\/ul>\n<\/li>\n<li>\n<p><strong>Traitement efficace :<\/strong><\/p>\n<ul>\n<li>Convient aux sections de c\u00e2ble de 0,5 \u00e0 2,5 mm\u00b2 (extensible \u00e0 0,35 et 4 mm\u00b2 en option).<\/li>\n<li>Temps de r\u00e9glage courts pour une production rapide.<\/li>\n<\/ul>\n<\/li>\n<\/ul>\n<p>Le module AEH-LS combine flexibilit\u00e9, fiabilit\u00e9 des processus et \u00e9conomies, id\u00e9al pour un traitement de c\u00e2bles de haute qualit\u00e9.<\/p>\n","protected":false},"excerpt":{"rendered":"<p>Module AEH-LS : sertissage des embouts et contr\u00f4le par capteur sur c\u00e2bles d\u00e9nud\u00e9s<\/p>\n","protected":false},"featured_media":0,"template":"","meta":{"_acf_changed":false},"pwb-brand":[18260],"product_brand":[],"product_cat":[17990,17993,18035],"product_tag":[],"class_list":{"0":"post-24790","1":"product","2":"type-product","3":"status-publish","5":"pwb-brand-brand-komax-fr","6":"product_cat-cables-et-cablage-fr","7":"product_cat-couper-denuder-sertissage-fr","8":"product_cat-process-modules-fr","10":"first","11":"instock","12":"taxable","13":"shipping-taxable","14":"product-type-simple"},"acf":[],"yoast_head":"<!-- This site is optimized with the Yoast SEO plugin v27.1.1 - https:\/\/yoast.com\/product\/yoast-seo-wordpress\/ -->\n<title>Ferrule module AEH-LS - Smans<\/title>\n<meta name=\"robots\" content=\"index, follow, max-snippet:-1, max-image-preview:large, max-video-preview:-1\" \/>\n<link rel=\"canonical\" href=\"https:\/\/smans.com\/fr\/product\/ferrule-module-aeh-ls\/\" \/>\n<meta property=\"og:locale\" content=\"fr_FR\" \/>\n<meta property=\"og:type\" content=\"article\" \/>\n<meta property=\"og:title\" content=\"Ferrule module AEH-LS - Smans\" \/>\n<meta property=\"og:description\" content=\"Module AEH-LS : sertissage des embouts et contr\u00f4le par capteur sur c\u00e2bles d\u00e9nud\u00e9s\" \/>\n<meta property=\"og:url\" content=\"https:\/\/smans.com\/fr\/product\/ferrule-module-aeh-ls\/\" \/>\n<meta property=\"og:site_name\" content=\"Smans\" \/>\n<meta property=\"article:modified_time\" content=\"2026-04-08T10:38:01+00:00\" \/>\n<meta name=\"twitter:card\" content=\"summary_large_image\" \/>\n<meta name=\"twitter:label1\" content=\"Dur\u00e9e de lecture estim\u00e9e\" \/>\n\t<meta name=\"twitter:data1\" content=\"1 minute\" \/>\n<script type=\"application\/ld+json\" class=\"yoast-schema-graph\">{\"@context\":\"https:\/\/schema.org\",\"@graph\":[{\"@type\":\"WebPage\",\"@id\":\"https:\/\/smans.com\/fr\/product\/ferrule-module-aeh-ls\/\",\"url\":\"https:\/\/smans.com\/fr\/product\/ferrule-module-aeh-ls\/\",\"name\":\"Ferrule module AEH-LS - Smans\",\"isPartOf\":{\"@id\":\"https:\/\/smans.com\/nl\/#website\"},\"datePublished\":\"2024-06-09T15:10:40+00:00\",\"dateModified\":\"2026-04-08T10:38:01+00:00\",\"breadcrumb\":{\"@id\":\"https:\/\/smans.com\/fr\/product\/ferrule-module-aeh-ls\/#breadcrumb\"},\"inLanguage\":\"fr-FR\",\"potentialAction\":[{\"@type\":\"ReadAction\",\"target\":[\"https:\/\/smans.com\/fr\/product\/ferrule-module-aeh-ls\/\"]}]},{\"@type\":\"BreadcrumbList\",\"@id\":\"https:\/\/smans.com\/fr\/product\/ferrule-module-aeh-ls\/#breadcrumb\",\"itemListElement\":[{\"@type\":\"ListItem\",\"position\":1,\"name\":\"Home\",\"item\":\"https:\/\/smans.com\/fr\/\"},{\"@type\":\"ListItem\",\"position\":2,\"name\":\"Boutique\",\"item\":\"https:\/\/smans.com\/nl\/shop\/\"},{\"@type\":\"ListItem\",\"position\":3,\"name\":\"Komax - Ferrule module AEH-LS\"}]},{\"@type\":\"WebSite\",\"@id\":\"https:\/\/smans.com\/nl\/#website\",\"url\":\"https:\/\/smans.com\/nl\/\",\"name\":\"Smans\",\"description\":\"\",\"publisher\":{\"@id\":\"https:\/\/smans.com\/nl\/#organization\"},\"potentialAction\":[{\"@type\":\"SearchAction\",\"target\":{\"@type\":\"EntryPoint\",\"urlTemplate\":\"https:\/\/smans.com\/nl\/?s={search_term_string}\"},\"query-input\":{\"@type\":\"PropertyValueSpecification\",\"valueRequired\":true,\"valueName\":\"search_term_string\"}}],\"inLanguage\":\"fr-FR\"},{\"@type\":\"Organization\",\"@id\":\"https:\/\/smans.com\/nl\/#organization\",\"name\":\"Smans\",\"url\":\"https:\/\/smans.com\/nl\/\",\"logo\":{\"@type\":\"ImageObject\",\"inLanguage\":\"fr-FR\",\"@id\":\"https:\/\/smans.com\/nl\/#\/schema\/logo\/image\/\",\"url\":\"https:\/\/smans.com\/wp-content\/uploads\/2023\/09\/logo.svg\",\"contentUrl\":\"https:\/\/smans.com\/wp-content\/uploads\/2023\/09\/logo.svg\",\"caption\":\"Smans\"},\"image\":{\"@id\":\"https:\/\/smans.com\/nl\/#\/schema\/logo\/image\/\"}}]}<\/script>\n<!-- \/ Yoast SEO plugin. -->","yoast_head_json":{"title":"Ferrule module AEH-LS - Smans","robots":{"index":"index","follow":"follow","max-snippet":"max-snippet:-1","max-image-preview":"max-image-preview:large","max-video-preview":"max-video-preview:-1"},"canonical":"https:\/\/smans.com\/fr\/product\/ferrule-module-aeh-ls\/","og_locale":"fr_FR","og_type":"article","og_title":"Ferrule module AEH-LS - Smans","og_description":"Module AEH-LS : sertissage des embouts et contr\u00f4le par capteur sur c\u00e2bles d\u00e9nud\u00e9s","og_url":"https:\/\/smans.com\/fr\/product\/ferrule-module-aeh-ls\/","og_site_name":"Smans","article_modified_time":"2026-04-08T10:38:01+00:00","twitter_card":"summary_large_image","twitter_misc":{"Dur\u00e9e de lecture estim\u00e9e":"1 minute"},"schema":{"@context":"https:\/\/schema.org","@graph":[{"@type":"WebPage","@id":"https:\/\/smans.com\/fr\/product\/ferrule-module-aeh-ls\/","url":"https:\/\/smans.com\/fr\/product\/ferrule-module-aeh-ls\/","name":"Ferrule module AEH-LS - Smans","isPartOf":{"@id":"https:\/\/smans.com\/nl\/#website"},"datePublished":"2024-06-09T15:10:40+00:00","dateModified":"2026-04-08T10:38:01+00:00","breadcrumb":{"@id":"https:\/\/smans.com\/fr\/product\/ferrule-module-aeh-ls\/#breadcrumb"},"inLanguage":"fr-FR","potentialAction":[{"@type":"ReadAction","target":["https:\/\/smans.com\/fr\/product\/ferrule-module-aeh-ls\/"]}]},{"@type":"BreadcrumbList","@id":"https:\/\/smans.com\/fr\/product\/ferrule-module-aeh-ls\/#breadcrumb","itemListElement":[{"@type":"ListItem","position":1,"name":"Home","item":"https:\/\/smans.com\/fr\/"},{"@type":"ListItem","position":2,"name":"Boutique","item":"https:\/\/smans.com\/nl\/shop\/"},{"@type":"ListItem","position":3,"name":"Komax - Ferrule module AEH-LS"}]},{"@type":"WebSite","@id":"https:\/\/smans.com\/nl\/#website","url":"https:\/\/smans.com\/nl\/","name":"Smans","description":"","publisher":{"@id":"https:\/\/smans.com\/nl\/#organization"},"potentialAction":[{"@type":"SearchAction","target":{"@type":"EntryPoint","urlTemplate":"https:\/\/smans.com\/nl\/?s={search_term_string}"},"query-input":{"@type":"PropertyValueSpecification","valueRequired":true,"valueName":"search_term_string"}}],"inLanguage":"fr-FR"},{"@type":"Organization","@id":"https:\/\/smans.com\/nl\/#organization","name":"Smans","url":"https:\/\/smans.com\/nl\/","logo":{"@type":"ImageObject","inLanguage":"fr-FR","@id":"https:\/\/smans.com\/nl\/#\/schema\/logo\/image\/","url":"https:\/\/smans.com\/wp-content\/uploads\/2023\/09\/logo.svg","contentUrl":"https:\/\/smans.com\/wp-content\/uploads\/2023\/09\/logo.svg","caption":"Smans"},"image":{"@id":"https:\/\/smans.com\/nl\/#\/schema\/logo\/image\/"}}]}},"brands":[{"id":18260,"name":"Komax","slug":"brand-komax-fr"}],"_links":{"self":[{"href":"https:\/\/smans.com\/fr\/wp-json\/wp\/v2\/product\/24790","targetHints":{"allow":["GET"]}}],"collection":[{"href":"https:\/\/smans.com\/fr\/wp-json\/wp\/v2\/product"}],"about":[{"href":"https:\/\/smans.com\/fr\/wp-json\/wp\/v2\/types\/product"}],"wp:attachment":[{"href":"https:\/\/smans.com\/fr\/wp-json\/wp\/v2\/media?parent=24790"}],"wp:term":[{"taxonomy":"pwb-brand","embeddable":true,"href":"https:\/\/smans.com\/fr\/wp-json\/wp\/v2\/pwb-brand?post=24790"},{"taxonomy":"product_brand","embeddable":true,"href":"https:\/\/smans.com\/fr\/wp-json\/wp\/v2\/product_brand?post=24790"},{"taxonomy":"product_cat","embeddable":true,"href":"https:\/\/smans.com\/fr\/wp-json\/wp\/v2\/product_cat?post=24790"},{"taxonomy":"product_tag","embeddable":true,"href":"https:\/\/smans.com\/fr\/wp-json\/wp\/v2\/product_tag?post=24790"}],"curies":[{"name":"wp","href":"https:\/\/api.w.org\/{rel}","templated":true}]}}