{"id":24793,"date":"2024-06-09T17:21:58","date_gmt":"2024-06-09T15:21:58","guid":{"rendered":"https:\/\/smans.com\/product\/manual-pick-place-machine-mp904\/"},"modified":"2026-04-09T13:06:40","modified_gmt":"2026-04-09T11:06:40","slug":"manual-pick-place-machine-mp904","status":"publish","type":"product","link":"https:\/\/smans.com\/fr\/product\/manual-pick-place-machine-mp904\/","title":{"rendered":"Fritsch SMT - Manual Pick &amp; Place Machine MP904"},"content":{"rendered":"<p>Le <strong>MP904<\/strong> combine la simplicit\u00e9 et la flexibilit\u00e9 d&rsquo;utilisation d&rsquo;un manipulateur avec les normes \u00e9lev\u00e9es de pr\u00e9cision de placement des composants \u00e0 pas fin.<\/p>\n<p>Le guidage fluide in\u00e9gal\u00e9 de la t\u00eate de montage permet de placer les CMS avec pr\u00e9cision. Lorsque la pipette entre en contact avec les composants, le vide s&rsquo;active automatiquement et se d\u00e9sactive lors du placement.<\/p>\n<p>Le <strong>syst\u00e8me de vision sp\u00e9cialis\u00e9<\/strong> permet un placement optimal des composants BGA et QFN. La gamme d&rsquo;\u00e9l\u00e9ments d&rsquo;assemblage commence par la puce 0201 et se termine par les composants \u00e0 pas fin et BGA.<\/p>\n","protected":false},"excerpt":{"rendered":"<p>La station d&rsquo;assemblage multit\u00e2che MP904 offre un confort ergonomique pour la distribution et l&rsquo;assemblage de prototypes et de s\u00e9ries moyennes.<\/p>\n","protected":false},"featured_media":0,"template":"","meta":{"_acf_changed":false},"pwb-brand":[18242],"product_brand":[],"product_cat":[17991,18011,18085],"product_tag":[],"class_list":{"0":"post-24793","1":"product","2":"type-product","3":"status-publish","5":"pwb-brand-brand-fritsch-fr","6":"product_cat-electronique-fr","7":"product_cat-equipement-d-assemblage-smt-fr","8":"product_cat-prototyping-fr","10":"first","11":"instock","12":"taxable","13":"shipping-taxable","14":"product-type-simple"},"acf":[],"yoast_head":"<!-- This site is optimized with the Yoast SEO plugin v27.1.1 - https:\/\/yoast.com\/product\/yoast-seo-wordpress\/ -->\n<title>Manual Pick &amp; Place Machine MP904 - Smans<\/title>\n<meta name=\"robots\" content=\"index, follow, max-snippet:-1, max-image-preview:large, max-video-preview:-1\" \/>\n<link rel=\"canonical\" href=\"https:\/\/smans.com\/fr\/product\/manual-pick-place-machine-mp904\/\" \/>\n<meta property=\"og:locale\" content=\"fr_FR\" \/>\n<meta property=\"og:type\" content=\"article\" \/>\n<meta property=\"og:title\" content=\"Manual Pick &amp; Place Machine MP904 - Smans\" \/>\n<meta property=\"og:description\" content=\"La station d&#039;assemblage multit\u00e2che MP904 offre un confort ergonomique pour la distribution et l&#039;assemblage de prototypes et de s\u00e9ries moyennes.\" \/>\n<meta property=\"og:url\" content=\"https:\/\/smans.com\/fr\/product\/manual-pick-place-machine-mp904\/\" \/>\n<meta property=\"og:site_name\" content=\"Smans\" \/>\n<meta property=\"article:modified_time\" content=\"2026-04-09T11:06:40+00:00\" \/>\n<meta name=\"twitter:card\" content=\"summary_large_image\" \/>\n<meta name=\"twitter:label1\" content=\"Dur\u00e9e de lecture estim\u00e9e\" \/>\n\t<meta name=\"twitter:data1\" content=\"1 minute\" \/>\n<script type=\"application\/ld+json\" class=\"yoast-schema-graph\">{\"@context\":\"https:\/\/schema.org\",\"@graph\":[{\"@type\":\"WebPage\",\"@id\":\"https:\/\/smans.com\/fr\/product\/manual-pick-place-machine-mp904\/\",\"url\":\"https:\/\/smans.com\/fr\/product\/manual-pick-place-machine-mp904\/\",\"name\":\"Manual Pick &amp; Place Machine MP904 - Smans\",\"isPartOf\":{\"@id\":\"https:\/\/smans.com\/nl\/#website\"},\"datePublished\":\"2024-06-09T15:21:58+00:00\",\"dateModified\":\"2026-04-09T11:06:40+00:00\",\"breadcrumb\":{\"@id\":\"https:\/\/smans.com\/fr\/product\/manual-pick-place-machine-mp904\/#breadcrumb\"},\"inLanguage\":\"fr-FR\",\"potentialAction\":[{\"@type\":\"ReadAction\",\"target\":[\"https:\/\/smans.com\/fr\/product\/manual-pick-place-machine-mp904\/\"]}]},{\"@type\":\"BreadcrumbList\",\"@id\":\"https:\/\/smans.com\/fr\/product\/manual-pick-place-machine-mp904\/#breadcrumb\",\"itemListElement\":[{\"@type\":\"ListItem\",\"position\":1,\"name\":\"Home\",\"item\":\"https:\/\/smans.com\/fr\/\"},{\"@type\":\"ListItem\",\"position\":2,\"name\":\"Boutique\",\"item\":\"https:\/\/smans.com\/nl\/shop\/\"},{\"@type\":\"ListItem\",\"position\":3,\"name\":\"Fritsch SMT - Manual Pick &amp; Place Machine MP904\"}]},{\"@type\":\"WebSite\",\"@id\":\"https:\/\/smans.com\/nl\/#website\",\"url\":\"https:\/\/smans.com\/nl\/\",\"name\":\"Smans\",\"description\":\"\",\"publisher\":{\"@id\":\"https:\/\/smans.com\/nl\/#organization\"},\"potentialAction\":[{\"@type\":\"SearchAction\",\"target\":{\"@type\":\"EntryPoint\",\"urlTemplate\":\"https:\/\/smans.com\/nl\/?s={search_term_string}\"},\"query-input\":{\"@type\":\"PropertyValueSpecification\",\"valueRequired\":true,\"valueName\":\"search_term_string\"}}],\"inLanguage\":\"fr-FR\"},{\"@type\":\"Organization\",\"@id\":\"https:\/\/smans.com\/nl\/#organization\",\"name\":\"Smans\",\"url\":\"https:\/\/smans.com\/nl\/\",\"logo\":{\"@type\":\"ImageObject\",\"inLanguage\":\"fr-FR\",\"@id\":\"https:\/\/smans.com\/nl\/#\/schema\/logo\/image\/\",\"url\":\"https:\/\/smans.com\/wp-content\/uploads\/2023\/09\/logo.svg\",\"contentUrl\":\"https:\/\/smans.com\/wp-content\/uploads\/2023\/09\/logo.svg\",\"caption\":\"Smans\"},\"image\":{\"@id\":\"https:\/\/smans.com\/nl\/#\/schema\/logo\/image\/\"}}]}<\/script>\n<!-- \/ Yoast SEO plugin. -->","yoast_head_json":{"title":"Manual Pick &amp; Place Machine MP904 - Smans","robots":{"index":"index","follow":"follow","max-snippet":"max-snippet:-1","max-image-preview":"max-image-preview:large","max-video-preview":"max-video-preview:-1"},"canonical":"https:\/\/smans.com\/fr\/product\/manual-pick-place-machine-mp904\/","og_locale":"fr_FR","og_type":"article","og_title":"Manual Pick &amp; Place Machine MP904 - Smans","og_description":"La station d'assemblage multit\u00e2che MP904 offre un confort ergonomique pour la distribution et l'assemblage de prototypes et de s\u00e9ries moyennes.","og_url":"https:\/\/smans.com\/fr\/product\/manual-pick-place-machine-mp904\/","og_site_name":"Smans","article_modified_time":"2026-04-09T11:06:40+00:00","twitter_card":"summary_large_image","twitter_misc":{"Dur\u00e9e de lecture estim\u00e9e":"1 minute"},"schema":{"@context":"https:\/\/schema.org","@graph":[{"@type":"WebPage","@id":"https:\/\/smans.com\/fr\/product\/manual-pick-place-machine-mp904\/","url":"https:\/\/smans.com\/fr\/product\/manual-pick-place-machine-mp904\/","name":"Manual Pick &amp; Place Machine MP904 - Smans","isPartOf":{"@id":"https:\/\/smans.com\/nl\/#website"},"datePublished":"2024-06-09T15:21:58+00:00","dateModified":"2026-04-09T11:06:40+00:00","breadcrumb":{"@id":"https:\/\/smans.com\/fr\/product\/manual-pick-place-machine-mp904\/#breadcrumb"},"inLanguage":"fr-FR","potentialAction":[{"@type":"ReadAction","target":["https:\/\/smans.com\/fr\/product\/manual-pick-place-machine-mp904\/"]}]},{"@type":"BreadcrumbList","@id":"https:\/\/smans.com\/fr\/product\/manual-pick-place-machine-mp904\/#breadcrumb","itemListElement":[{"@type":"ListItem","position":1,"name":"Home","item":"https:\/\/smans.com\/fr\/"},{"@type":"ListItem","position":2,"name":"Boutique","item":"https:\/\/smans.com\/nl\/shop\/"},{"@type":"ListItem","position":3,"name":"Fritsch SMT - Manual Pick &amp; Place Machine MP904"}]},{"@type":"WebSite","@id":"https:\/\/smans.com\/nl\/#website","url":"https:\/\/smans.com\/nl\/","name":"Smans","description":"","publisher":{"@id":"https:\/\/smans.com\/nl\/#organization"},"potentialAction":[{"@type":"SearchAction","target":{"@type":"EntryPoint","urlTemplate":"https:\/\/smans.com\/nl\/?s={search_term_string}"},"query-input":{"@type":"PropertyValueSpecification","valueRequired":true,"valueName":"search_term_string"}}],"inLanguage":"fr-FR"},{"@type":"Organization","@id":"https:\/\/smans.com\/nl\/#organization","name":"Smans","url":"https:\/\/smans.com\/nl\/","logo":{"@type":"ImageObject","inLanguage":"fr-FR","@id":"https:\/\/smans.com\/nl\/#\/schema\/logo\/image\/","url":"https:\/\/smans.com\/wp-content\/uploads\/2023\/09\/logo.svg","contentUrl":"https:\/\/smans.com\/wp-content\/uploads\/2023\/09\/logo.svg","caption":"Smans"},"image":{"@id":"https:\/\/smans.com\/nl\/#\/schema\/logo\/image\/"}}]}},"brands":[{"id":18242,"name":"Fritsch SMT","slug":"brand-fritsch-fr"}],"_links":{"self":[{"href":"https:\/\/smans.com\/fr\/wp-json\/wp\/v2\/product\/24793","targetHints":{"allow":["GET"]}}],"collection":[{"href":"https:\/\/smans.com\/fr\/wp-json\/wp\/v2\/product"}],"about":[{"href":"https:\/\/smans.com\/fr\/wp-json\/wp\/v2\/types\/product"}],"wp:attachment":[{"href":"https:\/\/smans.com\/fr\/wp-json\/wp\/v2\/media?parent=24793"}],"wp:term":[{"taxonomy":"pwb-brand","embeddable":true,"href":"https:\/\/smans.com\/fr\/wp-json\/wp\/v2\/pwb-brand?post=24793"},{"taxonomy":"product_brand","embeddable":true,"href":"https:\/\/smans.com\/fr\/wp-json\/wp\/v2\/product_brand?post=24793"},{"taxonomy":"product_cat","embeddable":true,"href":"https:\/\/smans.com\/fr\/wp-json\/wp\/v2\/product_cat?post=24793"},{"taxonomy":"product_tag","embeddable":true,"href":"https:\/\/smans.com\/fr\/wp-json\/wp\/v2\/product_tag?post=24793"}],"curies":[{"name":"wp","href":"https:\/\/api.w.org\/{rel}","templated":true}]}}