{"id":24794,"date":"2024-06-09T17:21:52","date_gmt":"2024-06-09T15:21:52","guid":{"rendered":"https:\/\/smans.com\/product\/manual-pick-place-machine-lm901\/"},"modified":"2026-04-09T13:24:14","modified_gmt":"2026-04-09T11:24:14","slug":"manual-pick-place-machine-lm901","status":"publish","type":"product","link":"https:\/\/smans.com\/fr\/product\/manual-pick-place-machine-lm901\/","title":{"rendered":"Fritsch SMT - Manual Pick &amp; Place Machine LM901"},"content":{"rendered":"<p>Le LM901 est le mod\u00e8le d&rsquo;entr\u00e9e de gamme de nos syst\u00e8mes modulaires. Outre les fonctionnalit\u00e9s du LM900, il peut \u00eatre \u00e9quip\u00e9 de freins \u00e0 axe, de distributeurs et de syst\u00e8mes de support optique pour le placement de composants.<\/p>\n<p>Le LM901 prend en charge l&rsquo;ensemble du processus de distribution\/Pick &amp; Place, de l&rsquo;alimentation en p\u00e2te \u00e0 souder ou en colle au placement de composants standard, Fine-Pitch ou BGA.<\/p>\n","protected":false},"excerpt":{"rendered":"<p>Machine manuelle Pick &amp; Place<\/p>\n","protected":false},"featured_media":0,"template":"","meta":{"_acf_changed":false},"pwb-brand":[18242],"product_brand":[],"product_cat":[18013,17991,18011,18093,18141,18085],"product_tag":[],"class_list":{"0":"post-24794","1":"product","2":"type-product","3":"status-publish","5":"pwb-brand-brand-fritsch-fr","6":"product_cat-consommables-fr-2","7":"product_cat-electronique-fr","8":"product_cat-equipement-d-assemblage-smt-fr","9":"product_cat-flux-fr","10":"product_cat-low-residue-soldering-flux-fr","11":"product_cat-prototyping-fr","13":"first","14":"instock","15":"taxable","16":"shipping-taxable","17":"purchasable","18":"product-type-simple"},"acf":[],"yoast_head":"<!-- This site is optimized with the Yoast SEO plugin v27.1.1 - https:\/\/yoast.com\/product\/yoast-seo-wordpress\/ -->\n<title>Manual Pick &amp; Place Machine LM901 - Smans<\/title>\n<meta name=\"robots\" content=\"index, follow, max-snippet:-1, max-image-preview:large, max-video-preview:-1\" \/>\n<link rel=\"canonical\" href=\"https:\/\/smans.com\/fr\/product\/manual-pick-place-machine-lm901\/\" \/>\n<meta property=\"og:locale\" content=\"fr_FR\" \/>\n<meta property=\"og:type\" content=\"article\" \/>\n<meta property=\"og:title\" content=\"Manual Pick &amp; Place Machine LM901 - Smans\" \/>\n<meta property=\"og:description\" content=\"Machine manuelle Pick &amp; Place\" \/>\n<meta property=\"og:url\" content=\"https:\/\/smans.com\/fr\/product\/manual-pick-place-machine-lm901\/\" \/>\n<meta property=\"og:site_name\" content=\"Smans\" \/>\n<meta property=\"article:modified_time\" content=\"2026-04-09T11:24:14+00:00\" \/>\n<meta name=\"twitter:card\" content=\"summary_large_image\" \/>\n<script type=\"application\/ld+json\" class=\"yoast-schema-graph\">{\"@context\":\"https:\/\/schema.org\",\"@graph\":[{\"@type\":\"WebPage\",\"@id\":\"https:\/\/smans.com\/fr\/product\/manual-pick-place-machine-lm901\/\",\"url\":\"https:\/\/smans.com\/fr\/product\/manual-pick-place-machine-lm901\/\",\"name\":\"Manual Pick &amp; Place Machine LM901 - Smans\",\"isPartOf\":{\"@id\":\"https:\/\/smans.com\/nl\/#website\"},\"datePublished\":\"2024-06-09T15:21:52+00:00\",\"dateModified\":\"2026-04-09T11:24:14+00:00\",\"breadcrumb\":{\"@id\":\"https:\/\/smans.com\/fr\/product\/manual-pick-place-machine-lm901\/#breadcrumb\"},\"inLanguage\":\"fr-FR\",\"potentialAction\":[{\"@type\":\"ReadAction\",\"target\":[\"https:\/\/smans.com\/fr\/product\/manual-pick-place-machine-lm901\/\"]}]},{\"@type\":\"BreadcrumbList\",\"@id\":\"https:\/\/smans.com\/fr\/product\/manual-pick-place-machine-lm901\/#breadcrumb\",\"itemListElement\":[{\"@type\":\"ListItem\",\"position\":1,\"name\":\"Home\",\"item\":\"https:\/\/smans.com\/fr\/\"},{\"@type\":\"ListItem\",\"position\":2,\"name\":\"Boutique\",\"item\":\"https:\/\/smans.com\/nl\/shop\/\"},{\"@type\":\"ListItem\",\"position\":3,\"name\":\"Fritsch SMT - Manual Pick &amp; Place Machine LM901\"}]},{\"@type\":\"WebSite\",\"@id\":\"https:\/\/smans.com\/nl\/#website\",\"url\":\"https:\/\/smans.com\/nl\/\",\"name\":\"Smans\",\"description\":\"\",\"publisher\":{\"@id\":\"https:\/\/smans.com\/nl\/#organization\"},\"potentialAction\":[{\"@type\":\"SearchAction\",\"target\":{\"@type\":\"EntryPoint\",\"urlTemplate\":\"https:\/\/smans.com\/nl\/?s={search_term_string}\"},\"query-input\":{\"@type\":\"PropertyValueSpecification\",\"valueRequired\":true,\"valueName\":\"search_term_string\"}}],\"inLanguage\":\"fr-FR\"},{\"@type\":\"Organization\",\"@id\":\"https:\/\/smans.com\/nl\/#organization\",\"name\":\"Smans\",\"url\":\"https:\/\/smans.com\/nl\/\",\"logo\":{\"@type\":\"ImageObject\",\"inLanguage\":\"fr-FR\",\"@id\":\"https:\/\/smans.com\/nl\/#\/schema\/logo\/image\/\",\"url\":\"https:\/\/smans.com\/wp-content\/uploads\/2023\/09\/logo.svg\",\"contentUrl\":\"https:\/\/smans.com\/wp-content\/uploads\/2023\/09\/logo.svg\",\"caption\":\"Smans\"},\"image\":{\"@id\":\"https:\/\/smans.com\/nl\/#\/schema\/logo\/image\/\"}}]}<\/script>\n<!-- \/ Yoast SEO plugin. -->","yoast_head_json":{"title":"Manual Pick &amp; Place Machine LM901 - Smans","robots":{"index":"index","follow":"follow","max-snippet":"max-snippet:-1","max-image-preview":"max-image-preview:large","max-video-preview":"max-video-preview:-1"},"canonical":"https:\/\/smans.com\/fr\/product\/manual-pick-place-machine-lm901\/","og_locale":"fr_FR","og_type":"article","og_title":"Manual Pick &amp; Place Machine LM901 - Smans","og_description":"Machine manuelle Pick &amp; Place","og_url":"https:\/\/smans.com\/fr\/product\/manual-pick-place-machine-lm901\/","og_site_name":"Smans","article_modified_time":"2026-04-09T11:24:14+00:00","twitter_card":"summary_large_image","schema":{"@context":"https:\/\/schema.org","@graph":[{"@type":"WebPage","@id":"https:\/\/smans.com\/fr\/product\/manual-pick-place-machine-lm901\/","url":"https:\/\/smans.com\/fr\/product\/manual-pick-place-machine-lm901\/","name":"Manual Pick &amp; Place Machine LM901 - Smans","isPartOf":{"@id":"https:\/\/smans.com\/nl\/#website"},"datePublished":"2024-06-09T15:21:52+00:00","dateModified":"2026-04-09T11:24:14+00:00","breadcrumb":{"@id":"https:\/\/smans.com\/fr\/product\/manual-pick-place-machine-lm901\/#breadcrumb"},"inLanguage":"fr-FR","potentialAction":[{"@type":"ReadAction","target":["https:\/\/smans.com\/fr\/product\/manual-pick-place-machine-lm901\/"]}]},{"@type":"BreadcrumbList","@id":"https:\/\/smans.com\/fr\/product\/manual-pick-place-machine-lm901\/#breadcrumb","itemListElement":[{"@type":"ListItem","position":1,"name":"Home","item":"https:\/\/smans.com\/fr\/"},{"@type":"ListItem","position":2,"name":"Boutique","item":"https:\/\/smans.com\/nl\/shop\/"},{"@type":"ListItem","position":3,"name":"Fritsch SMT - Manual Pick &amp; Place Machine LM901"}]},{"@type":"WebSite","@id":"https:\/\/smans.com\/nl\/#website","url":"https:\/\/smans.com\/nl\/","name":"Smans","description":"","publisher":{"@id":"https:\/\/smans.com\/nl\/#organization"},"potentialAction":[{"@type":"SearchAction","target":{"@type":"EntryPoint","urlTemplate":"https:\/\/smans.com\/nl\/?s={search_term_string}"},"query-input":{"@type":"PropertyValueSpecification","valueRequired":true,"valueName":"search_term_string"}}],"inLanguage":"fr-FR"},{"@type":"Organization","@id":"https:\/\/smans.com\/nl\/#organization","name":"Smans","url":"https:\/\/smans.com\/nl\/","logo":{"@type":"ImageObject","inLanguage":"fr-FR","@id":"https:\/\/smans.com\/nl\/#\/schema\/logo\/image\/","url":"https:\/\/smans.com\/wp-content\/uploads\/2023\/09\/logo.svg","contentUrl":"https:\/\/smans.com\/wp-content\/uploads\/2023\/09\/logo.svg","caption":"Smans"},"image":{"@id":"https:\/\/smans.com\/nl\/#\/schema\/logo\/image\/"}}]}},"brands":[{"id":18242,"name":"Fritsch SMT","slug":"brand-fritsch-fr"}],"_links":{"self":[{"href":"https:\/\/smans.com\/fr\/wp-json\/wp\/v2\/product\/24794","targetHints":{"allow":["GET"]}}],"collection":[{"href":"https:\/\/smans.com\/fr\/wp-json\/wp\/v2\/product"}],"about":[{"href":"https:\/\/smans.com\/fr\/wp-json\/wp\/v2\/types\/product"}],"wp:attachment":[{"href":"https:\/\/smans.com\/fr\/wp-json\/wp\/v2\/media?parent=24794"}],"wp:term":[{"taxonomy":"pwb-brand","embeddable":true,"href":"https:\/\/smans.com\/fr\/wp-json\/wp\/v2\/pwb-brand?post=24794"},{"taxonomy":"product_brand","embeddable":true,"href":"https:\/\/smans.com\/fr\/wp-json\/wp\/v2\/product_brand?post=24794"},{"taxonomy":"product_cat","embeddable":true,"href":"https:\/\/smans.com\/fr\/wp-json\/wp\/v2\/product_cat?post=24794"},{"taxonomy":"product_tag","embeddable":true,"href":"https:\/\/smans.com\/fr\/wp-json\/wp\/v2\/product_tag?post=24794"}],"curies":[{"name":"wp","href":"https:\/\/api.w.org\/{rel}","templated":true}]}}