{"id":24803,"date":"2024-06-09T17:11:36","date_gmt":"2024-06-09T15:11:36","guid":{"rendered":"https:\/\/smans.com\/product\/data-wire-lambda-4\/"},"modified":"2026-04-07T12:33:36","modified_gmt":"2026-04-07T10:33:36","slug":"data-wire-lambda-4","status":"publish","type":"product","link":"https:\/\/smans.com\/fr\/product\/data-wire-lambda-4\/","title":{"rendered":"Komax - Data Wire Lambda 4"},"content":{"rendered":"<p data-start=\"3017\" data-end=\"3332\">La s\u00e9rie Lambda 4 est une base de machine modulaire utilis\u00e9e pour l&rsquo;assemblage automatique complet de syst\u00e8mes de contacts multi-\u00e9tapes avec insertion et stockage manuels. Le design modulaire permet un fonctionnement efficace et intuitif dans les domaines du mat\u00e9riel, du contr\u00f4le de machine et de la visualisation.<\/p>\n<p data-start=\"3334\" data-end=\"3370\"><strong data-start=\"3334\" data-end=\"3368\">Caract\u00e9ristiques principales :<\/strong><\/p>\n<ul data-start=\"3371\" data-end=\"4175\">\n<li data-start=\"3371\" data-end=\"3472\"><strong data-start=\"3373\" data-end=\"3395\">Design modulaire :<\/strong> Permet une adaptation rapide et flexible aux besoins de production vari\u00e9s.<\/li>\n<li data-start=\"3473\" data-end=\"3601\"><strong data-start=\"3475\" data-end=\"3497\">Formation rapide :<\/strong> Les modules standardis\u00e9s permettent une formation rapide et une mise en service rapide de la machine.<\/li>\n<li data-start=\"3602\" data-end=\"3757\"><strong data-start=\"3604\" data-end=\"3627\">Assurance qualit\u00e9 :<\/strong> Des syst\u00e8mes de test \u00e9prouv\u00e9s, tels que la surveillance de la force de sertissage int\u00e9gr\u00e9e, garantissent la plus haute qualit\u00e9.<\/li>\n<li data-start=\"3758\" data-end=\"3924\"><strong data-start=\"3760\" data-end=\"3805\">\u00c9valuation statistique de la production :<\/strong> Peut \u00eatre effectu\u00e9e directement sur l&rsquo;installation ou via Komax Connect pour une analyse d\u00e9taill\u00e9e de la production.<\/li>\n<li data-start=\"3925\" data-end=\"4062\"><strong data-start=\"3927\" data-end=\"3961\">Int\u00e9gration facile au r\u00e9seau :<\/strong> Connexion facile \u00e0 un syst\u00e8me MES client selon les directives OPC\/UA pour un contr\u00f4le automatique.<\/li>\n<li data-start=\"4063\" data-end=\"4175\"><strong data-start=\"4065\" data-end=\"4105\">Interface utilisateur restructur\u00e9e :<\/strong> Permet l&rsquo;adaptation flexible et conviviale des processus individuels.<\/li>\n<\/ul>\n<p data-start=\"4177\" data-end=\"4194\"><strong data-start=\"4177\" data-end=\"4192\">Avantages :<\/strong><\/p>\n<ul data-start=\"4195\" data-end=\"4555\" data-is-last-node=\"\">\n<li data-start=\"4195\" data-end=\"4320\"><strong data-start=\"4197\" data-end=\"4234\">Transparence et capacit\u00e9 r\u00e9seau :<\/strong> Permet une int\u00e9gration compl\u00e8te dans les r\u00e9seaux pour une plus grande transparence.<\/li>\n<li data-start=\"4321\" data-end=\"4428\"><strong data-start=\"4323\" data-end=\"4358\">Moins de formation n\u00e9cessaire :<\/strong> Gr\u00e2ce \u00e0 la conception intuitive, moins de formation est n\u00e9cessaire.<\/li>\n<li data-start=\"4429\" data-end=\"4555\" data-is-last-node=\"\"><strong data-start=\"4431\" data-end=\"4469\">Changements rapides de processus :<\/strong> Permet des changements de processus simples et rapides pour diff\u00e9rentes applications.<\/li>\n<\/ul>\n","protected":false},"excerpt":{"rendered":"<p>La s\u00e9rie Lambda 4 Base de la machine pour un assemblage enti\u00e8rement automatique<\/p>\n","protected":false},"featured_media":0,"template":"","meta":{"_acf_changed":false},"pwb-brand":[18260],"product_brand":[],"product_cat":[17990,17993,18041],"product_tag":[],"class_list":{"0":"post-24803","1":"product","2":"type-product","3":"status-publish","5":"pwb-brand-brand-komax-fr","6":"product_cat-cables-et-cablage-fr","7":"product_cat-couper-denuder-sertissage-fr","8":"product_cat-special-applications-fr","10":"first","11":"instock","12":"taxable","13":"shipping-taxable","14":"product-type-simple"},"acf":[],"yoast_head":"<!-- This site is optimized with the Yoast SEO plugin v27.1.1 - https:\/\/yoast.com\/product\/yoast-seo-wordpress\/ -->\n<title>Data Wire Lambda 4 - Smans<\/title>\n<meta name=\"robots\" content=\"index, follow, max-snippet:-1, max-image-preview:large, max-video-preview:-1\" \/>\n<link rel=\"canonical\" href=\"https:\/\/smans.com\/fr\/product\/data-wire-lambda-4\/\" \/>\n<meta property=\"og:locale\" content=\"fr_FR\" \/>\n<meta property=\"og:type\" content=\"article\" \/>\n<meta property=\"og:title\" content=\"Data Wire Lambda 4 - Smans\" \/>\n<meta property=\"og:description\" content=\"La s\u00e9rie Lambda 4 Base de la machine pour un assemblage enti\u00e8rement automatique\" \/>\n<meta property=\"og:url\" content=\"https:\/\/smans.com\/fr\/product\/data-wire-lambda-4\/\" \/>\n<meta property=\"og:site_name\" content=\"Smans\" \/>\n<meta property=\"article:modified_time\" content=\"2026-04-07T10:33:36+00:00\" \/>\n<meta name=\"twitter:card\" content=\"summary_large_image\" \/>\n<meta name=\"twitter:label1\" content=\"Dur\u00e9e de lecture estim\u00e9e\" \/>\n\t<meta name=\"twitter:data1\" content=\"1 minute\" \/>\n<script type=\"application\/ld+json\" class=\"yoast-schema-graph\">{\"@context\":\"https:\/\/schema.org\",\"@graph\":[{\"@type\":\"WebPage\",\"@id\":\"https:\/\/smans.com\/fr\/product\/data-wire-lambda-4\/\",\"url\":\"https:\/\/smans.com\/fr\/product\/data-wire-lambda-4\/\",\"name\":\"Data Wire Lambda 4 - Smans\",\"isPartOf\":{\"@id\":\"https:\/\/smans.com\/nl\/#website\"},\"datePublished\":\"2024-06-09T15:11:36+00:00\",\"dateModified\":\"2026-04-07T10:33:36+00:00\",\"breadcrumb\":{\"@id\":\"https:\/\/smans.com\/fr\/product\/data-wire-lambda-4\/#breadcrumb\"},\"inLanguage\":\"fr-FR\",\"potentialAction\":[{\"@type\":\"ReadAction\",\"target\":[\"https:\/\/smans.com\/fr\/product\/data-wire-lambda-4\/\"]}]},{\"@type\":\"BreadcrumbList\",\"@id\":\"https:\/\/smans.com\/fr\/product\/data-wire-lambda-4\/#breadcrumb\",\"itemListElement\":[{\"@type\":\"ListItem\",\"position\":1,\"name\":\"Home\",\"item\":\"https:\/\/smans.com\/fr\/\"},{\"@type\":\"ListItem\",\"position\":2,\"name\":\"Boutique\",\"item\":\"https:\/\/smans.com\/nl\/shop\/\"},{\"@type\":\"ListItem\",\"position\":3,\"name\":\"Komax - Data Wire Lambda 4\"}]},{\"@type\":\"WebSite\",\"@id\":\"https:\/\/smans.com\/nl\/#website\",\"url\":\"https:\/\/smans.com\/nl\/\",\"name\":\"Smans\",\"description\":\"\",\"publisher\":{\"@id\":\"https:\/\/smans.com\/nl\/#organization\"},\"potentialAction\":[{\"@type\":\"SearchAction\",\"target\":{\"@type\":\"EntryPoint\",\"urlTemplate\":\"https:\/\/smans.com\/nl\/?s={search_term_string}\"},\"query-input\":{\"@type\":\"PropertyValueSpecification\",\"valueRequired\":true,\"valueName\":\"search_term_string\"}}],\"inLanguage\":\"fr-FR\"},{\"@type\":\"Organization\",\"@id\":\"https:\/\/smans.com\/nl\/#organization\",\"name\":\"Smans\",\"url\":\"https:\/\/smans.com\/nl\/\",\"logo\":{\"@type\":\"ImageObject\",\"inLanguage\":\"fr-FR\",\"@id\":\"https:\/\/smans.com\/nl\/#\/schema\/logo\/image\/\",\"url\":\"https:\/\/smans.com\/wp-content\/uploads\/2023\/09\/logo.svg\",\"contentUrl\":\"https:\/\/smans.com\/wp-content\/uploads\/2023\/09\/logo.svg\",\"caption\":\"Smans\"},\"image\":{\"@id\":\"https:\/\/smans.com\/nl\/#\/schema\/logo\/image\/\"}}]}<\/script>\n<!-- \/ Yoast SEO plugin. -->","yoast_head_json":{"title":"Data Wire Lambda 4 - Smans","robots":{"index":"index","follow":"follow","max-snippet":"max-snippet:-1","max-image-preview":"max-image-preview:large","max-video-preview":"max-video-preview:-1"},"canonical":"https:\/\/smans.com\/fr\/product\/data-wire-lambda-4\/","og_locale":"fr_FR","og_type":"article","og_title":"Data Wire Lambda 4 - Smans","og_description":"La s\u00e9rie Lambda 4 Base de la machine pour un assemblage enti\u00e8rement automatique","og_url":"https:\/\/smans.com\/fr\/product\/data-wire-lambda-4\/","og_site_name":"Smans","article_modified_time":"2026-04-07T10:33:36+00:00","twitter_card":"summary_large_image","twitter_misc":{"Dur\u00e9e de lecture estim\u00e9e":"1 minute"},"schema":{"@context":"https:\/\/schema.org","@graph":[{"@type":"WebPage","@id":"https:\/\/smans.com\/fr\/product\/data-wire-lambda-4\/","url":"https:\/\/smans.com\/fr\/product\/data-wire-lambda-4\/","name":"Data Wire Lambda 4 - Smans","isPartOf":{"@id":"https:\/\/smans.com\/nl\/#website"},"datePublished":"2024-06-09T15:11:36+00:00","dateModified":"2026-04-07T10:33:36+00:00","breadcrumb":{"@id":"https:\/\/smans.com\/fr\/product\/data-wire-lambda-4\/#breadcrumb"},"inLanguage":"fr-FR","potentialAction":[{"@type":"ReadAction","target":["https:\/\/smans.com\/fr\/product\/data-wire-lambda-4\/"]}]},{"@type":"BreadcrumbList","@id":"https:\/\/smans.com\/fr\/product\/data-wire-lambda-4\/#breadcrumb","itemListElement":[{"@type":"ListItem","position":1,"name":"Home","item":"https:\/\/smans.com\/fr\/"},{"@type":"ListItem","position":2,"name":"Boutique","item":"https:\/\/smans.com\/nl\/shop\/"},{"@type":"ListItem","position":3,"name":"Komax - Data Wire Lambda 4"}]},{"@type":"WebSite","@id":"https:\/\/smans.com\/nl\/#website","url":"https:\/\/smans.com\/nl\/","name":"Smans","description":"","publisher":{"@id":"https:\/\/smans.com\/nl\/#organization"},"potentialAction":[{"@type":"SearchAction","target":{"@type":"EntryPoint","urlTemplate":"https:\/\/smans.com\/nl\/?s={search_term_string}"},"query-input":{"@type":"PropertyValueSpecification","valueRequired":true,"valueName":"search_term_string"}}],"inLanguage":"fr-FR"},{"@type":"Organization","@id":"https:\/\/smans.com\/nl\/#organization","name":"Smans","url":"https:\/\/smans.com\/nl\/","logo":{"@type":"ImageObject","inLanguage":"fr-FR","@id":"https:\/\/smans.com\/nl\/#\/schema\/logo\/image\/","url":"https:\/\/smans.com\/wp-content\/uploads\/2023\/09\/logo.svg","contentUrl":"https:\/\/smans.com\/wp-content\/uploads\/2023\/09\/logo.svg","caption":"Smans"},"image":{"@id":"https:\/\/smans.com\/nl\/#\/schema\/logo\/image\/"}}]}},"brands":[{"id":18260,"name":"Komax","slug":"brand-komax-fr"}],"_links":{"self":[{"href":"https:\/\/smans.com\/fr\/wp-json\/wp\/v2\/product\/24803","targetHints":{"allow":["GET"]}}],"collection":[{"href":"https:\/\/smans.com\/fr\/wp-json\/wp\/v2\/product"}],"about":[{"href":"https:\/\/smans.com\/fr\/wp-json\/wp\/v2\/types\/product"}],"wp:attachment":[{"href":"https:\/\/smans.com\/fr\/wp-json\/wp\/v2\/media?parent=24803"}],"wp:term":[{"taxonomy":"pwb-brand","embeddable":true,"href":"https:\/\/smans.com\/fr\/wp-json\/wp\/v2\/pwb-brand?post=24803"},{"taxonomy":"product_brand","embeddable":true,"href":"https:\/\/smans.com\/fr\/wp-json\/wp\/v2\/product_brand?post=24803"},{"taxonomy":"product_cat","embeddable":true,"href":"https:\/\/smans.com\/fr\/wp-json\/wp\/v2\/product_cat?post=24803"},{"taxonomy":"product_tag","embeddable":true,"href":"https:\/\/smans.com\/fr\/wp-json\/wp\/v2\/product_tag?post=24803"}],"curies":[{"name":"wp","href":"https:\/\/api.w.org\/{rel}","templated":true}]}}