{"id":24804,"date":"2024-06-09T17:11:34","date_gmt":"2024-06-09T15:11:34","guid":{"rendered":"https:\/\/smans.com\/product\/data-wire-lambda-2\/"},"modified":"2026-04-07T12:33:36","modified_gmt":"2026-04-07T10:33:36","slug":"data-wire-lambda-2","status":"publish","type":"product","link":"https:\/\/smans.com\/fr\/product\/data-wire-lambda-2\/","title":{"rendered":"Komax - Data Wire Lambda 2"},"content":{"rendered":"<p data-start=\"2398\" data-end=\"2597\">La s\u00e9rie Lambda 2 est configur\u00e9e individuellement pour un traitement semi-automatique de haute qualit\u00e9 des blindages tress\u00e9s HSD et FAKRA. La s\u00e9rie Lambda 2xx peut \u00eatre adapt\u00e9e \u00e0 vos besoins actuels.<\/p>\n<p data-start=\"2599\" data-end=\"2635\"><strong data-start=\"2599\" data-end=\"2633\">Caract\u00e9ristiques principales :<\/strong><\/p>\n<ul data-start=\"2636\" data-end=\"3609\" data-is-last-node=\"\">\n<li data-start=\"2636\" data-end=\"2746\"><strong data-start=\"2638\" data-end=\"2670\">Configuration individuelle :<\/strong> Sp\u00e9cialement con\u00e7u pour le traitement des blindages tress\u00e9s HSD et FAKRA.<\/li>\n<li data-start=\"2747\" data-end=\"2933\"><strong data-start=\"2749\" data-end=\"2772\">Assemblage manuel :<\/strong> Les composants tels que les blindages tress\u00e9s et les c\u00e2bles pr\u00e9assembl\u00e9s sont fix\u00e9s manuellement sur le mandrin d&rsquo;alignement avant le processus de sertissage.<\/li>\n<li data-start=\"2934\" data-end=\"3081\"><strong data-start=\"2936\" data-end=\"2965\">Entra\u00eenement silencieux :<\/strong> L&rsquo;entra\u00eenement \u00e9lectronique r\u00e9gul\u00e9 fonctionne avec des temps de cycle courts et une haute fiabilit\u00e9 de processus.<\/li>\n<li data-start=\"3082\" data-end=\"3304\"><strong data-start=\"3084\" data-end=\"3111\">Contr\u00f4le \u00e9lectronique :<\/strong> Le syst\u00e8me de mesure et la surveillance de la force de sertissage v\u00e9rifient les valeurs requises avant et apr\u00e8s chaque processus de sertissage, garantissant ainsi des r\u00e9sultats de processus.<\/li>\n<li data-start=\"3305\" data-end=\"3426\"><strong data-start=\"3307\" data-end=\"3329\">Contr\u00f4le qualit\u00e9 :<\/strong> Les pi\u00e8ces d\u00e9fectueuses sont imm\u00e9diatement \u00e9ject\u00e9es et d\u00e9truites par le m\u00e9canisme de contr\u00f4le.<\/li>\n<li data-start=\"3427\" data-end=\"3609\" data-is-last-node=\"\"><strong data-start=\"3429\" data-end=\"3457\">Facilit\u00e9 d&rsquo;utilisation :<\/strong> Facile \u00e0 utiliser, avec des fonctions telles que l&rsquo;activation de la fonction de sertissage avec les deux mains pour plus de s\u00e9curit\u00e9 et de commodit\u00e9.<\/li>\n<\/ul>\n","protected":false},"excerpt":{"rendered":"<p>La s\u00e9rie Lambda 2<\/p>\n","protected":false},"featured_media":0,"template":"","meta":{"_acf_changed":false},"pwb-brand":[18260],"product_brand":[],"product_cat":[17990,17993,18041],"product_tag":[],"class_list":{"0":"post-24804","1":"product","2":"type-product","3":"status-publish","5":"pwb-brand-brand-komax-fr","6":"product_cat-cables-et-cablage-fr","7":"product_cat-couper-denuder-sertissage-fr","8":"product_cat-special-applications-fr","10":"first","11":"instock","12":"taxable","13":"shipping-taxable","14":"product-type-simple"},"acf":[],"yoast_head":"<!-- This site is optimized with the Yoast SEO plugin v27.1.1 - https:\/\/yoast.com\/product\/yoast-seo-wordpress\/ -->\n<title>Data Wire Lambda 2 - Smans<\/title>\n<meta name=\"robots\" content=\"index, follow, max-snippet:-1, max-image-preview:large, max-video-preview:-1\" \/>\n<link rel=\"canonical\" href=\"https:\/\/smans.com\/fr\/product\/data-wire-lambda-2\/\" \/>\n<meta property=\"og:locale\" content=\"fr_FR\" \/>\n<meta property=\"og:type\" content=\"article\" \/>\n<meta property=\"og:title\" content=\"Data Wire Lambda 2 - Smans\" \/>\n<meta property=\"og:description\" content=\"La s\u00e9rie Lambda 2\" \/>\n<meta property=\"og:url\" content=\"https:\/\/smans.com\/fr\/product\/data-wire-lambda-2\/\" \/>\n<meta property=\"og:site_name\" content=\"Smans\" \/>\n<meta property=\"article:modified_time\" content=\"2026-04-07T10:33:36+00:00\" \/>\n<meta name=\"twitter:card\" content=\"summary_large_image\" \/>\n<meta name=\"twitter:label1\" content=\"Dur\u00e9e de lecture estim\u00e9e\" \/>\n\t<meta name=\"twitter:data1\" content=\"1 minute\" \/>\n<script type=\"application\/ld+json\" class=\"yoast-schema-graph\">{\"@context\":\"https:\/\/schema.org\",\"@graph\":[{\"@type\":\"WebPage\",\"@id\":\"https:\/\/smans.com\/fr\/product\/data-wire-lambda-2\/\",\"url\":\"https:\/\/smans.com\/fr\/product\/data-wire-lambda-2\/\",\"name\":\"Data Wire Lambda 2 - Smans\",\"isPartOf\":{\"@id\":\"https:\/\/smans.com\/nl\/#website\"},\"datePublished\":\"2024-06-09T15:11:34+00:00\",\"dateModified\":\"2026-04-07T10:33:36+00:00\",\"breadcrumb\":{\"@id\":\"https:\/\/smans.com\/fr\/product\/data-wire-lambda-2\/#breadcrumb\"},\"inLanguage\":\"fr-FR\",\"potentialAction\":[{\"@type\":\"ReadAction\",\"target\":[\"https:\/\/smans.com\/fr\/product\/data-wire-lambda-2\/\"]}]},{\"@type\":\"BreadcrumbList\",\"@id\":\"https:\/\/smans.com\/fr\/product\/data-wire-lambda-2\/#breadcrumb\",\"itemListElement\":[{\"@type\":\"ListItem\",\"position\":1,\"name\":\"Home\",\"item\":\"https:\/\/smans.com\/fr\/\"},{\"@type\":\"ListItem\",\"position\":2,\"name\":\"Boutique\",\"item\":\"https:\/\/smans.com\/nl\/shop\/\"},{\"@type\":\"ListItem\",\"position\":3,\"name\":\"Komax - Data Wire Lambda 2\"}]},{\"@type\":\"WebSite\",\"@id\":\"https:\/\/smans.com\/nl\/#website\",\"url\":\"https:\/\/smans.com\/nl\/\",\"name\":\"Smans\",\"description\":\"\",\"publisher\":{\"@id\":\"https:\/\/smans.com\/nl\/#organization\"},\"potentialAction\":[{\"@type\":\"SearchAction\",\"target\":{\"@type\":\"EntryPoint\",\"urlTemplate\":\"https:\/\/smans.com\/nl\/?s={search_term_string}\"},\"query-input\":{\"@type\":\"PropertyValueSpecification\",\"valueRequired\":true,\"valueName\":\"search_term_string\"}}],\"inLanguage\":\"fr-FR\"},{\"@type\":\"Organization\",\"@id\":\"https:\/\/smans.com\/nl\/#organization\",\"name\":\"Smans\",\"url\":\"https:\/\/smans.com\/nl\/\",\"logo\":{\"@type\":\"ImageObject\",\"inLanguage\":\"fr-FR\",\"@id\":\"https:\/\/smans.com\/nl\/#\/schema\/logo\/image\/\",\"url\":\"https:\/\/smans.com\/wp-content\/uploads\/2023\/09\/logo.svg\",\"contentUrl\":\"https:\/\/smans.com\/wp-content\/uploads\/2023\/09\/logo.svg\",\"caption\":\"Smans\"},\"image\":{\"@id\":\"https:\/\/smans.com\/nl\/#\/schema\/logo\/image\/\"}}]}<\/script>\n<!-- \/ Yoast SEO plugin. -->","yoast_head_json":{"title":"Data Wire Lambda 2 - Smans","robots":{"index":"index","follow":"follow","max-snippet":"max-snippet:-1","max-image-preview":"max-image-preview:large","max-video-preview":"max-video-preview:-1"},"canonical":"https:\/\/smans.com\/fr\/product\/data-wire-lambda-2\/","og_locale":"fr_FR","og_type":"article","og_title":"Data Wire Lambda 2 - Smans","og_description":"La s\u00e9rie Lambda 2","og_url":"https:\/\/smans.com\/fr\/product\/data-wire-lambda-2\/","og_site_name":"Smans","article_modified_time":"2026-04-07T10:33:36+00:00","twitter_card":"summary_large_image","twitter_misc":{"Dur\u00e9e de lecture estim\u00e9e":"1 minute"},"schema":{"@context":"https:\/\/schema.org","@graph":[{"@type":"WebPage","@id":"https:\/\/smans.com\/fr\/product\/data-wire-lambda-2\/","url":"https:\/\/smans.com\/fr\/product\/data-wire-lambda-2\/","name":"Data Wire Lambda 2 - Smans","isPartOf":{"@id":"https:\/\/smans.com\/nl\/#website"},"datePublished":"2024-06-09T15:11:34+00:00","dateModified":"2026-04-07T10:33:36+00:00","breadcrumb":{"@id":"https:\/\/smans.com\/fr\/product\/data-wire-lambda-2\/#breadcrumb"},"inLanguage":"fr-FR","potentialAction":[{"@type":"ReadAction","target":["https:\/\/smans.com\/fr\/product\/data-wire-lambda-2\/"]}]},{"@type":"BreadcrumbList","@id":"https:\/\/smans.com\/fr\/product\/data-wire-lambda-2\/#breadcrumb","itemListElement":[{"@type":"ListItem","position":1,"name":"Home","item":"https:\/\/smans.com\/fr\/"},{"@type":"ListItem","position":2,"name":"Boutique","item":"https:\/\/smans.com\/nl\/shop\/"},{"@type":"ListItem","position":3,"name":"Komax - Data Wire Lambda 2"}]},{"@type":"WebSite","@id":"https:\/\/smans.com\/nl\/#website","url":"https:\/\/smans.com\/nl\/","name":"Smans","description":"","publisher":{"@id":"https:\/\/smans.com\/nl\/#organization"},"potentialAction":[{"@type":"SearchAction","target":{"@type":"EntryPoint","urlTemplate":"https:\/\/smans.com\/nl\/?s={search_term_string}"},"query-input":{"@type":"PropertyValueSpecification","valueRequired":true,"valueName":"search_term_string"}}],"inLanguage":"fr-FR"},{"@type":"Organization","@id":"https:\/\/smans.com\/nl\/#organization","name":"Smans","url":"https:\/\/smans.com\/nl\/","logo":{"@type":"ImageObject","inLanguage":"fr-FR","@id":"https:\/\/smans.com\/nl\/#\/schema\/logo\/image\/","url":"https:\/\/smans.com\/wp-content\/uploads\/2023\/09\/logo.svg","contentUrl":"https:\/\/smans.com\/wp-content\/uploads\/2023\/09\/logo.svg","caption":"Smans"},"image":{"@id":"https:\/\/smans.com\/nl\/#\/schema\/logo\/image\/"}}]}},"brands":[{"id":18260,"name":"Komax","slug":"brand-komax-fr"}],"_links":{"self":[{"href":"https:\/\/smans.com\/fr\/wp-json\/wp\/v2\/product\/24804","targetHints":{"allow":["GET"]}}],"collection":[{"href":"https:\/\/smans.com\/fr\/wp-json\/wp\/v2\/product"}],"about":[{"href":"https:\/\/smans.com\/fr\/wp-json\/wp\/v2\/types\/product"}],"wp:attachment":[{"href":"https:\/\/smans.com\/fr\/wp-json\/wp\/v2\/media?parent=24804"}],"wp:term":[{"taxonomy":"pwb-brand","embeddable":true,"href":"https:\/\/smans.com\/fr\/wp-json\/wp\/v2\/pwb-brand?post=24804"},{"taxonomy":"product_brand","embeddable":true,"href":"https:\/\/smans.com\/fr\/wp-json\/wp\/v2\/product_brand?post=24804"},{"taxonomy":"product_cat","embeddable":true,"href":"https:\/\/smans.com\/fr\/wp-json\/wp\/v2\/product_cat?post=24804"},{"taxonomy":"product_tag","embeddable":true,"href":"https:\/\/smans.com\/fr\/wp-json\/wp\/v2\/product_tag?post=24804"}],"curies":[{"name":"wp","href":"https:\/\/api.w.org\/{rel}","templated":true}]}}