{"id":24813,"date":"2024-06-09T17:11:49","date_gmt":"2024-06-09T15:11:49","guid":{"rendered":"https:\/\/smans.com\/product\/fully-automatic-twisted-wire-processing-sigma-688-t\/"},"modified":"2026-04-28T11:44:48","modified_gmt":"2026-04-28T09:44:48","slug":"fully-automatic-twisted-wire-processing-sigma-688-t","status":"publish","type":"product","link":"https:\/\/smans.com\/fr\/product\/fully-automatic-twisted-wire-processing-sigma-688-t\/","title":{"rendered":"Komax - Fully Automatic Twisted Wire Processing  Sigma 688 T"},"content":{"rendered":"<p data-start=\"3321\" data-end=\"3802\">La machine de torsion automatique Sigma 688 ST permet de traiter, tordre et fixer les extr\u00e9mit\u00e9s ouvertes des c\u00e2bles avec un seul appareil. Cela r\u00e9pond \u00e0 toutes les exigences de qualit\u00e9 OEM dans un processus totalement automatis\u00e9. La structure modulaire du syst\u00e8me offre une flexibilit\u00e9 maximale avec six stations pour des modules de processus tels que des \u00e9l\u00e9ments de sertissage ou d&rsquo;\u00e9tanch\u00e9it\u00e9, des processus de torsion et une unit\u00e9 de spottape compos\u00e9e de deux modules spottape.<\/p>\n<p data-start=\"3804\" data-end=\"3840\"><strong data-start=\"3804\" data-end=\"3838\">Caract\u00e9ristiques principales :<\/strong><\/p>\n<ul data-start=\"3841\" data-end=\"5089\" data-is-last-node=\"\">\n<li data-start=\"3841\" data-end=\"4057\"><strong data-start=\"3843\" data-end=\"3868\">Structure modulaire :<\/strong> Offre six stations pour diff\u00e9rents modules de processus tels que des \u00e9l\u00e9ments de sertissage et d&rsquo;\u00e9tanch\u00e9it\u00e9, des processus de torsion et une unit\u00e9 de spottape avec deux modules spottape.<\/li>\n<li data-start=\"4058\" data-end=\"4168\"><strong data-start=\"4060\" data-end=\"4085\">Garantie de qualit\u00e9 :<\/strong> Des syst\u00e8mes de s\u00e9curit\u00e9 int\u00e9grables comme le Q1250i assurent une haute qualit\u00e9.<\/li>\n<li data-start=\"4169\" data-end=\"4357\"><strong data-start=\"4171\" data-end=\"4206\">Extr\u00e9mit\u00e9s de c\u00e2bles ouvertes :<\/strong> Les deux extr\u00e9mit\u00e9s ouvertes des c\u00e2bles sont fix\u00e9es avec pr\u00e9cision pour les \u00e9tapes suivantes du processus, permettant un travail de haute pr\u00e9cision.<\/li>\n<li data-start=\"4358\" data-end=\"4476\"><strong data-start=\"4360\" data-end=\"4381\">Torsion pr\u00e9cise :<\/strong> M\u00eame pour les c\u00e2bles avec des extr\u00e9mit\u00e9s ouvertes courtes, une haute pr\u00e9cision est atteinte.<\/li>\n<li data-start=\"4477\" data-end=\"4694\"><strong data-start=\"4479\" data-end=\"4517\">Surveillance de la pr\u00e9cision ACD :<\/strong> La surveillance automatique de la pr\u00e9cision tr\u00e8s pr\u00e9cise d\u00e9tecte le moindre contact entre la lame de coupe et les brins conducteurs pour les c\u00e2bles en cuivre et en aluminium.<\/li>\n<li data-start=\"4695\" data-end=\"4860\"><strong data-start=\"4697\" data-end=\"4727\">Processus reproductibles :<\/strong> Les param\u00e8tres ajustables garantissent des processus reproductibles et une production efficace, avec un \u00e9change rapide des c\u00e2bles.<\/li>\n<li data-start=\"4861\" data-end=\"5089\" data-is-last-node=\"\"><strong data-start=\"4863\" data-end=\"4898\">Assemblage complet des c\u00e2bles :<\/strong> La Sigma 688 ST assure le traitement complet des extr\u00e9mit\u00e9s de c\u00e2bles, avec une grande fiabilit\u00e9 des processus et une stabilit\u00e9, adapt\u00e9e \u00e0 la production de c\u00e2bles UTP group\u00e9s de qualit\u00e9 OEM.<\/li>\n<\/ul>\n","protected":false},"excerpt":{"rendered":"<p>Machine enti\u00e8rement automatis\u00e9e pour le traitement de fils torsad\u00e9s<\/p>\n","protected":false},"featured_media":0,"template":"","meta":{"_acf_changed":false},"pwb-brand":[18260],"product_brand":[],"product_cat":[17990,17993,18043],"product_tag":[],"class_list":{"0":"post-24813","1":"product","2":"type-product","3":"status-publish","5":"pwb-brand-brand-komax-fr","6":"product_cat-cables-et-cablage-fr","7":"product_cat-couper-denuder-sertissage-fr","8":"product_cat-crimp-to-crimp-fr","10":"first","11":"instock","12":"taxable","13":"shipping-taxable","14":"product-type-simple"},"acf":[],"yoast_head":"<!-- This site is optimized with the Yoast SEO plugin v27.1.1 - https:\/\/yoast.com\/product\/yoast-seo-wordpress\/ -->\n<title>Fully Automatic Twisted Wire Processing Sigma 688 T - Smans<\/title>\n<meta name=\"robots\" content=\"index, follow, max-snippet:-1, max-image-preview:large, max-video-preview:-1\" \/>\n<link rel=\"canonical\" href=\"https:\/\/smans.com\/fr\/product\/fully-automatic-twisted-wire-processing-sigma-688-t\/\" \/>\n<meta property=\"og:locale\" content=\"fr_FR\" \/>\n<meta property=\"og:type\" content=\"article\" \/>\n<meta property=\"og:title\" content=\"Fully Automatic Twisted Wire Processing Sigma 688 T - Smans\" \/>\n<meta property=\"og:description\" content=\"Machine enti\u00e8rement automatis\u00e9e pour le traitement de fils torsad\u00e9s\" \/>\n<meta property=\"og:url\" content=\"https:\/\/smans.com\/fr\/product\/fully-automatic-twisted-wire-processing-sigma-688-t\/\" \/>\n<meta property=\"og:site_name\" content=\"Smans\" \/>\n<meta property=\"article:modified_time\" content=\"2026-04-28T09:44:48+00:00\" \/>\n<meta name=\"twitter:card\" content=\"summary_large_image\" \/>\n<meta name=\"twitter:label1\" content=\"Dur\u00e9e de lecture estim\u00e9e\" \/>\n\t<meta name=\"twitter:data1\" content=\"1 minute\" \/>\n<script type=\"application\/ld+json\" class=\"yoast-schema-graph\">{\"@context\":\"https:\/\/schema.org\",\"@graph\":[{\"@type\":\"WebPage\",\"@id\":\"https:\/\/smans.com\/fr\/product\/fully-automatic-twisted-wire-processing-sigma-688-t\/\",\"url\":\"https:\/\/smans.com\/fr\/product\/fully-automatic-twisted-wire-processing-sigma-688-t\/\",\"name\":\"Fully Automatic Twisted Wire Processing Sigma 688 T - Smans\",\"isPartOf\":{\"@id\":\"https:\/\/smans.com\/nl\/#website\"},\"datePublished\":\"2024-06-09T15:11:49+00:00\",\"dateModified\":\"2026-04-28T09:44:48+00:00\",\"breadcrumb\":{\"@id\":\"https:\/\/smans.com\/fr\/product\/fully-automatic-twisted-wire-processing-sigma-688-t\/#breadcrumb\"},\"inLanguage\":\"fr-FR\",\"potentialAction\":[{\"@type\":\"ReadAction\",\"target\":[\"https:\/\/smans.com\/fr\/product\/fully-automatic-twisted-wire-processing-sigma-688-t\/\"]}]},{\"@type\":\"BreadcrumbList\",\"@id\":\"https:\/\/smans.com\/fr\/product\/fully-automatic-twisted-wire-processing-sigma-688-t\/#breadcrumb\",\"itemListElement\":[{\"@type\":\"ListItem\",\"position\":1,\"name\":\"Home\",\"item\":\"https:\/\/smans.com\/fr\/\"},{\"@type\":\"ListItem\",\"position\":2,\"name\":\"Boutique\",\"item\":\"https:\/\/smans.com\/nl\/shop\/\"},{\"@type\":\"ListItem\",\"position\":3,\"name\":\"Komax - Fully Automatic Twisted Wire Processing Sigma 688 T\"}]},{\"@type\":\"WebSite\",\"@id\":\"https:\/\/smans.com\/nl\/#website\",\"url\":\"https:\/\/smans.com\/nl\/\",\"name\":\"Smans\",\"description\":\"\",\"publisher\":{\"@id\":\"https:\/\/smans.com\/nl\/#organization\"},\"potentialAction\":[{\"@type\":\"SearchAction\",\"target\":{\"@type\":\"EntryPoint\",\"urlTemplate\":\"https:\/\/smans.com\/nl\/?s={search_term_string}\"},\"query-input\":{\"@type\":\"PropertyValueSpecification\",\"valueRequired\":true,\"valueName\":\"search_term_string\"}}],\"inLanguage\":\"fr-FR\"},{\"@type\":\"Organization\",\"@id\":\"https:\/\/smans.com\/nl\/#organization\",\"name\":\"Smans\",\"url\":\"https:\/\/smans.com\/nl\/\",\"logo\":{\"@type\":\"ImageObject\",\"inLanguage\":\"fr-FR\",\"@id\":\"https:\/\/smans.com\/nl\/#\/schema\/logo\/image\/\",\"url\":\"https:\/\/smans.com\/wp-content\/uploads\/2023\/09\/logo.svg\",\"contentUrl\":\"https:\/\/smans.com\/wp-content\/uploads\/2023\/09\/logo.svg\",\"caption\":\"Smans\"},\"image\":{\"@id\":\"https:\/\/smans.com\/nl\/#\/schema\/logo\/image\/\"}}]}<\/script>\n<!-- \/ Yoast SEO plugin. -->","yoast_head_json":{"title":"Fully Automatic Twisted Wire Processing Sigma 688 T - Smans","robots":{"index":"index","follow":"follow","max-snippet":"max-snippet:-1","max-image-preview":"max-image-preview:large","max-video-preview":"max-video-preview:-1"},"canonical":"https:\/\/smans.com\/fr\/product\/fully-automatic-twisted-wire-processing-sigma-688-t\/","og_locale":"fr_FR","og_type":"article","og_title":"Fully Automatic Twisted Wire Processing Sigma 688 T - Smans","og_description":"Machine enti\u00e8rement automatis\u00e9e pour le traitement de fils torsad\u00e9s","og_url":"https:\/\/smans.com\/fr\/product\/fully-automatic-twisted-wire-processing-sigma-688-t\/","og_site_name":"Smans","article_modified_time":"2026-04-28T09:44:48+00:00","twitter_card":"summary_large_image","twitter_misc":{"Dur\u00e9e de lecture estim\u00e9e":"1 minute"},"schema":{"@context":"https:\/\/schema.org","@graph":[{"@type":"WebPage","@id":"https:\/\/smans.com\/fr\/product\/fully-automatic-twisted-wire-processing-sigma-688-t\/","url":"https:\/\/smans.com\/fr\/product\/fully-automatic-twisted-wire-processing-sigma-688-t\/","name":"Fully Automatic Twisted Wire Processing Sigma 688 T - Smans","isPartOf":{"@id":"https:\/\/smans.com\/nl\/#website"},"datePublished":"2024-06-09T15:11:49+00:00","dateModified":"2026-04-28T09:44:48+00:00","breadcrumb":{"@id":"https:\/\/smans.com\/fr\/product\/fully-automatic-twisted-wire-processing-sigma-688-t\/#breadcrumb"},"inLanguage":"fr-FR","potentialAction":[{"@type":"ReadAction","target":["https:\/\/smans.com\/fr\/product\/fully-automatic-twisted-wire-processing-sigma-688-t\/"]}]},{"@type":"BreadcrumbList","@id":"https:\/\/smans.com\/fr\/product\/fully-automatic-twisted-wire-processing-sigma-688-t\/#breadcrumb","itemListElement":[{"@type":"ListItem","position":1,"name":"Home","item":"https:\/\/smans.com\/fr\/"},{"@type":"ListItem","position":2,"name":"Boutique","item":"https:\/\/smans.com\/nl\/shop\/"},{"@type":"ListItem","position":3,"name":"Komax - Fully Automatic Twisted Wire Processing Sigma 688 T"}]},{"@type":"WebSite","@id":"https:\/\/smans.com\/nl\/#website","url":"https:\/\/smans.com\/nl\/","name":"Smans","description":"","publisher":{"@id":"https:\/\/smans.com\/nl\/#organization"},"potentialAction":[{"@type":"SearchAction","target":{"@type":"EntryPoint","urlTemplate":"https:\/\/smans.com\/nl\/?s={search_term_string}"},"query-input":{"@type":"PropertyValueSpecification","valueRequired":true,"valueName":"search_term_string"}}],"inLanguage":"fr-FR"},{"@type":"Organization","@id":"https:\/\/smans.com\/nl\/#organization","name":"Smans","url":"https:\/\/smans.com\/nl\/","logo":{"@type":"ImageObject","inLanguage":"fr-FR","@id":"https:\/\/smans.com\/nl\/#\/schema\/logo\/image\/","url":"https:\/\/smans.com\/wp-content\/uploads\/2023\/09\/logo.svg","contentUrl":"https:\/\/smans.com\/wp-content\/uploads\/2023\/09\/logo.svg","caption":"Smans"},"image":{"@id":"https:\/\/smans.com\/nl\/#\/schema\/logo\/image\/"}}]}},"brands":[{"id":18260,"name":"Komax","slug":"brand-komax-fr"}],"_links":{"self":[{"href":"https:\/\/smans.com\/fr\/wp-json\/wp\/v2\/product\/24813","targetHints":{"allow":["GET"]}}],"collection":[{"href":"https:\/\/smans.com\/fr\/wp-json\/wp\/v2\/product"}],"about":[{"href":"https:\/\/smans.com\/fr\/wp-json\/wp\/v2\/types\/product"}],"wp:attachment":[{"href":"https:\/\/smans.com\/fr\/wp-json\/wp\/v2\/media?parent=24813"}],"wp:term":[{"taxonomy":"pwb-brand","embeddable":true,"href":"https:\/\/smans.com\/fr\/wp-json\/wp\/v2\/pwb-brand?post=24813"},{"taxonomy":"product_brand","embeddable":true,"href":"https:\/\/smans.com\/fr\/wp-json\/wp\/v2\/product_brand?post=24813"},{"taxonomy":"product_cat","embeddable":true,"href":"https:\/\/smans.com\/fr\/wp-json\/wp\/v2\/product_cat?post=24813"},{"taxonomy":"product_tag","embeddable":true,"href":"https:\/\/smans.com\/fr\/wp-json\/wp\/v2\/product_tag?post=24813"}],"curies":[{"name":"wp","href":"https:\/\/api.w.org\/{rel}","templated":true}]}}