{"id":24814,"date":"2024-06-09T17:22:14","date_gmt":"2024-06-09T15:22:14","guid":{"rendered":"https:\/\/smans.com\/product\/automatic-pick-place-printer-decan-s1\/"},"modified":"2026-04-09T13:07:11","modified_gmt":"2026-04-09T11:07:11","slug":"automatic-pick-place-printer-decan-s1","status":"publish","type":"product","link":"https:\/\/smans.com\/fr\/product\/automatic-pick-place-printer-decan-s1\/","title":{"rendered":"Hanwha - Automatic Pick &amp; Place Printer Decan S1"},"content":{"rendered":"<p>La Hanwha Decan S1 est une machine pick &amp; place \u00e0 portique unique puissante qui offre des performances \u00e9lev\u00e9es dans un format compact. Avec dix broches et un syst\u00e8me d&rsquo;alignement visuel avanc\u00e9 avec cam\u00e9ras fly et fix, la Decan S1 offre une combinaison impressionnante de vitesse, de pr\u00e9cision et de polyvalence. La machine atteint une vitesse de placement allant jusqu&rsquo;\u00e0 47 000 composants par heure, avec une pr\u00e9cision de \u00b128 microm\u00e8tres pour les puces et de \u00b135 microm\u00e8tres pour les circuits int\u00e9gr\u00e9s.<\/p>\n<p>La Decan S1 prend en charge une large gamme de composants allant de 03015 \u00e0 42 mm en standard, et jusqu&rsquo;\u00e0 75 mm avec la configuration MFOV en option. La hauteur maximale des composants est de 10 mm avec la cam\u00e9ra volante et de 15 mm avec la cam\u00e9ra fixe. Gr\u00e2ce \u00e0 cette large compatibilit\u00e9, la Decan S1 convient \u00e0 diverses applications, notamment l&rsquo;\u00e9lectronique mobile, la production de LED, les t\u00e9l\u00e9communications et l&rsquo;assemblage industriel.<\/p>\n<p>La machine peut traiter des circuits imprim\u00e9s jusqu&rsquo;\u00e0 510 \u00d7 510 mm en configuration standard, extensible \u00e0 1 500 \u00d7 460 mm avec l&rsquo;option de convoyeur long. Elle peut accueillir 60 chargeurs (fixes) ou 56 chargeurs sur des chariots d&rsquo;ancrage, extensibles \u00e0 120 positions. Cela rend la Decan S1 particuli\u00e8rement adapt\u00e9e aux lignes de production flexibles avec une grande vari\u00e9t\u00e9 de composants.<\/p>\n<p>Gr\u00e2ce \u00e0 sa construction robuste, sa consommation d&rsquo;air efficace (50 Nl\/min) et son fonctionnement \u00e9conome en \u00e9nergie (3,5 kVA), la Decan S1 allie durabilit\u00e9 et faibles co\u00fbts d&rsquo;exploitation. Avec un poids d&rsquo;environ 1 600 kg et des dimensions de 1 430 \u00d7 1 740 \u00d7 1 485 mm, cette machine offre un \u00e9quilibre optimal entre vitesse, pr\u00e9cision et encombrement, id\u00e9al pour les environnements de production de taille moyenne o\u00f9 la qualit\u00e9 et l&rsquo;efficacit\u00e9 sont primordiales.<\/p>\n","protected":false},"excerpt":{"rendered":"<p>Machine pick &amp; place compacte et extr\u00eamement pr\u00e9cise, \u00e9quip\u00e9e d&rsquo;un portique et de dix broches, con\u00e7ue pour offrir une qualit\u00e9 et une flexibilit\u00e9 \u00e9lev\u00e9es \u00e0 des vitesses pouvant atteindre 47 000 CPH.<\/p>\n","protected":false},"featured_media":0,"template":"","meta":{"_acf_changed":false},"pwb-brand":[18250],"product_brand":[],"product_cat":[17991,18011,18084],"product_tag":[],"class_list":{"0":"post-24814","1":"product","2":"type-product","3":"status-publish","5":"pwb-brand-brand-hanwha-fr","6":"product_cat-electronique-fr","7":"product_cat-equipement-d-assemblage-smt-fr","8":"product_cat-pick-place-fr","10":"first","11":"instock","12":"taxable","13":"shipping-taxable","14":"product-type-simple"},"acf":[],"yoast_head":"<!-- This site is optimized with the Yoast SEO plugin v27.1.1 - https:\/\/yoast.com\/product\/yoast-seo-wordpress\/ -->\n<title>Automatic Pick &amp; Place Printer Decan S1 - Smans<\/title>\n<meta name=\"robots\" content=\"index, follow, max-snippet:-1, max-image-preview:large, max-video-preview:-1\" \/>\n<link rel=\"canonical\" href=\"https:\/\/smans.com\/fr\/product\/automatic-pick-place-printer-decan-s1\/\" \/>\n<meta property=\"og:locale\" content=\"fr_FR\" \/>\n<meta property=\"og:type\" content=\"article\" \/>\n<meta property=\"og:title\" content=\"Automatic Pick &amp; Place Printer Decan S1 - Smans\" \/>\n<meta property=\"og:description\" content=\"Machine pick &amp; place compacte et extr\u00eamement pr\u00e9cise, \u00e9quip\u00e9e d&#039;un portique et de dix broches, con\u00e7ue pour offrir une qualit\u00e9 et une flexibilit\u00e9 \u00e9lev\u00e9es \u00e0 des vitesses pouvant atteindre 47 000 CPH.\" \/>\n<meta property=\"og:url\" content=\"https:\/\/smans.com\/fr\/product\/automatic-pick-place-printer-decan-s1\/\" \/>\n<meta property=\"og:site_name\" content=\"Smans\" \/>\n<meta property=\"article:modified_time\" content=\"2026-04-09T11:07:11+00:00\" \/>\n<meta name=\"twitter:card\" content=\"summary_large_image\" \/>\n<meta name=\"twitter:label1\" content=\"Dur\u00e9e de lecture estim\u00e9e\" \/>\n\t<meta name=\"twitter:data1\" content=\"1 minute\" \/>\n<script type=\"application\/ld+json\" class=\"yoast-schema-graph\">{\"@context\":\"https:\/\/schema.org\",\"@graph\":[{\"@type\":\"WebPage\",\"@id\":\"https:\/\/smans.com\/fr\/product\/automatic-pick-place-printer-decan-s1\/\",\"url\":\"https:\/\/smans.com\/fr\/product\/automatic-pick-place-printer-decan-s1\/\",\"name\":\"Automatic Pick &amp; Place Printer Decan S1 - Smans\",\"isPartOf\":{\"@id\":\"https:\/\/smans.com\/nl\/#website\"},\"datePublished\":\"2024-06-09T15:22:14+00:00\",\"dateModified\":\"2026-04-09T11:07:11+00:00\",\"breadcrumb\":{\"@id\":\"https:\/\/smans.com\/fr\/product\/automatic-pick-place-printer-decan-s1\/#breadcrumb\"},\"inLanguage\":\"fr-FR\",\"potentialAction\":[{\"@type\":\"ReadAction\",\"target\":[\"https:\/\/smans.com\/fr\/product\/automatic-pick-place-printer-decan-s1\/\"]}]},{\"@type\":\"BreadcrumbList\",\"@id\":\"https:\/\/smans.com\/fr\/product\/automatic-pick-place-printer-decan-s1\/#breadcrumb\",\"itemListElement\":[{\"@type\":\"ListItem\",\"position\":1,\"name\":\"Home\",\"item\":\"https:\/\/smans.com\/fr\/\"},{\"@type\":\"ListItem\",\"position\":2,\"name\":\"Boutique\",\"item\":\"https:\/\/smans.com\/nl\/shop\/\"},{\"@type\":\"ListItem\",\"position\":3,\"name\":\"Hanwha - Automatic Pick &amp; Place Printer Decan S1\"}]},{\"@type\":\"WebSite\",\"@id\":\"https:\/\/smans.com\/nl\/#website\",\"url\":\"https:\/\/smans.com\/nl\/\",\"name\":\"Smans\",\"description\":\"\",\"publisher\":{\"@id\":\"https:\/\/smans.com\/nl\/#organization\"},\"potentialAction\":[{\"@type\":\"SearchAction\",\"target\":{\"@type\":\"EntryPoint\",\"urlTemplate\":\"https:\/\/smans.com\/nl\/?s={search_term_string}\"},\"query-input\":{\"@type\":\"PropertyValueSpecification\",\"valueRequired\":true,\"valueName\":\"search_term_string\"}}],\"inLanguage\":\"fr-FR\"},{\"@type\":\"Organization\",\"@id\":\"https:\/\/smans.com\/nl\/#organization\",\"name\":\"Smans\",\"url\":\"https:\/\/smans.com\/nl\/\",\"logo\":{\"@type\":\"ImageObject\",\"inLanguage\":\"fr-FR\",\"@id\":\"https:\/\/smans.com\/nl\/#\/schema\/logo\/image\/\",\"url\":\"https:\/\/smans.com\/wp-content\/uploads\/2023\/09\/logo.svg\",\"contentUrl\":\"https:\/\/smans.com\/wp-content\/uploads\/2023\/09\/logo.svg\",\"caption\":\"Smans\"},\"image\":{\"@id\":\"https:\/\/smans.com\/nl\/#\/schema\/logo\/image\/\"}}]}<\/script>\n<!-- \/ Yoast SEO plugin. -->","yoast_head_json":{"title":"Automatic Pick &amp; Place Printer Decan S1 - Smans","robots":{"index":"index","follow":"follow","max-snippet":"max-snippet:-1","max-image-preview":"max-image-preview:large","max-video-preview":"max-video-preview:-1"},"canonical":"https:\/\/smans.com\/fr\/product\/automatic-pick-place-printer-decan-s1\/","og_locale":"fr_FR","og_type":"article","og_title":"Automatic Pick &amp; Place Printer Decan S1 - Smans","og_description":"Machine pick &amp; place compacte et extr\u00eamement pr\u00e9cise, \u00e9quip\u00e9e d'un portique et de dix broches, con\u00e7ue pour offrir une qualit\u00e9 et une flexibilit\u00e9 \u00e9lev\u00e9es \u00e0 des vitesses pouvant atteindre 47 000 CPH.","og_url":"https:\/\/smans.com\/fr\/product\/automatic-pick-place-printer-decan-s1\/","og_site_name":"Smans","article_modified_time":"2026-04-09T11:07:11+00:00","twitter_card":"summary_large_image","twitter_misc":{"Dur\u00e9e de lecture estim\u00e9e":"1 minute"},"schema":{"@context":"https:\/\/schema.org","@graph":[{"@type":"WebPage","@id":"https:\/\/smans.com\/fr\/product\/automatic-pick-place-printer-decan-s1\/","url":"https:\/\/smans.com\/fr\/product\/automatic-pick-place-printer-decan-s1\/","name":"Automatic Pick &amp; Place Printer Decan S1 - Smans","isPartOf":{"@id":"https:\/\/smans.com\/nl\/#website"},"datePublished":"2024-06-09T15:22:14+00:00","dateModified":"2026-04-09T11:07:11+00:00","breadcrumb":{"@id":"https:\/\/smans.com\/fr\/product\/automatic-pick-place-printer-decan-s1\/#breadcrumb"},"inLanguage":"fr-FR","potentialAction":[{"@type":"ReadAction","target":["https:\/\/smans.com\/fr\/product\/automatic-pick-place-printer-decan-s1\/"]}]},{"@type":"BreadcrumbList","@id":"https:\/\/smans.com\/fr\/product\/automatic-pick-place-printer-decan-s1\/#breadcrumb","itemListElement":[{"@type":"ListItem","position":1,"name":"Home","item":"https:\/\/smans.com\/fr\/"},{"@type":"ListItem","position":2,"name":"Boutique","item":"https:\/\/smans.com\/nl\/shop\/"},{"@type":"ListItem","position":3,"name":"Hanwha - Automatic Pick &amp; Place Printer Decan S1"}]},{"@type":"WebSite","@id":"https:\/\/smans.com\/nl\/#website","url":"https:\/\/smans.com\/nl\/","name":"Smans","description":"","publisher":{"@id":"https:\/\/smans.com\/nl\/#organization"},"potentialAction":[{"@type":"SearchAction","target":{"@type":"EntryPoint","urlTemplate":"https:\/\/smans.com\/nl\/?s={search_term_string}"},"query-input":{"@type":"PropertyValueSpecification","valueRequired":true,"valueName":"search_term_string"}}],"inLanguage":"fr-FR"},{"@type":"Organization","@id":"https:\/\/smans.com\/nl\/#organization","name":"Smans","url":"https:\/\/smans.com\/nl\/","logo":{"@type":"ImageObject","inLanguage":"fr-FR","@id":"https:\/\/smans.com\/nl\/#\/schema\/logo\/image\/","url":"https:\/\/smans.com\/wp-content\/uploads\/2023\/09\/logo.svg","contentUrl":"https:\/\/smans.com\/wp-content\/uploads\/2023\/09\/logo.svg","caption":"Smans"},"image":{"@id":"https:\/\/smans.com\/nl\/#\/schema\/logo\/image\/"}}]}},"brands":[{"id":18250,"name":"Hanwha","slug":"brand-hanwha-fr"}],"_links":{"self":[{"href":"https:\/\/smans.com\/fr\/wp-json\/wp\/v2\/product\/24814","targetHints":{"allow":["GET"]}}],"collection":[{"href":"https:\/\/smans.com\/fr\/wp-json\/wp\/v2\/product"}],"about":[{"href":"https:\/\/smans.com\/fr\/wp-json\/wp\/v2\/types\/product"}],"wp:attachment":[{"href":"https:\/\/smans.com\/fr\/wp-json\/wp\/v2\/media?parent=24814"}],"wp:term":[{"taxonomy":"pwb-brand","embeddable":true,"href":"https:\/\/smans.com\/fr\/wp-json\/wp\/v2\/pwb-brand?post=24814"},{"taxonomy":"product_brand","embeddable":true,"href":"https:\/\/smans.com\/fr\/wp-json\/wp\/v2\/product_brand?post=24814"},{"taxonomy":"product_cat","embeddable":true,"href":"https:\/\/smans.com\/fr\/wp-json\/wp\/v2\/product_cat?post=24814"},{"taxonomy":"product_tag","embeddable":true,"href":"https:\/\/smans.com\/fr\/wp-json\/wp\/v2\/product_tag?post=24814"}],"curies":[{"name":"wp","href":"https:\/\/api.w.org\/{rel}","templated":true}]}}