{"id":24815,"date":"2024-06-09T17:11:41","date_gmt":"2024-06-09T15:11:41","guid":{"rendered":"https:\/\/smans.com\/product\/data-wire-lambda-x\/"},"modified":"2026-04-10T12:57:02","modified_gmt":"2026-04-10T10:57:02","slug":"data-wire-lambda-x","status":"publish","type":"product","link":"https:\/\/smans.com\/fr\/product\/data-wire-lambda-x\/","title":{"rendered":"Komax - Data Wire Lambda X"},"content":{"rendered":"<p data-start=\"2549\" data-end=\"2883\">La s\u00e9rie Lambda X est une plateforme de machine enti\u00e8rement modulaire et tr\u00e8s flexible pour le traitement semi-automatique ou automatique de syst\u00e8mes de connecteurs complexes. Le design modulaire de la plateforme puissante permet un travail efficace et intuitif, avec une productivit\u00e9 maximale et des normes de qualit\u00e9 sans compromis.<\/p>\n<p data-start=\"2885\" data-end=\"2921\"><strong data-start=\"2885\" data-end=\"2919\">Caract\u00e9ristiques principales :<\/strong><\/p>\n<ul data-start=\"2922\" data-end=\"3806\" data-is-last-node=\"\">\n<li data-start=\"2922\" data-end=\"3060\"><strong data-start=\"2924\" data-end=\"2958\">Design enti\u00e8rement modulaire :<\/strong> Permet des ajustements et configurations sur mesure pour diff\u00e9rents types de connecteurs et c\u00e2bles.<\/li>\n<li data-start=\"3061\" data-end=\"3190\"><strong data-start=\"3063\" data-end=\"3090\">Productivit\u00e9 maximale :<\/strong> Le syst\u00e8me de transfert innovant augmente la capacit\u00e9 de production sans compromettre la qualit\u00e9.<\/li>\n<li data-start=\"3191\" data-end=\"3281\"><strong data-start=\"3193\" data-end=\"3231\">D\u00e9lais de traitement plus courts :<\/strong> R\u00e9duit consid\u00e9rablement les d\u00e9lais des projets.<\/li>\n<li data-start=\"3282\" data-end=\"3371\"><strong data-start=\"3284\" data-end=\"3310\">Construction robuste :<\/strong> Le cadre soud\u00e9 assure une stabilit\u00e9 maximale du processus.<\/li>\n<li data-start=\"3372\" data-end=\"3528\"><strong data-start=\"3374\" data-end=\"3397\">\u00c9conomie d\u2019espace :<\/strong> La configuration des modules permet un gain d&rsquo;espace allant jusqu\u2019\u00e0 45 % par rapport aux g\u00e9n\u00e9rations pr\u00e9c\u00e9dentes de plateformes.<\/li>\n<li data-start=\"3529\" data-end=\"3666\"><strong data-start=\"3531\" data-end=\"3571\">Interface utilisateur restructur\u00e9e :<\/strong> Permet un ajustement facile des processus individuels pour un confort optimal d\u2019utilisation.<\/li>\n<li data-start=\"3667\" data-end=\"3806\" data-is-last-node=\"\"><strong data-start=\"3669\" data-end=\"3711\">Investissement orient\u00e9 vers l&rsquo;avenir :<\/strong> La plateforme est con\u00e7ue pour un usage \u00e0 long terme et peut \u00eatre adapt\u00e9e aux besoins futurs.<\/li>\n<\/ul>\n","protected":false},"excerpt":{"rendered":"<p>S\u00e9rie Lambda X : pour Syst\u00e8mes de Connecteurs Complexes<\/p>\n","protected":false},"featured_media":0,"template":"","meta":{"_acf_changed":false},"pwb-brand":[18260],"product_brand":[],"product_cat":[17990,17993,18041],"product_tag":[],"class_list":{"0":"post-24815","1":"product","2":"type-product","3":"status-publish","5":"pwb-brand-brand-komax-fr","6":"product_cat-cables-et-cablage-fr","7":"product_cat-couper-denuder-sertissage-fr","8":"product_cat-special-applications-fr","10":"first","11":"instock","12":"taxable","13":"shipping-taxable","14":"product-type-simple"},"acf":[],"yoast_head":"<!-- This site is optimized with the Yoast SEO plugin v27.1.1 - https:\/\/yoast.com\/product\/yoast-seo-wordpress\/ -->\n<title>Data Wire Lambda X - Smans<\/title>\n<meta name=\"robots\" content=\"index, follow, max-snippet:-1, max-image-preview:large, max-video-preview:-1\" \/>\n<link rel=\"canonical\" href=\"https:\/\/smans.com\/fr\/product\/data-wire-lambda-x\/\" \/>\n<meta property=\"og:locale\" content=\"fr_FR\" \/>\n<meta property=\"og:type\" content=\"article\" \/>\n<meta property=\"og:title\" content=\"Data Wire Lambda X - Smans\" \/>\n<meta property=\"og:description\" content=\"S\u00e9rie Lambda X : pour Syst\u00e8mes de Connecteurs Complexes\" \/>\n<meta property=\"og:url\" content=\"https:\/\/smans.com\/fr\/product\/data-wire-lambda-x\/\" \/>\n<meta property=\"og:site_name\" content=\"Smans\" \/>\n<meta property=\"article:modified_time\" content=\"2026-04-10T10:57:02+00:00\" \/>\n<meta name=\"twitter:card\" content=\"summary_large_image\" \/>\n<meta name=\"twitter:label1\" content=\"Dur\u00e9e de lecture estim\u00e9e\" \/>\n\t<meta name=\"twitter:data1\" content=\"1 minute\" \/>\n<script type=\"application\/ld+json\" class=\"yoast-schema-graph\">{\"@context\":\"https:\/\/schema.org\",\"@graph\":[{\"@type\":\"WebPage\",\"@id\":\"https:\/\/smans.com\/fr\/product\/data-wire-lambda-x\/\",\"url\":\"https:\/\/smans.com\/fr\/product\/data-wire-lambda-x\/\",\"name\":\"Data Wire Lambda X - Smans\",\"isPartOf\":{\"@id\":\"https:\/\/smans.com\/nl\/#website\"},\"datePublished\":\"2024-06-09T15:11:41+00:00\",\"dateModified\":\"2026-04-10T10:57:02+00:00\",\"breadcrumb\":{\"@id\":\"https:\/\/smans.com\/fr\/product\/data-wire-lambda-x\/#breadcrumb\"},\"inLanguage\":\"fr-FR\",\"potentialAction\":[{\"@type\":\"ReadAction\",\"target\":[\"https:\/\/smans.com\/fr\/product\/data-wire-lambda-x\/\"]}]},{\"@type\":\"BreadcrumbList\",\"@id\":\"https:\/\/smans.com\/fr\/product\/data-wire-lambda-x\/#breadcrumb\",\"itemListElement\":[{\"@type\":\"ListItem\",\"position\":1,\"name\":\"Home\",\"item\":\"https:\/\/smans.com\/fr\/\"},{\"@type\":\"ListItem\",\"position\":2,\"name\":\"Boutique\",\"item\":\"https:\/\/smans.com\/nl\/shop\/\"},{\"@type\":\"ListItem\",\"position\":3,\"name\":\"Komax - Data Wire Lambda X\"}]},{\"@type\":\"WebSite\",\"@id\":\"https:\/\/smans.com\/nl\/#website\",\"url\":\"https:\/\/smans.com\/nl\/\",\"name\":\"Smans\",\"description\":\"\",\"publisher\":{\"@id\":\"https:\/\/smans.com\/nl\/#organization\"},\"potentialAction\":[{\"@type\":\"SearchAction\",\"target\":{\"@type\":\"EntryPoint\",\"urlTemplate\":\"https:\/\/smans.com\/nl\/?s={search_term_string}\"},\"query-input\":{\"@type\":\"PropertyValueSpecification\",\"valueRequired\":true,\"valueName\":\"search_term_string\"}}],\"inLanguage\":\"fr-FR\"},{\"@type\":\"Organization\",\"@id\":\"https:\/\/smans.com\/nl\/#organization\",\"name\":\"Smans\",\"url\":\"https:\/\/smans.com\/nl\/\",\"logo\":{\"@type\":\"ImageObject\",\"inLanguage\":\"fr-FR\",\"@id\":\"https:\/\/smans.com\/nl\/#\/schema\/logo\/image\/\",\"url\":\"https:\/\/smans.com\/wp-content\/uploads\/2023\/09\/logo.svg\",\"contentUrl\":\"https:\/\/smans.com\/wp-content\/uploads\/2023\/09\/logo.svg\",\"caption\":\"Smans\"},\"image\":{\"@id\":\"https:\/\/smans.com\/nl\/#\/schema\/logo\/image\/\"}}]}<\/script>\n<!-- \/ Yoast SEO plugin. -->","yoast_head_json":{"title":"Data Wire Lambda X - Smans","robots":{"index":"index","follow":"follow","max-snippet":"max-snippet:-1","max-image-preview":"max-image-preview:large","max-video-preview":"max-video-preview:-1"},"canonical":"https:\/\/smans.com\/fr\/product\/data-wire-lambda-x\/","og_locale":"fr_FR","og_type":"article","og_title":"Data Wire Lambda X - Smans","og_description":"S\u00e9rie Lambda X : pour Syst\u00e8mes de Connecteurs Complexes","og_url":"https:\/\/smans.com\/fr\/product\/data-wire-lambda-x\/","og_site_name":"Smans","article_modified_time":"2026-04-10T10:57:02+00:00","twitter_card":"summary_large_image","twitter_misc":{"Dur\u00e9e de lecture estim\u00e9e":"1 minute"},"schema":{"@context":"https:\/\/schema.org","@graph":[{"@type":"WebPage","@id":"https:\/\/smans.com\/fr\/product\/data-wire-lambda-x\/","url":"https:\/\/smans.com\/fr\/product\/data-wire-lambda-x\/","name":"Data Wire Lambda X - Smans","isPartOf":{"@id":"https:\/\/smans.com\/nl\/#website"},"datePublished":"2024-06-09T15:11:41+00:00","dateModified":"2026-04-10T10:57:02+00:00","breadcrumb":{"@id":"https:\/\/smans.com\/fr\/product\/data-wire-lambda-x\/#breadcrumb"},"inLanguage":"fr-FR","potentialAction":[{"@type":"ReadAction","target":["https:\/\/smans.com\/fr\/product\/data-wire-lambda-x\/"]}]},{"@type":"BreadcrumbList","@id":"https:\/\/smans.com\/fr\/product\/data-wire-lambda-x\/#breadcrumb","itemListElement":[{"@type":"ListItem","position":1,"name":"Home","item":"https:\/\/smans.com\/fr\/"},{"@type":"ListItem","position":2,"name":"Boutique","item":"https:\/\/smans.com\/nl\/shop\/"},{"@type":"ListItem","position":3,"name":"Komax - Data Wire Lambda X"}]},{"@type":"WebSite","@id":"https:\/\/smans.com\/nl\/#website","url":"https:\/\/smans.com\/nl\/","name":"Smans","description":"","publisher":{"@id":"https:\/\/smans.com\/nl\/#organization"},"potentialAction":[{"@type":"SearchAction","target":{"@type":"EntryPoint","urlTemplate":"https:\/\/smans.com\/nl\/?s={search_term_string}"},"query-input":{"@type":"PropertyValueSpecification","valueRequired":true,"valueName":"search_term_string"}}],"inLanguage":"fr-FR"},{"@type":"Organization","@id":"https:\/\/smans.com\/nl\/#organization","name":"Smans","url":"https:\/\/smans.com\/nl\/","logo":{"@type":"ImageObject","inLanguage":"fr-FR","@id":"https:\/\/smans.com\/nl\/#\/schema\/logo\/image\/","url":"https:\/\/smans.com\/wp-content\/uploads\/2023\/09\/logo.svg","contentUrl":"https:\/\/smans.com\/wp-content\/uploads\/2023\/09\/logo.svg","caption":"Smans"},"image":{"@id":"https:\/\/smans.com\/nl\/#\/schema\/logo\/image\/"}}]}},"brands":[{"id":18260,"name":"Komax","slug":"brand-komax-fr"}],"_links":{"self":[{"href":"https:\/\/smans.com\/fr\/wp-json\/wp\/v2\/product\/24815","targetHints":{"allow":["GET"]}}],"collection":[{"href":"https:\/\/smans.com\/fr\/wp-json\/wp\/v2\/product"}],"about":[{"href":"https:\/\/smans.com\/fr\/wp-json\/wp\/v2\/types\/product"}],"wp:attachment":[{"href":"https:\/\/smans.com\/fr\/wp-json\/wp\/v2\/media?parent=24815"}],"wp:term":[{"taxonomy":"pwb-brand","embeddable":true,"href":"https:\/\/smans.com\/fr\/wp-json\/wp\/v2\/pwb-brand?post=24815"},{"taxonomy":"product_brand","embeddable":true,"href":"https:\/\/smans.com\/fr\/wp-json\/wp\/v2\/product_brand?post=24815"},{"taxonomy":"product_cat","embeddable":true,"href":"https:\/\/smans.com\/fr\/wp-json\/wp\/v2\/product_cat?post=24815"},{"taxonomy":"product_tag","embeddable":true,"href":"https:\/\/smans.com\/fr\/wp-json\/wp\/v2\/product_tag?post=24815"}],"curies":[{"name":"wp","href":"https:\/\/api.w.org\/{rel}","templated":true}]}}