{"id":24845,"date":"2024-06-09T17:12:08","date_gmt":"2024-06-09T15:12:08","guid":{"rendered":"https:\/\/smans.com\/product\/crimping-press-p107c\/"},"modified":"2026-04-16T12:08:21","modified_gmt":"2026-04-16T10:08:21","slug":"crimping-press-p107c","status":"publish","type":"product","link":"https:\/\/smans.com\/fr\/product\/crimping-press-p107c\/","title":{"rendered":"Mecal - Crimping Press P107C"},"content":{"rendered":"<p data-start=\"40\" data-end=\"104\">La presse \u00e0 sertir P107C est disponible en deux configurations :<\/p>\n<ul data-start=\"106\" data-end=\"249\">\n<li data-start=\"106\" data-end=\"164\"><strong data-start=\"108\" data-end=\"130\">Semi-automatique :<\/strong> Pour une utilisation sur table.<\/li>\n<li data-start=\"165\" data-end=\"249\"><strong data-start=\"167\" data-end=\"196\">Enti\u00e8rement automatique :<\/strong> Int\u00e9gr\u00e9e dans une machine de d\u00e9coupe et de d\u00e9nudage.<\/li>\n<\/ul>\n<p data-start=\"251\" data-end=\"273\"><strong data-start=\"251\" data-end=\"271\">Sp\u00e9cifications :<\/strong><\/p>\n<ul data-start=\"274\" data-end=\"796\">\n<li data-start=\"274\" data-end=\"465\"><strong data-start=\"276\" data-end=\"288\">Course :<\/strong> Standard de 40 mm. Une version \u00e0 course variable est disponible, r\u00e9glable entre 20 et 40 mm par incr\u00e9ments de 5 mm. D&rsquo;autres longueurs de course sont disponibles sur demande.<\/li>\n<li data-start=\"466\" data-end=\"626\"><strong data-start=\"468\" data-end=\"495\">Hauteur de sertissage :<\/strong> Standard de 135,8 mm \u00b1 0,02 mm (mesur\u00e9e depuis la plaque de base de l&rsquo;applicateur jusqu&rsquo;au raccord T de la presse au point bas).<\/li>\n<li data-start=\"627\" data-end=\"700\"><strong data-start=\"629\" data-end=\"641\">Option :<\/strong> Kits de r\u00e9glage pour diff\u00e9rentes tailles d&rsquo;applicateurs.<\/li>\n<li data-start=\"701\" data-end=\"796\"><strong data-start=\"703\" data-end=\"715\">Option :<\/strong> L&rsquo;analyseur de force de sertissage CFA de Mecal pour un contr\u00f4le qualit\u00e9 avanc\u00e9.<\/li>\n<\/ul>\n<p data-start=\"798\" data-end=\"834\"><strong data-start=\"798\" data-end=\"834\">Configuration semi-automatique :<\/strong><\/p>\n<p data-start=\"836\" data-end=\"876\">La version semi-automatique comprend :<\/p>\n<ul data-start=\"877\" data-end=\"1041\">\n<li data-start=\"877\" data-end=\"906\"><strong data-start=\"879\" data-end=\"904\">Couvercle de s\u00e9curit\u00e9<\/strong><\/li>\n<li data-start=\"907\" data-end=\"929\"><strong data-start=\"909\" data-end=\"927\">Bras de bobine<\/strong><\/li>\n<li data-start=\"930\" data-end=\"1041\"><strong data-start=\"932\" data-end=\"956\">Interrupteur au pied<\/strong><br data-start=\"956\" data-end=\"959\" \/>Le tout conforme aux normes de s\u00e9curit\u00e9 internationales et aux r\u00e9glementations CE.<\/li>\n<\/ul>\n","protected":false},"excerpt":{"rendered":"<p>Presse \u00e0 sertir<\/p>\n","protected":false},"featured_media":0,"template":"","meta":{"_acf_changed":false},"pwb-brand":[18272],"product_brand":[],"product_cat":[17990,17993,18034],"product_tag":[],"class_list":{"0":"post-24845","1":"product","2":"type-product","3":"status-publish","5":"pwb-brand-brand-mecal-fr","6":"product_cat-cables-et-cablage-fr","7":"product_cat-couper-denuder-sertissage-fr","8":"product_cat-wire-crimping-machines-fr","10":"first","11":"instock","12":"taxable","13":"shipping-taxable","14":"purchasable","15":"product-type-simple"},"acf":[],"yoast_head":"<!-- This site is optimized with the Yoast SEO plugin v27.1.1 - https:\/\/yoast.com\/product\/yoast-seo-wordpress\/ -->\n<title>Crimping Press P107C - Smans<\/title>\n<meta name=\"robots\" content=\"index, follow, max-snippet:-1, max-image-preview:large, max-video-preview:-1\" \/>\n<link rel=\"canonical\" href=\"https:\/\/smans.com\/fr\/product\/crimping-press-p107c\/\" \/>\n<meta property=\"og:locale\" content=\"fr_FR\" \/>\n<meta property=\"og:type\" content=\"article\" \/>\n<meta property=\"og:title\" content=\"Crimping Press P107C - Smans\" \/>\n<meta property=\"og:description\" content=\"Presse \u00e0 sertir\" \/>\n<meta property=\"og:url\" content=\"https:\/\/smans.com\/fr\/product\/crimping-press-p107c\/\" \/>\n<meta property=\"og:site_name\" content=\"Smans\" \/>\n<meta property=\"article:modified_time\" content=\"2026-04-16T10:08:21+00:00\" \/>\n<meta name=\"twitter:card\" content=\"summary_large_image\" \/>\n<meta name=\"twitter:label1\" content=\"Dur\u00e9e de lecture estim\u00e9e\" \/>\n\t<meta name=\"twitter:data1\" content=\"1 minute\" \/>\n<script type=\"application\/ld+json\" class=\"yoast-schema-graph\">{\"@context\":\"https:\/\/schema.org\",\"@graph\":[{\"@type\":\"WebPage\",\"@id\":\"https:\/\/smans.com\/fr\/product\/crimping-press-p107c\/\",\"url\":\"https:\/\/smans.com\/fr\/product\/crimping-press-p107c\/\",\"name\":\"Crimping Press P107C - Smans\",\"isPartOf\":{\"@id\":\"https:\/\/smans.com\/nl\/#website\"},\"datePublished\":\"2024-06-09T15:12:08+00:00\",\"dateModified\":\"2026-04-16T10:08:21+00:00\",\"breadcrumb\":{\"@id\":\"https:\/\/smans.com\/fr\/product\/crimping-press-p107c\/#breadcrumb\"},\"inLanguage\":\"fr-FR\",\"potentialAction\":[{\"@type\":\"ReadAction\",\"target\":[\"https:\/\/smans.com\/fr\/product\/crimping-press-p107c\/\"]}]},{\"@type\":\"BreadcrumbList\",\"@id\":\"https:\/\/smans.com\/fr\/product\/crimping-press-p107c\/#breadcrumb\",\"itemListElement\":[{\"@type\":\"ListItem\",\"position\":1,\"name\":\"Home\",\"item\":\"https:\/\/smans.com\/fr\/\"},{\"@type\":\"ListItem\",\"position\":2,\"name\":\"Boutique\",\"item\":\"https:\/\/smans.com\/nl\/shop\/\"},{\"@type\":\"ListItem\",\"position\":3,\"name\":\"Mecal - Crimping Press P107C\"}]},{\"@type\":\"WebSite\",\"@id\":\"https:\/\/smans.com\/nl\/#website\",\"url\":\"https:\/\/smans.com\/nl\/\",\"name\":\"Smans\",\"description\":\"\",\"publisher\":{\"@id\":\"https:\/\/smans.com\/nl\/#organization\"},\"potentialAction\":[{\"@type\":\"SearchAction\",\"target\":{\"@type\":\"EntryPoint\",\"urlTemplate\":\"https:\/\/smans.com\/nl\/?s={search_term_string}\"},\"query-input\":{\"@type\":\"PropertyValueSpecification\",\"valueRequired\":true,\"valueName\":\"search_term_string\"}}],\"inLanguage\":\"fr-FR\"},{\"@type\":\"Organization\",\"@id\":\"https:\/\/smans.com\/nl\/#organization\",\"name\":\"Smans\",\"url\":\"https:\/\/smans.com\/nl\/\",\"logo\":{\"@type\":\"ImageObject\",\"inLanguage\":\"fr-FR\",\"@id\":\"https:\/\/smans.com\/nl\/#\/schema\/logo\/image\/\",\"url\":\"https:\/\/smans.com\/wp-content\/uploads\/2023\/09\/logo.svg\",\"contentUrl\":\"https:\/\/smans.com\/wp-content\/uploads\/2023\/09\/logo.svg\",\"caption\":\"Smans\"},\"image\":{\"@id\":\"https:\/\/smans.com\/nl\/#\/schema\/logo\/image\/\"}}]}<\/script>\n<!-- \/ Yoast SEO plugin. -->","yoast_head_json":{"title":"Crimping Press P107C - Smans","robots":{"index":"index","follow":"follow","max-snippet":"max-snippet:-1","max-image-preview":"max-image-preview:large","max-video-preview":"max-video-preview:-1"},"canonical":"https:\/\/smans.com\/fr\/product\/crimping-press-p107c\/","og_locale":"fr_FR","og_type":"article","og_title":"Crimping Press P107C - Smans","og_description":"Presse \u00e0 sertir","og_url":"https:\/\/smans.com\/fr\/product\/crimping-press-p107c\/","og_site_name":"Smans","article_modified_time":"2026-04-16T10:08:21+00:00","twitter_card":"summary_large_image","twitter_misc":{"Dur\u00e9e de lecture estim\u00e9e":"1 minute"},"schema":{"@context":"https:\/\/schema.org","@graph":[{"@type":"WebPage","@id":"https:\/\/smans.com\/fr\/product\/crimping-press-p107c\/","url":"https:\/\/smans.com\/fr\/product\/crimping-press-p107c\/","name":"Crimping Press P107C - Smans","isPartOf":{"@id":"https:\/\/smans.com\/nl\/#website"},"datePublished":"2024-06-09T15:12:08+00:00","dateModified":"2026-04-16T10:08:21+00:00","breadcrumb":{"@id":"https:\/\/smans.com\/fr\/product\/crimping-press-p107c\/#breadcrumb"},"inLanguage":"fr-FR","potentialAction":[{"@type":"ReadAction","target":["https:\/\/smans.com\/fr\/product\/crimping-press-p107c\/"]}]},{"@type":"BreadcrumbList","@id":"https:\/\/smans.com\/fr\/product\/crimping-press-p107c\/#breadcrumb","itemListElement":[{"@type":"ListItem","position":1,"name":"Home","item":"https:\/\/smans.com\/fr\/"},{"@type":"ListItem","position":2,"name":"Boutique","item":"https:\/\/smans.com\/nl\/shop\/"},{"@type":"ListItem","position":3,"name":"Mecal - Crimping Press P107C"}]},{"@type":"WebSite","@id":"https:\/\/smans.com\/nl\/#website","url":"https:\/\/smans.com\/nl\/","name":"Smans","description":"","publisher":{"@id":"https:\/\/smans.com\/nl\/#organization"},"potentialAction":[{"@type":"SearchAction","target":{"@type":"EntryPoint","urlTemplate":"https:\/\/smans.com\/nl\/?s={search_term_string}"},"query-input":{"@type":"PropertyValueSpecification","valueRequired":true,"valueName":"search_term_string"}}],"inLanguage":"fr-FR"},{"@type":"Organization","@id":"https:\/\/smans.com\/nl\/#organization","name":"Smans","url":"https:\/\/smans.com\/nl\/","logo":{"@type":"ImageObject","inLanguage":"fr-FR","@id":"https:\/\/smans.com\/nl\/#\/schema\/logo\/image\/","url":"https:\/\/smans.com\/wp-content\/uploads\/2023\/09\/logo.svg","contentUrl":"https:\/\/smans.com\/wp-content\/uploads\/2023\/09\/logo.svg","caption":"Smans"},"image":{"@id":"https:\/\/smans.com\/nl\/#\/schema\/logo\/image\/"}}]}},"brands":[{"id":18272,"name":"Mecal","slug":"brand-mecal-fr"}],"_links":{"self":[{"href":"https:\/\/smans.com\/fr\/wp-json\/wp\/v2\/product\/24845","targetHints":{"allow":["GET"]}}],"collection":[{"href":"https:\/\/smans.com\/fr\/wp-json\/wp\/v2\/product"}],"about":[{"href":"https:\/\/smans.com\/fr\/wp-json\/wp\/v2\/types\/product"}],"wp:attachment":[{"href":"https:\/\/smans.com\/fr\/wp-json\/wp\/v2\/media?parent=24845"}],"wp:term":[{"taxonomy":"pwb-brand","embeddable":true,"href":"https:\/\/smans.com\/fr\/wp-json\/wp\/v2\/pwb-brand?post=24845"},{"taxonomy":"product_brand","embeddable":true,"href":"https:\/\/smans.com\/fr\/wp-json\/wp\/v2\/product_brand?post=24845"},{"taxonomy":"product_cat","embeddable":true,"href":"https:\/\/smans.com\/fr\/wp-json\/wp\/v2\/product_cat?post=24845"},{"taxonomy":"product_tag","embeddable":true,"href":"https:\/\/smans.com\/fr\/wp-json\/wp\/v2\/product_tag?post=24845"}],"curies":[{"name":"wp","href":"https:\/\/api.w.org\/{rel}","templated":true}]}}