{"id":24846,"date":"2024-06-09T17:23:58","date_gmt":"2024-06-09T15:23:58","guid":{"rendered":"https:\/\/smans.com\/product\/selective-soldering-machine-ecoselect-4\/"},"modified":"2026-04-09T13:07:42","modified_gmt":"2026-04-09T11:07:42","slug":"selective-soldering-machine-ecoselect-4","status":"publish","type":"product","link":"https:\/\/smans.com\/fr\/product\/selective-soldering-machine-ecoselect-4\/","title":{"rendered":"Ersa - Selective Soldering Machine ECOSELECT 4"},"content":{"rendered":"<p>L&rsquo;ECOSELECT 4 est le syst\u00e8me de soudage s\u00e9lectif id\u00e9al pour les s\u00e9ries de production petites \u00e0 moyennes o\u00f9 la flexibilit\u00e9 et la qualit\u00e9 sont primordiales. Ce syst\u00e8me compact int\u00e8gre la toute derni\u00e8re technologie VERSAFLOW 4 et peut \u00eatre utilis\u00e9 aussi bien en mode batch qu&rsquo;en mode inline. Gr\u00e2ce \u00e0 son convoyeur \u00e0 rouleaux de haute qualit\u00e9 pour les circuits imprim\u00e9s jusqu&rsquo;\u00e0 508 x 508 mm, l&rsquo;ECOSELECT 4 offre un espace de traitement maximal dans un format efficace.<\/p>\n<p>Un avantage important est la convection forc\u00e9e, qui assure une r\u00e9partition uniforme de la chaleur, m\u00eame pour les composants complexes. Avec des fonctions telles que les doubles pots \u00e0 souder \u00e0 mouvement Y\/Z variable, l&rsquo;activation automatique des buses et la mesure en temps r\u00e9el de la hauteur des vagues via VERSACAM, ce syst\u00e8me offre une pr\u00e9cision et un contr\u00f4le des processus exceptionnels.<\/p>\n<p>L&rsquo;ECOSELECT 4 peut \u00e9galement \u00eatre compl\u00e9t\u00e9 par un module de flux ind\u00e9pendant pour devenir une machine en ligne \u00e0 part enti\u00e8re. Il est contr\u00f4l\u00e9 par le logiciel prim\u00e9 ERSASOFT 5. Gr\u00e2ce \u00e0 la certification IPC-CFX, le syst\u00e8me est enti\u00e8rement pr\u00eat pour les environnements de production modernes bas\u00e9s sur les donn\u00e9es.<\/p>\n","protected":false},"excerpt":{"rendered":"<p>Syst\u00e8me de soudage s\u00e9lectif en ligne et par lots pour une qualit\u00e9 optimale<\/p>\n","protected":false},"featured_media":0,"template":"","meta":{"_acf_changed":false},"pwb-brand":[18232],"product_brand":[],"product_cat":[17991,18012,18099],"product_tag":[],"class_list":{"0":"post-24846","1":"product","2":"type-product","3":"status-publish","5":"pwb-brand-brand-ersa-fr","6":"product_cat-electronique-fr","7":"product_cat-equipement-d-assemblage-tht-fr","8":"product_cat-soldering-fr-2","10":"first","11":"instock","12":"taxable","13":"shipping-taxable","14":"product-type-simple"},"acf":[],"yoast_head":"<!-- This site is optimized with the Yoast SEO plugin v27.1.1 - https:\/\/yoast.com\/product\/yoast-seo-wordpress\/ -->\n<title>Selective Soldering Machine ECOSELECT 4 - Smans<\/title>\n<meta name=\"robots\" content=\"index, follow, max-snippet:-1, max-image-preview:large, max-video-preview:-1\" \/>\n<link rel=\"canonical\" href=\"https:\/\/smans.com\/fr\/product\/selective-soldering-machine-ecoselect-4\/\" \/>\n<meta property=\"og:locale\" content=\"fr_FR\" \/>\n<meta property=\"og:type\" content=\"article\" \/>\n<meta property=\"og:title\" content=\"Selective Soldering Machine ECOSELECT 4 - Smans\" \/>\n<meta property=\"og:description\" content=\"Syst\u00e8me de soudage s\u00e9lectif en ligne et par lots pour une qualit\u00e9 optimale\" \/>\n<meta property=\"og:url\" content=\"https:\/\/smans.com\/fr\/product\/selective-soldering-machine-ecoselect-4\/\" \/>\n<meta property=\"og:site_name\" content=\"Smans\" \/>\n<meta property=\"article:modified_time\" content=\"2026-04-09T11:07:42+00:00\" \/>\n<meta name=\"twitter:card\" content=\"summary_large_image\" \/>\n<meta name=\"twitter:label1\" content=\"Dur\u00e9e de lecture estim\u00e9e\" \/>\n\t<meta name=\"twitter:data1\" content=\"1 minute\" \/>\n<script type=\"application\/ld+json\" class=\"yoast-schema-graph\">{\"@context\":\"https:\/\/schema.org\",\"@graph\":[{\"@type\":\"WebPage\",\"@id\":\"https:\/\/smans.com\/fr\/product\/selective-soldering-machine-ecoselect-4\/\",\"url\":\"https:\/\/smans.com\/fr\/product\/selective-soldering-machine-ecoselect-4\/\",\"name\":\"Selective Soldering Machine ECOSELECT 4 - Smans\",\"isPartOf\":{\"@id\":\"https:\/\/smans.com\/nl\/#website\"},\"datePublished\":\"2024-06-09T15:23:58+00:00\",\"dateModified\":\"2026-04-09T11:07:42+00:00\",\"breadcrumb\":{\"@id\":\"https:\/\/smans.com\/fr\/product\/selective-soldering-machine-ecoselect-4\/#breadcrumb\"},\"inLanguage\":\"fr-FR\",\"potentialAction\":[{\"@type\":\"ReadAction\",\"target\":[\"https:\/\/smans.com\/fr\/product\/selective-soldering-machine-ecoselect-4\/\"]}]},{\"@type\":\"BreadcrumbList\",\"@id\":\"https:\/\/smans.com\/fr\/product\/selective-soldering-machine-ecoselect-4\/#breadcrumb\",\"itemListElement\":[{\"@type\":\"ListItem\",\"position\":1,\"name\":\"Home\",\"item\":\"https:\/\/smans.com\/fr\/\"},{\"@type\":\"ListItem\",\"position\":2,\"name\":\"Boutique\",\"item\":\"https:\/\/smans.com\/nl\/shop\/\"},{\"@type\":\"ListItem\",\"position\":3,\"name\":\"Ersa - Selective Soldering Machine ECOSELECT 4\"}]},{\"@type\":\"WebSite\",\"@id\":\"https:\/\/smans.com\/nl\/#website\",\"url\":\"https:\/\/smans.com\/nl\/\",\"name\":\"Smans\",\"description\":\"\",\"publisher\":{\"@id\":\"https:\/\/smans.com\/nl\/#organization\"},\"potentialAction\":[{\"@type\":\"SearchAction\",\"target\":{\"@type\":\"EntryPoint\",\"urlTemplate\":\"https:\/\/smans.com\/nl\/?s={search_term_string}\"},\"query-input\":{\"@type\":\"PropertyValueSpecification\",\"valueRequired\":true,\"valueName\":\"search_term_string\"}}],\"inLanguage\":\"fr-FR\"},{\"@type\":\"Organization\",\"@id\":\"https:\/\/smans.com\/nl\/#organization\",\"name\":\"Smans\",\"url\":\"https:\/\/smans.com\/nl\/\",\"logo\":{\"@type\":\"ImageObject\",\"inLanguage\":\"fr-FR\",\"@id\":\"https:\/\/smans.com\/nl\/#\/schema\/logo\/image\/\",\"url\":\"https:\/\/smans.com\/wp-content\/uploads\/2023\/09\/logo.svg\",\"contentUrl\":\"https:\/\/smans.com\/wp-content\/uploads\/2023\/09\/logo.svg\",\"caption\":\"Smans\"},\"image\":{\"@id\":\"https:\/\/smans.com\/nl\/#\/schema\/logo\/image\/\"}}]}<\/script>\n<!-- \/ Yoast SEO plugin. -->","yoast_head_json":{"title":"Selective Soldering Machine ECOSELECT 4 - Smans","robots":{"index":"index","follow":"follow","max-snippet":"max-snippet:-1","max-image-preview":"max-image-preview:large","max-video-preview":"max-video-preview:-1"},"canonical":"https:\/\/smans.com\/fr\/product\/selective-soldering-machine-ecoselect-4\/","og_locale":"fr_FR","og_type":"article","og_title":"Selective Soldering Machine ECOSELECT 4 - Smans","og_description":"Syst\u00e8me de soudage s\u00e9lectif en ligne et par lots pour une qualit\u00e9 optimale","og_url":"https:\/\/smans.com\/fr\/product\/selective-soldering-machine-ecoselect-4\/","og_site_name":"Smans","article_modified_time":"2026-04-09T11:07:42+00:00","twitter_card":"summary_large_image","twitter_misc":{"Dur\u00e9e de lecture estim\u00e9e":"1 minute"},"schema":{"@context":"https:\/\/schema.org","@graph":[{"@type":"WebPage","@id":"https:\/\/smans.com\/fr\/product\/selective-soldering-machine-ecoselect-4\/","url":"https:\/\/smans.com\/fr\/product\/selective-soldering-machine-ecoselect-4\/","name":"Selective Soldering Machine ECOSELECT 4 - Smans","isPartOf":{"@id":"https:\/\/smans.com\/nl\/#website"},"datePublished":"2024-06-09T15:23:58+00:00","dateModified":"2026-04-09T11:07:42+00:00","breadcrumb":{"@id":"https:\/\/smans.com\/fr\/product\/selective-soldering-machine-ecoselect-4\/#breadcrumb"},"inLanguage":"fr-FR","potentialAction":[{"@type":"ReadAction","target":["https:\/\/smans.com\/fr\/product\/selective-soldering-machine-ecoselect-4\/"]}]},{"@type":"BreadcrumbList","@id":"https:\/\/smans.com\/fr\/product\/selective-soldering-machine-ecoselect-4\/#breadcrumb","itemListElement":[{"@type":"ListItem","position":1,"name":"Home","item":"https:\/\/smans.com\/fr\/"},{"@type":"ListItem","position":2,"name":"Boutique","item":"https:\/\/smans.com\/nl\/shop\/"},{"@type":"ListItem","position":3,"name":"Ersa - Selective Soldering Machine ECOSELECT 4"}]},{"@type":"WebSite","@id":"https:\/\/smans.com\/nl\/#website","url":"https:\/\/smans.com\/nl\/","name":"Smans","description":"","publisher":{"@id":"https:\/\/smans.com\/nl\/#organization"},"potentialAction":[{"@type":"SearchAction","target":{"@type":"EntryPoint","urlTemplate":"https:\/\/smans.com\/nl\/?s={search_term_string}"},"query-input":{"@type":"PropertyValueSpecification","valueRequired":true,"valueName":"search_term_string"}}],"inLanguage":"fr-FR"},{"@type":"Organization","@id":"https:\/\/smans.com\/nl\/#organization","name":"Smans","url":"https:\/\/smans.com\/nl\/","logo":{"@type":"ImageObject","inLanguage":"fr-FR","@id":"https:\/\/smans.com\/nl\/#\/schema\/logo\/image\/","url":"https:\/\/smans.com\/wp-content\/uploads\/2023\/09\/logo.svg","contentUrl":"https:\/\/smans.com\/wp-content\/uploads\/2023\/09\/logo.svg","caption":"Smans"},"image":{"@id":"https:\/\/smans.com\/nl\/#\/schema\/logo\/image\/"}}]}},"brands":[{"id":18232,"name":"Ersa","slug":"brand-ersa-fr"}],"_links":{"self":[{"href":"https:\/\/smans.com\/fr\/wp-json\/wp\/v2\/product\/24846","targetHints":{"allow":["GET"]}}],"collection":[{"href":"https:\/\/smans.com\/fr\/wp-json\/wp\/v2\/product"}],"about":[{"href":"https:\/\/smans.com\/fr\/wp-json\/wp\/v2\/types\/product"}],"wp:attachment":[{"href":"https:\/\/smans.com\/fr\/wp-json\/wp\/v2\/media?parent=24846"}],"wp:term":[{"taxonomy":"pwb-brand","embeddable":true,"href":"https:\/\/smans.com\/fr\/wp-json\/wp\/v2\/pwb-brand?post=24846"},{"taxonomy":"product_brand","embeddable":true,"href":"https:\/\/smans.com\/fr\/wp-json\/wp\/v2\/product_brand?post=24846"},{"taxonomy":"product_cat","embeddable":true,"href":"https:\/\/smans.com\/fr\/wp-json\/wp\/v2\/product_cat?post=24846"},{"taxonomy":"product_tag","embeddable":true,"href":"https:\/\/smans.com\/fr\/wp-json\/wp\/v2\/product_tag?post=24846"}],"curies":[{"name":"wp","href":"https:\/\/api.w.org\/{rel}","templated":true}]}}