{"id":24847,"date":"2024-06-09T17:24:00","date_gmt":"2024-06-09T15:24:00","guid":{"rendered":"https:\/\/smans.com\/product\/selective-soldering-versaflow-one-f-series\/"},"modified":"2026-04-30T10:50:32","modified_gmt":"2026-04-30T08:50:32","slug":"selective-soldering-versaflow-one-f-series","status":"publish","type":"product","link":"https:\/\/smans.com\/fr\/product\/selective-soldering-versaflow-one-f-series\/","title":{"rendered":"Ersa - Selective Soldering VERSAFLOW ONE F-SERIES"},"content":{"rendered":"<p>La <strong>VERSAFLOW ONE F-Series<\/strong> offre une entr\u00e9e en mati\u00e8re id\u00e9ale dans le monde du <strong>soudage s\u00e9lectif haut de gamme<\/strong>. Ce syst\u00e8me de soudage en ligne compact combine la <strong>technologie VERSAFLOW<\/strong> \u00e9prouv\u00e9e avec une utilisation conviviale et un rapport qualit\u00e9-prix impressionnant. La s\u00e9rie ONE F est con\u00e7ue pour offrir une stabilit\u00e9 et une efficacit\u00e9 maximales dans la production \u00e9lectronique moderne. Elle est id\u00e9ale pour les entreprises qui souhaitent s&rsquo;automatiser sans compromettre la qualit\u00e9.<\/p>\n<p>Gr\u00e2ce \u00e0 sa conception modulaire, la s\u00e9rie VERSAFLOW ONE F dispose de <strong>modules de flux, de pr\u00e9chauffage et de soudage<\/strong> qui fonctionnent parfaitement ensemble pour un processus stable et reproductible. Le syst\u00e8me peut traiter des circuits imprim\u00e9s jusqu&rsquo;\u00e0 <strong>508 x 508 mm<\/strong> et est disponible en versions avec <strong>un ou deux pots de soudure<\/strong>. Gr\u00e2ce \u00e0 un <strong>traitement en parall\u00e8le<\/strong> et \u00e0 des <strong>composants \u00e0 faible consommation d&rsquo;\u00e9nergie<\/strong>, un d\u00e9bit \u00e9lev\u00e9 est atteint avec une consommation d&rsquo;\u00e9nergie r\u00e9duite de 10 %.<\/p>\n<p>La machine est \u00e9quip\u00e9e de l&rsquo;interface prim\u00e9e <strong>ERSASOFT 5<\/strong> et du <strong>CAD Assistant 4<\/strong> int\u00e9gr\u00e9, qui permettent de cr\u00e9er des programmes de soudage rapidement, intuitivement et sans erreur. Le r\u00e9sultat : un syst\u00e8me aussi simple \u00e0 utiliser que performant.<\/p>\n<p>En bref : la <strong>VERSAFLOW ONE F-Series<\/strong> est <strong>compacte, efficace et tourn\u00e9e vers l&rsquo;avenir<\/strong> \u2013 le choix intelligent pour tout fabricant qui souhaite se lancer de mani\u00e8re fiable dans le soudage s\u00e9lectif automatis\u00e9.<\/p>\n","protected":false},"excerpt":{"rendered":"<p>Entrer dans le monde du soudage s\u00e9lectif haut de gamme<\/p>\n","protected":false},"featured_media":0,"template":"","meta":{"_acf_changed":false},"pwb-brand":[18232],"product_brand":[],"product_cat":[17991,18012,18099],"product_tag":[],"class_list":{"0":"post-24847","1":"product","2":"type-product","3":"status-publish","5":"pwb-brand-brand-ersa-fr","6":"product_cat-electronique-fr","7":"product_cat-equipement-d-assemblage-tht-fr","8":"product_cat-soldering-fr-2","10":"first","11":"instock","12":"taxable","13":"shipping-taxable","14":"product-type-simple"},"acf":[],"yoast_head":"<!-- This site is optimized with the Yoast SEO plugin v27.1.1 - https:\/\/yoast.com\/product\/yoast-seo-wordpress\/ -->\n<title>Selective Soldering VERSAFLOW ONE F-SERIES - Smans<\/title>\n<meta name=\"robots\" content=\"index, follow, max-snippet:-1, max-image-preview:large, max-video-preview:-1\" \/>\n<link rel=\"canonical\" href=\"https:\/\/smans.com\/fr\/product\/selective-soldering-versaflow-one-f-series\/\" \/>\n<meta property=\"og:locale\" content=\"fr_FR\" \/>\n<meta property=\"og:type\" content=\"article\" \/>\n<meta property=\"og:title\" content=\"Selective Soldering VERSAFLOW ONE F-SERIES - Smans\" \/>\n<meta property=\"og:description\" content=\"Entrer dans le monde du soudage s\u00e9lectif haut de gamme\" \/>\n<meta property=\"og:url\" content=\"https:\/\/smans.com\/fr\/product\/selective-soldering-versaflow-one-f-series\/\" \/>\n<meta property=\"og:site_name\" content=\"Smans\" \/>\n<meta property=\"article:modified_time\" content=\"2026-04-30T08:50:32+00:00\" \/>\n<meta name=\"twitter:card\" content=\"summary_large_image\" \/>\n<meta name=\"twitter:label1\" content=\"Dur\u00e9e de lecture estim\u00e9e\" \/>\n\t<meta name=\"twitter:data1\" content=\"1 minute\" \/>\n<script type=\"application\/ld+json\" class=\"yoast-schema-graph\">{\"@context\":\"https:\/\/schema.org\",\"@graph\":[{\"@type\":\"WebPage\",\"@id\":\"https:\/\/smans.com\/fr\/product\/selective-soldering-versaflow-one-f-series\/\",\"url\":\"https:\/\/smans.com\/fr\/product\/selective-soldering-versaflow-one-f-series\/\",\"name\":\"Selective Soldering VERSAFLOW ONE F-SERIES - Smans\",\"isPartOf\":{\"@id\":\"https:\/\/smans.com\/nl\/#website\"},\"datePublished\":\"2024-06-09T15:24:00+00:00\",\"dateModified\":\"2026-04-30T08:50:32+00:00\",\"breadcrumb\":{\"@id\":\"https:\/\/smans.com\/fr\/product\/selective-soldering-versaflow-one-f-series\/#breadcrumb\"},\"inLanguage\":\"fr-FR\",\"potentialAction\":[{\"@type\":\"ReadAction\",\"target\":[\"https:\/\/smans.com\/fr\/product\/selective-soldering-versaflow-one-f-series\/\"]}]},{\"@type\":\"BreadcrumbList\",\"@id\":\"https:\/\/smans.com\/fr\/product\/selective-soldering-versaflow-one-f-series\/#breadcrumb\",\"itemListElement\":[{\"@type\":\"ListItem\",\"position\":1,\"name\":\"Home\",\"item\":\"https:\/\/smans.com\/fr\/\"},{\"@type\":\"ListItem\",\"position\":2,\"name\":\"Boutique\",\"item\":\"https:\/\/smans.com\/nl\/shop\/\"},{\"@type\":\"ListItem\",\"position\":3,\"name\":\"Ersa - Selective Soldering VERSAFLOW ONE F-SERIES\"}]},{\"@type\":\"WebSite\",\"@id\":\"https:\/\/smans.com\/nl\/#website\",\"url\":\"https:\/\/smans.com\/nl\/\",\"name\":\"Smans\",\"description\":\"\",\"publisher\":{\"@id\":\"https:\/\/smans.com\/nl\/#organization\"},\"potentialAction\":[{\"@type\":\"SearchAction\",\"target\":{\"@type\":\"EntryPoint\",\"urlTemplate\":\"https:\/\/smans.com\/nl\/?s={search_term_string}\"},\"query-input\":{\"@type\":\"PropertyValueSpecification\",\"valueRequired\":true,\"valueName\":\"search_term_string\"}}],\"inLanguage\":\"fr-FR\"},{\"@type\":\"Organization\",\"@id\":\"https:\/\/smans.com\/nl\/#organization\",\"name\":\"Smans\",\"url\":\"https:\/\/smans.com\/nl\/\",\"logo\":{\"@type\":\"ImageObject\",\"inLanguage\":\"fr-FR\",\"@id\":\"https:\/\/smans.com\/nl\/#\/schema\/logo\/image\/\",\"url\":\"https:\/\/smans.com\/wp-content\/uploads\/2023\/09\/logo.svg\",\"contentUrl\":\"https:\/\/smans.com\/wp-content\/uploads\/2023\/09\/logo.svg\",\"caption\":\"Smans\"},\"image\":{\"@id\":\"https:\/\/smans.com\/nl\/#\/schema\/logo\/image\/\"}}]}<\/script>\n<!-- \/ Yoast SEO plugin. -->","yoast_head_json":{"title":"Selective Soldering VERSAFLOW ONE F-SERIES - Smans","robots":{"index":"index","follow":"follow","max-snippet":"max-snippet:-1","max-image-preview":"max-image-preview:large","max-video-preview":"max-video-preview:-1"},"canonical":"https:\/\/smans.com\/fr\/product\/selective-soldering-versaflow-one-f-series\/","og_locale":"fr_FR","og_type":"article","og_title":"Selective Soldering VERSAFLOW ONE F-SERIES - Smans","og_description":"Entrer dans le monde du soudage s\u00e9lectif haut de gamme","og_url":"https:\/\/smans.com\/fr\/product\/selective-soldering-versaflow-one-f-series\/","og_site_name":"Smans","article_modified_time":"2026-04-30T08:50:32+00:00","twitter_card":"summary_large_image","twitter_misc":{"Dur\u00e9e de lecture estim\u00e9e":"1 minute"},"schema":{"@context":"https:\/\/schema.org","@graph":[{"@type":"WebPage","@id":"https:\/\/smans.com\/fr\/product\/selective-soldering-versaflow-one-f-series\/","url":"https:\/\/smans.com\/fr\/product\/selective-soldering-versaflow-one-f-series\/","name":"Selective Soldering VERSAFLOW ONE F-SERIES - Smans","isPartOf":{"@id":"https:\/\/smans.com\/nl\/#website"},"datePublished":"2024-06-09T15:24:00+00:00","dateModified":"2026-04-30T08:50:32+00:00","breadcrumb":{"@id":"https:\/\/smans.com\/fr\/product\/selective-soldering-versaflow-one-f-series\/#breadcrumb"},"inLanguage":"fr-FR","potentialAction":[{"@type":"ReadAction","target":["https:\/\/smans.com\/fr\/product\/selective-soldering-versaflow-one-f-series\/"]}]},{"@type":"BreadcrumbList","@id":"https:\/\/smans.com\/fr\/product\/selective-soldering-versaflow-one-f-series\/#breadcrumb","itemListElement":[{"@type":"ListItem","position":1,"name":"Home","item":"https:\/\/smans.com\/fr\/"},{"@type":"ListItem","position":2,"name":"Boutique","item":"https:\/\/smans.com\/nl\/shop\/"},{"@type":"ListItem","position":3,"name":"Ersa - Selective Soldering VERSAFLOW ONE F-SERIES"}]},{"@type":"WebSite","@id":"https:\/\/smans.com\/nl\/#website","url":"https:\/\/smans.com\/nl\/","name":"Smans","description":"","publisher":{"@id":"https:\/\/smans.com\/nl\/#organization"},"potentialAction":[{"@type":"SearchAction","target":{"@type":"EntryPoint","urlTemplate":"https:\/\/smans.com\/nl\/?s={search_term_string}"},"query-input":{"@type":"PropertyValueSpecification","valueRequired":true,"valueName":"search_term_string"}}],"inLanguage":"fr-FR"},{"@type":"Organization","@id":"https:\/\/smans.com\/nl\/#organization","name":"Smans","url":"https:\/\/smans.com\/nl\/","logo":{"@type":"ImageObject","inLanguage":"fr-FR","@id":"https:\/\/smans.com\/nl\/#\/schema\/logo\/image\/","url":"https:\/\/smans.com\/wp-content\/uploads\/2023\/09\/logo.svg","contentUrl":"https:\/\/smans.com\/wp-content\/uploads\/2023\/09\/logo.svg","caption":"Smans"},"image":{"@id":"https:\/\/smans.com\/nl\/#\/schema\/logo\/image\/"}}]}},"brands":[{"id":18232,"name":"Ersa","slug":"brand-ersa-fr"}],"_links":{"self":[{"href":"https:\/\/smans.com\/fr\/wp-json\/wp\/v2\/product\/24847","targetHints":{"allow":["GET"]}}],"collection":[{"href":"https:\/\/smans.com\/fr\/wp-json\/wp\/v2\/product"}],"about":[{"href":"https:\/\/smans.com\/fr\/wp-json\/wp\/v2\/types\/product"}],"wp:attachment":[{"href":"https:\/\/smans.com\/fr\/wp-json\/wp\/v2\/media?parent=24847"}],"wp:term":[{"taxonomy":"pwb-brand","embeddable":true,"href":"https:\/\/smans.com\/fr\/wp-json\/wp\/v2\/pwb-brand?post=24847"},{"taxonomy":"product_brand","embeddable":true,"href":"https:\/\/smans.com\/fr\/wp-json\/wp\/v2\/product_brand?post=24847"},{"taxonomy":"product_cat","embeddable":true,"href":"https:\/\/smans.com\/fr\/wp-json\/wp\/v2\/product_cat?post=24847"},{"taxonomy":"product_tag","embeddable":true,"href":"https:\/\/smans.com\/fr\/wp-json\/wp\/v2\/product_tag?post=24847"}],"curies":[{"name":"wp","href":"https:\/\/api.w.org\/{rel}","templated":true}]}}