{"id":24854,"date":"2024-06-09T17:24:14","date_gmt":"2024-06-09T15:24:14","guid":{"rendered":"https:\/\/smans.com\/product\/wave-soldering-machine-powerflow-ultra-xxl\/"},"modified":"2026-04-07T12:35:03","modified_gmt":"2026-04-07T10:35:03","slug":"wave-soldering-machine-powerflow-ultra-xxl","status":"publish","type":"product","link":"https:\/\/smans.com\/fr\/product\/wave-soldering-machine-powerflow-ultra-xxl\/","title":{"rendered":"Ersa - Wave Soldering Machine POWERFLOW ULTRA XXL"},"content":{"rendered":"<p>Le POWERFLOW ULTRA XXL est la derni\u00e8re innovation et la plus avanc\u00e9e de la gamme de syst\u00e8mes de soudage \u00e0 la vague d&rsquo;Ersa. Ce syst\u00e8me de soudage \u00e0 la vague haut de gamme \u00e0 tunnel complet a \u00e9t\u00e9 d\u00e9velopp\u00e9 pour r\u00e9pondre aux exigences les plus \u00e9lev\u00e9es en mati\u00e8re de flexibilit\u00e9, de d\u00e9bit et de disponibilit\u00e9. Il offre des performances optimales pour le soudage de grandes cartes de circuits imprim\u00e9s avec des <strong>largeurs de travail allant jusqu&rsquo;\u00e0 610 mm et une longueur de PCB de 850 mm<\/strong>.<\/p>\n<p>Gr\u00e2ce au choix entre le transport par ch\u00e2ssis et par doigts, le POWERFLOW ULTRA XXL s&rsquo;int\u00e8gre parfaitement dans divers environnements de production. Le concept de pr\u00e9chauffage modulaire est configurable de mani\u00e8re flexible en termes de longueur et de puissance, et peut \u00e9galement \u00eatre \u00e9tendu a posteriori, ce qui est id\u00e9al pour les fabricants qui souhaitent augmenter leur production sans compromettre la pr\u00e9cision ou la fiabilit\u00e9 du processus.<\/p>\n<p>La machine est contr\u00f4l\u00e9e par le logiciel de commande prim\u00e9 ERSASOFT 5, bas\u00e9 sur une base de donn\u00e9es puissante et enti\u00e8rement compatible avec l&rsquo;industrie 4.0. Il offre une visualisation intuitive des processus, une analyse approfondie des donn\u00e9es et un r\u00e9glage simple des param\u00e8tres pour un contr\u00f4le et une r\u00e9p\u00e9tabilit\u00e9 maximaux.<\/p>\n<p>Sp\u00e9cialement con\u00e7ue pour les applications de t\u00e9l\u00e9communications 5G et autres applications \u00e9lectroniques complexes, la POWERFLOW ULTRA XXL combine une qualit\u00e9 de soudage maximale, une vitesse de production \u00e9lev\u00e9e et une fiabilit\u00e9 in\u00e9gal\u00e9e \u2013 le choix id\u00e9al pour l&rsquo;avenir de la production \u00e9lectronique de pointe.<\/p>\n","protected":false},"excerpt":{"rendered":"<p>High-end full-tunnel nitrogen wave soldering system for working widths up to 610 and 850 mm board length<\/p>\n","protected":false},"featured_media":0,"template":"","meta":{"_acf_changed":false},"pwb-brand":[18232],"product_brand":[],"product_cat":[17991,18012,18099],"product_tag":[],"class_list":{"0":"post-24854","1":"product","2":"type-product","3":"status-publish","5":"pwb-brand-brand-ersa-fr","6":"product_cat-electronique-fr","7":"product_cat-equipement-d-assemblage-tht-fr","8":"product_cat-soldering-fr-2","10":"first","11":"instock","12":"taxable","13":"shipping-taxable","14":"product-type-simple"},"acf":[],"yoast_head":"<!-- This site is optimized with the Yoast SEO plugin v27.1.1 - https:\/\/yoast.com\/product\/yoast-seo-wordpress\/ -->\n<title>Wave Soldering Machine POWERFLOW ULTRA XXL - Smans<\/title>\n<meta name=\"robots\" content=\"index, follow, max-snippet:-1, max-image-preview:large, max-video-preview:-1\" \/>\n<link rel=\"canonical\" href=\"https:\/\/smans.com\/fr\/product\/wave-soldering-machine-powerflow-ultra-xxl\/\" \/>\n<meta property=\"og:locale\" content=\"fr_FR\" \/>\n<meta property=\"og:type\" content=\"article\" \/>\n<meta property=\"og:title\" content=\"Wave Soldering Machine POWERFLOW ULTRA XXL - Smans\" \/>\n<meta property=\"og:description\" content=\"High-end full-tunnel nitrogen wave soldering system for working widths up to 610 and 850 mm board length\" \/>\n<meta property=\"og:url\" content=\"https:\/\/smans.com\/fr\/product\/wave-soldering-machine-powerflow-ultra-xxl\/\" \/>\n<meta property=\"og:site_name\" content=\"Smans\" \/>\n<meta property=\"article:modified_time\" content=\"2026-04-07T10:35:03+00:00\" \/>\n<meta name=\"twitter:card\" content=\"summary_large_image\" \/>\n<meta name=\"twitter:label1\" content=\"Dur\u00e9e de lecture estim\u00e9e\" \/>\n\t<meta name=\"twitter:data1\" content=\"1 minute\" \/>\n<script type=\"application\/ld+json\" class=\"yoast-schema-graph\">{\"@context\":\"https:\/\/schema.org\",\"@graph\":[{\"@type\":\"WebPage\",\"@id\":\"https:\/\/smans.com\/fr\/product\/wave-soldering-machine-powerflow-ultra-xxl\/\",\"url\":\"https:\/\/smans.com\/fr\/product\/wave-soldering-machine-powerflow-ultra-xxl\/\",\"name\":\"Wave Soldering Machine POWERFLOW ULTRA XXL - Smans\",\"isPartOf\":{\"@id\":\"https:\/\/smans.com\/nl\/#website\"},\"datePublished\":\"2024-06-09T15:24:14+00:00\",\"dateModified\":\"2026-04-07T10:35:03+00:00\",\"breadcrumb\":{\"@id\":\"https:\/\/smans.com\/fr\/product\/wave-soldering-machine-powerflow-ultra-xxl\/#breadcrumb\"},\"inLanguage\":\"fr-FR\",\"potentialAction\":[{\"@type\":\"ReadAction\",\"target\":[\"https:\/\/smans.com\/fr\/product\/wave-soldering-machine-powerflow-ultra-xxl\/\"]}]},{\"@type\":\"BreadcrumbList\",\"@id\":\"https:\/\/smans.com\/fr\/product\/wave-soldering-machine-powerflow-ultra-xxl\/#breadcrumb\",\"itemListElement\":[{\"@type\":\"ListItem\",\"position\":1,\"name\":\"Home\",\"item\":\"https:\/\/smans.com\/fr\/\"},{\"@type\":\"ListItem\",\"position\":2,\"name\":\"Boutique\",\"item\":\"https:\/\/smans.com\/nl\/shop\/\"},{\"@type\":\"ListItem\",\"position\":3,\"name\":\"Ersa - Wave Soldering Machine POWERFLOW ULTRA XXL\"}]},{\"@type\":\"WebSite\",\"@id\":\"https:\/\/smans.com\/nl\/#website\",\"url\":\"https:\/\/smans.com\/nl\/\",\"name\":\"Smans\",\"description\":\"\",\"publisher\":{\"@id\":\"https:\/\/smans.com\/nl\/#organization\"},\"potentialAction\":[{\"@type\":\"SearchAction\",\"target\":{\"@type\":\"EntryPoint\",\"urlTemplate\":\"https:\/\/smans.com\/nl\/?s={search_term_string}\"},\"query-input\":{\"@type\":\"PropertyValueSpecification\",\"valueRequired\":true,\"valueName\":\"search_term_string\"}}],\"inLanguage\":\"fr-FR\"},{\"@type\":\"Organization\",\"@id\":\"https:\/\/smans.com\/nl\/#organization\",\"name\":\"Smans\",\"url\":\"https:\/\/smans.com\/nl\/\",\"logo\":{\"@type\":\"ImageObject\",\"inLanguage\":\"fr-FR\",\"@id\":\"https:\/\/smans.com\/nl\/#\/schema\/logo\/image\/\",\"url\":\"https:\/\/smans.com\/wp-content\/uploads\/2023\/09\/logo.svg\",\"contentUrl\":\"https:\/\/smans.com\/wp-content\/uploads\/2023\/09\/logo.svg\",\"caption\":\"Smans\"},\"image\":{\"@id\":\"https:\/\/smans.com\/nl\/#\/schema\/logo\/image\/\"}}]}<\/script>\n<!-- \/ Yoast SEO plugin. -->","yoast_head_json":{"title":"Wave Soldering Machine POWERFLOW ULTRA XXL - Smans","robots":{"index":"index","follow":"follow","max-snippet":"max-snippet:-1","max-image-preview":"max-image-preview:large","max-video-preview":"max-video-preview:-1"},"canonical":"https:\/\/smans.com\/fr\/product\/wave-soldering-machine-powerflow-ultra-xxl\/","og_locale":"fr_FR","og_type":"article","og_title":"Wave Soldering Machine POWERFLOW ULTRA XXL - Smans","og_description":"High-end full-tunnel nitrogen wave soldering system for working widths up to 610 and 850 mm board length","og_url":"https:\/\/smans.com\/fr\/product\/wave-soldering-machine-powerflow-ultra-xxl\/","og_site_name":"Smans","article_modified_time":"2026-04-07T10:35:03+00:00","twitter_card":"summary_large_image","twitter_misc":{"Dur\u00e9e de lecture estim\u00e9e":"1 minute"},"schema":{"@context":"https:\/\/schema.org","@graph":[{"@type":"WebPage","@id":"https:\/\/smans.com\/fr\/product\/wave-soldering-machine-powerflow-ultra-xxl\/","url":"https:\/\/smans.com\/fr\/product\/wave-soldering-machine-powerflow-ultra-xxl\/","name":"Wave Soldering Machine POWERFLOW ULTRA XXL - Smans","isPartOf":{"@id":"https:\/\/smans.com\/nl\/#website"},"datePublished":"2024-06-09T15:24:14+00:00","dateModified":"2026-04-07T10:35:03+00:00","breadcrumb":{"@id":"https:\/\/smans.com\/fr\/product\/wave-soldering-machine-powerflow-ultra-xxl\/#breadcrumb"},"inLanguage":"fr-FR","potentialAction":[{"@type":"ReadAction","target":["https:\/\/smans.com\/fr\/product\/wave-soldering-machine-powerflow-ultra-xxl\/"]}]},{"@type":"BreadcrumbList","@id":"https:\/\/smans.com\/fr\/product\/wave-soldering-machine-powerflow-ultra-xxl\/#breadcrumb","itemListElement":[{"@type":"ListItem","position":1,"name":"Home","item":"https:\/\/smans.com\/fr\/"},{"@type":"ListItem","position":2,"name":"Boutique","item":"https:\/\/smans.com\/nl\/shop\/"},{"@type":"ListItem","position":3,"name":"Ersa - Wave Soldering Machine POWERFLOW ULTRA XXL"}]},{"@type":"WebSite","@id":"https:\/\/smans.com\/nl\/#website","url":"https:\/\/smans.com\/nl\/","name":"Smans","description":"","publisher":{"@id":"https:\/\/smans.com\/nl\/#organization"},"potentialAction":[{"@type":"SearchAction","target":{"@type":"EntryPoint","urlTemplate":"https:\/\/smans.com\/nl\/?s={search_term_string}"},"query-input":{"@type":"PropertyValueSpecification","valueRequired":true,"valueName":"search_term_string"}}],"inLanguage":"fr-FR"},{"@type":"Organization","@id":"https:\/\/smans.com\/nl\/#organization","name":"Smans","url":"https:\/\/smans.com\/nl\/","logo":{"@type":"ImageObject","inLanguage":"fr-FR","@id":"https:\/\/smans.com\/nl\/#\/schema\/logo\/image\/","url":"https:\/\/smans.com\/wp-content\/uploads\/2023\/09\/logo.svg","contentUrl":"https:\/\/smans.com\/wp-content\/uploads\/2023\/09\/logo.svg","caption":"Smans"},"image":{"@id":"https:\/\/smans.com\/nl\/#\/schema\/logo\/image\/"}}]}},"brands":[{"id":18232,"name":"Ersa","slug":"brand-ersa-fr"}],"_links":{"self":[{"href":"https:\/\/smans.com\/fr\/wp-json\/wp\/v2\/product\/24854","targetHints":{"allow":["GET"]}}],"collection":[{"href":"https:\/\/smans.com\/fr\/wp-json\/wp\/v2\/product"}],"about":[{"href":"https:\/\/smans.com\/fr\/wp-json\/wp\/v2\/types\/product"}],"wp:attachment":[{"href":"https:\/\/smans.com\/fr\/wp-json\/wp\/v2\/media?parent=24854"}],"wp:term":[{"taxonomy":"pwb-brand","embeddable":true,"href":"https:\/\/smans.com\/fr\/wp-json\/wp\/v2\/pwb-brand?post=24854"},{"taxonomy":"product_brand","embeddable":true,"href":"https:\/\/smans.com\/fr\/wp-json\/wp\/v2\/product_brand?post=24854"},{"taxonomy":"product_cat","embeddable":true,"href":"https:\/\/smans.com\/fr\/wp-json\/wp\/v2\/product_cat?post=24854"},{"taxonomy":"product_tag","embeddable":true,"href":"https:\/\/smans.com\/fr\/wp-json\/wp\/v2\/product_tag?post=24854"}],"curies":[{"name":"wp","href":"https:\/\/api.w.org\/{rel}","templated":true}]}}