{"id":24869,"date":"2024-06-09T17:22:29","date_gmt":"2024-06-09T15:22:29","guid":{"rendered":"https:\/\/smans.com\/product\/stencil-printer-versaprint-2-ultra%c2%b3\/"},"modified":"2026-04-09T13:08:12","modified_gmt":"2026-04-09T11:08:12","slug":"stencil-printer-versaprint-2-ultra%c2%b3","status":"publish","type":"product","link":"https:\/\/smans.com\/fr\/product\/stencil-printer-versaprint-2-ultra%c2%b3\/","title":{"rendered":"Ersa - Stencil Printer VERSAPRINT 2 ULTRA\u00b3"},"content":{"rendered":"<p>Le <strong>VERSAPRINT 2 ULTRA\u00b3<\/strong> a \u00e9t\u00e9 d\u00e9velopp\u00e9 pour les lignes de production SMT les plus exigeantes, o\u00f9 le <strong>volume, la hauteur, la position et le d\u00e9calage<\/strong> des empreintes de p\u00e2te \u00e0 souder doivent \u00eatre contr\u00f4l\u00e9s avec pr\u00e9cision. Gr\u00e2ce \u00e0 la technologie avanc\u00e9e de cam\u00e9ra de balayage lin\u00e9aire <strong>3D-LIST<\/strong>, la machine peut mesurer les profils de hauteur de chaque relief de p\u00e2te \u00e0 souder, c&rsquo;est-\u00e0-dire non seulement la couverture ou la position, mais aussi si la p\u00e2te s&rsquo;\u00e9coule sur les bords ou si elle est parfaitement uniforme.<\/p>\n<p>L&rsquo;inspection int\u00e9gr\u00e9e est effectu\u00e9e imm\u00e9diatement apr\u00e8s l&rsquo;impression, ce qui permet \u00e0 la machine de fonctionner \u00e0 la fois comme une imprimante \u00e0 pochoir et un syst\u00e8me SPI 100 % en un seul appareil. Cela pr\u00e9sente plusieurs avantages : l&rsquo;espace au sol n\u00e9cessaire est moindre que pour des machines d&rsquo;impression et d&rsquo;inspection s\u00e9par\u00e9es, le processus est enti\u00e8rement centralis\u00e9 sous un seul syst\u00e8me de contr\u00f4le et la fonction en boucle ferm\u00e9e peut envoyer automatiquement des corrections de d\u00e9calage \u00e0 la t\u00eate d&rsquo;impression pour des r\u00e9sultats d&rsquo;impression optimaux.<\/p>\n<p>Avec une capacit\u00e9 de substrat de <strong>50 \u00d7 50 mm<\/strong> minimum \u00e0 <strong>680 \u00d7 500 mm<\/strong> maximum (zone d&rsquo;inspection jusqu&rsquo;\u00e0 environ 550 \u00d7 500 mm) et une t\u00eate d&rsquo;impression avec deux unit\u00e9s de raclage ind\u00e9pendantes \u00e0 r\u00e9glage de pression continu (0-230 N), la machine offre une excellente r\u00e9p\u00e9tabilit\u00e9 (\u00b112,5 \u00b5m) et une grande pr\u00e9cision d&rsquo;impression (\u00b125 \u00b5m) dans des temps de cycle courts (environ 10 s + impression).<\/p>\n<p>En substance, la VERSAPRINT 2 ULTRA\u00b3 est un investissement d&rsquo;avenir pour les fabricants qui recherchent une qualit\u00e9 maximale, des risques de processus minimaux et une inspection int\u00e9gr\u00e9e sans encombrement suppl\u00e9mentaire.<\/p>\n","protected":false},"excerpt":{"rendered":"<p>La premi\u00e8re imprimante \u00e0 pochoir au monde avec inspection SPI 3D enti\u00e8rement int\u00e9gr\u00e9e, qui combine de mani\u00e8re transparente les processus d&rsquo;impression et d&rsquo;inspection dans une seule machine.<\/p>\n","protected":false},"featured_media":0,"template":"","meta":{"_acf_changed":false},"pwb-brand":[18232],"product_brand":[],"product_cat":[17991,18011,18088],"product_tag":[],"class_list":{"0":"post-24869","1":"product","2":"type-product","3":"status-publish","5":"pwb-brand-brand-ersa-fr","6":"product_cat-electronique-fr","7":"product_cat-equipement-d-assemblage-smt-fr","8":"product_cat-stencil-printing-fr","10":"first","11":"instock","12":"taxable","13":"shipping-taxable","14":"product-type-simple"},"acf":[],"yoast_head":"<!-- This site is optimized with the Yoast SEO plugin v27.1.1 - https:\/\/yoast.com\/product\/yoast-seo-wordpress\/ -->\n<title>Stencil Printer VERSAPRINT 2 ULTRA\u00b3 - Smans<\/title>\n<meta name=\"robots\" content=\"index, follow, max-snippet:-1, max-image-preview:large, max-video-preview:-1\" \/>\n<link rel=\"canonical\" href=\"https:\/\/smans.com\/fr\/product\/stencil-printer-versaprint-2-ultra\u00b3\/\" \/>\n<meta property=\"og:locale\" content=\"fr_FR\" \/>\n<meta property=\"og:type\" content=\"article\" \/>\n<meta property=\"og:title\" content=\"Stencil Printer VERSAPRINT 2 ULTRA\u00b3 - Smans\" \/>\n<meta property=\"og:description\" content=\"La premi\u00e8re imprimante \u00e0 pochoir au monde avec inspection SPI 3D enti\u00e8rement int\u00e9gr\u00e9e, qui combine de mani\u00e8re transparente les processus d&#039;impression et d&#039;inspection dans une seule machine.\" \/>\n<meta property=\"og:url\" content=\"https:\/\/smans.com\/fr\/product\/stencil-printer-versaprint-2-ultra\u00b3\/\" \/>\n<meta property=\"og:site_name\" content=\"Smans\" \/>\n<meta property=\"article:modified_time\" content=\"2026-04-09T11:08:12+00:00\" \/>\n<meta name=\"twitter:card\" content=\"summary_large_image\" \/>\n<meta name=\"twitter:label1\" content=\"Dur\u00e9e de lecture estim\u00e9e\" \/>\n\t<meta name=\"twitter:data1\" content=\"1 minute\" \/>\n<script type=\"application\/ld+json\" class=\"yoast-schema-graph\">{\"@context\":\"https:\/\/schema.org\",\"@graph\":[{\"@type\":\"WebPage\",\"@id\":\"https:\/\/smans.com\/fr\/product\/stencil-printer-versaprint-2-ultra%c2%b3\/\",\"url\":\"https:\/\/smans.com\/fr\/product\/stencil-printer-versaprint-2-ultra%c2%b3\/\",\"name\":\"Stencil Printer VERSAPRINT 2 ULTRA\u00b3 - Smans\",\"isPartOf\":{\"@id\":\"https:\/\/smans.com\/nl\/#website\"},\"datePublished\":\"2024-06-09T15:22:29+00:00\",\"dateModified\":\"2026-04-09T11:08:12+00:00\",\"breadcrumb\":{\"@id\":\"https:\/\/smans.com\/fr\/product\/stencil-printer-versaprint-2-ultra%c2%b3\/#breadcrumb\"},\"inLanguage\":\"fr-FR\",\"potentialAction\":[{\"@type\":\"ReadAction\",\"target\":[\"https:\/\/smans.com\/fr\/product\/stencil-printer-versaprint-2-ultra%c2%b3\/\"]}]},{\"@type\":\"BreadcrumbList\",\"@id\":\"https:\/\/smans.com\/fr\/product\/stencil-printer-versaprint-2-ultra%c2%b3\/#breadcrumb\",\"itemListElement\":[{\"@type\":\"ListItem\",\"position\":1,\"name\":\"Home\",\"item\":\"https:\/\/smans.com\/fr\/\"},{\"@type\":\"ListItem\",\"position\":2,\"name\":\"Boutique\",\"item\":\"https:\/\/smans.com\/nl\/shop\/\"},{\"@type\":\"ListItem\",\"position\":3,\"name\":\"Ersa - Stencil Printer VERSAPRINT 2 ULTRA\u00b3\"}]},{\"@type\":\"WebSite\",\"@id\":\"https:\/\/smans.com\/nl\/#website\",\"url\":\"https:\/\/smans.com\/nl\/\",\"name\":\"Smans\",\"description\":\"\",\"publisher\":{\"@id\":\"https:\/\/smans.com\/nl\/#organization\"},\"potentialAction\":[{\"@type\":\"SearchAction\",\"target\":{\"@type\":\"EntryPoint\",\"urlTemplate\":\"https:\/\/smans.com\/nl\/?s={search_term_string}\"},\"query-input\":{\"@type\":\"PropertyValueSpecification\",\"valueRequired\":true,\"valueName\":\"search_term_string\"}}],\"inLanguage\":\"fr-FR\"},{\"@type\":\"Organization\",\"@id\":\"https:\/\/smans.com\/nl\/#organization\",\"name\":\"Smans\",\"url\":\"https:\/\/smans.com\/nl\/\",\"logo\":{\"@type\":\"ImageObject\",\"inLanguage\":\"fr-FR\",\"@id\":\"https:\/\/smans.com\/nl\/#\/schema\/logo\/image\/\",\"url\":\"https:\/\/smans.com\/wp-content\/uploads\/2023\/09\/logo.svg\",\"contentUrl\":\"https:\/\/smans.com\/wp-content\/uploads\/2023\/09\/logo.svg\",\"caption\":\"Smans\"},\"image\":{\"@id\":\"https:\/\/smans.com\/nl\/#\/schema\/logo\/image\/\"}}]}<\/script>\n<!-- \/ Yoast SEO plugin. -->","yoast_head_json":{"title":"Stencil Printer VERSAPRINT 2 ULTRA\u00b3 - Smans","robots":{"index":"index","follow":"follow","max-snippet":"max-snippet:-1","max-image-preview":"max-image-preview:large","max-video-preview":"max-video-preview:-1"},"canonical":"https:\/\/smans.com\/fr\/product\/stencil-printer-versaprint-2-ultra\u00b3\/","og_locale":"fr_FR","og_type":"article","og_title":"Stencil Printer VERSAPRINT 2 ULTRA\u00b3 - Smans","og_description":"La premi\u00e8re imprimante \u00e0 pochoir au monde avec inspection SPI 3D enti\u00e8rement int\u00e9gr\u00e9e, qui combine de mani\u00e8re transparente les processus d'impression et d'inspection dans une seule machine.","og_url":"https:\/\/smans.com\/fr\/product\/stencil-printer-versaprint-2-ultra\u00b3\/","og_site_name":"Smans","article_modified_time":"2026-04-09T11:08:12+00:00","twitter_card":"summary_large_image","twitter_misc":{"Dur\u00e9e de lecture estim\u00e9e":"1 minute"},"schema":{"@context":"https:\/\/schema.org","@graph":[{"@type":"WebPage","@id":"https:\/\/smans.com\/fr\/product\/stencil-printer-versaprint-2-ultra%c2%b3\/","url":"https:\/\/smans.com\/fr\/product\/stencil-printer-versaprint-2-ultra%c2%b3\/","name":"Stencil Printer VERSAPRINT 2 ULTRA\u00b3 - Smans","isPartOf":{"@id":"https:\/\/smans.com\/nl\/#website"},"datePublished":"2024-06-09T15:22:29+00:00","dateModified":"2026-04-09T11:08:12+00:00","breadcrumb":{"@id":"https:\/\/smans.com\/fr\/product\/stencil-printer-versaprint-2-ultra%c2%b3\/#breadcrumb"},"inLanguage":"fr-FR","potentialAction":[{"@type":"ReadAction","target":["https:\/\/smans.com\/fr\/product\/stencil-printer-versaprint-2-ultra%c2%b3\/"]}]},{"@type":"BreadcrumbList","@id":"https:\/\/smans.com\/fr\/product\/stencil-printer-versaprint-2-ultra%c2%b3\/#breadcrumb","itemListElement":[{"@type":"ListItem","position":1,"name":"Home","item":"https:\/\/smans.com\/fr\/"},{"@type":"ListItem","position":2,"name":"Boutique","item":"https:\/\/smans.com\/nl\/shop\/"},{"@type":"ListItem","position":3,"name":"Ersa - Stencil Printer VERSAPRINT 2 ULTRA\u00b3"}]},{"@type":"WebSite","@id":"https:\/\/smans.com\/nl\/#website","url":"https:\/\/smans.com\/nl\/","name":"Smans","description":"","publisher":{"@id":"https:\/\/smans.com\/nl\/#organization"},"potentialAction":[{"@type":"SearchAction","target":{"@type":"EntryPoint","urlTemplate":"https:\/\/smans.com\/nl\/?s={search_term_string}"},"query-input":{"@type":"PropertyValueSpecification","valueRequired":true,"valueName":"search_term_string"}}],"inLanguage":"fr-FR"},{"@type":"Organization","@id":"https:\/\/smans.com\/nl\/#organization","name":"Smans","url":"https:\/\/smans.com\/nl\/","logo":{"@type":"ImageObject","inLanguage":"fr-FR","@id":"https:\/\/smans.com\/nl\/#\/schema\/logo\/image\/","url":"https:\/\/smans.com\/wp-content\/uploads\/2023\/09\/logo.svg","contentUrl":"https:\/\/smans.com\/wp-content\/uploads\/2023\/09\/logo.svg","caption":"Smans"},"image":{"@id":"https:\/\/smans.com\/nl\/#\/schema\/logo\/image\/"}}]}},"brands":[{"id":18232,"name":"Ersa","slug":"brand-ersa-fr"}],"_links":{"self":[{"href":"https:\/\/smans.com\/fr\/wp-json\/wp\/v2\/product\/24869","targetHints":{"allow":["GET"]}}],"collection":[{"href":"https:\/\/smans.com\/fr\/wp-json\/wp\/v2\/product"}],"about":[{"href":"https:\/\/smans.com\/fr\/wp-json\/wp\/v2\/types\/product"}],"wp:attachment":[{"href":"https:\/\/smans.com\/fr\/wp-json\/wp\/v2\/media?parent=24869"}],"wp:term":[{"taxonomy":"pwb-brand","embeddable":true,"href":"https:\/\/smans.com\/fr\/wp-json\/wp\/v2\/pwb-brand?post=24869"},{"taxonomy":"product_brand","embeddable":true,"href":"https:\/\/smans.com\/fr\/wp-json\/wp\/v2\/product_brand?post=24869"},{"taxonomy":"product_cat","embeddable":true,"href":"https:\/\/smans.com\/fr\/wp-json\/wp\/v2\/product_cat?post=24869"},{"taxonomy":"product_tag","embeddable":true,"href":"https:\/\/smans.com\/fr\/wp-json\/wp\/v2\/product_tag?post=24869"}],"curies":[{"name":"wp","href":"https:\/\/api.w.org\/{rel}","templated":true}]}}