{"id":24878,"date":"2024-06-09T17:12:10","date_gmt":"2024-06-09T15:12:10","guid":{"rendered":"https:\/\/smans.com\/product\/crimping-press-p040\/"},"modified":"2026-04-10T12:58:53","modified_gmt":"2026-04-10T10:58:53","slug":"crimping-press-p040","status":"publish","type":"product","link":"https:\/\/smans.com\/fr\/product\/crimping-press-p040\/","title":{"rendered":"Mecal - Crimping Press P040"},"content":{"rendered":"<p data-start=\"39\" data-end=\"102\">La presse \u00e0 sertir P040 est disponible en deux configurations :<\/p>\n<ul data-start=\"104\" data-end=\"247\">\n<li data-start=\"104\" data-end=\"162\"><strong data-start=\"106\" data-end=\"128\">Semi-automatique :<\/strong> Pour une utilisation sur table.<\/li>\n<li data-start=\"163\" data-end=\"247\"><strong data-start=\"165\" data-end=\"194\">Enti\u00e8rement automatique :<\/strong> Int\u00e9gr\u00e9e dans une machine de d\u00e9coupe et de d\u00e9nudage.<\/li>\n<\/ul>\n<p data-start=\"249\" data-end=\"451\">La presse est compatible avec tous les mini-applicateurs et applicateurs avec un raccord T standard, ainsi que les dispositifs de sertissage \u00e0 deux poteaux avec un diam\u00e8tre d&rsquo;arbre de couplage de 20 mm.<\/p>\n<p data-start=\"453\" data-end=\"475\"><strong data-start=\"453\" data-end=\"473\">Sp\u00e9cifications :<\/strong><\/p>\n<ul data-start=\"476\" data-end=\"1147\">\n<li data-start=\"476\" data-end=\"638\"><strong data-start=\"478\" data-end=\"505\">Hauteur de sertissage :<\/strong> Standard de 135,8 mm +\/- 0,02 mm (mesur\u00e9e depuis la plaque de base de l&rsquo;applicateur jusqu&rsquo;au raccord T de la presse au point bas).<\/li>\n<li data-start=\"639\" data-end=\"759\"><strong data-start=\"641\" data-end=\"653\">Option :<\/strong> Un arbre de couplage pour ajuster la hauteur de sertissage \u00e0 212 mm pour les inserts de sertissage MSA.<\/li>\n<li data-start=\"760\" data-end=\"940\"><strong data-start=\"762\" data-end=\"774\">Course :<\/strong> Standard de 40 mm, avec une plage de course r\u00e9glable optionnelle de 20 \u00e0 40 mm (par incr\u00e9ments de 5 mm). D&rsquo;autres longueurs de course sont disponibles sur demande.<\/li>\n<li data-start=\"941\" data-end=\"1032\"><strong data-start=\"943\" data-end=\"955\">Moteur :<\/strong> Moteur \u00e9lectrique autobloquant pour une s\u00e9curit\u00e9 et une pr\u00e9cision accrues.<\/li>\n<li data-start=\"1033\" data-end=\"1147\"><strong data-start=\"1035\" data-end=\"1047\">Option :<\/strong> L&rsquo;analyseur de force de sertissage CFA de Mecal peut \u00eatre ajout\u00e9 pour un contr\u00f4le qualit\u00e9 avanc\u00e9.<\/li>\n<\/ul>\n<p data-start=\"1149\" data-end=\"1235\"><strong data-start=\"1149\" data-end=\"1183\">Configuration semi-automatique<\/strong><br data-start=\"1183\" data-end=\"1186\" \/>La version semi-automatique comprend toujours :<\/p>\n<ul data-start=\"1236\" data-end=\"1400\">\n<li data-start=\"1236\" data-end=\"1265\"><strong data-start=\"1238\" data-end=\"1263\">Couvercle de s\u00e9curit\u00e9<\/strong><\/li>\n<li data-start=\"1266\" data-end=\"1288\"><strong data-start=\"1268\" data-end=\"1286\">Bras de bobine<\/strong><\/li>\n<li data-start=\"1289\" data-end=\"1400\"><strong data-start=\"1291\" data-end=\"1315\">Interrupteur au pied<\/strong><br data-start=\"1315\" data-end=\"1318\" \/>Le tout conforme aux normes de s\u00e9curit\u00e9 internationales et aux r\u00e9glementations CE.<\/li>\n<\/ul>\n","protected":false},"excerpt":{"rendered":"<p>Presse \u00e0 sertir<\/p>\n","protected":false},"featured_media":0,"template":"","meta":{"_acf_changed":false},"pwb-brand":[18272],"product_brand":[],"product_cat":[17990,17993,18034],"product_tag":[],"class_list":{"0":"post-24878","1":"product","2":"type-product","3":"status-publish","5":"pwb-brand-brand-mecal-fr","6":"product_cat-cables-et-cablage-fr","7":"product_cat-couper-denuder-sertissage-fr","8":"product_cat-wire-crimping-machines-fr","10":"first","11":"instock","12":"taxable","13":"shipping-taxable","14":"product-type-simple"},"acf":[],"yoast_head":"<!-- This site is optimized with the Yoast SEO plugin v27.1.1 - https:\/\/yoast.com\/product\/yoast-seo-wordpress\/ -->\n<title>Crimping Press P040 - Smans<\/title>\n<meta name=\"robots\" content=\"index, follow, max-snippet:-1, max-image-preview:large, max-video-preview:-1\" \/>\n<link rel=\"canonical\" href=\"https:\/\/smans.com\/fr\/product\/crimping-press-p040\/\" \/>\n<meta property=\"og:locale\" content=\"fr_FR\" \/>\n<meta property=\"og:type\" content=\"article\" \/>\n<meta property=\"og:title\" content=\"Crimping Press P040 - Smans\" \/>\n<meta property=\"og:description\" content=\"Presse \u00e0 sertir\" \/>\n<meta property=\"og:url\" content=\"https:\/\/smans.com\/fr\/product\/crimping-press-p040\/\" \/>\n<meta property=\"og:site_name\" content=\"Smans\" \/>\n<meta property=\"article:modified_time\" content=\"2026-04-10T10:58:53+00:00\" \/>\n<meta name=\"twitter:card\" content=\"summary_large_image\" \/>\n<meta name=\"twitter:label1\" content=\"Dur\u00e9e de lecture estim\u00e9e\" \/>\n\t<meta name=\"twitter:data1\" content=\"1 minute\" \/>\n<script type=\"application\/ld+json\" class=\"yoast-schema-graph\">{\"@context\":\"https:\/\/schema.org\",\"@graph\":[{\"@type\":\"WebPage\",\"@id\":\"https:\/\/smans.com\/fr\/product\/crimping-press-p040\/\",\"url\":\"https:\/\/smans.com\/fr\/product\/crimping-press-p040\/\",\"name\":\"Crimping Press P040 - Smans\",\"isPartOf\":{\"@id\":\"https:\/\/smans.com\/nl\/#website\"},\"datePublished\":\"2024-06-09T15:12:10+00:00\",\"dateModified\":\"2026-04-10T10:58:53+00:00\",\"breadcrumb\":{\"@id\":\"https:\/\/smans.com\/fr\/product\/crimping-press-p040\/#breadcrumb\"},\"inLanguage\":\"fr-FR\",\"potentialAction\":[{\"@type\":\"ReadAction\",\"target\":[\"https:\/\/smans.com\/fr\/product\/crimping-press-p040\/\"]}]},{\"@type\":\"BreadcrumbList\",\"@id\":\"https:\/\/smans.com\/fr\/product\/crimping-press-p040\/#breadcrumb\",\"itemListElement\":[{\"@type\":\"ListItem\",\"position\":1,\"name\":\"Home\",\"item\":\"https:\/\/smans.com\/fr\/\"},{\"@type\":\"ListItem\",\"position\":2,\"name\":\"Boutique\",\"item\":\"https:\/\/smans.com\/nl\/shop\/\"},{\"@type\":\"ListItem\",\"position\":3,\"name\":\"Mecal - Crimping Press P040\"}]},{\"@type\":\"WebSite\",\"@id\":\"https:\/\/smans.com\/nl\/#website\",\"url\":\"https:\/\/smans.com\/nl\/\",\"name\":\"Smans\",\"description\":\"\",\"publisher\":{\"@id\":\"https:\/\/smans.com\/nl\/#organization\"},\"potentialAction\":[{\"@type\":\"SearchAction\",\"target\":{\"@type\":\"EntryPoint\",\"urlTemplate\":\"https:\/\/smans.com\/nl\/?s={search_term_string}\"},\"query-input\":{\"@type\":\"PropertyValueSpecification\",\"valueRequired\":true,\"valueName\":\"search_term_string\"}}],\"inLanguage\":\"fr-FR\"},{\"@type\":\"Organization\",\"@id\":\"https:\/\/smans.com\/nl\/#organization\",\"name\":\"Smans\",\"url\":\"https:\/\/smans.com\/nl\/\",\"logo\":{\"@type\":\"ImageObject\",\"inLanguage\":\"fr-FR\",\"@id\":\"https:\/\/smans.com\/nl\/#\/schema\/logo\/image\/\",\"url\":\"https:\/\/smans.com\/wp-content\/uploads\/2023\/09\/logo.svg\",\"contentUrl\":\"https:\/\/smans.com\/wp-content\/uploads\/2023\/09\/logo.svg\",\"caption\":\"Smans\"},\"image\":{\"@id\":\"https:\/\/smans.com\/nl\/#\/schema\/logo\/image\/\"}}]}<\/script>\n<!-- \/ Yoast SEO plugin. -->","yoast_head_json":{"title":"Crimping Press P040 - Smans","robots":{"index":"index","follow":"follow","max-snippet":"max-snippet:-1","max-image-preview":"max-image-preview:large","max-video-preview":"max-video-preview:-1"},"canonical":"https:\/\/smans.com\/fr\/product\/crimping-press-p040\/","og_locale":"fr_FR","og_type":"article","og_title":"Crimping Press P040 - Smans","og_description":"Presse \u00e0 sertir","og_url":"https:\/\/smans.com\/fr\/product\/crimping-press-p040\/","og_site_name":"Smans","article_modified_time":"2026-04-10T10:58:53+00:00","twitter_card":"summary_large_image","twitter_misc":{"Dur\u00e9e de lecture estim\u00e9e":"1 minute"},"schema":{"@context":"https:\/\/schema.org","@graph":[{"@type":"WebPage","@id":"https:\/\/smans.com\/fr\/product\/crimping-press-p040\/","url":"https:\/\/smans.com\/fr\/product\/crimping-press-p040\/","name":"Crimping Press P040 - Smans","isPartOf":{"@id":"https:\/\/smans.com\/nl\/#website"},"datePublished":"2024-06-09T15:12:10+00:00","dateModified":"2026-04-10T10:58:53+00:00","breadcrumb":{"@id":"https:\/\/smans.com\/fr\/product\/crimping-press-p040\/#breadcrumb"},"inLanguage":"fr-FR","potentialAction":[{"@type":"ReadAction","target":["https:\/\/smans.com\/fr\/product\/crimping-press-p040\/"]}]},{"@type":"BreadcrumbList","@id":"https:\/\/smans.com\/fr\/product\/crimping-press-p040\/#breadcrumb","itemListElement":[{"@type":"ListItem","position":1,"name":"Home","item":"https:\/\/smans.com\/fr\/"},{"@type":"ListItem","position":2,"name":"Boutique","item":"https:\/\/smans.com\/nl\/shop\/"},{"@type":"ListItem","position":3,"name":"Mecal - Crimping Press P040"}]},{"@type":"WebSite","@id":"https:\/\/smans.com\/nl\/#website","url":"https:\/\/smans.com\/nl\/","name":"Smans","description":"","publisher":{"@id":"https:\/\/smans.com\/nl\/#organization"},"potentialAction":[{"@type":"SearchAction","target":{"@type":"EntryPoint","urlTemplate":"https:\/\/smans.com\/nl\/?s={search_term_string}"},"query-input":{"@type":"PropertyValueSpecification","valueRequired":true,"valueName":"search_term_string"}}],"inLanguage":"fr-FR"},{"@type":"Organization","@id":"https:\/\/smans.com\/nl\/#organization","name":"Smans","url":"https:\/\/smans.com\/nl\/","logo":{"@type":"ImageObject","inLanguage":"fr-FR","@id":"https:\/\/smans.com\/nl\/#\/schema\/logo\/image\/","url":"https:\/\/smans.com\/wp-content\/uploads\/2023\/09\/logo.svg","contentUrl":"https:\/\/smans.com\/wp-content\/uploads\/2023\/09\/logo.svg","caption":"Smans"},"image":{"@id":"https:\/\/smans.com\/nl\/#\/schema\/logo\/image\/"}}]}},"brands":[{"id":18272,"name":"Mecal","slug":"brand-mecal-fr"}],"_links":{"self":[{"href":"https:\/\/smans.com\/fr\/wp-json\/wp\/v2\/product\/24878","targetHints":{"allow":["GET"]}}],"collection":[{"href":"https:\/\/smans.com\/fr\/wp-json\/wp\/v2\/product"}],"about":[{"href":"https:\/\/smans.com\/fr\/wp-json\/wp\/v2\/types\/product"}],"wp:attachment":[{"href":"https:\/\/smans.com\/fr\/wp-json\/wp\/v2\/media?parent=24878"}],"wp:term":[{"taxonomy":"pwb-brand","embeddable":true,"href":"https:\/\/smans.com\/fr\/wp-json\/wp\/v2\/pwb-brand?post=24878"},{"taxonomy":"product_brand","embeddable":true,"href":"https:\/\/smans.com\/fr\/wp-json\/wp\/v2\/product_brand?post=24878"},{"taxonomy":"product_cat","embeddable":true,"href":"https:\/\/smans.com\/fr\/wp-json\/wp\/v2\/product_cat?post=24878"},{"taxonomy":"product_tag","embeddable":true,"href":"https:\/\/smans.com\/fr\/wp-json\/wp\/v2\/product_tag?post=24878"}],"curies":[{"name":"wp","href":"https:\/\/api.w.org\/{rel}","templated":true}]}}