{"id":24925,"date":"2024-06-09T17:13:10","date_gmt":"2024-06-09T15:13:10","guid":{"rendered":"https:\/\/smans.com\/product\/electropneumatic-benchtop-crimper-sc-05-universal\/"},"modified":"2026-04-06T13:09:35","modified_gmt":"2026-04-06T11:09:35","slug":"electropneumatic-benchtop-crimper-sc-05-universal","status":"publish","type":"product","link":"https:\/\/smans.com\/fr\/product\/electropneumatic-benchtop-crimper-sc-05-universal\/","title":{"rendered":"Z+F - Electropneumatic Benchtop Crimper SC 05 universal"},"content":{"rendered":"<p data-start=\"1786\" data-end=\"1986\">La SC 05 Universal est une machine de sertissage \u00e9lectropneumatique de table puissante et efficace. Elle est contr\u00f4l\u00e9e par un interrupteur \u00e0 pied, et le fonctionnement est g\u00e9r\u00e9 par un microprocesseur.<\/p>\n<p data-start=\"1988\" data-end=\"2022\"><strong data-start=\"1988\" data-end=\"2022\">Caract\u00e9ristiques principales :<\/strong><\/p>\n<ul data-start=\"2023\" data-end=\"2682\" data-is-last-node=\"\">\n<li data-start=\"2023\" data-end=\"2193\"><strong data-start=\"2025\" data-end=\"2061\">Pince \u00e0 sertir quadro int\u00e9gr\u00e9e :<\/strong> Pour sertir des manchons dans une plage de sections transversales de 0,5 mm\u00b2 \u00e0 6 mm\u00b2 (AWG 20 &#8211; 10), \u00e0 la fois isol\u00e9s et non isol\u00e9s.<\/li>\n<li data-start=\"2194\" data-end=\"2413\"><strong data-start=\"2196\" data-end=\"2233\">Traitement des manchons doubles :<\/strong> Les manchons doubles avec collerette en plastique peuvent \u00eatre trait\u00e9s de 2 x 0,5 mm\u00b2 \u00e0 2 x 2,5 mm\u00b2 (AWG 2 x 20 &#8211; 2 x 14), avec des longueurs de sertissage allant de 6 mm \u00e0 18 mm.<\/li>\n<li data-start=\"2414\" data-end=\"2569\"><strong data-start=\"2416\" data-end=\"2453\">Hauteur de sertissage ajustable :<\/strong> Facilement ajustable pour diff\u00e9rentes sections transversales \u00e0 l\u2019aide du bouton de r\u00e9glage \u00e0 l\u2019avant de la machine.<\/li>\n<li data-start=\"2570\" data-end=\"2682\" data-is-last-node=\"\"><strong data-start=\"2572\" data-end=\"2596\">Options sur mesure :<\/strong> D&rsquo;autres formes de sertissage ou sections transversales sont disponibles sur demande.<\/li>\n<\/ul>\n","protected":false},"excerpt":{"rendered":"<p>Le SC 05 Universal est une machine de sertissage \u00e9lectropneumatique de table, \u00e9quip\u00e9e d&rsquo;un moteur \u00e9lectropneumatique tr\u00e8s efficace.<\/p>\n","protected":false},"featured_media":0,"template":"","meta":{"_acf_changed":false},"pwb-brand":[18322],"product_brand":[],"product_cat":[17990,17993,18034],"product_tag":[],"class_list":{"0":"post-24925","1":"product","2":"type-product","3":"status-publish","5":"pwb-brand-brand-z-f-fr","6":"product_cat-cables-et-cablage-fr","7":"product_cat-couper-denuder-sertissage-fr","8":"product_cat-wire-crimping-machines-fr","10":"first","11":"instock","12":"taxable","13":"shipping-taxable","14":"product-type-simple"},"acf":[],"yoast_head":"<!-- This site is optimized with the Yoast SEO plugin v27.1.1 - https:\/\/yoast.com\/product\/yoast-seo-wordpress\/ -->\n<title>Electropneumatic Benchtop Crimper SC 05 universal - Smans<\/title>\n<meta name=\"robots\" content=\"index, follow, max-snippet:-1, max-image-preview:large, max-video-preview:-1\" \/>\n<link rel=\"canonical\" href=\"https:\/\/smans.com\/fr\/product\/electropneumatic-benchtop-crimper-sc-05-universal\/\" \/>\n<meta property=\"og:locale\" content=\"fr_FR\" \/>\n<meta property=\"og:type\" content=\"article\" \/>\n<meta property=\"og:title\" content=\"Electropneumatic Benchtop Crimper SC 05 universal - Smans\" \/>\n<meta property=\"og:description\" content=\"Le SC 05 Universal est une machine de sertissage \u00e9lectropneumatique de table, \u00e9quip\u00e9e d&#039;un moteur \u00e9lectropneumatique tr\u00e8s efficace.\" \/>\n<meta property=\"og:url\" content=\"https:\/\/smans.com\/fr\/product\/electropneumatic-benchtop-crimper-sc-05-universal\/\" \/>\n<meta property=\"og:site_name\" content=\"Smans\" \/>\n<meta property=\"article:modified_time\" content=\"2026-04-06T11:09:35+00:00\" \/>\n<meta name=\"twitter:card\" content=\"summary_large_image\" \/>\n<meta name=\"twitter:label1\" content=\"Dur\u00e9e de lecture estim\u00e9e\" \/>\n\t<meta name=\"twitter:data1\" content=\"1 minute\" \/>\n<script type=\"application\/ld+json\" class=\"yoast-schema-graph\">{\"@context\":\"https:\/\/schema.org\",\"@graph\":[{\"@type\":\"WebPage\",\"@id\":\"https:\/\/smans.com\/fr\/product\/electropneumatic-benchtop-crimper-sc-05-universal\/\",\"url\":\"https:\/\/smans.com\/fr\/product\/electropneumatic-benchtop-crimper-sc-05-universal\/\",\"name\":\"Electropneumatic Benchtop Crimper SC 05 universal - Smans\",\"isPartOf\":{\"@id\":\"https:\/\/smans.com\/nl\/#website\"},\"datePublished\":\"2024-06-09T15:13:10+00:00\",\"dateModified\":\"2026-04-06T11:09:35+00:00\",\"breadcrumb\":{\"@id\":\"https:\/\/smans.com\/fr\/product\/electropneumatic-benchtop-crimper-sc-05-universal\/#breadcrumb\"},\"inLanguage\":\"fr-FR\",\"potentialAction\":[{\"@type\":\"ReadAction\",\"target\":[\"https:\/\/smans.com\/fr\/product\/electropneumatic-benchtop-crimper-sc-05-universal\/\"]}]},{\"@type\":\"BreadcrumbList\",\"@id\":\"https:\/\/smans.com\/fr\/product\/electropneumatic-benchtop-crimper-sc-05-universal\/#breadcrumb\",\"itemListElement\":[{\"@type\":\"ListItem\",\"position\":1,\"name\":\"Home\",\"item\":\"https:\/\/smans.com\/fr\/\"},{\"@type\":\"ListItem\",\"position\":2,\"name\":\"Boutique\",\"item\":\"https:\/\/smans.com\/nl\/shop\/\"},{\"@type\":\"ListItem\",\"position\":3,\"name\":\"Z+F - Electropneumatic Benchtop Crimper SC 05 universal\"}]},{\"@type\":\"WebSite\",\"@id\":\"https:\/\/smans.com\/nl\/#website\",\"url\":\"https:\/\/smans.com\/nl\/\",\"name\":\"Smans\",\"description\":\"\",\"publisher\":{\"@id\":\"https:\/\/smans.com\/nl\/#organization\"},\"potentialAction\":[{\"@type\":\"SearchAction\",\"target\":{\"@type\":\"EntryPoint\",\"urlTemplate\":\"https:\/\/smans.com\/nl\/?s={search_term_string}\"},\"query-input\":{\"@type\":\"PropertyValueSpecification\",\"valueRequired\":true,\"valueName\":\"search_term_string\"}}],\"inLanguage\":\"fr-FR\"},{\"@type\":\"Organization\",\"@id\":\"https:\/\/smans.com\/nl\/#organization\",\"name\":\"Smans\",\"url\":\"https:\/\/smans.com\/nl\/\",\"logo\":{\"@type\":\"ImageObject\",\"inLanguage\":\"fr-FR\",\"@id\":\"https:\/\/smans.com\/nl\/#\/schema\/logo\/image\/\",\"url\":\"https:\/\/smans.com\/wp-content\/uploads\/2023\/09\/logo.svg\",\"contentUrl\":\"https:\/\/smans.com\/wp-content\/uploads\/2023\/09\/logo.svg\",\"caption\":\"Smans\"},\"image\":{\"@id\":\"https:\/\/smans.com\/nl\/#\/schema\/logo\/image\/\"}}]}<\/script>\n<!-- \/ Yoast SEO plugin. -->","yoast_head_json":{"title":"Electropneumatic Benchtop Crimper SC 05 universal - Smans","robots":{"index":"index","follow":"follow","max-snippet":"max-snippet:-1","max-image-preview":"max-image-preview:large","max-video-preview":"max-video-preview:-1"},"canonical":"https:\/\/smans.com\/fr\/product\/electropneumatic-benchtop-crimper-sc-05-universal\/","og_locale":"fr_FR","og_type":"article","og_title":"Electropneumatic Benchtop Crimper SC 05 universal - Smans","og_description":"Le SC 05 Universal est une machine de sertissage \u00e9lectropneumatique de table, \u00e9quip\u00e9e d'un moteur \u00e9lectropneumatique tr\u00e8s efficace.","og_url":"https:\/\/smans.com\/fr\/product\/electropneumatic-benchtop-crimper-sc-05-universal\/","og_site_name":"Smans","article_modified_time":"2026-04-06T11:09:35+00:00","twitter_card":"summary_large_image","twitter_misc":{"Dur\u00e9e de lecture estim\u00e9e":"1 minute"},"schema":{"@context":"https:\/\/schema.org","@graph":[{"@type":"WebPage","@id":"https:\/\/smans.com\/fr\/product\/electropneumatic-benchtop-crimper-sc-05-universal\/","url":"https:\/\/smans.com\/fr\/product\/electropneumatic-benchtop-crimper-sc-05-universal\/","name":"Electropneumatic Benchtop Crimper SC 05 universal - Smans","isPartOf":{"@id":"https:\/\/smans.com\/nl\/#website"},"datePublished":"2024-06-09T15:13:10+00:00","dateModified":"2026-04-06T11:09:35+00:00","breadcrumb":{"@id":"https:\/\/smans.com\/fr\/product\/electropneumatic-benchtop-crimper-sc-05-universal\/#breadcrumb"},"inLanguage":"fr-FR","potentialAction":[{"@type":"ReadAction","target":["https:\/\/smans.com\/fr\/product\/electropneumatic-benchtop-crimper-sc-05-universal\/"]}]},{"@type":"BreadcrumbList","@id":"https:\/\/smans.com\/fr\/product\/electropneumatic-benchtop-crimper-sc-05-universal\/#breadcrumb","itemListElement":[{"@type":"ListItem","position":1,"name":"Home","item":"https:\/\/smans.com\/fr\/"},{"@type":"ListItem","position":2,"name":"Boutique","item":"https:\/\/smans.com\/nl\/shop\/"},{"@type":"ListItem","position":3,"name":"Z+F - Electropneumatic Benchtop Crimper SC 05 universal"}]},{"@type":"WebSite","@id":"https:\/\/smans.com\/nl\/#website","url":"https:\/\/smans.com\/nl\/","name":"Smans","description":"","publisher":{"@id":"https:\/\/smans.com\/nl\/#organization"},"potentialAction":[{"@type":"SearchAction","target":{"@type":"EntryPoint","urlTemplate":"https:\/\/smans.com\/nl\/?s={search_term_string}"},"query-input":{"@type":"PropertyValueSpecification","valueRequired":true,"valueName":"search_term_string"}}],"inLanguage":"fr-FR"},{"@type":"Organization","@id":"https:\/\/smans.com\/nl\/#organization","name":"Smans","url":"https:\/\/smans.com\/nl\/","logo":{"@type":"ImageObject","inLanguage":"fr-FR","@id":"https:\/\/smans.com\/nl\/#\/schema\/logo\/image\/","url":"https:\/\/smans.com\/wp-content\/uploads\/2023\/09\/logo.svg","contentUrl":"https:\/\/smans.com\/wp-content\/uploads\/2023\/09\/logo.svg","caption":"Smans"},"image":{"@id":"https:\/\/smans.com\/nl\/#\/schema\/logo\/image\/"}}]}},"brands":[{"id":18322,"name":"Z+F","slug":"brand-z-f-fr"}],"_links":{"self":[{"href":"https:\/\/smans.com\/fr\/wp-json\/wp\/v2\/product\/24925","targetHints":{"allow":["GET"]}}],"collection":[{"href":"https:\/\/smans.com\/fr\/wp-json\/wp\/v2\/product"}],"about":[{"href":"https:\/\/smans.com\/fr\/wp-json\/wp\/v2\/types\/product"}],"wp:attachment":[{"href":"https:\/\/smans.com\/fr\/wp-json\/wp\/v2\/media?parent=24925"}],"wp:term":[{"taxonomy":"pwb-brand","embeddable":true,"href":"https:\/\/smans.com\/fr\/wp-json\/wp\/v2\/pwb-brand?post=24925"},{"taxonomy":"product_brand","embeddable":true,"href":"https:\/\/smans.com\/fr\/wp-json\/wp\/v2\/product_brand?post=24925"},{"taxonomy":"product_cat","embeddable":true,"href":"https:\/\/smans.com\/fr\/wp-json\/wp\/v2\/product_cat?post=24925"},{"taxonomy":"product_tag","embeddable":true,"href":"https:\/\/smans.com\/fr\/wp-json\/wp\/v2\/product_tag?post=24925"}],"curies":[{"name":"wp","href":"https:\/\/api.w.org\/{rel}","templated":true}]}}