{"id":24941,"date":"2024-06-09T17:23:52","date_gmt":"2024-06-09T15:23:52","guid":{"rendered":"https:\/\/smans.com\/product\/selective-soldering-machine-versaflow-3-45\/"},"modified":"2026-04-09T13:10:29","modified_gmt":"2026-04-09T11:10:29","slug":"selective-soldering-machine-versaflow-3-45","status":"publish","type":"product","link":"https:\/\/smans.com\/fr\/product\/selective-soldering-machine-versaflow-3-45\/","title":{"rendered":"Ersa - Selective Soldering Machine VERSAFLOW 3\/45"},"content":{"rendered":"<p>Le VERSAFLOW 3\/45 est le syst\u00e8me de soudage s\u00e9lectif haut de gamme phare d&rsquo;Ersa, con\u00e7u pour s&rsquo;int\u00e9grer dans les environnements de production en ligne modernes. Cette troisi\u00e8me g\u00e9n\u00e9ration de la s\u00e9rie VERSAFLOW combine une flexibilit\u00e9 in\u00e9gal\u00e9e et une efficacit\u00e9 maximale gr\u00e2ce \u00e0 une plateforme enti\u00e8rement modulaire.<\/p>\n<p>La version de base comprend des modules de flux, de pr\u00e9chauffage et de soudage avec un syst\u00e8me de transport segment\u00e9. En fonction du d\u00e9bit souhait\u00e9, des modules suppl\u00e9mentaires peuvent \u00eatre ajout\u00e9s, permettant de traiter jusqu&rsquo;\u00e0 22 cartes de circuits imprim\u00e9s simultan\u00e9ment. L&rsquo;option de double transport permet de doubler la capacit\u00e9 sans occuper d&rsquo;espace suppl\u00e9mentaire, tandis que la segmentation du pr\u00e9chauffage augmente encore la productivit\u00e9.<\/p>\n<p>Le VERSAFLOW 3\/45 offre \u00e0 la fois le mini-wave pour une flexibilit\u00e9 maximale et le soudage multi-wave pour la production \u00e0 grand volume. Gr\u00e2ce \u00e0 la structure parall\u00e8le du processus, dans laquelle le fluxage, le pr\u00e9chauffage et le soudage s&rsquo;effectuent ind\u00e9pendamment, les changements de produit sont possibles sans temps d&rsquo;arr\u00eat, m\u00eame dans le cas de processus multi-wave.<\/p>\n<p>Avec jusqu&rsquo;\u00e0 quatre t\u00eates de pulv\u00e9risation, cinq modules de pr\u00e9chauffage (avec chauffage par convection en option sur le dessus) et une structure modulaire enti\u00e8rement configurable, le VERSAFLOW 3\/45 est l&rsquo;une des plateformes de soudage les plus polyvalentes et les plus \u00e9volutives du march\u00e9. Le syst\u00e8me est certifi\u00e9 IPC-CFX et id\u00e9al pour l&rsquo;int\u00e9gration avec des stations d&rsquo;assemblage et des p\u00e9riph\u00e9riques d&rsquo;automatisation.<\/p>\n<p>En bref, le VERSAFLOW 3\/45 offre un d\u00e9bit, une pr\u00e9cision et un contr\u00f4le des processus maximaux dans une solution en ligne \u00e9volutive, la norme pour la production \u00e9lectronique professionnelle.<\/p>\n","protected":false},"excerpt":{"rendered":"<p>The first inline selective system with double transport<\/p>\n","protected":false},"featured_media":0,"template":"","meta":{"_acf_changed":false},"pwb-brand":[18232],"product_brand":[],"product_cat":[17991,18012,18099],"product_tag":[],"class_list":{"0":"post-24941","1":"product","2":"type-product","3":"status-publish","5":"pwb-brand-brand-ersa-fr","6":"product_cat-electronique-fr","7":"product_cat-equipement-d-assemblage-tht-fr","8":"product_cat-soldering-fr-2","10":"first","11":"instock","12":"taxable","13":"shipping-taxable","14":"product-type-simple"},"acf":[],"yoast_head":"<!-- This site is optimized with the Yoast SEO plugin v27.1.1 - https:\/\/yoast.com\/product\/yoast-seo-wordpress\/ -->\n<title>Selective Soldering Machine VERSAFLOW 3\/45 - Smans<\/title>\n<meta name=\"robots\" content=\"index, follow, max-snippet:-1, max-image-preview:large, max-video-preview:-1\" \/>\n<link rel=\"canonical\" href=\"https:\/\/smans.com\/fr\/product\/selective-soldering-machine-versaflow-3-45\/\" \/>\n<meta property=\"og:locale\" content=\"fr_FR\" \/>\n<meta property=\"og:type\" content=\"article\" \/>\n<meta property=\"og:title\" content=\"Selective Soldering Machine VERSAFLOW 3\/45 - Smans\" \/>\n<meta property=\"og:description\" content=\"The first inline selective system with double transport\" \/>\n<meta property=\"og:url\" content=\"https:\/\/smans.com\/fr\/product\/selective-soldering-machine-versaflow-3-45\/\" \/>\n<meta property=\"og:site_name\" content=\"Smans\" \/>\n<meta property=\"article:modified_time\" content=\"2026-04-09T11:10:29+00:00\" \/>\n<meta name=\"twitter:card\" content=\"summary_large_image\" \/>\n<meta name=\"twitter:label1\" content=\"Dur\u00e9e de lecture estim\u00e9e\" \/>\n\t<meta name=\"twitter:data1\" content=\"1 minute\" \/>\n<script type=\"application\/ld+json\" class=\"yoast-schema-graph\">{\"@context\":\"https:\/\/schema.org\",\"@graph\":[{\"@type\":\"WebPage\",\"@id\":\"https:\/\/smans.com\/fr\/product\/selective-soldering-machine-versaflow-3-45\/\",\"url\":\"https:\/\/smans.com\/fr\/product\/selective-soldering-machine-versaflow-3-45\/\",\"name\":\"Selective Soldering Machine VERSAFLOW 3\/45 - Smans\",\"isPartOf\":{\"@id\":\"https:\/\/smans.com\/nl\/#website\"},\"datePublished\":\"2024-06-09T15:23:52+00:00\",\"dateModified\":\"2026-04-09T11:10:29+00:00\",\"breadcrumb\":{\"@id\":\"https:\/\/smans.com\/fr\/product\/selective-soldering-machine-versaflow-3-45\/#breadcrumb\"},\"inLanguage\":\"fr-FR\",\"potentialAction\":[{\"@type\":\"ReadAction\",\"target\":[\"https:\/\/smans.com\/fr\/product\/selective-soldering-machine-versaflow-3-45\/\"]}]},{\"@type\":\"BreadcrumbList\",\"@id\":\"https:\/\/smans.com\/fr\/product\/selective-soldering-machine-versaflow-3-45\/#breadcrumb\",\"itemListElement\":[{\"@type\":\"ListItem\",\"position\":1,\"name\":\"Home\",\"item\":\"https:\/\/smans.com\/fr\/\"},{\"@type\":\"ListItem\",\"position\":2,\"name\":\"Boutique\",\"item\":\"https:\/\/smans.com\/nl\/shop\/\"},{\"@type\":\"ListItem\",\"position\":3,\"name\":\"Ersa - Selective Soldering Machine VERSAFLOW 3\/45\"}]},{\"@type\":\"WebSite\",\"@id\":\"https:\/\/smans.com\/nl\/#website\",\"url\":\"https:\/\/smans.com\/nl\/\",\"name\":\"Smans\",\"description\":\"\",\"publisher\":{\"@id\":\"https:\/\/smans.com\/nl\/#organization\"},\"potentialAction\":[{\"@type\":\"SearchAction\",\"target\":{\"@type\":\"EntryPoint\",\"urlTemplate\":\"https:\/\/smans.com\/nl\/?s={search_term_string}\"},\"query-input\":{\"@type\":\"PropertyValueSpecification\",\"valueRequired\":true,\"valueName\":\"search_term_string\"}}],\"inLanguage\":\"fr-FR\"},{\"@type\":\"Organization\",\"@id\":\"https:\/\/smans.com\/nl\/#organization\",\"name\":\"Smans\",\"url\":\"https:\/\/smans.com\/nl\/\",\"logo\":{\"@type\":\"ImageObject\",\"inLanguage\":\"fr-FR\",\"@id\":\"https:\/\/smans.com\/nl\/#\/schema\/logo\/image\/\",\"url\":\"https:\/\/smans.com\/wp-content\/uploads\/2023\/09\/logo.svg\",\"contentUrl\":\"https:\/\/smans.com\/wp-content\/uploads\/2023\/09\/logo.svg\",\"caption\":\"Smans\"},\"image\":{\"@id\":\"https:\/\/smans.com\/nl\/#\/schema\/logo\/image\/\"}}]}<\/script>\n<!-- \/ Yoast SEO plugin. -->","yoast_head_json":{"title":"Selective Soldering Machine VERSAFLOW 3\/45 - Smans","robots":{"index":"index","follow":"follow","max-snippet":"max-snippet:-1","max-image-preview":"max-image-preview:large","max-video-preview":"max-video-preview:-1"},"canonical":"https:\/\/smans.com\/fr\/product\/selective-soldering-machine-versaflow-3-45\/","og_locale":"fr_FR","og_type":"article","og_title":"Selective Soldering Machine VERSAFLOW 3\/45 - Smans","og_description":"The first inline selective system with double transport","og_url":"https:\/\/smans.com\/fr\/product\/selective-soldering-machine-versaflow-3-45\/","og_site_name":"Smans","article_modified_time":"2026-04-09T11:10:29+00:00","twitter_card":"summary_large_image","twitter_misc":{"Dur\u00e9e de lecture estim\u00e9e":"1 minute"},"schema":{"@context":"https:\/\/schema.org","@graph":[{"@type":"WebPage","@id":"https:\/\/smans.com\/fr\/product\/selective-soldering-machine-versaflow-3-45\/","url":"https:\/\/smans.com\/fr\/product\/selective-soldering-machine-versaflow-3-45\/","name":"Selective Soldering Machine VERSAFLOW 3\/45 - Smans","isPartOf":{"@id":"https:\/\/smans.com\/nl\/#website"},"datePublished":"2024-06-09T15:23:52+00:00","dateModified":"2026-04-09T11:10:29+00:00","breadcrumb":{"@id":"https:\/\/smans.com\/fr\/product\/selective-soldering-machine-versaflow-3-45\/#breadcrumb"},"inLanguage":"fr-FR","potentialAction":[{"@type":"ReadAction","target":["https:\/\/smans.com\/fr\/product\/selective-soldering-machine-versaflow-3-45\/"]}]},{"@type":"BreadcrumbList","@id":"https:\/\/smans.com\/fr\/product\/selective-soldering-machine-versaflow-3-45\/#breadcrumb","itemListElement":[{"@type":"ListItem","position":1,"name":"Home","item":"https:\/\/smans.com\/fr\/"},{"@type":"ListItem","position":2,"name":"Boutique","item":"https:\/\/smans.com\/nl\/shop\/"},{"@type":"ListItem","position":3,"name":"Ersa - Selective Soldering Machine VERSAFLOW 3\/45"}]},{"@type":"WebSite","@id":"https:\/\/smans.com\/nl\/#website","url":"https:\/\/smans.com\/nl\/","name":"Smans","description":"","publisher":{"@id":"https:\/\/smans.com\/nl\/#organization"},"potentialAction":[{"@type":"SearchAction","target":{"@type":"EntryPoint","urlTemplate":"https:\/\/smans.com\/nl\/?s={search_term_string}"},"query-input":{"@type":"PropertyValueSpecification","valueRequired":true,"valueName":"search_term_string"}}],"inLanguage":"fr-FR"},{"@type":"Organization","@id":"https:\/\/smans.com\/nl\/#organization","name":"Smans","url":"https:\/\/smans.com\/nl\/","logo":{"@type":"ImageObject","inLanguage":"fr-FR","@id":"https:\/\/smans.com\/nl\/#\/schema\/logo\/image\/","url":"https:\/\/smans.com\/wp-content\/uploads\/2023\/09\/logo.svg","contentUrl":"https:\/\/smans.com\/wp-content\/uploads\/2023\/09\/logo.svg","caption":"Smans"},"image":{"@id":"https:\/\/smans.com\/nl\/#\/schema\/logo\/image\/"}}]}},"brands":[{"id":18232,"name":"Ersa","slug":"brand-ersa-fr"}],"_links":{"self":[{"href":"https:\/\/smans.com\/fr\/wp-json\/wp\/v2\/product\/24941","targetHints":{"allow":["GET"]}}],"collection":[{"href":"https:\/\/smans.com\/fr\/wp-json\/wp\/v2\/product"}],"about":[{"href":"https:\/\/smans.com\/fr\/wp-json\/wp\/v2\/types\/product"}],"wp:attachment":[{"href":"https:\/\/smans.com\/fr\/wp-json\/wp\/v2\/media?parent=24941"}],"wp:term":[{"taxonomy":"pwb-brand","embeddable":true,"href":"https:\/\/smans.com\/fr\/wp-json\/wp\/v2\/pwb-brand?post=24941"},{"taxonomy":"product_brand","embeddable":true,"href":"https:\/\/smans.com\/fr\/wp-json\/wp\/v2\/product_brand?post=24941"},{"taxonomy":"product_cat","embeddable":true,"href":"https:\/\/smans.com\/fr\/wp-json\/wp\/v2\/product_cat?post=24941"},{"taxonomy":"product_tag","embeddable":true,"href":"https:\/\/smans.com\/fr\/wp-json\/wp\/v2\/product_tag?post=24941"}],"curies":[{"name":"wp","href":"https:\/\/api.w.org\/{rel}","templated":true}]}}