{"id":24947,"date":"2024-06-09T17:13:57","date_gmt":"2024-06-09T15:13:57","guid":{"rendered":"https:\/\/smans.com\/product\/electrical-stripping-machine-ai-02\/"},"modified":"2026-04-06T13:09:59","modified_gmt":"2026-04-06T11:09:59","slug":"electrical-stripping-machine-ai-02","status":"publish","type":"product","link":"https:\/\/smans.com\/fr\/product\/electrical-stripping-machine-ai-02\/","title":{"rendered":"Z+F - Stripping Machine AI 02"},"content":{"rendered":"<div class=\"flex max-w-full flex-col flex-grow\">\n<div class=\"min-h-8 text-message flex w-full flex-col items-end gap-2 whitespace-normal break-words text-start [.text-message+&amp;]:mt-5\" dir=\"auto\" data-message-author-role=\"assistant\" data-message-id=\"2c46886d-1a3f-4d28-908a-caeaf11310ad\" data-message-model-slug=\"gpt-4o-mini\">\n<div class=\"flex w-full flex-col gap-1 empty:hidden first:pt-[3px]\">\n<div class=\"markdown prose w-full break-words dark:prose-invert light\">\n<p>La Z+F AI 02 est une d\u00e9nudeuse \u00e9lectrique compacte con\u00e7ue pour <strong>d\u00e9nuder efficacement les fils fins et les c\u00e2bles courts<\/strong>. Cette version sp\u00e9ciale du mod\u00e8le de base AI 01 est optimis\u00e9e pour une section de fil de <strong>0,05 \u00e0 2,5 mm\u00b2<\/strong> (AWG 30\u201314) et \u00e9quip\u00e9e d&rsquo;une plaque frontale adapt\u00e9e. Cela permet \u00e0 la machine de fonctionner avec des longueurs d&rsquo;entr\u00e9e \u00e0 partir de seulement 15 mm plus la longueur de d\u00e9nudage, ce qui est id\u00e9al pour les applications o\u00f9 la pr\u00e9cision et l&rsquo;espace sont essentiels.<\/p>\n<p>Gr\u00e2ce \u00e0 son cycle court de 0,5 seconde et \u00e0 son m\u00e9canisme de traction enti\u00e8rement automatique, la Z+F AI 02 offre des r\u00e9sultats constants pour le d\u00e9nudage en s\u00e9rie de c\u00e2bles fins. La machine est \u00e9galement silencieuse, n\u00e9cessite peu d&rsquo;entretien et s&rsquo;int\u00e8gre facilement dans les postes de travail existants. Un choix parfait pour les environnements de production o\u00f9 pr\u00e9cision et rapidit\u00e9 doivent aller de pair.<\/p>\n<\/div>\n<\/div>\n<\/div>\n<\/div>\n","protected":false},"excerpt":{"rendered":"<p>Machine \u00e0 d\u00e9nuder les fils \u00e9lectriques pour les petits diam\u00e8tres de fil de 0,05 \u00e0 2,5 mm\u00b2 et les longueurs d&rsquo;alimentation courtes \u00e0 partir de seulement 15 mm.<\/p>\n","protected":false},"featured_media":0,"template":"","meta":{"_acf_changed":false},"pwb-brand":[18322],"product_brand":[],"product_cat":[17990,17993,18042],"product_tag":[],"class_list":{"0":"post-24947","1":"product","2":"type-product","3":"status-publish","5":"pwb-brand-brand-z-f-fr","6":"product_cat-cables-et-cablage-fr","7":"product_cat-couper-denuder-sertissage-fr","8":"product_cat-denudeuses-de-fils-fr","10":"first","11":"instock","12":"taxable","13":"shipping-taxable","14":"purchasable","15":"product-type-simple"},"acf":[],"yoast_head":"<!-- This site is optimized with the Yoast SEO plugin v27.1.1 - https:\/\/yoast.com\/product\/yoast-seo-wordpress\/ -->\n<title>Stripping Machine AI 02 - Smans<\/title>\n<meta name=\"robots\" content=\"index, follow, max-snippet:-1, max-image-preview:large, max-video-preview:-1\" \/>\n<link rel=\"canonical\" href=\"https:\/\/smans.com\/fr\/product\/electrical-stripping-machine-ai-02\/\" \/>\n<meta property=\"og:locale\" content=\"fr_FR\" \/>\n<meta property=\"og:type\" content=\"article\" \/>\n<meta property=\"og:title\" content=\"Stripping Machine AI 02 - Smans\" \/>\n<meta property=\"og:description\" content=\"Machine \u00e0 d\u00e9nuder les fils \u00e9lectriques pour les petits diam\u00e8tres de fil de 0,05 \u00e0 2,5 mm\u00b2 et les longueurs d&#039;alimentation courtes \u00e0 partir de seulement 15 mm.\" \/>\n<meta property=\"og:url\" content=\"https:\/\/smans.com\/fr\/product\/electrical-stripping-machine-ai-02\/\" \/>\n<meta property=\"og:site_name\" content=\"Smans\" \/>\n<meta property=\"article:modified_time\" content=\"2026-04-06T11:09:59+00:00\" \/>\n<meta name=\"twitter:card\" content=\"summary_large_image\" \/>\n<meta name=\"twitter:label1\" content=\"Dur\u00e9e de lecture estim\u00e9e\" \/>\n\t<meta name=\"twitter:data1\" content=\"1 minute\" \/>\n<script type=\"application\/ld+json\" class=\"yoast-schema-graph\">{\"@context\":\"https:\/\/schema.org\",\"@graph\":[{\"@type\":\"WebPage\",\"@id\":\"https:\/\/smans.com\/fr\/product\/electrical-stripping-machine-ai-02\/\",\"url\":\"https:\/\/smans.com\/fr\/product\/electrical-stripping-machine-ai-02\/\",\"name\":\"Stripping Machine AI 02 - Smans\",\"isPartOf\":{\"@id\":\"https:\/\/smans.com\/nl\/#website\"},\"datePublished\":\"2024-06-09T15:13:57+00:00\",\"dateModified\":\"2026-04-06T11:09:59+00:00\",\"breadcrumb\":{\"@id\":\"https:\/\/smans.com\/fr\/product\/electrical-stripping-machine-ai-02\/#breadcrumb\"},\"inLanguage\":\"fr-FR\",\"potentialAction\":[{\"@type\":\"ReadAction\",\"target\":[\"https:\/\/smans.com\/fr\/product\/electrical-stripping-machine-ai-02\/\"]}]},{\"@type\":\"BreadcrumbList\",\"@id\":\"https:\/\/smans.com\/fr\/product\/electrical-stripping-machine-ai-02\/#breadcrumb\",\"itemListElement\":[{\"@type\":\"ListItem\",\"position\":1,\"name\":\"Home\",\"item\":\"https:\/\/smans.com\/fr\/\"},{\"@type\":\"ListItem\",\"position\":2,\"name\":\"Boutique\",\"item\":\"https:\/\/smans.com\/nl\/shop\/\"},{\"@type\":\"ListItem\",\"position\":3,\"name\":\"Z+F - Stripping Machine AI 02\"}]},{\"@type\":\"WebSite\",\"@id\":\"https:\/\/smans.com\/nl\/#website\",\"url\":\"https:\/\/smans.com\/nl\/\",\"name\":\"Smans\",\"description\":\"\",\"publisher\":{\"@id\":\"https:\/\/smans.com\/nl\/#organization\"},\"potentialAction\":[{\"@type\":\"SearchAction\",\"target\":{\"@type\":\"EntryPoint\",\"urlTemplate\":\"https:\/\/smans.com\/nl\/?s={search_term_string}\"},\"query-input\":{\"@type\":\"PropertyValueSpecification\",\"valueRequired\":true,\"valueName\":\"search_term_string\"}}],\"inLanguage\":\"fr-FR\"},{\"@type\":\"Organization\",\"@id\":\"https:\/\/smans.com\/nl\/#organization\",\"name\":\"Smans\",\"url\":\"https:\/\/smans.com\/nl\/\",\"logo\":{\"@type\":\"ImageObject\",\"inLanguage\":\"fr-FR\",\"@id\":\"https:\/\/smans.com\/nl\/#\/schema\/logo\/image\/\",\"url\":\"https:\/\/smans.com\/wp-content\/uploads\/2023\/09\/logo.svg\",\"contentUrl\":\"https:\/\/smans.com\/wp-content\/uploads\/2023\/09\/logo.svg\",\"caption\":\"Smans\"},\"image\":{\"@id\":\"https:\/\/smans.com\/nl\/#\/schema\/logo\/image\/\"}}]}<\/script>\n<!-- \/ Yoast SEO plugin. -->","yoast_head_json":{"title":"Stripping Machine AI 02 - Smans","robots":{"index":"index","follow":"follow","max-snippet":"max-snippet:-1","max-image-preview":"max-image-preview:large","max-video-preview":"max-video-preview:-1"},"canonical":"https:\/\/smans.com\/fr\/product\/electrical-stripping-machine-ai-02\/","og_locale":"fr_FR","og_type":"article","og_title":"Stripping Machine AI 02 - Smans","og_description":"Machine \u00e0 d\u00e9nuder les fils \u00e9lectriques pour les petits diam\u00e8tres de fil de 0,05 \u00e0 2,5 mm\u00b2 et les longueurs d'alimentation courtes \u00e0 partir de seulement 15 mm.","og_url":"https:\/\/smans.com\/fr\/product\/electrical-stripping-machine-ai-02\/","og_site_name":"Smans","article_modified_time":"2026-04-06T11:09:59+00:00","twitter_card":"summary_large_image","twitter_misc":{"Dur\u00e9e de lecture estim\u00e9e":"1 minute"},"schema":{"@context":"https:\/\/schema.org","@graph":[{"@type":"WebPage","@id":"https:\/\/smans.com\/fr\/product\/electrical-stripping-machine-ai-02\/","url":"https:\/\/smans.com\/fr\/product\/electrical-stripping-machine-ai-02\/","name":"Stripping Machine AI 02 - Smans","isPartOf":{"@id":"https:\/\/smans.com\/nl\/#website"},"datePublished":"2024-06-09T15:13:57+00:00","dateModified":"2026-04-06T11:09:59+00:00","breadcrumb":{"@id":"https:\/\/smans.com\/fr\/product\/electrical-stripping-machine-ai-02\/#breadcrumb"},"inLanguage":"fr-FR","potentialAction":[{"@type":"ReadAction","target":["https:\/\/smans.com\/fr\/product\/electrical-stripping-machine-ai-02\/"]}]},{"@type":"BreadcrumbList","@id":"https:\/\/smans.com\/fr\/product\/electrical-stripping-machine-ai-02\/#breadcrumb","itemListElement":[{"@type":"ListItem","position":1,"name":"Home","item":"https:\/\/smans.com\/fr\/"},{"@type":"ListItem","position":2,"name":"Boutique","item":"https:\/\/smans.com\/nl\/shop\/"},{"@type":"ListItem","position":3,"name":"Z+F - Stripping Machine AI 02"}]},{"@type":"WebSite","@id":"https:\/\/smans.com\/nl\/#website","url":"https:\/\/smans.com\/nl\/","name":"Smans","description":"","publisher":{"@id":"https:\/\/smans.com\/nl\/#organization"},"potentialAction":[{"@type":"SearchAction","target":{"@type":"EntryPoint","urlTemplate":"https:\/\/smans.com\/nl\/?s={search_term_string}"},"query-input":{"@type":"PropertyValueSpecification","valueRequired":true,"valueName":"search_term_string"}}],"inLanguage":"fr-FR"},{"@type":"Organization","@id":"https:\/\/smans.com\/nl\/#organization","name":"Smans","url":"https:\/\/smans.com\/nl\/","logo":{"@type":"ImageObject","inLanguage":"fr-FR","@id":"https:\/\/smans.com\/nl\/#\/schema\/logo\/image\/","url":"https:\/\/smans.com\/wp-content\/uploads\/2023\/09\/logo.svg","contentUrl":"https:\/\/smans.com\/wp-content\/uploads\/2023\/09\/logo.svg","caption":"Smans"},"image":{"@id":"https:\/\/smans.com\/nl\/#\/schema\/logo\/image\/"}}]}},"brands":[{"id":18322,"name":"Z+F","slug":"brand-z-f-fr"}],"_links":{"self":[{"href":"https:\/\/smans.com\/fr\/wp-json\/wp\/v2\/product\/24947","targetHints":{"allow":["GET"]}}],"collection":[{"href":"https:\/\/smans.com\/fr\/wp-json\/wp\/v2\/product"}],"about":[{"href":"https:\/\/smans.com\/fr\/wp-json\/wp\/v2\/types\/product"}],"wp:attachment":[{"href":"https:\/\/smans.com\/fr\/wp-json\/wp\/v2\/media?parent=24947"}],"wp:term":[{"taxonomy":"pwb-brand","embeddable":true,"href":"https:\/\/smans.com\/fr\/wp-json\/wp\/v2\/pwb-brand?post=24947"},{"taxonomy":"product_brand","embeddable":true,"href":"https:\/\/smans.com\/fr\/wp-json\/wp\/v2\/product_brand?post=24947"},{"taxonomy":"product_cat","embeddable":true,"href":"https:\/\/smans.com\/fr\/wp-json\/wp\/v2\/product_cat?post=24947"},{"taxonomy":"product_tag","embeddable":true,"href":"https:\/\/smans.com\/fr\/wp-json\/wp\/v2\/product_tag?post=24947"}],"curies":[{"name":"wp","href":"https:\/\/api.w.org\/{rel}","templated":true}]}}