{"id":24982,"date":"2024-06-09T17:15:13","date_gmt":"2024-06-09T15:15:13","guid":{"rendered":"https:\/\/smans.com\/product\/automatic-taping-machine-tm-400\/"},"modified":"2026-04-09T13:33:32","modified_gmt":"2026-04-09T11:33:32","slug":"automatic-taping-machine-tm-400","status":"publish","type":"product","link":"https:\/\/smans.com\/fr\/product\/automatic-taping-machine-tm-400\/","title":{"rendered":"V-Tek - Automatic Taping Machine TM-400"},"content":{"rendered":"<p>Chacune des options de la s\u00e9rie est sp\u00e9cialis\u00e9e dans une entr\u00e9e particuli\u00e8re (tube, plateau, bol ou module ouvert) pour une utilisation OEM. Un syst\u00e8me de v\u00e9rification par vision 2D sur bande garantit que les composants sont correctement orient\u00e9s. La configuration est simple gr\u00e2ce \u00e0 l&rsquo;interface \u00e0 \u00e9cran tactile, ce qui minimise les interactions et garantit des op\u00e9rations rapides, fiables et pr\u00e9cises.<\/p>\n<ul>\n<li>Interface op\u00e9rateur \u00e0 \u00e9cran tactile<\/li>\n<li>Mouvement avanc\u00e9 de la bande de transport contr\u00f4l\u00e9 par logiciel<\/li>\n<li>Scellage thermique et PSA universel r\u00e9glable<\/li>\n<li>Capteurs automatiques de d\u00e9tection des bourrages dans la piste et des bandes de couverture basses<\/li>\n<li>Inspection par vision 2D<\/li>\n<\/ul>\n","protected":false},"excerpt":{"rendered":"<p>Un syst\u00e8me de bandes automatis\u00e9 simple et compact dans une machine de table.<\/p>\n","protected":false},"featured_media":0,"template":"","meta":{"_acf_changed":false},"pwb-brand":[18312],"product_brand":[],"product_cat":[18054,17991,18004],"product_tag":[],"class_list":{"0":"post-24982","1":"product","2":"type-product","3":"status-publish","5":"pwb-brand-brand-v-tek-fr","6":"product_cat-component-taping-fr","7":"product_cat-electronique-fr","8":"product_cat-processus-secondaires-fr-2","10":"first","11":"instock","12":"taxable","13":"shipping-taxable","14":"product-type-simple"},"acf":[],"yoast_head":"<!-- This site is optimized with the Yoast SEO plugin v27.1.1 - https:\/\/yoast.com\/product\/yoast-seo-wordpress\/ -->\n<title>Automatic Taping Machine TM-400 - Smans<\/title>\n<meta name=\"robots\" content=\"index, follow, max-snippet:-1, max-image-preview:large, max-video-preview:-1\" \/>\n<link rel=\"canonical\" href=\"https:\/\/smans.com\/fr\/product\/automatic-taping-machine-tm-400\/\" \/>\n<meta property=\"og:locale\" content=\"fr_FR\" \/>\n<meta property=\"og:type\" content=\"article\" \/>\n<meta property=\"og:title\" content=\"Automatic Taping Machine TM-400 - Smans\" \/>\n<meta property=\"og:description\" content=\"Un syst\u00e8me de bandes automatis\u00e9 simple et compact dans une machine de table.\" \/>\n<meta property=\"og:url\" content=\"https:\/\/smans.com\/fr\/product\/automatic-taping-machine-tm-400\/\" \/>\n<meta property=\"og:site_name\" content=\"Smans\" \/>\n<meta property=\"article:modified_time\" content=\"2026-04-09T11:33:32+00:00\" \/>\n<meta name=\"twitter:card\" content=\"summary_large_image\" \/>\n<meta name=\"twitter:label1\" content=\"Dur\u00e9e de lecture estim\u00e9e\" \/>\n\t<meta name=\"twitter:data1\" content=\"1 minute\" \/>\n<script type=\"application\/ld+json\" class=\"yoast-schema-graph\">{\"@context\":\"https:\/\/schema.org\",\"@graph\":[{\"@type\":\"WebPage\",\"@id\":\"https:\/\/smans.com\/fr\/product\/automatic-taping-machine-tm-400\/\",\"url\":\"https:\/\/smans.com\/fr\/product\/automatic-taping-machine-tm-400\/\",\"name\":\"Automatic Taping Machine TM-400 - Smans\",\"isPartOf\":{\"@id\":\"https:\/\/smans.com\/nl\/#website\"},\"datePublished\":\"2024-06-09T15:15:13+00:00\",\"dateModified\":\"2026-04-09T11:33:32+00:00\",\"breadcrumb\":{\"@id\":\"https:\/\/smans.com\/fr\/product\/automatic-taping-machine-tm-400\/#breadcrumb\"},\"inLanguage\":\"fr-FR\",\"potentialAction\":[{\"@type\":\"ReadAction\",\"target\":[\"https:\/\/smans.com\/fr\/product\/automatic-taping-machine-tm-400\/\"]}]},{\"@type\":\"BreadcrumbList\",\"@id\":\"https:\/\/smans.com\/fr\/product\/automatic-taping-machine-tm-400\/#breadcrumb\",\"itemListElement\":[{\"@type\":\"ListItem\",\"position\":1,\"name\":\"Home\",\"item\":\"https:\/\/smans.com\/fr\/\"},{\"@type\":\"ListItem\",\"position\":2,\"name\":\"Boutique\",\"item\":\"https:\/\/smans.com\/nl\/shop\/\"},{\"@type\":\"ListItem\",\"position\":3,\"name\":\"V-Tek - Automatic Taping Machine TM-400\"}]},{\"@type\":\"WebSite\",\"@id\":\"https:\/\/smans.com\/nl\/#website\",\"url\":\"https:\/\/smans.com\/nl\/\",\"name\":\"Smans\",\"description\":\"\",\"publisher\":{\"@id\":\"https:\/\/smans.com\/nl\/#organization\"},\"potentialAction\":[{\"@type\":\"SearchAction\",\"target\":{\"@type\":\"EntryPoint\",\"urlTemplate\":\"https:\/\/smans.com\/nl\/?s={search_term_string}\"},\"query-input\":{\"@type\":\"PropertyValueSpecification\",\"valueRequired\":true,\"valueName\":\"search_term_string\"}}],\"inLanguage\":\"fr-FR\"},{\"@type\":\"Organization\",\"@id\":\"https:\/\/smans.com\/nl\/#organization\",\"name\":\"Smans\",\"url\":\"https:\/\/smans.com\/nl\/\",\"logo\":{\"@type\":\"ImageObject\",\"inLanguage\":\"fr-FR\",\"@id\":\"https:\/\/smans.com\/nl\/#\/schema\/logo\/image\/\",\"url\":\"https:\/\/smans.com\/wp-content\/uploads\/2023\/09\/logo.svg\",\"contentUrl\":\"https:\/\/smans.com\/wp-content\/uploads\/2023\/09\/logo.svg\",\"caption\":\"Smans\"},\"image\":{\"@id\":\"https:\/\/smans.com\/nl\/#\/schema\/logo\/image\/\"}}]}<\/script>\n<!-- \/ Yoast SEO plugin. -->","yoast_head_json":{"title":"Automatic Taping Machine TM-400 - Smans","robots":{"index":"index","follow":"follow","max-snippet":"max-snippet:-1","max-image-preview":"max-image-preview:large","max-video-preview":"max-video-preview:-1"},"canonical":"https:\/\/smans.com\/fr\/product\/automatic-taping-machine-tm-400\/","og_locale":"fr_FR","og_type":"article","og_title":"Automatic Taping Machine TM-400 - Smans","og_description":"Un syst\u00e8me de bandes automatis\u00e9 simple et compact dans une machine de table.","og_url":"https:\/\/smans.com\/fr\/product\/automatic-taping-machine-tm-400\/","og_site_name":"Smans","article_modified_time":"2026-04-09T11:33:32+00:00","twitter_card":"summary_large_image","twitter_misc":{"Dur\u00e9e de lecture estim\u00e9e":"1 minute"},"schema":{"@context":"https:\/\/schema.org","@graph":[{"@type":"WebPage","@id":"https:\/\/smans.com\/fr\/product\/automatic-taping-machine-tm-400\/","url":"https:\/\/smans.com\/fr\/product\/automatic-taping-machine-tm-400\/","name":"Automatic Taping Machine TM-400 - Smans","isPartOf":{"@id":"https:\/\/smans.com\/nl\/#website"},"datePublished":"2024-06-09T15:15:13+00:00","dateModified":"2026-04-09T11:33:32+00:00","breadcrumb":{"@id":"https:\/\/smans.com\/fr\/product\/automatic-taping-machine-tm-400\/#breadcrumb"},"inLanguage":"fr-FR","potentialAction":[{"@type":"ReadAction","target":["https:\/\/smans.com\/fr\/product\/automatic-taping-machine-tm-400\/"]}]},{"@type":"BreadcrumbList","@id":"https:\/\/smans.com\/fr\/product\/automatic-taping-machine-tm-400\/#breadcrumb","itemListElement":[{"@type":"ListItem","position":1,"name":"Home","item":"https:\/\/smans.com\/fr\/"},{"@type":"ListItem","position":2,"name":"Boutique","item":"https:\/\/smans.com\/nl\/shop\/"},{"@type":"ListItem","position":3,"name":"V-Tek - Automatic Taping Machine TM-400"}]},{"@type":"WebSite","@id":"https:\/\/smans.com\/nl\/#website","url":"https:\/\/smans.com\/nl\/","name":"Smans","description":"","publisher":{"@id":"https:\/\/smans.com\/nl\/#organization"},"potentialAction":[{"@type":"SearchAction","target":{"@type":"EntryPoint","urlTemplate":"https:\/\/smans.com\/nl\/?s={search_term_string}"},"query-input":{"@type":"PropertyValueSpecification","valueRequired":true,"valueName":"search_term_string"}}],"inLanguage":"fr-FR"},{"@type":"Organization","@id":"https:\/\/smans.com\/nl\/#organization","name":"Smans","url":"https:\/\/smans.com\/nl\/","logo":{"@type":"ImageObject","inLanguage":"fr-FR","@id":"https:\/\/smans.com\/nl\/#\/schema\/logo\/image\/","url":"https:\/\/smans.com\/wp-content\/uploads\/2023\/09\/logo.svg","contentUrl":"https:\/\/smans.com\/wp-content\/uploads\/2023\/09\/logo.svg","caption":"Smans"},"image":{"@id":"https:\/\/smans.com\/nl\/#\/schema\/logo\/image\/"}}]}},"brands":[{"id":18312,"name":"V-Tek","slug":"brand-v-tek-fr"}],"_links":{"self":[{"href":"https:\/\/smans.com\/fr\/wp-json\/wp\/v2\/product\/24982","targetHints":{"allow":["GET"]}}],"collection":[{"href":"https:\/\/smans.com\/fr\/wp-json\/wp\/v2\/product"}],"about":[{"href":"https:\/\/smans.com\/fr\/wp-json\/wp\/v2\/types\/product"}],"wp:attachment":[{"href":"https:\/\/smans.com\/fr\/wp-json\/wp\/v2\/media?parent=24982"}],"wp:term":[{"taxonomy":"pwb-brand","embeddable":true,"href":"https:\/\/smans.com\/fr\/wp-json\/wp\/v2\/pwb-brand?post=24982"},{"taxonomy":"product_brand","embeddable":true,"href":"https:\/\/smans.com\/fr\/wp-json\/wp\/v2\/product_brand?post=24982"},{"taxonomy":"product_cat","embeddable":true,"href":"https:\/\/smans.com\/fr\/wp-json\/wp\/v2\/product_cat?post=24982"},{"taxonomy":"product_tag","embeddable":true,"href":"https:\/\/smans.com\/fr\/wp-json\/wp\/v2\/product_tag?post=24982"}],"curies":[{"name":"wp","href":"https:\/\/api.w.org\/{rel}","templated":true}]}}