{"id":25376,"date":"2024-06-09T17:14:26","date_gmt":"2024-06-09T15:14:26","guid":{"rendered":"https:\/\/smans.com\/product\/heat-shrink-system-stcs-vmir\/"},"modified":"2026-04-22T13:12:19","modified_gmt":"2026-04-22T11:12:19","slug":"heat-shrink-system-stcs-vmir","status":"publish","type":"product","link":"https:\/\/smans.com\/fr\/product\/heat-shrink-system-stcs-vmir\/","title":{"rendered":"Mecalbi - Heat Shrink System STCS-Vmir"},"content":{"rendered":"<p data-start=\"1934\" data-end=\"2329\">Le STCS-VMir est un syst\u00e8me de r\u00e9traction infrarouge dot\u00e9 d&rsquo;un syst\u00e8me de chambre de r\u00e9traction interchangeable rapide, permettant un changement d&rsquo;application facile. Con\u00e7u pour une utilisation sur poste de travail, il traite un composant \u00e0 la fois, avec des chambres personnalis\u00e9es garantissant un ajustement parfait et une protection des composants sensibles.<\/p>\n<p data-start=\"2331\" data-end=\"2377\"><strong data-start=\"2336\" data-end=\"2375\">Caract\u00e9ristiques et Fonctionnalit\u00e9s<\/strong><\/p>\n<p data-start=\"2378\" data-end=\"2590\">\u2714 <strong data-start=\"2380\" data-end=\"2404\">Param\u00e8tres r\u00e9glables<\/strong> : temp\u00e9rature de traitement, dur\u00e9e de r\u00e9traction, temps de refroidissement, etc.<br data-start=\"2485\" data-end=\"2488\" \/>\u2714 <strong data-start=\"2490\" data-end=\"2549\">Chambre de r\u00e9traction interchangeable, simple et rapide<\/strong><br data-start=\"2549\" data-end=\"2552\" \/>\u2714 <strong data-start=\"2554\" data-end=\"2586\">Deux modes de fonctionnement<\/strong> :<\/p>\n<ul data-start=\"2594\" data-end=\"2758\">\n<li data-start=\"2594\" data-end=\"2659\"><strong data-start=\"2596\" data-end=\"2604\">M1 :<\/strong> Contr\u00f4le de la temp\u00e9rature et du temps de r\u00e9traction<\/li>\n<li data-start=\"2663\" data-end=\"2758\"><strong data-start=\"2665\" data-end=\"2673\">M2 :<\/strong> R\u00e9f\u00e9rences pr\u00e9programm\u00e9es (jusqu&rsquo;\u00e0 999)<br data-start=\"2713\" data-end=\"2716\" \/>\u2714 Syst\u00e8me de refroidissement int\u00e9gr\u00e9<\/li>\n<\/ul>\n<p data-start=\"2760\" data-end=\"2902\" data-is-last-node=\"\">Le STCS-VMir offre une solution flexible, efficace et pr\u00e9cise pour les applications industrielles de r\u00e9traction thermor\u00e9tractable.<\/p>\n","protected":false},"excerpt":{"rendered":"<p>Syst\u00e8me de R\u00e9traction Infrarouge avec Chambres Interchangeables<\/p>\n","protected":false},"featured_media":0,"template":"","meta":{"_acf_changed":false},"pwb-brand":[18274],"product_brand":[],"product_cat":[17990,18048,18001],"product_tag":[],"class_list":{"0":"post-25376","1":"product","2":"type-product","3":"status-publish","5":"pwb-brand-brand-mecalbi-fr","6":"product_cat-cables-et-cablage-fr","7":"product_cat-heat-shrinking-systems-fr","8":"product_cat-processus-secondaires-fr","10":"first","11":"instock","12":"taxable","13":"shipping-taxable","14":"product-type-simple"},"acf":[],"yoast_head":"<!-- This site is optimized with the Yoast SEO plugin v27.1.1 - https:\/\/yoast.com\/product\/yoast-seo-wordpress\/ -->\n<title>Heat Shrink System STCS-Vmir - Smans<\/title>\n<meta name=\"robots\" content=\"index, follow, max-snippet:-1, max-image-preview:large, max-video-preview:-1\" \/>\n<link rel=\"canonical\" href=\"https:\/\/smans.com\/fr\/product\/heat-shrink-system-stcs-vmir\/\" \/>\n<meta property=\"og:locale\" content=\"fr_FR\" \/>\n<meta property=\"og:type\" content=\"article\" \/>\n<meta property=\"og:title\" content=\"Heat Shrink System STCS-Vmir - Smans\" \/>\n<meta property=\"og:description\" content=\"Syst\u00e8me de R\u00e9traction Infrarouge avec Chambres Interchangeables\" \/>\n<meta property=\"og:url\" content=\"https:\/\/smans.com\/fr\/product\/heat-shrink-system-stcs-vmir\/\" \/>\n<meta property=\"og:site_name\" content=\"Smans\" \/>\n<meta property=\"article:modified_time\" content=\"2026-04-22T11:12:19+00:00\" \/>\n<meta name=\"twitter:card\" content=\"summary_large_image\" \/>\n<meta name=\"twitter:label1\" content=\"Dur\u00e9e de lecture estim\u00e9e\" \/>\n\t<meta name=\"twitter:data1\" content=\"1 minute\" \/>\n<script type=\"application\/ld+json\" class=\"yoast-schema-graph\">{\"@context\":\"https:\/\/schema.org\",\"@graph\":[{\"@type\":\"WebPage\",\"@id\":\"https:\/\/smans.com\/fr\/product\/heat-shrink-system-stcs-vmir\/\",\"url\":\"https:\/\/smans.com\/fr\/product\/heat-shrink-system-stcs-vmir\/\",\"name\":\"Heat Shrink System STCS-Vmir - Smans\",\"isPartOf\":{\"@id\":\"https:\/\/smans.com\/nl\/#website\"},\"datePublished\":\"2024-06-09T15:14:26+00:00\",\"dateModified\":\"2026-04-22T11:12:19+00:00\",\"breadcrumb\":{\"@id\":\"https:\/\/smans.com\/fr\/product\/heat-shrink-system-stcs-vmir\/#breadcrumb\"},\"inLanguage\":\"fr-FR\",\"potentialAction\":[{\"@type\":\"ReadAction\",\"target\":[\"https:\/\/smans.com\/fr\/product\/heat-shrink-system-stcs-vmir\/\"]}]},{\"@type\":\"BreadcrumbList\",\"@id\":\"https:\/\/smans.com\/fr\/product\/heat-shrink-system-stcs-vmir\/#breadcrumb\",\"itemListElement\":[{\"@type\":\"ListItem\",\"position\":1,\"name\":\"Home\",\"item\":\"https:\/\/smans.com\/fr\/\"},{\"@type\":\"ListItem\",\"position\":2,\"name\":\"Boutique\",\"item\":\"https:\/\/smans.com\/nl\/shop\/\"},{\"@type\":\"ListItem\",\"position\":3,\"name\":\"Mecalbi - Heat Shrink System STCS-Vmir\"}]},{\"@type\":\"WebSite\",\"@id\":\"https:\/\/smans.com\/nl\/#website\",\"url\":\"https:\/\/smans.com\/nl\/\",\"name\":\"Smans\",\"description\":\"\",\"publisher\":{\"@id\":\"https:\/\/smans.com\/nl\/#organization\"},\"potentialAction\":[{\"@type\":\"SearchAction\",\"target\":{\"@type\":\"EntryPoint\",\"urlTemplate\":\"https:\/\/smans.com\/nl\/?s={search_term_string}\"},\"query-input\":{\"@type\":\"PropertyValueSpecification\",\"valueRequired\":true,\"valueName\":\"search_term_string\"}}],\"inLanguage\":\"fr-FR\"},{\"@type\":\"Organization\",\"@id\":\"https:\/\/smans.com\/nl\/#organization\",\"name\":\"Smans\",\"url\":\"https:\/\/smans.com\/nl\/\",\"logo\":{\"@type\":\"ImageObject\",\"inLanguage\":\"fr-FR\",\"@id\":\"https:\/\/smans.com\/nl\/#\/schema\/logo\/image\/\",\"url\":\"https:\/\/smans.com\/wp-content\/uploads\/2023\/09\/logo.svg\",\"contentUrl\":\"https:\/\/smans.com\/wp-content\/uploads\/2023\/09\/logo.svg\",\"caption\":\"Smans\"},\"image\":{\"@id\":\"https:\/\/smans.com\/nl\/#\/schema\/logo\/image\/\"}}]}<\/script>\n<!-- \/ Yoast SEO plugin. -->","yoast_head_json":{"title":"Heat Shrink System STCS-Vmir - Smans","robots":{"index":"index","follow":"follow","max-snippet":"max-snippet:-1","max-image-preview":"max-image-preview:large","max-video-preview":"max-video-preview:-1"},"canonical":"https:\/\/smans.com\/fr\/product\/heat-shrink-system-stcs-vmir\/","og_locale":"fr_FR","og_type":"article","og_title":"Heat Shrink System STCS-Vmir - Smans","og_description":"Syst\u00e8me de R\u00e9traction Infrarouge avec Chambres Interchangeables","og_url":"https:\/\/smans.com\/fr\/product\/heat-shrink-system-stcs-vmir\/","og_site_name":"Smans","article_modified_time":"2026-04-22T11:12:19+00:00","twitter_card":"summary_large_image","twitter_misc":{"Dur\u00e9e de lecture estim\u00e9e":"1 minute"},"schema":{"@context":"https:\/\/schema.org","@graph":[{"@type":"WebPage","@id":"https:\/\/smans.com\/fr\/product\/heat-shrink-system-stcs-vmir\/","url":"https:\/\/smans.com\/fr\/product\/heat-shrink-system-stcs-vmir\/","name":"Heat Shrink System STCS-Vmir - Smans","isPartOf":{"@id":"https:\/\/smans.com\/nl\/#website"},"datePublished":"2024-06-09T15:14:26+00:00","dateModified":"2026-04-22T11:12:19+00:00","breadcrumb":{"@id":"https:\/\/smans.com\/fr\/product\/heat-shrink-system-stcs-vmir\/#breadcrumb"},"inLanguage":"fr-FR","potentialAction":[{"@type":"ReadAction","target":["https:\/\/smans.com\/fr\/product\/heat-shrink-system-stcs-vmir\/"]}]},{"@type":"BreadcrumbList","@id":"https:\/\/smans.com\/fr\/product\/heat-shrink-system-stcs-vmir\/#breadcrumb","itemListElement":[{"@type":"ListItem","position":1,"name":"Home","item":"https:\/\/smans.com\/fr\/"},{"@type":"ListItem","position":2,"name":"Boutique","item":"https:\/\/smans.com\/nl\/shop\/"},{"@type":"ListItem","position":3,"name":"Mecalbi - Heat Shrink System STCS-Vmir"}]},{"@type":"WebSite","@id":"https:\/\/smans.com\/nl\/#website","url":"https:\/\/smans.com\/nl\/","name":"Smans","description":"","publisher":{"@id":"https:\/\/smans.com\/nl\/#organization"},"potentialAction":[{"@type":"SearchAction","target":{"@type":"EntryPoint","urlTemplate":"https:\/\/smans.com\/nl\/?s={search_term_string}"},"query-input":{"@type":"PropertyValueSpecification","valueRequired":true,"valueName":"search_term_string"}}],"inLanguage":"fr-FR"},{"@type":"Organization","@id":"https:\/\/smans.com\/nl\/#organization","name":"Smans","url":"https:\/\/smans.com\/nl\/","logo":{"@type":"ImageObject","inLanguage":"fr-FR","@id":"https:\/\/smans.com\/nl\/#\/schema\/logo\/image\/","url":"https:\/\/smans.com\/wp-content\/uploads\/2023\/09\/logo.svg","contentUrl":"https:\/\/smans.com\/wp-content\/uploads\/2023\/09\/logo.svg","caption":"Smans"},"image":{"@id":"https:\/\/smans.com\/nl\/#\/schema\/logo\/image\/"}}]}},"brands":[{"id":18274,"name":"Mecalbi","slug":"brand-mecalbi-fr"}],"_links":{"self":[{"href":"https:\/\/smans.com\/fr\/wp-json\/wp\/v2\/product\/25376","targetHints":{"allow":["GET"]}}],"collection":[{"href":"https:\/\/smans.com\/fr\/wp-json\/wp\/v2\/product"}],"about":[{"href":"https:\/\/smans.com\/fr\/wp-json\/wp\/v2\/types\/product"}],"wp:attachment":[{"href":"https:\/\/smans.com\/fr\/wp-json\/wp\/v2\/media?parent=25376"}],"wp:term":[{"taxonomy":"pwb-brand","embeddable":true,"href":"https:\/\/smans.com\/fr\/wp-json\/wp\/v2\/pwb-brand?post=25376"},{"taxonomy":"product_brand","embeddable":true,"href":"https:\/\/smans.com\/fr\/wp-json\/wp\/v2\/product_brand?post=25376"},{"taxonomy":"product_cat","embeddable":true,"href":"https:\/\/smans.com\/fr\/wp-json\/wp\/v2\/product_cat?post=25376"},{"taxonomy":"product_tag","embeddable":true,"href":"https:\/\/smans.com\/fr\/wp-json\/wp\/v2\/product_tag?post=25376"}],"curies":[{"name":"wp","href":"https:\/\/api.w.org\/{rel}","templated":true}]}}