{"id":25377,"date":"2024-06-09T17:14:38","date_gmt":"2024-06-09T15:14:38","guid":{"rendered":"https:\/\/smans.com\/product\/braid-brusher-device-bsb-1005-b\/"},"modified":"2026-04-09T13:15:52","modified_gmt":"2026-04-09T11:15:52","slug":"braid-brusher-device-bsb-1005-b","status":"publish","type":"product","link":"https:\/\/smans.com\/fr\/product\/braid-brusher-device-bsb-1005-b\/","title":{"rendered":"Bowe - Braid Brusher Device BSB 1005\/B"},"content":{"rendered":"<p data-start=\"3101\" data-end=\"3351\">La <strong data-start=\"3104\" data-end=\"3137\">BSB 1005\/B brosse de tressage<\/strong> est con\u00e7ue pour <strong data-start=\"3154\" data-end=\"3189\">d\u00e9m\u00ealer les blindages de c\u00e2bles<\/strong> apr\u00e8s le retrait de la gaine ext\u00e9rieure. Avant toute autre op\u00e9ration, la tresse doit \u00eatre bross\u00e9e, et la <strong data-start=\"3295\" data-end=\"3323\">B\u00f6we Elektrik BSB 1005\/B<\/strong> offre la solution id\u00e9ale.<\/p>\n<p data-start=\"3353\" data-end=\"3647\">Qu\u2019il s\u2019agisse d\u2019une <strong data-start=\"3374\" data-end=\"3401\">tresse longue ou courte<\/strong>, <strong data-start=\"3403\" data-end=\"3443\">pli\u00e9e vers l\u2019avant ou vers l\u2019arri\u00e8re<\/strong>, la machine garantit <strong data-start=\"3465\" data-end=\"3497\">des r\u00e9sultats tr\u00e8s coh\u00e9rents<\/strong>. Gr\u00e2ce aux <strong data-start=\"3509\" data-end=\"3540\">diff\u00e9rentes t\u00eates de brosse<\/strong>, adapt\u00e9es \u00e0 la densit\u00e9 de la tresse et \u00e0 l\u2019\u00e9paisseur des fils, l\u2019action peut \u00eatre r\u00e9p\u00e9t\u00e9e si n\u00e9cessaire.<\/p>\n<p data-start=\"3649\" data-end=\"3696\">La <strong data-start=\"3652\" data-end=\"3692\">t\u00eate de brosse dispose de deux modes<\/strong> :<\/p>\n<ul data-start=\"3697\" data-end=\"3844\">\n<li data-start=\"3697\" data-end=\"3739\"><strong data-start=\"3699\" data-end=\"3713\">Mode avant<\/strong> pour brosser la tresse.<\/li>\n<li data-start=\"3740\" data-end=\"3844\"><strong data-start=\"3742\" data-end=\"3758\">Mode arri\u00e8re<\/strong> pour replier la tresse, par exemple, dans une connexion blind\u00e9e avec un connecteur.<\/li>\n<\/ul>\n<p data-start=\"3846\" data-end=\"4035\">Un <strong data-start=\"3849\" data-end=\"3870\">entretien minimal<\/strong> et une <strong data-start=\"3878\" data-end=\"3901\">exploitation rapide<\/strong> garantissent un <strong data-start=\"3918\" data-end=\"3954\">retour sur investissement rapide<\/strong> et une <strong data-start=\"3962\" data-end=\"3985\">rentabilit\u00e9 durable<\/strong> sur un <strong data-start=\"3993\" data-end=\"4032\">investissement relativement modeste<\/strong>.<\/p>\n<h4 data-start=\"4037\" data-end=\"4083\"><strong data-start=\"4042\" data-end=\"4081\">Caract\u00e9ristiques et Fonctionnalit\u00e9s<\/strong><\/h4>\n<p data-start=\"4084\" data-end=\"4397\">\u2714 <strong data-start=\"4086\" data-end=\"4127\">Longueur de brosse jusqu\u2019\u00e0 max. 70 mm<\/strong><br data-start=\"4127\" data-end=\"4130\" \/>\u2714 <strong data-start=\"4132\" data-end=\"4166\">Changement de sens de rotation<\/strong><br data-start=\"4166\" data-end=\"4169\" \/>\u2714 <strong data-start=\"4171\" data-end=\"4210\">Brosses interchangeables rapidement<\/strong> pour adaptation au type de c\u00e2ble<br data-start=\"4243\" data-end=\"4246\" \/>\u2714 <strong data-start=\"4248\" data-end=\"4295\">Convient aux petites et grandes productions<\/strong><br data-start=\"4295\" data-end=\"4298\" \/>\u2714 <strong data-start=\"4300\" data-end=\"4332\">Largeur et vitesse r\u00e9glables<\/strong><br data-start=\"4332\" data-end=\"4335\" \/>\u2714 <strong data-start=\"4337\" data-end=\"4352\">Optionnel :<\/strong> d\u00e9marrage automatique du syst\u00e8me et p\u00e9dale<\/p>\n<p data-start=\"4399\" data-end=\"4555\" data-is-last-node=\"\">La <strong data-start=\"4402\" data-end=\"4435\">BSB 1005\/B brosse de tressage<\/strong> garantit <strong data-start=\"4445\" data-end=\"4498\">des r\u00e9sultats pr\u00e9cis, efficaces et reproductibles<\/strong>, id\u00e9aux pour le <strong data-start=\"4515\" data-end=\"4554\">traitement professionnel des c\u00e2bles<\/strong>.<\/p>\n","protected":false},"excerpt":{"rendered":"<p>BSB 1005\/B Brosse de Tressage : pour des blindages de C\u00e2bles<\/p>\n","protected":false},"featured_media":0,"template":"","meta":{"_acf_changed":false},"pwb-brand":[18212],"product_brand":[],"product_cat":[18047,17990,18001],"product_tag":[],"class_list":{"0":"post-25377","1":"product","2":"type-product","3":"status-publish","5":"pwb-brand-brand-bowe-fr-2","6":"product_cat-cable-shielding-processing-fr","7":"product_cat-cables-et-cablage-fr","8":"product_cat-processus-secondaires-fr","10":"first","11":"instock","12":"taxable","13":"shipping-taxable","14":"product-type-simple"},"acf":[],"yoast_head":"<!-- This site is optimized with the Yoast SEO plugin v27.1.1 - https:\/\/yoast.com\/product\/yoast-seo-wordpress\/ -->\n<title>Braid Brusher Device BSB 1005\/B - Smans<\/title>\n<meta name=\"robots\" content=\"index, follow, max-snippet:-1, max-image-preview:large, max-video-preview:-1\" \/>\n<link rel=\"canonical\" href=\"https:\/\/smans.com\/fr\/product\/braid-brusher-device-bsb-1005-b\/\" \/>\n<meta property=\"og:locale\" content=\"fr_FR\" \/>\n<meta property=\"og:type\" content=\"article\" \/>\n<meta property=\"og:title\" content=\"Braid Brusher Device BSB 1005\/B - Smans\" \/>\n<meta property=\"og:description\" content=\"BSB 1005\/B Brosse de Tressage : pour des blindages de C\u00e2bles\" \/>\n<meta property=\"og:url\" content=\"https:\/\/smans.com\/fr\/product\/braid-brusher-device-bsb-1005-b\/\" \/>\n<meta property=\"og:site_name\" content=\"Smans\" \/>\n<meta property=\"article:modified_time\" content=\"2026-04-09T11:15:52+00:00\" \/>\n<meta name=\"twitter:card\" content=\"summary_large_image\" \/>\n<meta name=\"twitter:label1\" content=\"Dur\u00e9e de lecture estim\u00e9e\" \/>\n\t<meta name=\"twitter:data1\" content=\"1 minute\" \/>\n<script type=\"application\/ld+json\" class=\"yoast-schema-graph\">{\"@context\":\"https:\/\/schema.org\",\"@graph\":[{\"@type\":\"WebPage\",\"@id\":\"https:\/\/smans.com\/fr\/product\/braid-brusher-device-bsb-1005-b\/\",\"url\":\"https:\/\/smans.com\/fr\/product\/braid-brusher-device-bsb-1005-b\/\",\"name\":\"Braid Brusher Device BSB 1005\/B - Smans\",\"isPartOf\":{\"@id\":\"https:\/\/smans.com\/nl\/#website\"},\"datePublished\":\"2024-06-09T15:14:38+00:00\",\"dateModified\":\"2026-04-09T11:15:52+00:00\",\"breadcrumb\":{\"@id\":\"https:\/\/smans.com\/fr\/product\/braid-brusher-device-bsb-1005-b\/#breadcrumb\"},\"inLanguage\":\"fr-FR\",\"potentialAction\":[{\"@type\":\"ReadAction\",\"target\":[\"https:\/\/smans.com\/fr\/product\/braid-brusher-device-bsb-1005-b\/\"]}]},{\"@type\":\"BreadcrumbList\",\"@id\":\"https:\/\/smans.com\/fr\/product\/braid-brusher-device-bsb-1005-b\/#breadcrumb\",\"itemListElement\":[{\"@type\":\"ListItem\",\"position\":1,\"name\":\"Home\",\"item\":\"https:\/\/smans.com\/fr\/\"},{\"@type\":\"ListItem\",\"position\":2,\"name\":\"Boutique\",\"item\":\"https:\/\/smans.com\/nl\/shop\/\"},{\"@type\":\"ListItem\",\"position\":3,\"name\":\"Bowe - Braid Brusher Device BSB 1005\/B\"}]},{\"@type\":\"WebSite\",\"@id\":\"https:\/\/smans.com\/nl\/#website\",\"url\":\"https:\/\/smans.com\/nl\/\",\"name\":\"Smans\",\"description\":\"\",\"publisher\":{\"@id\":\"https:\/\/smans.com\/nl\/#organization\"},\"potentialAction\":[{\"@type\":\"SearchAction\",\"target\":{\"@type\":\"EntryPoint\",\"urlTemplate\":\"https:\/\/smans.com\/nl\/?s={search_term_string}\"},\"query-input\":{\"@type\":\"PropertyValueSpecification\",\"valueRequired\":true,\"valueName\":\"search_term_string\"}}],\"inLanguage\":\"fr-FR\"},{\"@type\":\"Organization\",\"@id\":\"https:\/\/smans.com\/nl\/#organization\",\"name\":\"Smans\",\"url\":\"https:\/\/smans.com\/nl\/\",\"logo\":{\"@type\":\"ImageObject\",\"inLanguage\":\"fr-FR\",\"@id\":\"https:\/\/smans.com\/nl\/#\/schema\/logo\/image\/\",\"url\":\"https:\/\/smans.com\/wp-content\/uploads\/2023\/09\/logo.svg\",\"contentUrl\":\"https:\/\/smans.com\/wp-content\/uploads\/2023\/09\/logo.svg\",\"caption\":\"Smans\"},\"image\":{\"@id\":\"https:\/\/smans.com\/nl\/#\/schema\/logo\/image\/\"}}]}<\/script>\n<!-- \/ Yoast SEO plugin. -->","yoast_head_json":{"title":"Braid Brusher Device BSB 1005\/B - Smans","robots":{"index":"index","follow":"follow","max-snippet":"max-snippet:-1","max-image-preview":"max-image-preview:large","max-video-preview":"max-video-preview:-1"},"canonical":"https:\/\/smans.com\/fr\/product\/braid-brusher-device-bsb-1005-b\/","og_locale":"fr_FR","og_type":"article","og_title":"Braid Brusher Device BSB 1005\/B - Smans","og_description":"BSB 1005\/B Brosse de Tressage : pour des blindages de C\u00e2bles","og_url":"https:\/\/smans.com\/fr\/product\/braid-brusher-device-bsb-1005-b\/","og_site_name":"Smans","article_modified_time":"2026-04-09T11:15:52+00:00","twitter_card":"summary_large_image","twitter_misc":{"Dur\u00e9e de lecture estim\u00e9e":"1 minute"},"schema":{"@context":"https:\/\/schema.org","@graph":[{"@type":"WebPage","@id":"https:\/\/smans.com\/fr\/product\/braid-brusher-device-bsb-1005-b\/","url":"https:\/\/smans.com\/fr\/product\/braid-brusher-device-bsb-1005-b\/","name":"Braid Brusher Device BSB 1005\/B - Smans","isPartOf":{"@id":"https:\/\/smans.com\/nl\/#website"},"datePublished":"2024-06-09T15:14:38+00:00","dateModified":"2026-04-09T11:15:52+00:00","breadcrumb":{"@id":"https:\/\/smans.com\/fr\/product\/braid-brusher-device-bsb-1005-b\/#breadcrumb"},"inLanguage":"fr-FR","potentialAction":[{"@type":"ReadAction","target":["https:\/\/smans.com\/fr\/product\/braid-brusher-device-bsb-1005-b\/"]}]},{"@type":"BreadcrumbList","@id":"https:\/\/smans.com\/fr\/product\/braid-brusher-device-bsb-1005-b\/#breadcrumb","itemListElement":[{"@type":"ListItem","position":1,"name":"Home","item":"https:\/\/smans.com\/fr\/"},{"@type":"ListItem","position":2,"name":"Boutique","item":"https:\/\/smans.com\/nl\/shop\/"},{"@type":"ListItem","position":3,"name":"Bowe - Braid Brusher Device BSB 1005\/B"}]},{"@type":"WebSite","@id":"https:\/\/smans.com\/nl\/#website","url":"https:\/\/smans.com\/nl\/","name":"Smans","description":"","publisher":{"@id":"https:\/\/smans.com\/nl\/#organization"},"potentialAction":[{"@type":"SearchAction","target":{"@type":"EntryPoint","urlTemplate":"https:\/\/smans.com\/nl\/?s={search_term_string}"},"query-input":{"@type":"PropertyValueSpecification","valueRequired":true,"valueName":"search_term_string"}}],"inLanguage":"fr-FR"},{"@type":"Organization","@id":"https:\/\/smans.com\/nl\/#organization","name":"Smans","url":"https:\/\/smans.com\/nl\/","logo":{"@type":"ImageObject","inLanguage":"fr-FR","@id":"https:\/\/smans.com\/nl\/#\/schema\/logo\/image\/","url":"https:\/\/smans.com\/wp-content\/uploads\/2023\/09\/logo.svg","contentUrl":"https:\/\/smans.com\/wp-content\/uploads\/2023\/09\/logo.svg","caption":"Smans"},"image":{"@id":"https:\/\/smans.com\/nl\/#\/schema\/logo\/image\/"}}]}},"brands":[{"id":18212,"name":"Bowe","slug":"brand-bowe-fr-2"}],"_links":{"self":[{"href":"https:\/\/smans.com\/fr\/wp-json\/wp\/v2\/product\/25377","targetHints":{"allow":["GET"]}}],"collection":[{"href":"https:\/\/smans.com\/fr\/wp-json\/wp\/v2\/product"}],"about":[{"href":"https:\/\/smans.com\/fr\/wp-json\/wp\/v2\/types\/product"}],"wp:attachment":[{"href":"https:\/\/smans.com\/fr\/wp-json\/wp\/v2\/media?parent=25377"}],"wp:term":[{"taxonomy":"pwb-brand","embeddable":true,"href":"https:\/\/smans.com\/fr\/wp-json\/wp\/v2\/pwb-brand?post=25377"},{"taxonomy":"product_brand","embeddable":true,"href":"https:\/\/smans.com\/fr\/wp-json\/wp\/v2\/product_brand?post=25377"},{"taxonomy":"product_cat","embeddable":true,"href":"https:\/\/smans.com\/fr\/wp-json\/wp\/v2\/product_cat?post=25377"},{"taxonomy":"product_tag","embeddable":true,"href":"https:\/\/smans.com\/fr\/wp-json\/wp\/v2\/product_tag?post=25377"}],"curies":[{"name":"wp","href":"https:\/\/api.w.org\/{rel}","templated":true}]}}