{"id":25378,"date":"2024-06-09T17:14:20","date_gmt":"2024-06-09T15:14:20","guid":{"rendered":"https:\/\/smans.com\/product\/infrared-4-emitter-shrink-device\/"},"modified":"2026-04-23T12:57:09","modified_gmt":"2026-04-23T10:57:09","slug":"infrared-4-emitter-shrink-device","status":"publish","type":"product","link":"https:\/\/smans.com\/fr\/product\/infrared-4-emitter-shrink-device\/","title":{"rendered":"Komax - Infrared 4-Emitter Shrink Device"},"content":{"rendered":"<p data-start=\"1606\" data-end=\"1904\">Le <strong data-start=\"1609\" data-end=\"1617\">IRES<\/strong> est un <strong data-start=\"1625\" data-end=\"1675\">appareil de r\u00e9traction infrarouge stationnaire<\/strong>, id\u00e9al pour <strong data-start=\"1688\" data-end=\"1742\">le traitement des diam\u00e8tres de produits importants<\/strong> n\u00e9cessitant une <strong data-start=\"1759\" data-end=\"1787\">large zone de r\u00e9traction<\/strong>. Cet <strong data-start=\"1793\" data-end=\"1814\">appareil BenchTop<\/strong> est con\u00e7u pour une <strong data-start=\"1834\" data-end=\"1870\">utilisation sur poste de travail<\/strong> en tant qu\u2019<strong data-start=\"1882\" data-end=\"1901\">\u00e9quipement fixe<\/strong>.<\/p>\n<p data-start=\"1906\" data-end=\"2248\">Avec le <strong data-start=\"1914\" data-end=\"1955\">syst\u00e8me de r\u00e9traction infrarouge IRES<\/strong>, les \u00e9l\u00e9ments suivants peuvent \u00eatre trait\u00e9s <strong data-start=\"2000\" data-end=\"2033\">de mani\u00e8re efficace et fiable<\/strong> :<br data-start=\"2035\" data-end=\"2038\" \/>\u2714 <strong data-start=\"2040\" data-end=\"2069\">Gaines thermor\u00e9tractables<\/strong><br data-start=\"2069\" data-end=\"2072\" \/>\u2714 <strong data-start=\"2074\" data-end=\"2099\">Manchons d&rsquo;\u00e9tiquetage<\/strong><br data-start=\"2099\" data-end=\"2102\" \/>\u2714 <strong data-start=\"2104\" data-end=\"2148\">Composants et modules thermor\u00e9tractables<\/strong><br data-start=\"2148\" data-end=\"2151\" \/>\u2714 <strong data-start=\"2153\" data-end=\"2191\">Grilles de gaine thermor\u00e9tractable<\/strong><br data-start=\"2191\" data-end=\"2194\" \/>\u2714 <strong data-start=\"2196\" data-end=\"2246\">Mat\u00e9riaux et produits pour la thermor\u00e9traction<\/strong><\/p>\n<p data-start=\"2250\" data-end=\"2367\" data-is-last-node=\"\">Le <strong data-start=\"2253\" data-end=\"2292\">IRES est disponible en deux tailles<\/strong> et n\u00e9cessite <strong data-start=\"2306\" data-end=\"2349\">l\u2019unit\u00e9 de commande num\u00e9rique IRDC-2000<\/strong> pour fonctionner.<\/p>\n","protected":false},"excerpt":{"rendered":"<p>IRES : Appareil de R\u00e9traction Infrarouge pour Usage Stationnaire<\/p>\n","protected":false},"featured_media":0,"template":"","meta":{"_acf_changed":false},"pwb-brand":[18260],"product_brand":[],"product_cat":[17990,18048,18001],"product_tag":[],"class_list":{"0":"post-25378","1":"product","2":"type-product","3":"status-publish","5":"pwb-brand-brand-komax-fr","6":"product_cat-cables-et-cablage-fr","7":"product_cat-heat-shrinking-systems-fr","8":"product_cat-processus-secondaires-fr","10":"first","11":"instock","12":"taxable","13":"shipping-taxable","14":"product-type-simple"},"acf":[],"yoast_head":"<!-- This site is optimized with the Yoast SEO plugin v27.1.1 - https:\/\/yoast.com\/product\/yoast-seo-wordpress\/ -->\n<title>Infrared 4-Emitter Shrink Device - Smans<\/title>\n<meta name=\"robots\" content=\"index, follow, max-snippet:-1, max-image-preview:large, max-video-preview:-1\" \/>\n<link rel=\"canonical\" href=\"https:\/\/smans.com\/fr\/product\/infrared-4-emitter-shrink-device\/\" \/>\n<meta property=\"og:locale\" content=\"fr_FR\" \/>\n<meta property=\"og:type\" content=\"article\" \/>\n<meta property=\"og:title\" content=\"Infrared 4-Emitter Shrink Device - Smans\" \/>\n<meta property=\"og:description\" content=\"IRES : Appareil de R\u00e9traction Infrarouge pour Usage Stationnaire\" \/>\n<meta property=\"og:url\" content=\"https:\/\/smans.com\/fr\/product\/infrared-4-emitter-shrink-device\/\" \/>\n<meta property=\"og:site_name\" content=\"Smans\" \/>\n<meta property=\"article:modified_time\" content=\"2026-04-23T10:57:09+00:00\" \/>\n<meta name=\"twitter:card\" content=\"summary_large_image\" \/>\n<meta name=\"twitter:label1\" content=\"Dur\u00e9e de lecture estim\u00e9e\" \/>\n\t<meta name=\"twitter:data1\" content=\"1 minute\" \/>\n<script type=\"application\/ld+json\" class=\"yoast-schema-graph\">{\"@context\":\"https:\/\/schema.org\",\"@graph\":[{\"@type\":\"WebPage\",\"@id\":\"https:\/\/smans.com\/fr\/product\/infrared-4-emitter-shrink-device\/\",\"url\":\"https:\/\/smans.com\/fr\/product\/infrared-4-emitter-shrink-device\/\",\"name\":\"Infrared 4-Emitter Shrink Device - Smans\",\"isPartOf\":{\"@id\":\"https:\/\/smans.com\/nl\/#website\"},\"datePublished\":\"2024-06-09T15:14:20+00:00\",\"dateModified\":\"2026-04-23T10:57:09+00:00\",\"breadcrumb\":{\"@id\":\"https:\/\/smans.com\/fr\/product\/infrared-4-emitter-shrink-device\/#breadcrumb\"},\"inLanguage\":\"fr-FR\",\"potentialAction\":[{\"@type\":\"ReadAction\",\"target\":[\"https:\/\/smans.com\/fr\/product\/infrared-4-emitter-shrink-device\/\"]}]},{\"@type\":\"BreadcrumbList\",\"@id\":\"https:\/\/smans.com\/fr\/product\/infrared-4-emitter-shrink-device\/#breadcrumb\",\"itemListElement\":[{\"@type\":\"ListItem\",\"position\":1,\"name\":\"Home\",\"item\":\"https:\/\/smans.com\/fr\/\"},{\"@type\":\"ListItem\",\"position\":2,\"name\":\"Boutique\",\"item\":\"https:\/\/smans.com\/nl\/shop\/\"},{\"@type\":\"ListItem\",\"position\":3,\"name\":\"Komax - Infrared 4-Emitter Shrink Device\"}]},{\"@type\":\"WebSite\",\"@id\":\"https:\/\/smans.com\/nl\/#website\",\"url\":\"https:\/\/smans.com\/nl\/\",\"name\":\"Smans\",\"description\":\"\",\"publisher\":{\"@id\":\"https:\/\/smans.com\/nl\/#organization\"},\"potentialAction\":[{\"@type\":\"SearchAction\",\"target\":{\"@type\":\"EntryPoint\",\"urlTemplate\":\"https:\/\/smans.com\/nl\/?s={search_term_string}\"},\"query-input\":{\"@type\":\"PropertyValueSpecification\",\"valueRequired\":true,\"valueName\":\"search_term_string\"}}],\"inLanguage\":\"fr-FR\"},{\"@type\":\"Organization\",\"@id\":\"https:\/\/smans.com\/nl\/#organization\",\"name\":\"Smans\",\"url\":\"https:\/\/smans.com\/nl\/\",\"logo\":{\"@type\":\"ImageObject\",\"inLanguage\":\"fr-FR\",\"@id\":\"https:\/\/smans.com\/nl\/#\/schema\/logo\/image\/\",\"url\":\"https:\/\/smans.com\/wp-content\/uploads\/2023\/09\/logo.svg\",\"contentUrl\":\"https:\/\/smans.com\/wp-content\/uploads\/2023\/09\/logo.svg\",\"caption\":\"Smans\"},\"image\":{\"@id\":\"https:\/\/smans.com\/nl\/#\/schema\/logo\/image\/\"}}]}<\/script>\n<!-- \/ Yoast SEO plugin. -->","yoast_head_json":{"title":"Infrared 4-Emitter Shrink Device - Smans","robots":{"index":"index","follow":"follow","max-snippet":"max-snippet:-1","max-image-preview":"max-image-preview:large","max-video-preview":"max-video-preview:-1"},"canonical":"https:\/\/smans.com\/fr\/product\/infrared-4-emitter-shrink-device\/","og_locale":"fr_FR","og_type":"article","og_title":"Infrared 4-Emitter Shrink Device - Smans","og_description":"IRES : Appareil de R\u00e9traction Infrarouge pour Usage Stationnaire","og_url":"https:\/\/smans.com\/fr\/product\/infrared-4-emitter-shrink-device\/","og_site_name":"Smans","article_modified_time":"2026-04-23T10:57:09+00:00","twitter_card":"summary_large_image","twitter_misc":{"Dur\u00e9e de lecture estim\u00e9e":"1 minute"},"schema":{"@context":"https:\/\/schema.org","@graph":[{"@type":"WebPage","@id":"https:\/\/smans.com\/fr\/product\/infrared-4-emitter-shrink-device\/","url":"https:\/\/smans.com\/fr\/product\/infrared-4-emitter-shrink-device\/","name":"Infrared 4-Emitter Shrink Device - Smans","isPartOf":{"@id":"https:\/\/smans.com\/nl\/#website"},"datePublished":"2024-06-09T15:14:20+00:00","dateModified":"2026-04-23T10:57:09+00:00","breadcrumb":{"@id":"https:\/\/smans.com\/fr\/product\/infrared-4-emitter-shrink-device\/#breadcrumb"},"inLanguage":"fr-FR","potentialAction":[{"@type":"ReadAction","target":["https:\/\/smans.com\/fr\/product\/infrared-4-emitter-shrink-device\/"]}]},{"@type":"BreadcrumbList","@id":"https:\/\/smans.com\/fr\/product\/infrared-4-emitter-shrink-device\/#breadcrumb","itemListElement":[{"@type":"ListItem","position":1,"name":"Home","item":"https:\/\/smans.com\/fr\/"},{"@type":"ListItem","position":2,"name":"Boutique","item":"https:\/\/smans.com\/nl\/shop\/"},{"@type":"ListItem","position":3,"name":"Komax - Infrared 4-Emitter Shrink Device"}]},{"@type":"WebSite","@id":"https:\/\/smans.com\/nl\/#website","url":"https:\/\/smans.com\/nl\/","name":"Smans","description":"","publisher":{"@id":"https:\/\/smans.com\/nl\/#organization"},"potentialAction":[{"@type":"SearchAction","target":{"@type":"EntryPoint","urlTemplate":"https:\/\/smans.com\/nl\/?s={search_term_string}"},"query-input":{"@type":"PropertyValueSpecification","valueRequired":true,"valueName":"search_term_string"}}],"inLanguage":"fr-FR"},{"@type":"Organization","@id":"https:\/\/smans.com\/nl\/#organization","name":"Smans","url":"https:\/\/smans.com\/nl\/","logo":{"@type":"ImageObject","inLanguage":"fr-FR","@id":"https:\/\/smans.com\/nl\/#\/schema\/logo\/image\/","url":"https:\/\/smans.com\/wp-content\/uploads\/2023\/09\/logo.svg","contentUrl":"https:\/\/smans.com\/wp-content\/uploads\/2023\/09\/logo.svg","caption":"Smans"},"image":{"@id":"https:\/\/smans.com\/nl\/#\/schema\/logo\/image\/"}}]}},"brands":[{"id":18260,"name":"Komax","slug":"brand-komax-fr"}],"_links":{"self":[{"href":"https:\/\/smans.com\/fr\/wp-json\/wp\/v2\/product\/25378","targetHints":{"allow":["GET"]}}],"collection":[{"href":"https:\/\/smans.com\/fr\/wp-json\/wp\/v2\/product"}],"about":[{"href":"https:\/\/smans.com\/fr\/wp-json\/wp\/v2\/types\/product"}],"wp:attachment":[{"href":"https:\/\/smans.com\/fr\/wp-json\/wp\/v2\/media?parent=25378"}],"wp:term":[{"taxonomy":"pwb-brand","embeddable":true,"href":"https:\/\/smans.com\/fr\/wp-json\/wp\/v2\/pwb-brand?post=25378"},{"taxonomy":"product_brand","embeddable":true,"href":"https:\/\/smans.com\/fr\/wp-json\/wp\/v2\/product_brand?post=25378"},{"taxonomy":"product_cat","embeddable":true,"href":"https:\/\/smans.com\/fr\/wp-json\/wp\/v2\/product_cat?post=25378"},{"taxonomy":"product_tag","embeddable":true,"href":"https:\/\/smans.com\/fr\/wp-json\/wp\/v2\/product_tag?post=25378"}],"curies":[{"name":"wp","href":"https:\/\/api.w.org\/{rel}","templated":true}]}}