{"id":25380,"date":"2024-06-09T17:14:51","date_gmt":"2024-06-09T15:14:51","guid":{"rendered":"https:\/\/smans.com\/product\/cable-cleaning-device-beri-co-clean\/"},"modified":"2026-04-09T13:15:53","modified_gmt":"2026-04-09T11:15:53","slug":"cable-cleaning-device-beri-co-clean","status":"publish","type":"product","link":"https:\/\/smans.com\/fr\/product\/cable-cleaning-device-beri-co-clean\/","title":{"rendered":"Rittmeyer - Cable Cleaning Device BERI.CO.CLEAN"},"content":{"rendered":"<p data-start=\"3272\" data-end=\"3517\">Les appareils <strong data-start=\"3286\" data-end=\"3303\">BERI.CO.CLEAN<\/strong> sont con\u00e7us pour <strong data-start=\"3321\" data-end=\"3382\">nettoyer les c\u00e2bles, fils, cath\u00e9ters et autres composants<\/strong>, en \u00e9liminant en toute s\u00e9curit\u00e9 les particules ind\u00e9sirables telles que <strong data-start=\"3454\" data-end=\"3514\">les \u00e9clats, la poussi\u00e8re, le talc ou les microparticules<\/strong>.<\/p>\n<p data-start=\"3519\" data-end=\"3840\">Lors de la manipulation de <strong data-start=\"3546\" data-end=\"3592\">fils coaxiaux et c\u00e2bles haute tension (HV)<\/strong>, notamment lors de <strong data-start=\"3612\" data-end=\"3658\">la d\u00e9coupe et de la s\u00e9paration des tresses<\/strong>, de <strong data-start=\"3663\" data-end=\"3704\">minuscules \u00e9clats peuvent se d\u00e9tacher<\/strong>. Ceux-ci <strong data-start=\"3714\" data-end=\"3737\">doivent \u00eatre \u00e9vit\u00e9s<\/strong>, car ils risquent de provoquer <strong data-start=\"3769\" data-end=\"3837\">des dysfonctionnements dans les \u00e9tapes de traitement ult\u00e9rieures<\/strong>.<\/p>\n<p data-start=\"3842\" data-end=\"3892\">Le <strong data-start=\"3845\" data-end=\"3862\">BERI.CO.CLEAN<\/strong> est <strong data-start=\"3867\" data-end=\"3888\">facile \u00e0 utiliser<\/strong> :<\/p>\n<ul data-start=\"3893\" data-end=\"4031\">\n<li data-start=\"3893\" data-end=\"3960\"><strong data-start=\"3895\" data-end=\"3915\">Ins\u00e9rez le c\u00e2ble<\/strong>, et l&rsquo;aspiration s&rsquo;active automatiquement.<\/li>\n<li data-start=\"3961\" data-end=\"4031\"><strong data-start=\"3963\" data-end=\"3989\">Ou utilisez une p\u00e9dale<\/strong> pour activer l\u2019aspiration manuellement.<\/li>\n<\/ul>\n<p data-start=\"4033\" data-end=\"4289\">La <strong data-start=\"4036\" data-end=\"4080\">version BERI.CO.CLEAN avec \u00e9cran tactile<\/strong> permet de <strong data-start=\"4091\" data-end=\"4140\">s\u00e9lectionner la dur\u00e9e d\u2019aspiration et le mode<\/strong> (capteur ou p\u00e9dale). Diff\u00e9rentes buses d\u2019aspiration et filtres sont disponibles, en fonction du <strong data-start=\"4237\" data-end=\"4286\">diam\u00e8tre du c\u00e2ble et du type de contamination<\/strong>.<\/p>\n<p data-start=\"4291\" data-end=\"4482\">Les machines sont con\u00e7ues pour <strong data-start=\"4322\" data-end=\"4376\">des fils d\u2019un diam\u00e8tre ext\u00e9rieur jusqu&rsquo;\u00e0 \u00d8 19,0 mm<\/strong> et <strong data-start=\"4380\" data-end=\"4418\">une longueur allant jusqu&rsquo;\u00e0 270 mm<\/strong>. <strong data-start=\"4420\" data-end=\"4479\">Des tailles personnalis\u00e9es sont disponibles sur demande<\/strong>.<\/p>\n<h4 data-start=\"4484\" data-end=\"4530\"><strong data-start=\"4489\" data-end=\"4528\">Caract\u00e9ristiques et Fonctionnalit\u00e9s<\/strong><\/h4>\n<p data-start=\"4531\" data-end=\"4704\">\u2714 <strong data-start=\"4533\" data-end=\"4576\">Flux d\u2019air d\u00e9fini dans un syst\u00e8me ferm\u00e9<\/strong><br data-start=\"4576\" data-end=\"4579\" \/>\u2714 <strong data-start=\"4581\" data-end=\"4660\">Filtration et stockage s\u00e9curis\u00e9s des particules sans impact environnemental<\/strong><br data-start=\"4660\" data-end=\"4663\" \/>\u2714 <strong data-start=\"4665\" data-end=\"4702\">Construction industrielle robuste<\/strong><\/p>\n<p data-start=\"4706\" data-end=\"4861\" data-is-last-node=\"\">Le <strong data-start=\"4709\" data-end=\"4726\">BERI.CO.CLEAN<\/strong> garantit une <strong data-start=\"4740\" data-end=\"4771\">solution fiable et efficace<\/strong> pour un <strong data-start=\"4780\" data-end=\"4824\">traitement des c\u00e2bles propre et s\u00e9curis\u00e9<\/strong> dans les applications industrielles.<\/p>\n","protected":false},"excerpt":{"rendered":"<p>BERI.CO.CLEAN : Syst\u00e8mes de Nettoyage \u00c9lectropneumatiques pour C\u00e2bles et Fils<\/p>\n","protected":false},"featured_media":0,"template":"","meta":{"_acf_changed":false},"pwb-brand":[18290],"product_brand":[],"product_cat":[18047,17990,18001],"product_tag":[],"class_list":{"0":"post-25380","1":"product","2":"type-product","3":"status-publish","5":"pwb-brand-brand-rittmeyer-fr","6":"product_cat-cable-shielding-processing-fr","7":"product_cat-cables-et-cablage-fr","8":"product_cat-processus-secondaires-fr","10":"first","11":"instock","12":"taxable","13":"shipping-taxable","14":"purchasable","15":"product-type-simple"},"acf":[],"yoast_head":"<!-- This site is optimized with the Yoast SEO plugin v27.1.1 - https:\/\/yoast.com\/product\/yoast-seo-wordpress\/ -->\n<title>Cable Cleaning Device BERI.CO.CLEAN - Smans<\/title>\n<meta name=\"robots\" content=\"index, follow, max-snippet:-1, max-image-preview:large, max-video-preview:-1\" \/>\n<link rel=\"canonical\" href=\"https:\/\/smans.com\/fr\/product\/cable-cleaning-device-beri-co-clean\/\" \/>\n<meta property=\"og:locale\" content=\"fr_FR\" \/>\n<meta property=\"og:type\" content=\"article\" \/>\n<meta property=\"og:title\" content=\"Cable Cleaning Device BERI.CO.CLEAN - Smans\" \/>\n<meta property=\"og:description\" content=\"BERI.CO.CLEAN : Syst\u00e8mes de Nettoyage \u00c9lectropneumatiques pour C\u00e2bles et Fils\" \/>\n<meta property=\"og:url\" content=\"https:\/\/smans.com\/fr\/product\/cable-cleaning-device-beri-co-clean\/\" \/>\n<meta property=\"og:site_name\" content=\"Smans\" \/>\n<meta property=\"article:modified_time\" content=\"2026-04-09T11:15:53+00:00\" \/>\n<meta name=\"twitter:card\" content=\"summary_large_image\" \/>\n<meta name=\"twitter:label1\" content=\"Dur\u00e9e de lecture estim\u00e9e\" \/>\n\t<meta name=\"twitter:data1\" content=\"1 minute\" \/>\n<script type=\"application\/ld+json\" class=\"yoast-schema-graph\">{\"@context\":\"https:\/\/schema.org\",\"@graph\":[{\"@type\":\"WebPage\",\"@id\":\"https:\/\/smans.com\/fr\/product\/cable-cleaning-device-beri-co-clean\/\",\"url\":\"https:\/\/smans.com\/fr\/product\/cable-cleaning-device-beri-co-clean\/\",\"name\":\"Cable Cleaning Device BERI.CO.CLEAN - Smans\",\"isPartOf\":{\"@id\":\"https:\/\/smans.com\/nl\/#website\"},\"datePublished\":\"2024-06-09T15:14:51+00:00\",\"dateModified\":\"2026-04-09T11:15:53+00:00\",\"breadcrumb\":{\"@id\":\"https:\/\/smans.com\/fr\/product\/cable-cleaning-device-beri-co-clean\/#breadcrumb\"},\"inLanguage\":\"fr-FR\",\"potentialAction\":[{\"@type\":\"ReadAction\",\"target\":[\"https:\/\/smans.com\/fr\/product\/cable-cleaning-device-beri-co-clean\/\"]}]},{\"@type\":\"BreadcrumbList\",\"@id\":\"https:\/\/smans.com\/fr\/product\/cable-cleaning-device-beri-co-clean\/#breadcrumb\",\"itemListElement\":[{\"@type\":\"ListItem\",\"position\":1,\"name\":\"Home\",\"item\":\"https:\/\/smans.com\/fr\/\"},{\"@type\":\"ListItem\",\"position\":2,\"name\":\"Boutique\",\"item\":\"https:\/\/smans.com\/nl\/shop\/\"},{\"@type\":\"ListItem\",\"position\":3,\"name\":\"Rittmeyer - Cable Cleaning Device BERI.CO.CLEAN\"}]},{\"@type\":\"WebSite\",\"@id\":\"https:\/\/smans.com\/nl\/#website\",\"url\":\"https:\/\/smans.com\/nl\/\",\"name\":\"Smans\",\"description\":\"\",\"publisher\":{\"@id\":\"https:\/\/smans.com\/nl\/#organization\"},\"potentialAction\":[{\"@type\":\"SearchAction\",\"target\":{\"@type\":\"EntryPoint\",\"urlTemplate\":\"https:\/\/smans.com\/nl\/?s={search_term_string}\"},\"query-input\":{\"@type\":\"PropertyValueSpecification\",\"valueRequired\":true,\"valueName\":\"search_term_string\"}}],\"inLanguage\":\"fr-FR\"},{\"@type\":\"Organization\",\"@id\":\"https:\/\/smans.com\/nl\/#organization\",\"name\":\"Smans\",\"url\":\"https:\/\/smans.com\/nl\/\",\"logo\":{\"@type\":\"ImageObject\",\"inLanguage\":\"fr-FR\",\"@id\":\"https:\/\/smans.com\/nl\/#\/schema\/logo\/image\/\",\"url\":\"https:\/\/smans.com\/wp-content\/uploads\/2023\/09\/logo.svg\",\"contentUrl\":\"https:\/\/smans.com\/wp-content\/uploads\/2023\/09\/logo.svg\",\"caption\":\"Smans\"},\"image\":{\"@id\":\"https:\/\/smans.com\/nl\/#\/schema\/logo\/image\/\"}}]}<\/script>\n<!-- \/ Yoast SEO plugin. -->","yoast_head_json":{"title":"Cable Cleaning Device BERI.CO.CLEAN - Smans","robots":{"index":"index","follow":"follow","max-snippet":"max-snippet:-1","max-image-preview":"max-image-preview:large","max-video-preview":"max-video-preview:-1"},"canonical":"https:\/\/smans.com\/fr\/product\/cable-cleaning-device-beri-co-clean\/","og_locale":"fr_FR","og_type":"article","og_title":"Cable Cleaning Device BERI.CO.CLEAN - Smans","og_description":"BERI.CO.CLEAN : Syst\u00e8mes de Nettoyage \u00c9lectropneumatiques pour C\u00e2bles et Fils","og_url":"https:\/\/smans.com\/fr\/product\/cable-cleaning-device-beri-co-clean\/","og_site_name":"Smans","article_modified_time":"2026-04-09T11:15:53+00:00","twitter_card":"summary_large_image","twitter_misc":{"Dur\u00e9e de lecture estim\u00e9e":"1 minute"},"schema":{"@context":"https:\/\/schema.org","@graph":[{"@type":"WebPage","@id":"https:\/\/smans.com\/fr\/product\/cable-cleaning-device-beri-co-clean\/","url":"https:\/\/smans.com\/fr\/product\/cable-cleaning-device-beri-co-clean\/","name":"Cable Cleaning Device BERI.CO.CLEAN - Smans","isPartOf":{"@id":"https:\/\/smans.com\/nl\/#website"},"datePublished":"2024-06-09T15:14:51+00:00","dateModified":"2026-04-09T11:15:53+00:00","breadcrumb":{"@id":"https:\/\/smans.com\/fr\/product\/cable-cleaning-device-beri-co-clean\/#breadcrumb"},"inLanguage":"fr-FR","potentialAction":[{"@type":"ReadAction","target":["https:\/\/smans.com\/fr\/product\/cable-cleaning-device-beri-co-clean\/"]}]},{"@type":"BreadcrumbList","@id":"https:\/\/smans.com\/fr\/product\/cable-cleaning-device-beri-co-clean\/#breadcrumb","itemListElement":[{"@type":"ListItem","position":1,"name":"Home","item":"https:\/\/smans.com\/fr\/"},{"@type":"ListItem","position":2,"name":"Boutique","item":"https:\/\/smans.com\/nl\/shop\/"},{"@type":"ListItem","position":3,"name":"Rittmeyer - Cable Cleaning Device BERI.CO.CLEAN"}]},{"@type":"WebSite","@id":"https:\/\/smans.com\/nl\/#website","url":"https:\/\/smans.com\/nl\/","name":"Smans","description":"","publisher":{"@id":"https:\/\/smans.com\/nl\/#organization"},"potentialAction":[{"@type":"SearchAction","target":{"@type":"EntryPoint","urlTemplate":"https:\/\/smans.com\/nl\/?s={search_term_string}"},"query-input":{"@type":"PropertyValueSpecification","valueRequired":true,"valueName":"search_term_string"}}],"inLanguage":"fr-FR"},{"@type":"Organization","@id":"https:\/\/smans.com\/nl\/#organization","name":"Smans","url":"https:\/\/smans.com\/nl\/","logo":{"@type":"ImageObject","inLanguage":"fr-FR","@id":"https:\/\/smans.com\/nl\/#\/schema\/logo\/image\/","url":"https:\/\/smans.com\/wp-content\/uploads\/2023\/09\/logo.svg","contentUrl":"https:\/\/smans.com\/wp-content\/uploads\/2023\/09\/logo.svg","caption":"Smans"},"image":{"@id":"https:\/\/smans.com\/nl\/#\/schema\/logo\/image\/"}}]}},"brands":[{"id":18290,"name":"Rittmeyer","slug":"brand-rittmeyer-fr"}],"_links":{"self":[{"href":"https:\/\/smans.com\/fr\/wp-json\/wp\/v2\/product\/25380","targetHints":{"allow":["GET"]}}],"collection":[{"href":"https:\/\/smans.com\/fr\/wp-json\/wp\/v2\/product"}],"about":[{"href":"https:\/\/smans.com\/fr\/wp-json\/wp\/v2\/types\/product"}],"wp:attachment":[{"href":"https:\/\/smans.com\/fr\/wp-json\/wp\/v2\/media?parent=25380"}],"wp:term":[{"taxonomy":"pwb-brand","embeddable":true,"href":"https:\/\/smans.com\/fr\/wp-json\/wp\/v2\/pwb-brand?post=25380"},{"taxonomy":"product_brand","embeddable":true,"href":"https:\/\/smans.com\/fr\/wp-json\/wp\/v2\/product_brand?post=25380"},{"taxonomy":"product_cat","embeddable":true,"href":"https:\/\/smans.com\/fr\/wp-json\/wp\/v2\/product_cat?post=25380"},{"taxonomy":"product_tag","embeddable":true,"href":"https:\/\/smans.com\/fr\/wp-json\/wp\/v2\/product_tag?post=25380"}],"curies":[{"name":"wp","href":"https:\/\/api.w.org\/{rel}","templated":true}]}}