{"id":25381,"date":"2024-06-09T17:14:49","date_gmt":"2024-06-09T15:14:49","guid":{"rendered":"https:\/\/smans.com\/product\/coax-shielding-cutting-device-beri-co-cut\/"},"modified":"2026-04-09T13:15:53","modified_gmt":"2026-04-09T11:15:53","slug":"coax-shielding-cutting-device-beri-co-cut","status":"publish","type":"product","link":"https:\/\/smans.com\/fr\/product\/coax-shielding-cutting-device-beri-co-cut\/","title":{"rendered":"Rittmeyer - Coax Shielding Cutting Device BERI.CO.CUT"},"content":{"rendered":"<p data-start=\"2771\" data-end=\"3099\">Le <strong data-start=\"2774\" data-end=\"2789\">BERI.CO.CUT<\/strong> est un <strong data-start=\"2797\" data-end=\"2828\">appareil de haute pr\u00e9cision<\/strong> con\u00e7u pour <strong data-start=\"2840\" data-end=\"2877\">couper les blindages et tressages<\/strong>, comme dans les <strong data-start=\"2894\" data-end=\"2927\">c\u00e2bles coaxiaux multi-couches<\/strong>. En particulier, les <strong data-start=\"2949\" data-end=\"2973\">c\u00e2bles haute tension<\/strong> utilis\u00e9s dans la <strong data-start=\"2991\" data-end=\"3039\">nouvelle g\u00e9n\u00e9ration de v\u00e9hicules \u00e9lectriques<\/strong> peuvent \u00eatre trait\u00e9s <strong data-start=\"3061\" data-end=\"3096\">de mani\u00e8re fiable et \u00e9conomique<\/strong>.<\/p>\n<p data-start=\"3101\" data-end=\"3431\">Le <strong data-start=\"3104\" data-end=\"3170\">principe de fonctionnement du BERI.CO.CUT emp\u00eache tout dommage<\/strong> aux couches sous-jacentes, notamment les <strong data-start=\"3212\" data-end=\"3287\">couches di\u00e9lectriques, les blindages suppl\u00e9mentaires et les conducteurs<\/strong>. Gr\u00e2ce \u00e0 des outils adapt\u00e9s aux <strong data-start=\"3320\" data-end=\"3340\">c\u00e2bles concern\u00e9s<\/strong>, les blindages et tressages peuvent \u00eatre <strong data-start=\"3382\" data-end=\"3428\">coup\u00e9s avec pr\u00e9cision en quelques secondes<\/strong>.<\/p>\n<p data-start=\"3433\" data-end=\"3528\">Le <strong data-start=\"3436\" data-end=\"3508\">BERI.CO.CUT est con\u00e7u pour des c\u00e2bles d\u2019un diam\u00e8tre de 4,0 \u00e0 23,0 mm<\/strong> (selon le c\u00e2ble).<\/p>\n<h4 data-start=\"3530\" data-end=\"3576\"><strong data-start=\"3535\" data-end=\"3574\">Caract\u00e9ristiques et Fonctionnalit\u00e9s<\/strong><\/h4>\n<p data-start=\"3577\" data-end=\"3907\">\u2714 <strong data-start=\"3579\" data-end=\"3626\">Tressage coup\u00e9 proprement et avec pr\u00e9cision<\/strong><br data-start=\"3626\" data-end=\"3629\" \/>\u2714 <strong data-start=\"3631\" data-end=\"3657\">Utilisation conviviale<\/strong><br data-start=\"3657\" data-end=\"3660\" \/>\u2714 <strong data-start=\"3662\" data-end=\"3726\">Construction robuste, adapt\u00e9e aux environnements industriels<\/strong><br data-start=\"3726\" data-end=\"3729\" \/>\u2714 <strong data-start=\"3731\" data-end=\"3782\">Compatible avec les tressages en fils non ronds<\/strong><br data-start=\"3782\" data-end=\"3785\" \/>\u2714 <strong data-start=\"3787\" data-end=\"3842\">Aucun risque d\u2019endommager les couches sous-jacentes<\/strong><br data-start=\"3842\" data-end=\"3845\" \/>\u2714 <strong data-start=\"3847\" data-end=\"3905\">Traitement fiable et pr\u00e9cis des blindages et tressages<\/strong><\/p>\n<p data-start=\"3909\" data-end=\"4058\" data-is-last-node=\"\">Le <strong data-start=\"3912\" data-end=\"3927\">BERI.CO.CUT<\/strong> constitue une <strong data-start=\"3942\" data-end=\"3974\">solution efficace et pr\u00e9cise<\/strong> pour le <strong data-start=\"3983\" data-end=\"4057\">traitement des blindages de c\u00e2bles dans des environnements industriels<\/strong>.<\/p>\n","protected":false},"excerpt":{"rendered":"<p>BERI.CO.CUT : Machine de Coupe pour Blindage et Tressage de C\u00e2bles<\/p>\n","protected":false},"featured_media":0,"template":"","meta":{"_acf_changed":false},"pwb-brand":[18290],"product_brand":[],"product_cat":[18047,17990,18001],"product_tag":[],"class_list":{"0":"post-25381","1":"product","2":"type-product","3":"status-publish","5":"pwb-brand-brand-rittmeyer-fr","6":"product_cat-cable-shielding-processing-fr","7":"product_cat-cables-et-cablage-fr","8":"product_cat-processus-secondaires-fr","10":"first","11":"instock","12":"taxable","13":"shipping-taxable","14":"product-type-simple"},"acf":[],"yoast_head":"<!-- This site is optimized with the Yoast SEO plugin v27.1.1 - https:\/\/yoast.com\/product\/yoast-seo-wordpress\/ -->\n<title>Coax Shielding Cutting Device BERI.CO.CUT - Smans<\/title>\n<meta name=\"robots\" content=\"index, follow, max-snippet:-1, max-image-preview:large, max-video-preview:-1\" \/>\n<link rel=\"canonical\" href=\"https:\/\/smans.com\/fr\/product\/coax-shielding-cutting-device-beri-co-cut\/\" \/>\n<meta property=\"og:locale\" content=\"fr_FR\" \/>\n<meta property=\"og:type\" content=\"article\" \/>\n<meta property=\"og:title\" content=\"Coax Shielding Cutting Device BERI.CO.CUT - Smans\" \/>\n<meta property=\"og:description\" content=\"BERI.CO.CUT : Machine de Coupe pour Blindage et Tressage de C\u00e2bles\" \/>\n<meta property=\"og:url\" content=\"https:\/\/smans.com\/fr\/product\/coax-shielding-cutting-device-beri-co-cut\/\" \/>\n<meta property=\"og:site_name\" content=\"Smans\" \/>\n<meta property=\"article:modified_time\" content=\"2026-04-09T11:15:53+00:00\" \/>\n<meta name=\"twitter:card\" content=\"summary_large_image\" \/>\n<meta name=\"twitter:label1\" content=\"Dur\u00e9e de lecture estim\u00e9e\" \/>\n\t<meta name=\"twitter:data1\" content=\"1 minute\" \/>\n<script type=\"application\/ld+json\" class=\"yoast-schema-graph\">{\"@context\":\"https:\/\/schema.org\",\"@graph\":[{\"@type\":\"WebPage\",\"@id\":\"https:\/\/smans.com\/fr\/product\/coax-shielding-cutting-device-beri-co-cut\/\",\"url\":\"https:\/\/smans.com\/fr\/product\/coax-shielding-cutting-device-beri-co-cut\/\",\"name\":\"Coax Shielding Cutting Device BERI.CO.CUT - Smans\",\"isPartOf\":{\"@id\":\"https:\/\/smans.com\/nl\/#website\"},\"datePublished\":\"2024-06-09T15:14:49+00:00\",\"dateModified\":\"2026-04-09T11:15:53+00:00\",\"breadcrumb\":{\"@id\":\"https:\/\/smans.com\/fr\/product\/coax-shielding-cutting-device-beri-co-cut\/#breadcrumb\"},\"inLanguage\":\"fr-FR\",\"potentialAction\":[{\"@type\":\"ReadAction\",\"target\":[\"https:\/\/smans.com\/fr\/product\/coax-shielding-cutting-device-beri-co-cut\/\"]}]},{\"@type\":\"BreadcrumbList\",\"@id\":\"https:\/\/smans.com\/fr\/product\/coax-shielding-cutting-device-beri-co-cut\/#breadcrumb\",\"itemListElement\":[{\"@type\":\"ListItem\",\"position\":1,\"name\":\"Home\",\"item\":\"https:\/\/smans.com\/fr\/\"},{\"@type\":\"ListItem\",\"position\":2,\"name\":\"Boutique\",\"item\":\"https:\/\/smans.com\/nl\/shop\/\"},{\"@type\":\"ListItem\",\"position\":3,\"name\":\"Rittmeyer - Coax Shielding Cutting Device BERI.CO.CUT\"}]},{\"@type\":\"WebSite\",\"@id\":\"https:\/\/smans.com\/nl\/#website\",\"url\":\"https:\/\/smans.com\/nl\/\",\"name\":\"Smans\",\"description\":\"\",\"publisher\":{\"@id\":\"https:\/\/smans.com\/nl\/#organization\"},\"potentialAction\":[{\"@type\":\"SearchAction\",\"target\":{\"@type\":\"EntryPoint\",\"urlTemplate\":\"https:\/\/smans.com\/nl\/?s={search_term_string}\"},\"query-input\":{\"@type\":\"PropertyValueSpecification\",\"valueRequired\":true,\"valueName\":\"search_term_string\"}}],\"inLanguage\":\"fr-FR\"},{\"@type\":\"Organization\",\"@id\":\"https:\/\/smans.com\/nl\/#organization\",\"name\":\"Smans\",\"url\":\"https:\/\/smans.com\/nl\/\",\"logo\":{\"@type\":\"ImageObject\",\"inLanguage\":\"fr-FR\",\"@id\":\"https:\/\/smans.com\/nl\/#\/schema\/logo\/image\/\",\"url\":\"https:\/\/smans.com\/wp-content\/uploads\/2023\/09\/logo.svg\",\"contentUrl\":\"https:\/\/smans.com\/wp-content\/uploads\/2023\/09\/logo.svg\",\"caption\":\"Smans\"},\"image\":{\"@id\":\"https:\/\/smans.com\/nl\/#\/schema\/logo\/image\/\"}}]}<\/script>\n<!-- \/ Yoast SEO plugin. -->","yoast_head_json":{"title":"Coax Shielding Cutting Device BERI.CO.CUT - Smans","robots":{"index":"index","follow":"follow","max-snippet":"max-snippet:-1","max-image-preview":"max-image-preview:large","max-video-preview":"max-video-preview:-1"},"canonical":"https:\/\/smans.com\/fr\/product\/coax-shielding-cutting-device-beri-co-cut\/","og_locale":"fr_FR","og_type":"article","og_title":"Coax Shielding Cutting Device BERI.CO.CUT - Smans","og_description":"BERI.CO.CUT : Machine de Coupe pour Blindage et Tressage de C\u00e2bles","og_url":"https:\/\/smans.com\/fr\/product\/coax-shielding-cutting-device-beri-co-cut\/","og_site_name":"Smans","article_modified_time":"2026-04-09T11:15:53+00:00","twitter_card":"summary_large_image","twitter_misc":{"Dur\u00e9e de lecture estim\u00e9e":"1 minute"},"schema":{"@context":"https:\/\/schema.org","@graph":[{"@type":"WebPage","@id":"https:\/\/smans.com\/fr\/product\/coax-shielding-cutting-device-beri-co-cut\/","url":"https:\/\/smans.com\/fr\/product\/coax-shielding-cutting-device-beri-co-cut\/","name":"Coax Shielding Cutting Device BERI.CO.CUT - Smans","isPartOf":{"@id":"https:\/\/smans.com\/nl\/#website"},"datePublished":"2024-06-09T15:14:49+00:00","dateModified":"2026-04-09T11:15:53+00:00","breadcrumb":{"@id":"https:\/\/smans.com\/fr\/product\/coax-shielding-cutting-device-beri-co-cut\/#breadcrumb"},"inLanguage":"fr-FR","potentialAction":[{"@type":"ReadAction","target":["https:\/\/smans.com\/fr\/product\/coax-shielding-cutting-device-beri-co-cut\/"]}]},{"@type":"BreadcrumbList","@id":"https:\/\/smans.com\/fr\/product\/coax-shielding-cutting-device-beri-co-cut\/#breadcrumb","itemListElement":[{"@type":"ListItem","position":1,"name":"Home","item":"https:\/\/smans.com\/fr\/"},{"@type":"ListItem","position":2,"name":"Boutique","item":"https:\/\/smans.com\/nl\/shop\/"},{"@type":"ListItem","position":3,"name":"Rittmeyer - Coax Shielding Cutting Device BERI.CO.CUT"}]},{"@type":"WebSite","@id":"https:\/\/smans.com\/nl\/#website","url":"https:\/\/smans.com\/nl\/","name":"Smans","description":"","publisher":{"@id":"https:\/\/smans.com\/nl\/#organization"},"potentialAction":[{"@type":"SearchAction","target":{"@type":"EntryPoint","urlTemplate":"https:\/\/smans.com\/nl\/?s={search_term_string}"},"query-input":{"@type":"PropertyValueSpecification","valueRequired":true,"valueName":"search_term_string"}}],"inLanguage":"fr-FR"},{"@type":"Organization","@id":"https:\/\/smans.com\/nl\/#organization","name":"Smans","url":"https:\/\/smans.com\/nl\/","logo":{"@type":"ImageObject","inLanguage":"fr-FR","@id":"https:\/\/smans.com\/nl\/#\/schema\/logo\/image\/","url":"https:\/\/smans.com\/wp-content\/uploads\/2023\/09\/logo.svg","contentUrl":"https:\/\/smans.com\/wp-content\/uploads\/2023\/09\/logo.svg","caption":"Smans"},"image":{"@id":"https:\/\/smans.com\/nl\/#\/schema\/logo\/image\/"}}]}},"brands":[{"id":18290,"name":"Rittmeyer","slug":"brand-rittmeyer-fr"}],"_links":{"self":[{"href":"https:\/\/smans.com\/fr\/wp-json\/wp\/v2\/product\/25381","targetHints":{"allow":["GET"]}}],"collection":[{"href":"https:\/\/smans.com\/fr\/wp-json\/wp\/v2\/product"}],"about":[{"href":"https:\/\/smans.com\/fr\/wp-json\/wp\/v2\/types\/product"}],"wp:attachment":[{"href":"https:\/\/smans.com\/fr\/wp-json\/wp\/v2\/media?parent=25381"}],"wp:term":[{"taxonomy":"pwb-brand","embeddable":true,"href":"https:\/\/smans.com\/fr\/wp-json\/wp\/v2\/pwb-brand?post=25381"},{"taxonomy":"product_brand","embeddable":true,"href":"https:\/\/smans.com\/fr\/wp-json\/wp\/v2\/product_brand?post=25381"},{"taxonomy":"product_cat","embeddable":true,"href":"https:\/\/smans.com\/fr\/wp-json\/wp\/v2\/product_cat?post=25381"},{"taxonomy":"product_tag","embeddable":true,"href":"https:\/\/smans.com\/fr\/wp-json\/wp\/v2\/product_tag?post=25381"}],"curies":[{"name":"wp","href":"https:\/\/api.w.org\/{rel}","templated":true}]}}