{"id":25399,"date":"2024-06-09T17:08:09","date_gmt":"2024-06-09T15:08:09","guid":{"rendered":"https:\/\/smans.com\/product\/precision-measuring-device-q1210\/"},"modified":"2026-04-07T12:43:26","modified_gmt":"2026-04-07T10:43:26","slug":"precision-measuring-device-q1210","status":"publish","type":"product","link":"https:\/\/smans.com\/fr\/product\/precision-measuring-device-q1210\/","title":{"rendered":"Komax - Precision measuring device Q1210"},"content":{"rendered":"<p data-start=\"2673\" data-end=\"3030\">Le <strong data-start=\"2676\" data-end=\"2685\">Q1210<\/strong> est un <strong data-start=\"2693\" data-end=\"2726\">module de mesure de pr\u00e9cision<\/strong> pour <strong data-start=\"2732\" data-end=\"2767\">machines de traitement des fils<\/strong>, con\u00e7u pour <strong data-start=\"2780\" data-end=\"2830\">mesurer des forces de traction de 20 \u00e0 1 000 N<\/strong> avec une <strong data-start=\"2840\" data-end=\"2893\">vitesse d\u2019extraction pouvant atteindre 200 mm\/min<\/strong>. Gr\u00e2ce \u00e0 sa <strong data-start=\"2906\" data-end=\"2931\">large plage de mesure<\/strong>, le Q1210 convient aux <strong data-start=\"2955\" data-end=\"2994\">petites et grandes sections de fils<\/strong> ainsi qu\u2019\u00e0 diverses applications.<\/p>\n<h4 data-start=\"3032\" data-end=\"3085\"><strong data-start=\"3037\" data-end=\"3083\">Pr\u00e9cision de Mesure Avanc\u00e9e et Int\u00e9gration<\/strong><\/h4>\n<ul data-start=\"3086\" data-end=\"3429\">\n<li data-start=\"3086\" data-end=\"3163\"><strong data-start=\"3088\" data-end=\"3160\">Boucle de r\u00e9gulation garantissant une vitesse d\u2019extraction constante<\/strong>.<\/li>\n<li data-start=\"3164\" data-end=\"3263\"><strong data-start=\"3166\" data-end=\"3198\">Transfert direct des donn\u00e9es<\/strong> vers la machine de base pour comparaison avec la valeur cible.<\/li>\n<li data-start=\"3264\" data-end=\"3342\"><strong data-start=\"3266\" data-end=\"3284\">Interface WPCS<\/strong> pour une sortie et un traitement flexibles des donn\u00e9es.<\/li>\n<li data-start=\"3343\" data-end=\"3429\"><strong data-start=\"3345\" data-end=\"3367\">Int\u00e9gration simple<\/strong> avec les logiciels <strong data-start=\"3387\" data-end=\"3404\">TopWin ou HMI<\/strong> de la machine de base.<\/li>\n<\/ul>\n<h4 data-start=\"3431\" data-end=\"3473\"><strong data-start=\"3436\" data-end=\"3471\">Utilisation Facile et S\u00e9curis\u00e9e<\/strong><\/h4>\n<ul data-start=\"3474\" data-end=\"3789\">\n<li data-start=\"3474\" data-end=\"3557\"><strong data-start=\"3476\" data-end=\"3502\">Conception ergonomique<\/strong>, adapt\u00e9e aux <strong data-start=\"3516\" data-end=\"3554\">utilisateurs droitiers et gauchers<\/strong>.<\/li>\n<li data-start=\"3558\" data-end=\"3637\"><strong data-start=\"3560\" data-end=\"3607\">Protection de serrage contr\u00f4l\u00e9e par capteur<\/strong> pour un fonctionnement s\u00fbr.<\/li>\n<li data-start=\"3638\" data-end=\"3728\"><strong data-start=\"3640\" data-end=\"3664\">Construction robuste<\/strong> garantissant une fiabilit\u00e9 \u00e9lev\u00e9e et une longue dur\u00e9e de vie.<\/li>\n<li data-start=\"3729\" data-end=\"3789\"><strong data-start=\"3731\" data-end=\"3754\">Grande r\u00e9p\u00e9tabilit\u00e9<\/strong> pour un contr\u00f4le qualit\u00e9 pr\u00e9cis.<\/li>\n<\/ul>\n<p data-start=\"3791\" data-end=\"3977\" data-is-last-node=\"\">Le <strong data-start=\"3794\" data-end=\"3833\">module de mesure de pr\u00e9cision Q1210<\/strong> est une <strong data-start=\"3842\" data-end=\"3885\">solution stable, pr\u00e9cise et polyvalente<\/strong> pour <strong data-start=\"3891\" data-end=\"3976\">l\u2019assurance qualit\u00e9 dans le traitement des fils et les tests de force de traction<\/strong>.<\/p>\n","protected":false},"excerpt":{"rendered":"<p>Q1210 Module de Mesure de Pr\u00e9cision : Test Fiable de la Force de Traction pour le Traitement des Fils<\/p>\n","protected":false},"featured_media":0,"template":"","meta":{"_acf_changed":false},"pwb-brand":[18260],"product_brand":[],"product_cat":[17990,17997,18025],"product_tag":[],"class_list":{"0":"post-25399","1":"product","2":"type-product","3":"status-publish","5":"pwb-brand-brand-komax-fr","6":"product_cat-cables-et-cablage-fr","7":"product_cat-control-de-la-qualite-fr","8":"product_cat-quality-modules-fr","10":"first","11":"instock","12":"taxable","13":"shipping-taxable","14":"product-type-simple"},"acf":[],"yoast_head":"<!-- This site is optimized with the Yoast SEO plugin v27.1.1 - https:\/\/yoast.com\/product\/yoast-seo-wordpress\/ -->\n<title>Precision measuring device Q1210 - Smans<\/title>\n<meta name=\"robots\" content=\"index, follow, max-snippet:-1, max-image-preview:large, max-video-preview:-1\" \/>\n<link rel=\"canonical\" href=\"https:\/\/smans.com\/fr\/product\/precision-measuring-device-q1210\/\" \/>\n<meta property=\"og:locale\" content=\"fr_FR\" \/>\n<meta property=\"og:type\" content=\"article\" \/>\n<meta property=\"og:title\" content=\"Precision measuring device Q1210 - Smans\" \/>\n<meta property=\"og:description\" content=\"Q1210 Module de Mesure de Pr\u00e9cision : Test Fiable de la Force de Traction pour le Traitement des Fils\" \/>\n<meta property=\"og:url\" content=\"https:\/\/smans.com\/fr\/product\/precision-measuring-device-q1210\/\" \/>\n<meta property=\"og:site_name\" content=\"Smans\" \/>\n<meta property=\"article:modified_time\" content=\"2026-04-07T10:43:26+00:00\" \/>\n<meta name=\"twitter:card\" content=\"summary_large_image\" \/>\n<meta name=\"twitter:label1\" content=\"Dur\u00e9e de lecture estim\u00e9e\" \/>\n\t<meta name=\"twitter:data1\" content=\"1 minute\" \/>\n<script type=\"application\/ld+json\" class=\"yoast-schema-graph\">{\"@context\":\"https:\/\/schema.org\",\"@graph\":[{\"@type\":\"WebPage\",\"@id\":\"https:\/\/smans.com\/fr\/product\/precision-measuring-device-q1210\/\",\"url\":\"https:\/\/smans.com\/fr\/product\/precision-measuring-device-q1210\/\",\"name\":\"Precision measuring device Q1210 - Smans\",\"isPartOf\":{\"@id\":\"https:\/\/smans.com\/nl\/#website\"},\"datePublished\":\"2024-06-09T15:08:09+00:00\",\"dateModified\":\"2026-04-07T10:43:26+00:00\",\"breadcrumb\":{\"@id\":\"https:\/\/smans.com\/fr\/product\/precision-measuring-device-q1210\/#breadcrumb\"},\"inLanguage\":\"fr-FR\",\"potentialAction\":[{\"@type\":\"ReadAction\",\"target\":[\"https:\/\/smans.com\/fr\/product\/precision-measuring-device-q1210\/\"]}]},{\"@type\":\"BreadcrumbList\",\"@id\":\"https:\/\/smans.com\/fr\/product\/precision-measuring-device-q1210\/#breadcrumb\",\"itemListElement\":[{\"@type\":\"ListItem\",\"position\":1,\"name\":\"Home\",\"item\":\"https:\/\/smans.com\/fr\/\"},{\"@type\":\"ListItem\",\"position\":2,\"name\":\"Boutique\",\"item\":\"https:\/\/smans.com\/nl\/shop\/\"},{\"@type\":\"ListItem\",\"position\":3,\"name\":\"Komax - Precision measuring device Q1210\"}]},{\"@type\":\"WebSite\",\"@id\":\"https:\/\/smans.com\/nl\/#website\",\"url\":\"https:\/\/smans.com\/nl\/\",\"name\":\"Smans\",\"description\":\"\",\"publisher\":{\"@id\":\"https:\/\/smans.com\/nl\/#organization\"},\"potentialAction\":[{\"@type\":\"SearchAction\",\"target\":{\"@type\":\"EntryPoint\",\"urlTemplate\":\"https:\/\/smans.com\/nl\/?s={search_term_string}\"},\"query-input\":{\"@type\":\"PropertyValueSpecification\",\"valueRequired\":true,\"valueName\":\"search_term_string\"}}],\"inLanguage\":\"fr-FR\"},{\"@type\":\"Organization\",\"@id\":\"https:\/\/smans.com\/nl\/#organization\",\"name\":\"Smans\",\"url\":\"https:\/\/smans.com\/nl\/\",\"logo\":{\"@type\":\"ImageObject\",\"inLanguage\":\"fr-FR\",\"@id\":\"https:\/\/smans.com\/nl\/#\/schema\/logo\/image\/\",\"url\":\"https:\/\/smans.com\/wp-content\/uploads\/2023\/09\/logo.svg\",\"contentUrl\":\"https:\/\/smans.com\/wp-content\/uploads\/2023\/09\/logo.svg\",\"caption\":\"Smans\"},\"image\":{\"@id\":\"https:\/\/smans.com\/nl\/#\/schema\/logo\/image\/\"}}]}<\/script>\n<!-- \/ Yoast SEO plugin. -->","yoast_head_json":{"title":"Precision measuring device Q1210 - Smans","robots":{"index":"index","follow":"follow","max-snippet":"max-snippet:-1","max-image-preview":"max-image-preview:large","max-video-preview":"max-video-preview:-1"},"canonical":"https:\/\/smans.com\/fr\/product\/precision-measuring-device-q1210\/","og_locale":"fr_FR","og_type":"article","og_title":"Precision measuring device Q1210 - Smans","og_description":"Q1210 Module de Mesure de Pr\u00e9cision : Test Fiable de la Force de Traction pour le Traitement des Fils","og_url":"https:\/\/smans.com\/fr\/product\/precision-measuring-device-q1210\/","og_site_name":"Smans","article_modified_time":"2026-04-07T10:43:26+00:00","twitter_card":"summary_large_image","twitter_misc":{"Dur\u00e9e de lecture estim\u00e9e":"1 minute"},"schema":{"@context":"https:\/\/schema.org","@graph":[{"@type":"WebPage","@id":"https:\/\/smans.com\/fr\/product\/precision-measuring-device-q1210\/","url":"https:\/\/smans.com\/fr\/product\/precision-measuring-device-q1210\/","name":"Precision measuring device Q1210 - Smans","isPartOf":{"@id":"https:\/\/smans.com\/nl\/#website"},"datePublished":"2024-06-09T15:08:09+00:00","dateModified":"2026-04-07T10:43:26+00:00","breadcrumb":{"@id":"https:\/\/smans.com\/fr\/product\/precision-measuring-device-q1210\/#breadcrumb"},"inLanguage":"fr-FR","potentialAction":[{"@type":"ReadAction","target":["https:\/\/smans.com\/fr\/product\/precision-measuring-device-q1210\/"]}]},{"@type":"BreadcrumbList","@id":"https:\/\/smans.com\/fr\/product\/precision-measuring-device-q1210\/#breadcrumb","itemListElement":[{"@type":"ListItem","position":1,"name":"Home","item":"https:\/\/smans.com\/fr\/"},{"@type":"ListItem","position":2,"name":"Boutique","item":"https:\/\/smans.com\/nl\/shop\/"},{"@type":"ListItem","position":3,"name":"Komax - Precision measuring device Q1210"}]},{"@type":"WebSite","@id":"https:\/\/smans.com\/nl\/#website","url":"https:\/\/smans.com\/nl\/","name":"Smans","description":"","publisher":{"@id":"https:\/\/smans.com\/nl\/#organization"},"potentialAction":[{"@type":"SearchAction","target":{"@type":"EntryPoint","urlTemplate":"https:\/\/smans.com\/nl\/?s={search_term_string}"},"query-input":{"@type":"PropertyValueSpecification","valueRequired":true,"valueName":"search_term_string"}}],"inLanguage":"fr-FR"},{"@type":"Organization","@id":"https:\/\/smans.com\/nl\/#organization","name":"Smans","url":"https:\/\/smans.com\/nl\/","logo":{"@type":"ImageObject","inLanguage":"fr-FR","@id":"https:\/\/smans.com\/nl\/#\/schema\/logo\/image\/","url":"https:\/\/smans.com\/wp-content\/uploads\/2023\/09\/logo.svg","contentUrl":"https:\/\/smans.com\/wp-content\/uploads\/2023\/09\/logo.svg","caption":"Smans"},"image":{"@id":"https:\/\/smans.com\/nl\/#\/schema\/logo\/image\/"}}]}},"brands":[{"id":18260,"name":"Komax","slug":"brand-komax-fr"}],"_links":{"self":[{"href":"https:\/\/smans.com\/fr\/wp-json\/wp\/v2\/product\/25399","targetHints":{"allow":["GET"]}}],"collection":[{"href":"https:\/\/smans.com\/fr\/wp-json\/wp\/v2\/product"}],"about":[{"href":"https:\/\/smans.com\/fr\/wp-json\/wp\/v2\/types\/product"}],"wp:attachment":[{"href":"https:\/\/smans.com\/fr\/wp-json\/wp\/v2\/media?parent=25399"}],"wp:term":[{"taxonomy":"pwb-brand","embeddable":true,"href":"https:\/\/smans.com\/fr\/wp-json\/wp\/v2\/pwb-brand?post=25399"},{"taxonomy":"product_brand","embeddable":true,"href":"https:\/\/smans.com\/fr\/wp-json\/wp\/v2\/product_brand?post=25399"},{"taxonomy":"product_cat","embeddable":true,"href":"https:\/\/smans.com\/fr\/wp-json\/wp\/v2\/product_cat?post=25399"},{"taxonomy":"product_tag","embeddable":true,"href":"https:\/\/smans.com\/fr\/wp-json\/wp\/v2\/product_tag?post=25399"}],"curies":[{"name":"wp","href":"https:\/\/api.w.org\/{rel}","templated":true}]}}