{"id":25409,"date":"2024-06-09T17:08:26","date_gmt":"2024-06-09T15:08:26","guid":{"rendered":"https:\/\/smans.com\/product\/wrap-printer-applicator-wraptor-a6500\/"},"modified":"2026-04-30T10:59:21","modified_gmt":"2026-04-30T08:59:21","slug":"wrap-printer-applicator-wraptor-a6500","status":"publish","type":"product","link":"https:\/\/smans.com\/fr\/product\/wrap-printer-applicator-wraptor-a6500\/","title":{"rendered":"Brady - Wraptor A6500"},"content":{"rendered":"<p data-start=\"2209\" data-end=\"2579\">L\u2019applicateur d\u2019impression Wraptor\u2122 A6500 Wire ID automatise le processus d\u2019identification des c\u00e2bles, r\u00e9duisant consid\u00e9rablement les temps de production. Avec une vitesse de marquage de seulement 5 secondes par c\u00e2ble, le Wraptor permet d\u2019\u00e9conomiser jusqu\u2019\u00e0 10 secondes par identification, garantissant une efficacit\u00e9 accrue et moins d\u2019erreurs.<\/p>\n<ul data-start=\"2607\" data-end=\"3159\">\n<li data-start=\"2607\" data-end=\"2694\">Augmentez la productivit\u00e9 gr\u00e2ce \u00e0 une application d\u2019\u00e9tiquettes plus rapide.<\/li>\n<li data-start=\"2695\" data-end=\"2794\">R\u00e9duisez de moiti\u00e9 le temps de marquage pour maintenir une haute cadence de production.<\/li>\n<li data-start=\"2795\" data-end=\"2899\">Minimisez les erreurs avec une identification durable et uniforme, sans besoin de retouches.<\/li>\n<li data-start=\"2900\" data-end=\"2984\">Interface intuitive avec \u00e9cran tactile couleur et navigation simplifi\u00e9e.<\/li>\n<li data-start=\"2985\" data-end=\"3070\">Automatisez les t\u00e2ches de marquage fastidieuses pour une efficacit\u00e9 maximale.<\/li>\n<li data-start=\"3071\" data-end=\"3159\">Compatible avec l\u2019identification des fils de 1,19 mm \u00e0 10,91 mm de diam\u00e8tre.<\/li>\n<\/ul>\n<p data-start=\"3161\" data-end=\"3295\" data-is-last-node=\"\">Le Wraptor\u2122 A6500 est une solution intelligente, efficace et rapide pour l\u2019identification industrielle des fils et c\u00e2bles.<\/p>\n","protected":false},"excerpt":{"rendered":"<p>L\u2019applicateur d\u2019impression Wire ID pour la automatisation le processus d&rsquo;identification des c\u00e2bles<\/p>\n","protected":false},"featured_media":0,"template":"","meta":{"_acf_changed":false},"pwb-brand":[18214],"product_brand":[],"product_cat":[17990,17995,18033,17992],"product_tag":[],"class_list":{"0":"post-25409","1":"product","2":"type-product","3":"status-publish","5":"pwb-brand-brand-brady-fr-2","6":"product_cat-cables-et-cablage-fr","7":"product_cat-etiquetage-marquage-fr","8":"product_cat-label-printers-fr","9":"product_cat-stocksale-2025-fr","11":"first","12":"instock","13":"sale","14":"taxable","15":"shipping-taxable","16":"purchasable","17":"product-type-simple"},"acf":[],"yoast_head":"<!-- This site is optimized with the Yoast SEO plugin v27.1.1 - https:\/\/yoast.com\/product\/yoast-seo-wordpress\/ -->\n<title>Wraptor A6500 - Smans<\/title>\n<meta name=\"robots\" content=\"index, follow, max-snippet:-1, max-image-preview:large, max-video-preview:-1\" \/>\n<link rel=\"canonical\" href=\"https:\/\/smans.com\/fr\/product\/wrap-printer-applicator-wraptor-a6500\/\" \/>\n<meta property=\"og:locale\" content=\"fr_FR\" \/>\n<meta property=\"og:type\" content=\"article\" \/>\n<meta property=\"og:title\" content=\"Wraptor A6500 - Smans\" \/>\n<meta property=\"og:description\" content=\"L\u2019applicateur d\u2019impression Wire ID pour la automatisation le processus d&#039;identification des c\u00e2bles\" \/>\n<meta property=\"og:url\" content=\"https:\/\/smans.com\/fr\/product\/wrap-printer-applicator-wraptor-a6500\/\" \/>\n<meta property=\"og:site_name\" content=\"Smans\" \/>\n<meta property=\"article:modified_time\" content=\"2026-04-30T08:59:21+00:00\" \/>\n<meta name=\"twitter:card\" content=\"summary_large_image\" \/>\n<meta name=\"twitter:label1\" content=\"Dur\u00e9e de lecture estim\u00e9e\" \/>\n\t<meta name=\"twitter:data1\" content=\"1 minute\" \/>\n<script type=\"application\/ld+json\" class=\"yoast-schema-graph\">{\"@context\":\"https:\/\/schema.org\",\"@graph\":[{\"@type\":\"WebPage\",\"@id\":\"https:\/\/smans.com\/fr\/product\/wrap-printer-applicator-wraptor-a6500\/\",\"url\":\"https:\/\/smans.com\/fr\/product\/wrap-printer-applicator-wraptor-a6500\/\",\"name\":\"Wraptor A6500 - Smans\",\"isPartOf\":{\"@id\":\"https:\/\/smans.com\/nl\/#website\"},\"datePublished\":\"2024-06-09T15:08:26+00:00\",\"dateModified\":\"2026-04-30T08:59:21+00:00\",\"breadcrumb\":{\"@id\":\"https:\/\/smans.com\/fr\/product\/wrap-printer-applicator-wraptor-a6500\/#breadcrumb\"},\"inLanguage\":\"fr-FR\",\"potentialAction\":[{\"@type\":\"ReadAction\",\"target\":[\"https:\/\/smans.com\/fr\/product\/wrap-printer-applicator-wraptor-a6500\/\"]}]},{\"@type\":\"BreadcrumbList\",\"@id\":\"https:\/\/smans.com\/fr\/product\/wrap-printer-applicator-wraptor-a6500\/#breadcrumb\",\"itemListElement\":[{\"@type\":\"ListItem\",\"position\":1,\"name\":\"Home\",\"item\":\"https:\/\/smans.com\/fr\/\"},{\"@type\":\"ListItem\",\"position\":2,\"name\":\"Boutique\",\"item\":\"https:\/\/smans.com\/nl\/shop\/\"},{\"@type\":\"ListItem\",\"position\":3,\"name\":\"Brady - Wraptor A6500\"}]},{\"@type\":\"WebSite\",\"@id\":\"https:\/\/smans.com\/nl\/#website\",\"url\":\"https:\/\/smans.com\/nl\/\",\"name\":\"Smans\",\"description\":\"\",\"publisher\":{\"@id\":\"https:\/\/smans.com\/nl\/#organization\"},\"potentialAction\":[{\"@type\":\"SearchAction\",\"target\":{\"@type\":\"EntryPoint\",\"urlTemplate\":\"https:\/\/smans.com\/nl\/?s={search_term_string}\"},\"query-input\":{\"@type\":\"PropertyValueSpecification\",\"valueRequired\":true,\"valueName\":\"search_term_string\"}}],\"inLanguage\":\"fr-FR\"},{\"@type\":\"Organization\",\"@id\":\"https:\/\/smans.com\/nl\/#organization\",\"name\":\"Smans\",\"url\":\"https:\/\/smans.com\/nl\/\",\"logo\":{\"@type\":\"ImageObject\",\"inLanguage\":\"fr-FR\",\"@id\":\"https:\/\/smans.com\/nl\/#\/schema\/logo\/image\/\",\"url\":\"https:\/\/smans.com\/wp-content\/uploads\/2023\/09\/logo.svg\",\"contentUrl\":\"https:\/\/smans.com\/wp-content\/uploads\/2023\/09\/logo.svg\",\"caption\":\"Smans\"},\"image\":{\"@id\":\"https:\/\/smans.com\/nl\/#\/schema\/logo\/image\/\"}}]}<\/script>\n<!-- \/ Yoast SEO plugin. -->","yoast_head_json":{"title":"Wraptor A6500 - Smans","robots":{"index":"index","follow":"follow","max-snippet":"max-snippet:-1","max-image-preview":"max-image-preview:large","max-video-preview":"max-video-preview:-1"},"canonical":"https:\/\/smans.com\/fr\/product\/wrap-printer-applicator-wraptor-a6500\/","og_locale":"fr_FR","og_type":"article","og_title":"Wraptor A6500 - Smans","og_description":"L\u2019applicateur d\u2019impression Wire ID pour la automatisation le processus d'identification des c\u00e2bles","og_url":"https:\/\/smans.com\/fr\/product\/wrap-printer-applicator-wraptor-a6500\/","og_site_name":"Smans","article_modified_time":"2026-04-30T08:59:21+00:00","twitter_card":"summary_large_image","twitter_misc":{"Dur\u00e9e de lecture estim\u00e9e":"1 minute"},"schema":{"@context":"https:\/\/schema.org","@graph":[{"@type":"WebPage","@id":"https:\/\/smans.com\/fr\/product\/wrap-printer-applicator-wraptor-a6500\/","url":"https:\/\/smans.com\/fr\/product\/wrap-printer-applicator-wraptor-a6500\/","name":"Wraptor A6500 - Smans","isPartOf":{"@id":"https:\/\/smans.com\/nl\/#website"},"datePublished":"2024-06-09T15:08:26+00:00","dateModified":"2026-04-30T08:59:21+00:00","breadcrumb":{"@id":"https:\/\/smans.com\/fr\/product\/wrap-printer-applicator-wraptor-a6500\/#breadcrumb"},"inLanguage":"fr-FR","potentialAction":[{"@type":"ReadAction","target":["https:\/\/smans.com\/fr\/product\/wrap-printer-applicator-wraptor-a6500\/"]}]},{"@type":"BreadcrumbList","@id":"https:\/\/smans.com\/fr\/product\/wrap-printer-applicator-wraptor-a6500\/#breadcrumb","itemListElement":[{"@type":"ListItem","position":1,"name":"Home","item":"https:\/\/smans.com\/fr\/"},{"@type":"ListItem","position":2,"name":"Boutique","item":"https:\/\/smans.com\/nl\/shop\/"},{"@type":"ListItem","position":3,"name":"Brady - Wraptor A6500"}]},{"@type":"WebSite","@id":"https:\/\/smans.com\/nl\/#website","url":"https:\/\/smans.com\/nl\/","name":"Smans","description":"","publisher":{"@id":"https:\/\/smans.com\/nl\/#organization"},"potentialAction":[{"@type":"SearchAction","target":{"@type":"EntryPoint","urlTemplate":"https:\/\/smans.com\/nl\/?s={search_term_string}"},"query-input":{"@type":"PropertyValueSpecification","valueRequired":true,"valueName":"search_term_string"}}],"inLanguage":"fr-FR"},{"@type":"Organization","@id":"https:\/\/smans.com\/nl\/#organization","name":"Smans","url":"https:\/\/smans.com\/nl\/","logo":{"@type":"ImageObject","inLanguage":"fr-FR","@id":"https:\/\/smans.com\/nl\/#\/schema\/logo\/image\/","url":"https:\/\/smans.com\/wp-content\/uploads\/2023\/09\/logo.svg","contentUrl":"https:\/\/smans.com\/wp-content\/uploads\/2023\/09\/logo.svg","caption":"Smans"},"image":{"@id":"https:\/\/smans.com\/nl\/#\/schema\/logo\/image\/"}}]}},"brands":[{"id":18214,"name":"Brady","slug":"brand-brady-fr-2"}],"_links":{"self":[{"href":"https:\/\/smans.com\/fr\/wp-json\/wp\/v2\/product\/25409","targetHints":{"allow":["GET"]}}],"collection":[{"href":"https:\/\/smans.com\/fr\/wp-json\/wp\/v2\/product"}],"about":[{"href":"https:\/\/smans.com\/fr\/wp-json\/wp\/v2\/types\/product"}],"wp:attachment":[{"href":"https:\/\/smans.com\/fr\/wp-json\/wp\/v2\/media?parent=25409"}],"wp:term":[{"taxonomy":"pwb-brand","embeddable":true,"href":"https:\/\/smans.com\/fr\/wp-json\/wp\/v2\/pwb-brand?post=25409"},{"taxonomy":"product_brand","embeddable":true,"href":"https:\/\/smans.com\/fr\/wp-json\/wp\/v2\/product_brand?post=25409"},{"taxonomy":"product_cat","embeddable":true,"href":"https:\/\/smans.com\/fr\/wp-json\/wp\/v2\/product_cat?post=25409"},{"taxonomy":"product_tag","embeddable":true,"href":"https:\/\/smans.com\/fr\/wp-json\/wp\/v2\/product_tag?post=25409"}],"curies":[{"name":"wp","href":"https:\/\/api.w.org\/{rel}","templated":true}]}}