{"id":25414,"date":"2024-06-09T17:09:50","date_gmt":"2024-06-09T15:09:50","guid":{"rendered":"https:\/\/smans.com\/product\/fully-automatic-wire-processing-machine-alpha-560\/"},"modified":"2026-04-10T13:08:01","modified_gmt":"2026-04-10T11:08:01","slug":"fully-automatic-wire-processing-machine-alpha-560","status":"publish","type":"product","link":"https:\/\/smans.com\/fr\/product\/fully-automatic-wire-processing-machine-alpha-560\/","title":{"rendered":"Komax - Fully Automatic Wire Processing Machine Alpha 560"},"content":{"rendered":"<p data-start=\"3583\" data-end=\"4061\">La machine automatique de traitement des c\u00e2bles Alpha 560 est con\u00e7ue pour le chargement de grands connecteurs ou scellants jusqu&rsquo;\u00e0 une section transversale de conducteur de 16 mm\u00b2, sur un ou les deux c\u00f4t\u00e9s. Elle est adapt\u00e9e pour traiter des c\u00e2bles avec des connecteurs exigeants et offre d&rsquo;excellentes performances, m\u00eame pour les c\u00e2bles tr\u00e8s durs ou rigides, apr\u00e8s des tests de faisabilit\u00e9 pr\u00e9alables. Le traitement de sections de c\u00e2bles plus grandes est disponible sur demande.<\/p>\n<p data-start=\"4063\" data-end=\"4099\"><strong data-start=\"4063\" data-end=\"4097\">Caract\u00e9ristiques principales :<\/strong><\/p>\n<ul data-start=\"4100\" data-end=\"5441\" data-is-last-node=\"\">\n<li data-start=\"4100\" data-end=\"4315\"><strong data-start=\"4102\" data-end=\"4151\">Adapt\u00e9e aux grands connecteurs et scellants :<\/strong> Traite des c\u00e2bles avec des sections transversales de 2,5 \u00e0 16 mm\u00b2, des connecteurs de sertissage jusqu&rsquo;\u00e0 55 mm et des scellants d&rsquo;une longueur maximale de 21 mm.<\/li>\n<li data-start=\"4316\" data-end=\"4459\"><strong data-start=\"4318\" data-end=\"4346\">Commande HMI innovante :<\/strong> La machine est facilement command\u00e9e via le contr\u00f4le HMI Komax, qui est intuitif et n\u00e9cessite peu de formation.<\/li>\n<li data-start=\"4460\" data-end=\"4730\"><strong data-start=\"4462\" data-end=\"4500\">Puissant processus de sertissage :<\/strong> La machine offre une force de sertissage de 50 kN et dispose d&rsquo;une surveillance de la force de sertissage enti\u00e8rement int\u00e9gr\u00e9e (CFA+\/CFA), garantissant l&rsquo;assemblage des connecteurs les plus exigeants avec un minimum de d\u00e9chets.<\/li>\n<li data-start=\"4731\" data-end=\"4947\"><strong data-start=\"4733\" data-end=\"4775\">D\u00e9tection intelligente des scellants :<\/strong> Jusqu&rsquo;\u00e0 380 variantes de scellants diff\u00e9rents peuvent \u00eatre trait\u00e9es gr\u00e2ce \u00e0 la d\u00e9tection intelligente des scellants et aux param\u00e8tres SST enregistr\u00e9s (Smart Seal Track).<\/li>\n<li data-start=\"4948\" data-end=\"5179\"><strong data-start=\"4950\" data-end=\"4990\">Surveillance optique de la qualit\u00e9 :<\/strong> Le syst\u00e8me de surveillance optique sans usure Q1250 v\u00e9rifie la qualit\u00e9 des d\u00e9capages et de l&rsquo;insertion des scellants pendant le processus et trie automatiquement les produits d\u00e9fectueux.<\/li>\n<li data-start=\"5180\" data-end=\"5331\"><strong data-start=\"5182\" data-end=\"5222\">Entra\u00eenement par courroie efficace :<\/strong> L&rsquo;entra\u00eenement par courroie fonctionne \u00e0 une vitesse de 12 m\/s, ce qui contribue \u00e0 un traitement efficace.<\/li>\n<li data-start=\"5332\" data-end=\"5441\" data-is-last-node=\"\"><strong data-start=\"5334\" data-end=\"5375\">Porte-lames double avec t\u00eate double :<\/strong> Offre deux rayons de lames diff\u00e9rents pour plus de flexibilit\u00e9.<\/li>\n<\/ul>\n","protected":false},"excerpt":{"rendered":"<p>Machine enti\u00e8rement automatique pour le traitement de c\u00e2bles avec des terminaux exigeants<\/p>\n","protected":false},"featured_media":0,"template":"","meta":{"_acf_changed":false},"pwb-brand":[18260],"product_brand":[],"product_cat":[17990,17993,18043],"product_tag":[],"class_list":{"0":"post-25414","1":"product","2":"type-product","3":"status-publish","5":"pwb-brand-brand-komax-fr","6":"product_cat-cables-et-cablage-fr","7":"product_cat-couper-denuder-sertissage-fr","8":"product_cat-crimp-to-crimp-fr","10":"first","11":"instock","12":"taxable","13":"shipping-taxable","14":"product-type-simple"},"acf":[],"yoast_head":"<!-- This site is optimized with the Yoast SEO plugin v27.1.1 - https:\/\/yoast.com\/product\/yoast-seo-wordpress\/ -->\n<title>Fully Automatic Wire Processing Machine Alpha 560 - Smans<\/title>\n<meta name=\"robots\" content=\"index, follow, max-snippet:-1, max-image-preview:large, max-video-preview:-1\" \/>\n<link rel=\"canonical\" href=\"https:\/\/smans.com\/fr\/product\/fully-automatic-wire-processing-machine-alpha-560\/\" \/>\n<meta property=\"og:locale\" content=\"fr_FR\" \/>\n<meta property=\"og:type\" content=\"article\" \/>\n<meta property=\"og:title\" content=\"Fully Automatic Wire Processing Machine Alpha 560 - Smans\" \/>\n<meta property=\"og:description\" content=\"Machine enti\u00e8rement automatique pour le traitement de c\u00e2bles avec des terminaux exigeants\" \/>\n<meta property=\"og:url\" content=\"https:\/\/smans.com\/fr\/product\/fully-automatic-wire-processing-machine-alpha-560\/\" \/>\n<meta property=\"og:site_name\" content=\"Smans\" \/>\n<meta property=\"article:modified_time\" content=\"2026-04-10T11:08:01+00:00\" \/>\n<meta name=\"twitter:card\" content=\"summary_large_image\" \/>\n<meta name=\"twitter:label1\" content=\"Dur\u00e9e de lecture estim\u00e9e\" \/>\n\t<meta name=\"twitter:data1\" content=\"1 minute\" \/>\n<script type=\"application\/ld+json\" class=\"yoast-schema-graph\">{\"@context\":\"https:\/\/schema.org\",\"@graph\":[{\"@type\":\"WebPage\",\"@id\":\"https:\/\/smans.com\/fr\/product\/fully-automatic-wire-processing-machine-alpha-560\/\",\"url\":\"https:\/\/smans.com\/fr\/product\/fully-automatic-wire-processing-machine-alpha-560\/\",\"name\":\"Fully Automatic Wire Processing Machine Alpha 560 - Smans\",\"isPartOf\":{\"@id\":\"https:\/\/smans.com\/nl\/#website\"},\"datePublished\":\"2024-06-09T15:09:50+00:00\",\"dateModified\":\"2026-04-10T11:08:01+00:00\",\"breadcrumb\":{\"@id\":\"https:\/\/smans.com\/fr\/product\/fully-automatic-wire-processing-machine-alpha-560\/#breadcrumb\"},\"inLanguage\":\"fr-FR\",\"potentialAction\":[{\"@type\":\"ReadAction\",\"target\":[\"https:\/\/smans.com\/fr\/product\/fully-automatic-wire-processing-machine-alpha-560\/\"]}]},{\"@type\":\"BreadcrumbList\",\"@id\":\"https:\/\/smans.com\/fr\/product\/fully-automatic-wire-processing-machine-alpha-560\/#breadcrumb\",\"itemListElement\":[{\"@type\":\"ListItem\",\"position\":1,\"name\":\"Home\",\"item\":\"https:\/\/smans.com\/fr\/\"},{\"@type\":\"ListItem\",\"position\":2,\"name\":\"Boutique\",\"item\":\"https:\/\/smans.com\/nl\/shop\/\"},{\"@type\":\"ListItem\",\"position\":3,\"name\":\"Komax - Fully Automatic Wire Processing Machine Alpha 560\"}]},{\"@type\":\"WebSite\",\"@id\":\"https:\/\/smans.com\/nl\/#website\",\"url\":\"https:\/\/smans.com\/nl\/\",\"name\":\"Smans\",\"description\":\"\",\"publisher\":{\"@id\":\"https:\/\/smans.com\/nl\/#organization\"},\"potentialAction\":[{\"@type\":\"SearchAction\",\"target\":{\"@type\":\"EntryPoint\",\"urlTemplate\":\"https:\/\/smans.com\/nl\/?s={search_term_string}\"},\"query-input\":{\"@type\":\"PropertyValueSpecification\",\"valueRequired\":true,\"valueName\":\"search_term_string\"}}],\"inLanguage\":\"fr-FR\"},{\"@type\":\"Organization\",\"@id\":\"https:\/\/smans.com\/nl\/#organization\",\"name\":\"Smans\",\"url\":\"https:\/\/smans.com\/nl\/\",\"logo\":{\"@type\":\"ImageObject\",\"inLanguage\":\"fr-FR\",\"@id\":\"https:\/\/smans.com\/nl\/#\/schema\/logo\/image\/\",\"url\":\"https:\/\/smans.com\/wp-content\/uploads\/2023\/09\/logo.svg\",\"contentUrl\":\"https:\/\/smans.com\/wp-content\/uploads\/2023\/09\/logo.svg\",\"caption\":\"Smans\"},\"image\":{\"@id\":\"https:\/\/smans.com\/nl\/#\/schema\/logo\/image\/\"}}]}<\/script>\n<!-- \/ Yoast SEO plugin. -->","yoast_head_json":{"title":"Fully Automatic Wire Processing Machine Alpha 560 - Smans","robots":{"index":"index","follow":"follow","max-snippet":"max-snippet:-1","max-image-preview":"max-image-preview:large","max-video-preview":"max-video-preview:-1"},"canonical":"https:\/\/smans.com\/fr\/product\/fully-automatic-wire-processing-machine-alpha-560\/","og_locale":"fr_FR","og_type":"article","og_title":"Fully Automatic Wire Processing Machine Alpha 560 - Smans","og_description":"Machine enti\u00e8rement automatique pour le traitement de c\u00e2bles avec des terminaux exigeants","og_url":"https:\/\/smans.com\/fr\/product\/fully-automatic-wire-processing-machine-alpha-560\/","og_site_name":"Smans","article_modified_time":"2026-04-10T11:08:01+00:00","twitter_card":"summary_large_image","twitter_misc":{"Dur\u00e9e de lecture estim\u00e9e":"1 minute"},"schema":{"@context":"https:\/\/schema.org","@graph":[{"@type":"WebPage","@id":"https:\/\/smans.com\/fr\/product\/fully-automatic-wire-processing-machine-alpha-560\/","url":"https:\/\/smans.com\/fr\/product\/fully-automatic-wire-processing-machine-alpha-560\/","name":"Fully Automatic Wire Processing Machine Alpha 560 - Smans","isPartOf":{"@id":"https:\/\/smans.com\/nl\/#website"},"datePublished":"2024-06-09T15:09:50+00:00","dateModified":"2026-04-10T11:08:01+00:00","breadcrumb":{"@id":"https:\/\/smans.com\/fr\/product\/fully-automatic-wire-processing-machine-alpha-560\/#breadcrumb"},"inLanguage":"fr-FR","potentialAction":[{"@type":"ReadAction","target":["https:\/\/smans.com\/fr\/product\/fully-automatic-wire-processing-machine-alpha-560\/"]}]},{"@type":"BreadcrumbList","@id":"https:\/\/smans.com\/fr\/product\/fully-automatic-wire-processing-machine-alpha-560\/#breadcrumb","itemListElement":[{"@type":"ListItem","position":1,"name":"Home","item":"https:\/\/smans.com\/fr\/"},{"@type":"ListItem","position":2,"name":"Boutique","item":"https:\/\/smans.com\/nl\/shop\/"},{"@type":"ListItem","position":3,"name":"Komax - Fully Automatic Wire Processing Machine Alpha 560"}]},{"@type":"WebSite","@id":"https:\/\/smans.com\/nl\/#website","url":"https:\/\/smans.com\/nl\/","name":"Smans","description":"","publisher":{"@id":"https:\/\/smans.com\/nl\/#organization"},"potentialAction":[{"@type":"SearchAction","target":{"@type":"EntryPoint","urlTemplate":"https:\/\/smans.com\/nl\/?s={search_term_string}"},"query-input":{"@type":"PropertyValueSpecification","valueRequired":true,"valueName":"search_term_string"}}],"inLanguage":"fr-FR"},{"@type":"Organization","@id":"https:\/\/smans.com\/nl\/#organization","name":"Smans","url":"https:\/\/smans.com\/nl\/","logo":{"@type":"ImageObject","inLanguage":"fr-FR","@id":"https:\/\/smans.com\/nl\/#\/schema\/logo\/image\/","url":"https:\/\/smans.com\/wp-content\/uploads\/2023\/09\/logo.svg","contentUrl":"https:\/\/smans.com\/wp-content\/uploads\/2023\/09\/logo.svg","caption":"Smans"},"image":{"@id":"https:\/\/smans.com\/nl\/#\/schema\/logo\/image\/"}}]}},"brands":[{"id":18260,"name":"Komax","slug":"brand-komax-fr"}],"_links":{"self":[{"href":"https:\/\/smans.com\/fr\/wp-json\/wp\/v2\/product\/25414","targetHints":{"allow":["GET"]}}],"collection":[{"href":"https:\/\/smans.com\/fr\/wp-json\/wp\/v2\/product"}],"about":[{"href":"https:\/\/smans.com\/fr\/wp-json\/wp\/v2\/types\/product"}],"wp:attachment":[{"href":"https:\/\/smans.com\/fr\/wp-json\/wp\/v2\/media?parent=25414"}],"wp:term":[{"taxonomy":"pwb-brand","embeddable":true,"href":"https:\/\/smans.com\/fr\/wp-json\/wp\/v2\/pwb-brand?post=25414"},{"taxonomy":"product_brand","embeddable":true,"href":"https:\/\/smans.com\/fr\/wp-json\/wp\/v2\/product_brand?post=25414"},{"taxonomy":"product_cat","embeddable":true,"href":"https:\/\/smans.com\/fr\/wp-json\/wp\/v2\/product_cat?post=25414"},{"taxonomy":"product_tag","embeddable":true,"href":"https:\/\/smans.com\/fr\/wp-json\/wp\/v2\/product_tag?post=25414"}],"curies":[{"name":"wp","href":"https:\/\/api.w.org\/{rel}","templated":true}]}}