{"id":25415,"date":"2024-06-09T17:09:34","date_gmt":"2024-06-09T15:09:34","guid":{"rendered":"https:\/\/smans.com\/product\/stripping-crimping-machine-mc-40-l\/"},"modified":"2026-04-17T13:49:15","modified_gmt":"2026-04-17T11:49:15","slug":"stripping-crimping-machine-mc-40-l","status":"publish","type":"product","link":"https:\/\/smans.com\/fr\/product\/stripping-crimping-machine-mc-40-l\/","title":{"rendered":"GLW - Stripping Crimping Machine MC 40-L, kits d&rsquo;outils exclus"},"content":{"rendered":"<p data-start=\"13\" data-end=\"42\"><strong data-start=\"13\" data-end=\"42\">Kits d&rsquo;outils disponibles<\/strong><\/p>\n<ul data-start=\"44\" data-end=\"144\">\n<li data-start=\"44\" data-end=\"77\">GLW-006630 Kit d&rsquo;outils 4 mm\u00b2<\/li>\n<li data-start=\"78\" data-end=\"111\">GLW-006813 Kit d&rsquo;outils 6 mm\u00b2<\/li>\n<li data-start=\"112\" data-end=\"144\">GLW-006814 Kit d&rsquo;outils 10 mm\u00b2<\/li>\n<\/ul>\n<p data-start=\"146\" data-end=\"486\">La machine \u00e9lectropneumatique de d\u00e9nudage et de sertissage MC 40-L traite de mani\u00e8re fiable les manchons de fil isol\u00e9s avec des collerettes en plastique. La MC 40-L traite des sections transversales de 4\/6 et 10 mm\u00b2. La machine peut \u00eatre r\u00e9gl\u00e9e sur la section transversale et la longueur de sertissage souhait\u00e9es en quelques \u00e9tapes simples.<\/p>\n<p data-start=\"488\" data-end=\"679\">Le d\u00e9nudage et le sertissage se font en une seule \u00e9tape de travail. Lorsque les matrices de sertissage sont remplac\u00e9es, tous les param\u00e8tres variables sont automatiquement r\u00e9gl\u00e9s correctement.<\/p>\n<ul data-start=\"681\" data-end=\"950\" data-is-last-node=\"\">\n<li data-start=\"681\" data-end=\"730\"><strong data-start=\"683\" data-end=\"728\">Changement rapide de section transversale<\/strong><\/li>\n<li data-start=\"731\" data-end=\"803\"><strong data-start=\"733\" data-end=\"801\">\u00c9conomie de co\u00fbts gr\u00e2ce au traitement des manchons de fil isol\u00e9s<\/strong><\/li>\n<li data-start=\"804\" data-end=\"830\"><strong data-start=\"806\" data-end=\"828\">Utilisation simple<\/strong><\/li>\n<li data-start=\"831\" data-end=\"900\"><strong data-start=\"833\" data-end=\"898\">41 manchons de fil diff\u00e9rents traitables (accessoires requis)<\/strong><\/li>\n<li data-start=\"901\" data-end=\"950\" data-is-last-node=\"\"><strong data-start=\"903\" data-end=\"950\" data-is-last-node=\"\">R\u00e9glage de la longueur en quelques secondes<\/strong><\/li>\n<\/ul>\n","protected":false},"excerpt":{"rendered":"<p>La machine \u00e9lectropneumatique de d\u00e9nudage et de sertissage MC 40-L traite de mani\u00e8re fiable les manchons de fil isol\u00e9s avec des collerettes en plastique.<\/p>\n<p>N&rsquo;oubliez pas de commander le kit d&rsquo;outils.<\/p>\n","protected":false},"featured_media":0,"template":"","meta":{"_acf_changed":false},"pwb-brand":[18244],"product_brand":[],"product_cat":[17990,17994,17993,18036],"product_tag":[],"class_list":{"0":"post-25415","1":"product","2":"type-product","3":"status-publish","5":"pwb-brand-brand-glw-fr","6":"product_cat-cables-et-cablage-fr","7":"product_cat-construction-de-panneau-fr","8":"product_cat-couper-denuder-sertissage-fr","9":"product_cat-strip-crimp-fr","11":"first","12":"instock","13":"taxable","14":"shipping-taxable","15":"purchasable","16":"product-type-simple"},"acf":[],"yoast_head":"<!-- This site is optimized with the Yoast SEO plugin v27.1.1 - https:\/\/yoast.com\/product\/yoast-seo-wordpress\/ -->\n<title>Stripping Crimping Machine MC 40-L, kits d&#039;outils exclus - Smans<\/title>\n<meta name=\"robots\" content=\"index, follow, max-snippet:-1, max-image-preview:large, max-video-preview:-1\" \/>\n<link rel=\"canonical\" href=\"https:\/\/smans.com\/fr\/product\/stripping-crimping-machine-mc-40-l\/\" \/>\n<meta property=\"og:locale\" content=\"fr_FR\" \/>\n<meta property=\"og:type\" content=\"article\" \/>\n<meta property=\"og:title\" content=\"Stripping Crimping Machine MC 40-L, kits d&#039;outils exclus - Smans\" \/>\n<meta property=\"og:description\" content=\"La machine \u00e9lectropneumatique de d\u00e9nudage et de sertissage MC 40-L traite de mani\u00e8re fiable les manchons de fil isol\u00e9s avec des collerettes en plastique.  N&#039;oubliez pas de commander le kit d&#039;outils.\" \/>\n<meta property=\"og:url\" content=\"https:\/\/smans.com\/fr\/product\/stripping-crimping-machine-mc-40-l\/\" \/>\n<meta property=\"og:site_name\" content=\"Smans\" \/>\n<meta property=\"article:modified_time\" content=\"2026-04-17T11:49:15+00:00\" \/>\n<meta name=\"twitter:card\" content=\"summary_large_image\" \/>\n<meta name=\"twitter:label1\" content=\"Dur\u00e9e de lecture estim\u00e9e\" \/>\n\t<meta name=\"twitter:data1\" content=\"1 minute\" \/>\n<script type=\"application\/ld+json\" class=\"yoast-schema-graph\">{\"@context\":\"https:\/\/schema.org\",\"@graph\":[{\"@type\":\"WebPage\",\"@id\":\"https:\/\/smans.com\/fr\/product\/stripping-crimping-machine-mc-40-l\/\",\"url\":\"https:\/\/smans.com\/fr\/product\/stripping-crimping-machine-mc-40-l\/\",\"name\":\"Stripping Crimping Machine MC 40-L, kits d'outils exclus - Smans\",\"isPartOf\":{\"@id\":\"https:\/\/smans.com\/nl\/#website\"},\"datePublished\":\"2024-06-09T15:09:34+00:00\",\"dateModified\":\"2026-04-17T11:49:15+00:00\",\"breadcrumb\":{\"@id\":\"https:\/\/smans.com\/fr\/product\/stripping-crimping-machine-mc-40-l\/#breadcrumb\"},\"inLanguage\":\"fr-FR\",\"potentialAction\":[{\"@type\":\"ReadAction\",\"target\":[\"https:\/\/smans.com\/fr\/product\/stripping-crimping-machine-mc-40-l\/\"]}]},{\"@type\":\"BreadcrumbList\",\"@id\":\"https:\/\/smans.com\/fr\/product\/stripping-crimping-machine-mc-40-l\/#breadcrumb\",\"itemListElement\":[{\"@type\":\"ListItem\",\"position\":1,\"name\":\"Home\",\"item\":\"https:\/\/smans.com\/fr\/\"},{\"@type\":\"ListItem\",\"position\":2,\"name\":\"Boutique\",\"item\":\"https:\/\/smans.com\/nl\/shop\/\"},{\"@type\":\"ListItem\",\"position\":3,\"name\":\"GLW - Stripping Crimping Machine MC 40-L, kits d&#8217;outils exclus\"}]},{\"@type\":\"WebSite\",\"@id\":\"https:\/\/smans.com\/nl\/#website\",\"url\":\"https:\/\/smans.com\/nl\/\",\"name\":\"Smans\",\"description\":\"\",\"publisher\":{\"@id\":\"https:\/\/smans.com\/nl\/#organization\"},\"potentialAction\":[{\"@type\":\"SearchAction\",\"target\":{\"@type\":\"EntryPoint\",\"urlTemplate\":\"https:\/\/smans.com\/nl\/?s={search_term_string}\"},\"query-input\":{\"@type\":\"PropertyValueSpecification\",\"valueRequired\":true,\"valueName\":\"search_term_string\"}}],\"inLanguage\":\"fr-FR\"},{\"@type\":\"Organization\",\"@id\":\"https:\/\/smans.com\/nl\/#organization\",\"name\":\"Smans\",\"url\":\"https:\/\/smans.com\/nl\/\",\"logo\":{\"@type\":\"ImageObject\",\"inLanguage\":\"fr-FR\",\"@id\":\"https:\/\/smans.com\/nl\/#\/schema\/logo\/image\/\",\"url\":\"https:\/\/smans.com\/wp-content\/uploads\/2023\/09\/logo.svg\",\"contentUrl\":\"https:\/\/smans.com\/wp-content\/uploads\/2023\/09\/logo.svg\",\"caption\":\"Smans\"},\"image\":{\"@id\":\"https:\/\/smans.com\/nl\/#\/schema\/logo\/image\/\"}}]}<\/script>\n<!-- \/ Yoast SEO plugin. -->","yoast_head_json":{"title":"Stripping Crimping Machine MC 40-L, kits d'outils exclus - Smans","robots":{"index":"index","follow":"follow","max-snippet":"max-snippet:-1","max-image-preview":"max-image-preview:large","max-video-preview":"max-video-preview:-1"},"canonical":"https:\/\/smans.com\/fr\/product\/stripping-crimping-machine-mc-40-l\/","og_locale":"fr_FR","og_type":"article","og_title":"Stripping Crimping Machine MC 40-L, kits d'outils exclus - Smans","og_description":"La machine \u00e9lectropneumatique de d\u00e9nudage et de sertissage MC 40-L traite de mani\u00e8re fiable les manchons de fil isol\u00e9s avec des collerettes en plastique.  N'oubliez pas de commander le kit d'outils.","og_url":"https:\/\/smans.com\/fr\/product\/stripping-crimping-machine-mc-40-l\/","og_site_name":"Smans","article_modified_time":"2026-04-17T11:49:15+00:00","twitter_card":"summary_large_image","twitter_misc":{"Dur\u00e9e de lecture estim\u00e9e":"1 minute"},"schema":{"@context":"https:\/\/schema.org","@graph":[{"@type":"WebPage","@id":"https:\/\/smans.com\/fr\/product\/stripping-crimping-machine-mc-40-l\/","url":"https:\/\/smans.com\/fr\/product\/stripping-crimping-machine-mc-40-l\/","name":"Stripping Crimping Machine MC 40-L, kits d'outils exclus - Smans","isPartOf":{"@id":"https:\/\/smans.com\/nl\/#website"},"datePublished":"2024-06-09T15:09:34+00:00","dateModified":"2026-04-17T11:49:15+00:00","breadcrumb":{"@id":"https:\/\/smans.com\/fr\/product\/stripping-crimping-machine-mc-40-l\/#breadcrumb"},"inLanguage":"fr-FR","potentialAction":[{"@type":"ReadAction","target":["https:\/\/smans.com\/fr\/product\/stripping-crimping-machine-mc-40-l\/"]}]},{"@type":"BreadcrumbList","@id":"https:\/\/smans.com\/fr\/product\/stripping-crimping-machine-mc-40-l\/#breadcrumb","itemListElement":[{"@type":"ListItem","position":1,"name":"Home","item":"https:\/\/smans.com\/fr\/"},{"@type":"ListItem","position":2,"name":"Boutique","item":"https:\/\/smans.com\/nl\/shop\/"},{"@type":"ListItem","position":3,"name":"GLW - Stripping Crimping Machine MC 40-L, kits d&#8217;outils exclus"}]},{"@type":"WebSite","@id":"https:\/\/smans.com\/nl\/#website","url":"https:\/\/smans.com\/nl\/","name":"Smans","description":"","publisher":{"@id":"https:\/\/smans.com\/nl\/#organization"},"potentialAction":[{"@type":"SearchAction","target":{"@type":"EntryPoint","urlTemplate":"https:\/\/smans.com\/nl\/?s={search_term_string}"},"query-input":{"@type":"PropertyValueSpecification","valueRequired":true,"valueName":"search_term_string"}}],"inLanguage":"fr-FR"},{"@type":"Organization","@id":"https:\/\/smans.com\/nl\/#organization","name":"Smans","url":"https:\/\/smans.com\/nl\/","logo":{"@type":"ImageObject","inLanguage":"fr-FR","@id":"https:\/\/smans.com\/nl\/#\/schema\/logo\/image\/","url":"https:\/\/smans.com\/wp-content\/uploads\/2023\/09\/logo.svg","contentUrl":"https:\/\/smans.com\/wp-content\/uploads\/2023\/09\/logo.svg","caption":"Smans"},"image":{"@id":"https:\/\/smans.com\/nl\/#\/schema\/logo\/image\/"}}]}},"brands":[{"id":18244,"name":"GLW","slug":"brand-glw-fr"}],"_links":{"self":[{"href":"https:\/\/smans.com\/fr\/wp-json\/wp\/v2\/product\/25415","targetHints":{"allow":["GET"]}}],"collection":[{"href":"https:\/\/smans.com\/fr\/wp-json\/wp\/v2\/product"}],"about":[{"href":"https:\/\/smans.com\/fr\/wp-json\/wp\/v2\/types\/product"}],"wp:attachment":[{"href":"https:\/\/smans.com\/fr\/wp-json\/wp\/v2\/media?parent=25415"}],"wp:term":[{"taxonomy":"pwb-brand","embeddable":true,"href":"https:\/\/smans.com\/fr\/wp-json\/wp\/v2\/pwb-brand?post=25415"},{"taxonomy":"product_brand","embeddable":true,"href":"https:\/\/smans.com\/fr\/wp-json\/wp\/v2\/product_brand?post=25415"},{"taxonomy":"product_cat","embeddable":true,"href":"https:\/\/smans.com\/fr\/wp-json\/wp\/v2\/product_cat?post=25415"},{"taxonomy":"product_tag","embeddable":true,"href":"https:\/\/smans.com\/fr\/wp-json\/wp\/v2\/product_tag?post=25415"}],"curies":[{"name":"wp","href":"https:\/\/api.w.org\/{rel}","templated":true}]}}