{"id":25416,"date":"2024-06-09T17:09:31","date_gmt":"2024-06-09T15:09:31","guid":{"rendered":"https:\/\/smans.com\/product\/stripping-crimping-machine-mc-40-1\/"},"modified":"2026-04-17T13:49:16","modified_gmt":"2026-04-17T11:49:16","slug":"stripping-crimping-machine-mc-40-1","status":"publish","type":"product","link":"https:\/\/smans.com\/fr\/product\/stripping-crimping-machine-mc-40-1\/","title":{"rendered":"GLW - Stripping Crimping Machine MC 40-1"},"content":{"rendered":"<p data-start=\"12\" data-end=\"40\"><strong data-start=\"12\" data-end=\"40\">Kit d&rsquo;outils (optionnel)<\/strong><\/p>\n<p data-start=\"42\" data-end=\"85\">Kit d&rsquo;outils avec \u00e9tui 2,5 mm\u00b2 (GLW-006645)<\/p>\n<p data-start=\"87\" data-end=\"495\">La machine \u00e9lectropneumatique de d\u00e9nudage et de sertissage MC 40-1 traite de mani\u00e8re fiable les manchons de fil isol\u00e9s avec des collerettes en plastique. La MC 40-1 est \u00e9quip\u00e9e en standard d&rsquo;un outil de sertissage pour des sections transversales de 0,5-1,5 mm\u00b2. Des kits d&rsquo;outils optionnels sont disponibles pour des sections transversales de 0,25-0,34\/2,5\/4 mm\u00b2 et des conducteurs AWG (isolations \u00e9paisses).<\/p>\n<p data-start=\"497\" data-end=\"793\">La machine peut \u00eatre r\u00e9gl\u00e9e en quelques \u00e9tapes simples sur la section et la longueur de sertissage souhait\u00e9es. Le d\u00e9nudage et le sertissage sont effectu\u00e9s en une seule \u00e9tape. Lorsque les patrons de sertissage sont remplac\u00e9s, tous les param\u00e8tres variables sont automatiquement r\u00e9gl\u00e9s correctement.<\/p>\n<p data-start=\"795\" data-end=\"831\"><strong data-start=\"795\" data-end=\"829\">Caract\u00e9ristiques principales :<\/strong><\/p>\n<ul data-start=\"832\" data-end=\"1106\" data-is-last-node=\"\">\n<li data-start=\"832\" data-end=\"884\"><strong data-start=\"834\" data-end=\"882\">Changement rapide de la section transversale<\/strong><\/li>\n<li data-start=\"885\" data-end=\"957\"><strong data-start=\"887\" data-end=\"955\">\u00c9conomie de co\u00fbts gr\u00e2ce au traitement des manchons de fil isol\u00e9s<\/strong><\/li>\n<li data-start=\"958\" data-end=\"984\"><strong data-start=\"960\" data-end=\"982\">Utilisation facile<\/strong><\/li>\n<li data-start=\"985\" data-end=\"1054\"><strong data-start=\"987\" data-end=\"1052\">41 manchons de fil diff\u00e9rents traitables (accessoires requis)<\/strong><\/li>\n<li data-start=\"1055\" data-end=\"1106\" data-is-last-node=\"\"><strong data-start=\"1057\" data-end=\"1104\">R\u00e9glage de la longueur en quelques secondes<\/strong><\/li>\n<\/ul>\n","protected":false},"excerpt":{"rendered":"<p>La machine \u00e9lectropneumatique de d\u00e9nudage et de sertissage MC 40-1 traite de mani\u00e8re fiable les manchons de fil isol\u00e9s avec des collerettes en plastique.<\/p>\n","protected":false},"featured_media":0,"template":"","meta":{"_acf_changed":false},"pwb-brand":[18244],"product_brand":[],"product_cat":[17990,17994,17993,18036],"product_tag":[],"class_list":{"0":"post-25416","1":"product","2":"type-product","3":"status-publish","5":"pwb-brand-brand-glw-fr","6":"product_cat-cables-et-cablage-fr","7":"product_cat-construction-de-panneau-fr","8":"product_cat-couper-denuder-sertissage-fr","9":"product_cat-strip-crimp-fr","11":"first","12":"instock","13":"taxable","14":"shipping-taxable","15":"purchasable","16":"product-type-simple"},"acf":[],"yoast_head":"<!-- This site is optimized with the Yoast SEO plugin v27.1.1 - https:\/\/yoast.com\/product\/yoast-seo-wordpress\/ -->\n<title>Stripping Crimping Machine MC 40-1 - Smans<\/title>\n<meta name=\"robots\" content=\"index, follow, max-snippet:-1, max-image-preview:large, max-video-preview:-1\" \/>\n<link rel=\"canonical\" href=\"https:\/\/smans.com\/fr\/product\/stripping-crimping-machine-mc-40-1\/\" \/>\n<meta property=\"og:locale\" content=\"fr_FR\" \/>\n<meta property=\"og:type\" content=\"article\" \/>\n<meta property=\"og:title\" content=\"Stripping Crimping Machine MC 40-1 - Smans\" \/>\n<meta property=\"og:description\" content=\"La machine \u00e9lectropneumatique de d\u00e9nudage et de sertissage MC 40-1 traite de mani\u00e8re fiable les manchons de fil isol\u00e9s avec des collerettes en plastique.\" \/>\n<meta property=\"og:url\" content=\"https:\/\/smans.com\/fr\/product\/stripping-crimping-machine-mc-40-1\/\" \/>\n<meta property=\"og:site_name\" content=\"Smans\" \/>\n<meta property=\"article:modified_time\" content=\"2026-04-17T11:49:16+00:00\" \/>\n<meta name=\"twitter:card\" content=\"summary_large_image\" \/>\n<meta name=\"twitter:label1\" content=\"Dur\u00e9e de lecture estim\u00e9e\" \/>\n\t<meta name=\"twitter:data1\" content=\"1 minute\" \/>\n<script type=\"application\/ld+json\" class=\"yoast-schema-graph\">{\"@context\":\"https:\/\/schema.org\",\"@graph\":[{\"@type\":\"WebPage\",\"@id\":\"https:\/\/smans.com\/fr\/product\/stripping-crimping-machine-mc-40-1\/\",\"url\":\"https:\/\/smans.com\/fr\/product\/stripping-crimping-machine-mc-40-1\/\",\"name\":\"Stripping Crimping Machine MC 40-1 - Smans\",\"isPartOf\":{\"@id\":\"https:\/\/smans.com\/nl\/#website\"},\"datePublished\":\"2024-06-09T15:09:31+00:00\",\"dateModified\":\"2026-04-17T11:49:16+00:00\",\"breadcrumb\":{\"@id\":\"https:\/\/smans.com\/fr\/product\/stripping-crimping-machine-mc-40-1\/#breadcrumb\"},\"inLanguage\":\"fr-FR\",\"potentialAction\":[{\"@type\":\"ReadAction\",\"target\":[\"https:\/\/smans.com\/fr\/product\/stripping-crimping-machine-mc-40-1\/\"]}]},{\"@type\":\"BreadcrumbList\",\"@id\":\"https:\/\/smans.com\/fr\/product\/stripping-crimping-machine-mc-40-1\/#breadcrumb\",\"itemListElement\":[{\"@type\":\"ListItem\",\"position\":1,\"name\":\"Home\",\"item\":\"https:\/\/smans.com\/fr\/\"},{\"@type\":\"ListItem\",\"position\":2,\"name\":\"Boutique\",\"item\":\"https:\/\/smans.com\/nl\/shop\/\"},{\"@type\":\"ListItem\",\"position\":3,\"name\":\"GLW - Stripping Crimping Machine MC 40-1\"}]},{\"@type\":\"WebSite\",\"@id\":\"https:\/\/smans.com\/nl\/#website\",\"url\":\"https:\/\/smans.com\/nl\/\",\"name\":\"Smans\",\"description\":\"\",\"publisher\":{\"@id\":\"https:\/\/smans.com\/nl\/#organization\"},\"potentialAction\":[{\"@type\":\"SearchAction\",\"target\":{\"@type\":\"EntryPoint\",\"urlTemplate\":\"https:\/\/smans.com\/nl\/?s={search_term_string}\"},\"query-input\":{\"@type\":\"PropertyValueSpecification\",\"valueRequired\":true,\"valueName\":\"search_term_string\"}}],\"inLanguage\":\"fr-FR\"},{\"@type\":\"Organization\",\"@id\":\"https:\/\/smans.com\/nl\/#organization\",\"name\":\"Smans\",\"url\":\"https:\/\/smans.com\/nl\/\",\"logo\":{\"@type\":\"ImageObject\",\"inLanguage\":\"fr-FR\",\"@id\":\"https:\/\/smans.com\/nl\/#\/schema\/logo\/image\/\",\"url\":\"https:\/\/smans.com\/wp-content\/uploads\/2023\/09\/logo.svg\",\"contentUrl\":\"https:\/\/smans.com\/wp-content\/uploads\/2023\/09\/logo.svg\",\"caption\":\"Smans\"},\"image\":{\"@id\":\"https:\/\/smans.com\/nl\/#\/schema\/logo\/image\/\"}}]}<\/script>\n<!-- \/ Yoast SEO plugin. -->","yoast_head_json":{"title":"Stripping Crimping Machine MC 40-1 - Smans","robots":{"index":"index","follow":"follow","max-snippet":"max-snippet:-1","max-image-preview":"max-image-preview:large","max-video-preview":"max-video-preview:-1"},"canonical":"https:\/\/smans.com\/fr\/product\/stripping-crimping-machine-mc-40-1\/","og_locale":"fr_FR","og_type":"article","og_title":"Stripping Crimping Machine MC 40-1 - Smans","og_description":"La machine \u00e9lectropneumatique de d\u00e9nudage et de sertissage MC 40-1 traite de mani\u00e8re fiable les manchons de fil isol\u00e9s avec des collerettes en plastique.","og_url":"https:\/\/smans.com\/fr\/product\/stripping-crimping-machine-mc-40-1\/","og_site_name":"Smans","article_modified_time":"2026-04-17T11:49:16+00:00","twitter_card":"summary_large_image","twitter_misc":{"Dur\u00e9e de lecture estim\u00e9e":"1 minute"},"schema":{"@context":"https:\/\/schema.org","@graph":[{"@type":"WebPage","@id":"https:\/\/smans.com\/fr\/product\/stripping-crimping-machine-mc-40-1\/","url":"https:\/\/smans.com\/fr\/product\/stripping-crimping-machine-mc-40-1\/","name":"Stripping Crimping Machine MC 40-1 - Smans","isPartOf":{"@id":"https:\/\/smans.com\/nl\/#website"},"datePublished":"2024-06-09T15:09:31+00:00","dateModified":"2026-04-17T11:49:16+00:00","breadcrumb":{"@id":"https:\/\/smans.com\/fr\/product\/stripping-crimping-machine-mc-40-1\/#breadcrumb"},"inLanguage":"fr-FR","potentialAction":[{"@type":"ReadAction","target":["https:\/\/smans.com\/fr\/product\/stripping-crimping-machine-mc-40-1\/"]}]},{"@type":"BreadcrumbList","@id":"https:\/\/smans.com\/fr\/product\/stripping-crimping-machine-mc-40-1\/#breadcrumb","itemListElement":[{"@type":"ListItem","position":1,"name":"Home","item":"https:\/\/smans.com\/fr\/"},{"@type":"ListItem","position":2,"name":"Boutique","item":"https:\/\/smans.com\/nl\/shop\/"},{"@type":"ListItem","position":3,"name":"GLW - Stripping Crimping Machine MC 40-1"}]},{"@type":"WebSite","@id":"https:\/\/smans.com\/nl\/#website","url":"https:\/\/smans.com\/nl\/","name":"Smans","description":"","publisher":{"@id":"https:\/\/smans.com\/nl\/#organization"},"potentialAction":[{"@type":"SearchAction","target":{"@type":"EntryPoint","urlTemplate":"https:\/\/smans.com\/nl\/?s={search_term_string}"},"query-input":{"@type":"PropertyValueSpecification","valueRequired":true,"valueName":"search_term_string"}}],"inLanguage":"fr-FR"},{"@type":"Organization","@id":"https:\/\/smans.com\/nl\/#organization","name":"Smans","url":"https:\/\/smans.com\/nl\/","logo":{"@type":"ImageObject","inLanguage":"fr-FR","@id":"https:\/\/smans.com\/nl\/#\/schema\/logo\/image\/","url":"https:\/\/smans.com\/wp-content\/uploads\/2023\/09\/logo.svg","contentUrl":"https:\/\/smans.com\/wp-content\/uploads\/2023\/09\/logo.svg","caption":"Smans"},"image":{"@id":"https:\/\/smans.com\/nl\/#\/schema\/logo\/image\/"}}]}},"brands":[{"id":18244,"name":"GLW","slug":"brand-glw-fr"}],"_links":{"self":[{"href":"https:\/\/smans.com\/fr\/wp-json\/wp\/v2\/product\/25416","targetHints":{"allow":["GET"]}}],"collection":[{"href":"https:\/\/smans.com\/fr\/wp-json\/wp\/v2\/product"}],"about":[{"href":"https:\/\/smans.com\/fr\/wp-json\/wp\/v2\/types\/product"}],"wp:attachment":[{"href":"https:\/\/smans.com\/fr\/wp-json\/wp\/v2\/media?parent=25416"}],"wp:term":[{"taxonomy":"pwb-brand","embeddable":true,"href":"https:\/\/smans.com\/fr\/wp-json\/wp\/v2\/pwb-brand?post=25416"},{"taxonomy":"product_brand","embeddable":true,"href":"https:\/\/smans.com\/fr\/wp-json\/wp\/v2\/product_brand?post=25416"},{"taxonomy":"product_cat","embeddable":true,"href":"https:\/\/smans.com\/fr\/wp-json\/wp\/v2\/product_cat?post=25416"},{"taxonomy":"product_tag","embeddable":true,"href":"https:\/\/smans.com\/fr\/wp-json\/wp\/v2\/product_tag?post=25416"}],"curies":[{"name":"wp","href":"https:\/\/api.w.org\/{rel}","templated":true}]}}