{"id":25417,"date":"2024-06-09T17:10:01","date_gmt":"2024-06-09T15:10:01","guid":{"rendered":"https:\/\/smans.com\/product\/cut-and-strip-machine-kappa-320\/"},"modified":"2026-04-07T12:44:30","modified_gmt":"2026-04-07T10:44:30","slug":"cut-and-strip-machine-kappa-320","status":"publish","type":"product","link":"https:\/\/smans.com\/fr\/product\/cut-and-strip-machine-kappa-320\/","title":{"rendered":"Komax - Cut and Strip machine Kappa 320"},"content":{"rendered":"<p data-start=\"55\" data-end=\"462\"><strong>Configuration<\/strong><\/p>\n<ul style=\"list-style-type: disc\">\n<li data-start=\"55\" data-end=\"462\">1x drive roller set plasma = 4 pi\u00e8ces<\/li>\n<li data-start=\"55\" data-end=\"462\">1x length measuring optical<\/li>\n<li data-start=\"55\" data-end=\"462\">3x wire guide right<\/li>\n<li data-start=\"55\" data-end=\"462\">3x swivel guide<\/li>\n<\/ul>\n<p data-start=\"2709\" data-end=\"3157\">La Kappa 320 offre une large gamme d&rsquo;options pour le traitement des c\u00e2bles avec une grande capacit\u00e9 de production. Le syst\u00e8me de d\u00e9tection de section optique en option permet de configurer de nouveaux c\u00e2bles d&rsquo;une simple pression sur un bouton. Le syst\u00e8me de contr\u00f4le des c\u00e2bles, qui peut \u00eatre install\u00e9 ult\u00e9rieurement, minimise les pertes de coupe et assure un contr\u00f4le qualit\u00e9 continu, ce qui permet de gagner du temps et de r\u00e9duire le gaspillage.<\/p>\n<p data-start=\"3159\" data-end=\"3195\"><strong data-start=\"3159\" data-end=\"3193\">Caract\u00e9ristiques principales :<\/strong><\/p>\n<ul data-start=\"3196\" data-end=\"3740\">\n<li data-start=\"3196\" data-end=\"3333\"><strong data-start=\"3198\" data-end=\"3253\">Syst\u00e8me de d\u00e9tection de section optique optionnel :<\/strong> Configurez rapidement de nouveaux c\u00e2bles d&rsquo;une simple pression sur un bouton.<\/li>\n<li data-start=\"3334\" data-end=\"3432\"><strong data-start=\"3336\" data-end=\"3372\">Syst\u00e8me de contr\u00f4le des c\u00e2bles :<\/strong> R\u00e9duit les pertes de coupe et assure le contr\u00f4le qualit\u00e9.<\/li>\n<li data-start=\"3433\" data-end=\"3582\"><strong data-start=\"3435\" data-end=\"3468\">Logiciel d&rsquo;extension TopWin :<\/strong> Pour g\u00e9n\u00e9rer des listes de mat\u00e9riaux, des s\u00e9quences et travailler avec plusieurs c\u00e2bles ou faisceaux de c\u00e2bles.<\/li>\n<li data-start=\"3583\" data-end=\"3740\"><strong data-start=\"3585\" data-end=\"3634\">Fonctionnalit\u00e9s suppl\u00e9mentaires avec TopWin :<\/strong> Prend en charge l&rsquo;\u00e9tiquetage des c\u00e2bles, la connexion au r\u00e9seau et l&rsquo;impression des lettres de transport.<\/li>\n<\/ul>\n<p data-start=\"3742\" data-end=\"3757\"><strong data-start=\"3742\" data-end=\"3755\">Options :<\/strong><\/p>\n<ul data-start=\"3758\" data-end=\"3883\">\n<li data-start=\"3758\" data-end=\"3789\"><strong data-start=\"3760\" data-end=\"3787\">Drive roller set plasma<\/strong><\/li>\n<li data-start=\"3790\" data-end=\"3833\"><strong data-start=\"3792\" data-end=\"3831\">Length measuring set system optical<\/strong><\/li>\n<li data-start=\"3834\" data-end=\"3861\"><strong data-start=\"3836\" data-end=\"3859\">3x wire guide right<\/strong><\/li>\n<li data-start=\"3862\" data-end=\"3883\"><strong data-start=\"3864\" data-end=\"3883\">3x swivel guide<\/strong><\/li>\n<\/ul>\n<p data-start=\"3885\" data-end=\"4198\" data-is-last-node=\"\">(*) Les machines Kappa peuvent traiter de nombreux conducteurs en dehors de la plage de sections sp\u00e9cifi\u00e9e, mais certains c\u00e2bles extr\u00eamement durs et rigides peuvent ne pas \u00eatre trait\u00e9s, m\u00eame s&rsquo;ils sont dans la plage sp\u00e9cifi\u00e9e. En cas de doute, nous serons heureux de vous fournir des \u00e9chantillons pour vos c\u00e2bles.<\/p>\n","protected":false},"excerpt":{"rendered":"<p>La machine de d\u00e9coupe et de d\u00e9nudage Kappa 320 combine le traitement robuste des fils jusqu&rsquo;\u00e0 10 mm\u00b2 avec une vitesse de traitement des fils de 4 m\/s.<\/p>\n","protected":false},"featured_media":0,"template":"","meta":{"_acf_changed":false},"pwb-brand":[18260],"product_brand":[],"product_cat":[17990,17993,18039],"product_tag":[],"class_list":{"0":"post-25417","1":"product","2":"type-product","3":"status-publish","5":"pwb-brand-brand-komax-fr","6":"product_cat-cables-et-cablage-fr","7":"product_cat-couper-denuder-sertissage-fr","8":"product_cat-cut-strip-fr","10":"first","11":"instock","12":"sale","13":"taxable","14":"shipping-taxable","15":"purchasable","16":"product-type-simple"},"acf":[],"yoast_head":"<!-- This site is optimized with the Yoast SEO plugin v27.1.1 - https:\/\/yoast.com\/product\/yoast-seo-wordpress\/ -->\n<title>Cut and Strip machine Kappa 320 - Smans<\/title>\n<meta name=\"robots\" content=\"index, follow, max-snippet:-1, max-image-preview:large, max-video-preview:-1\" \/>\n<link rel=\"canonical\" href=\"https:\/\/smans.com\/fr\/product\/cut-and-strip-machine-kappa-320\/\" \/>\n<meta property=\"og:locale\" content=\"fr_FR\" \/>\n<meta property=\"og:type\" content=\"article\" \/>\n<meta property=\"og:title\" content=\"Cut and Strip machine Kappa 320 - Smans\" \/>\n<meta property=\"og:description\" content=\"La machine de d\u00e9coupe et de d\u00e9nudage Kappa 320 combine le traitement robuste des fils jusqu&#039;\u00e0 10 mm\u00b2 avec une vitesse de traitement des fils de 4 m\/s.\" \/>\n<meta property=\"og:url\" content=\"https:\/\/smans.com\/fr\/product\/cut-and-strip-machine-kappa-320\/\" \/>\n<meta property=\"og:site_name\" content=\"Smans\" \/>\n<meta property=\"article:modified_time\" content=\"2026-04-07T10:44:30+00:00\" \/>\n<meta name=\"twitter:card\" content=\"summary_large_image\" \/>\n<meta name=\"twitter:label1\" content=\"Dur\u00e9e de lecture estim\u00e9e\" \/>\n\t<meta name=\"twitter:data1\" content=\"1 minute\" \/>\n<script type=\"application\/ld+json\" class=\"yoast-schema-graph\">{\"@context\":\"https:\/\/schema.org\",\"@graph\":[{\"@type\":\"WebPage\",\"@id\":\"https:\/\/smans.com\/fr\/product\/cut-and-strip-machine-kappa-320\/\",\"url\":\"https:\/\/smans.com\/fr\/product\/cut-and-strip-machine-kappa-320\/\",\"name\":\"Cut and Strip machine Kappa 320 - Smans\",\"isPartOf\":{\"@id\":\"https:\/\/smans.com\/nl\/#website\"},\"datePublished\":\"2024-06-09T15:10:01+00:00\",\"dateModified\":\"2026-04-07T10:44:30+00:00\",\"breadcrumb\":{\"@id\":\"https:\/\/smans.com\/fr\/product\/cut-and-strip-machine-kappa-320\/#breadcrumb\"},\"inLanguage\":\"fr-FR\",\"potentialAction\":[{\"@type\":\"ReadAction\",\"target\":[\"https:\/\/smans.com\/fr\/product\/cut-and-strip-machine-kappa-320\/\"]}]},{\"@type\":\"BreadcrumbList\",\"@id\":\"https:\/\/smans.com\/fr\/product\/cut-and-strip-machine-kappa-320\/#breadcrumb\",\"itemListElement\":[{\"@type\":\"ListItem\",\"position\":1,\"name\":\"Home\",\"item\":\"https:\/\/smans.com\/fr\/\"},{\"@type\":\"ListItem\",\"position\":2,\"name\":\"Boutique\",\"item\":\"https:\/\/smans.com\/nl\/shop\/\"},{\"@type\":\"ListItem\",\"position\":3,\"name\":\"Komax - Cut and Strip machine Kappa 320\"}]},{\"@type\":\"WebSite\",\"@id\":\"https:\/\/smans.com\/nl\/#website\",\"url\":\"https:\/\/smans.com\/nl\/\",\"name\":\"Smans\",\"description\":\"\",\"publisher\":{\"@id\":\"https:\/\/smans.com\/nl\/#organization\"},\"potentialAction\":[{\"@type\":\"SearchAction\",\"target\":{\"@type\":\"EntryPoint\",\"urlTemplate\":\"https:\/\/smans.com\/nl\/?s={search_term_string}\"},\"query-input\":{\"@type\":\"PropertyValueSpecification\",\"valueRequired\":true,\"valueName\":\"search_term_string\"}}],\"inLanguage\":\"fr-FR\"},{\"@type\":\"Organization\",\"@id\":\"https:\/\/smans.com\/nl\/#organization\",\"name\":\"Smans\",\"url\":\"https:\/\/smans.com\/nl\/\",\"logo\":{\"@type\":\"ImageObject\",\"inLanguage\":\"fr-FR\",\"@id\":\"https:\/\/smans.com\/nl\/#\/schema\/logo\/image\/\",\"url\":\"https:\/\/smans.com\/wp-content\/uploads\/2023\/09\/logo.svg\",\"contentUrl\":\"https:\/\/smans.com\/wp-content\/uploads\/2023\/09\/logo.svg\",\"caption\":\"Smans\"},\"image\":{\"@id\":\"https:\/\/smans.com\/nl\/#\/schema\/logo\/image\/\"}}]}<\/script>\n<!-- \/ Yoast SEO plugin. -->","yoast_head_json":{"title":"Cut and Strip machine Kappa 320 - Smans","robots":{"index":"index","follow":"follow","max-snippet":"max-snippet:-1","max-image-preview":"max-image-preview:large","max-video-preview":"max-video-preview:-1"},"canonical":"https:\/\/smans.com\/fr\/product\/cut-and-strip-machine-kappa-320\/","og_locale":"fr_FR","og_type":"article","og_title":"Cut and Strip machine Kappa 320 - Smans","og_description":"La machine de d\u00e9coupe et de d\u00e9nudage Kappa 320 combine le traitement robuste des fils jusqu'\u00e0 10 mm\u00b2 avec une vitesse de traitement des fils de 4 m\/s.","og_url":"https:\/\/smans.com\/fr\/product\/cut-and-strip-machine-kappa-320\/","og_site_name":"Smans","article_modified_time":"2026-04-07T10:44:30+00:00","twitter_card":"summary_large_image","twitter_misc":{"Dur\u00e9e de lecture estim\u00e9e":"1 minute"},"schema":{"@context":"https:\/\/schema.org","@graph":[{"@type":"WebPage","@id":"https:\/\/smans.com\/fr\/product\/cut-and-strip-machine-kappa-320\/","url":"https:\/\/smans.com\/fr\/product\/cut-and-strip-machine-kappa-320\/","name":"Cut and Strip machine Kappa 320 - Smans","isPartOf":{"@id":"https:\/\/smans.com\/nl\/#website"},"datePublished":"2024-06-09T15:10:01+00:00","dateModified":"2026-04-07T10:44:30+00:00","breadcrumb":{"@id":"https:\/\/smans.com\/fr\/product\/cut-and-strip-machine-kappa-320\/#breadcrumb"},"inLanguage":"fr-FR","potentialAction":[{"@type":"ReadAction","target":["https:\/\/smans.com\/fr\/product\/cut-and-strip-machine-kappa-320\/"]}]},{"@type":"BreadcrumbList","@id":"https:\/\/smans.com\/fr\/product\/cut-and-strip-machine-kappa-320\/#breadcrumb","itemListElement":[{"@type":"ListItem","position":1,"name":"Home","item":"https:\/\/smans.com\/fr\/"},{"@type":"ListItem","position":2,"name":"Boutique","item":"https:\/\/smans.com\/nl\/shop\/"},{"@type":"ListItem","position":3,"name":"Komax - Cut and Strip machine Kappa 320"}]},{"@type":"WebSite","@id":"https:\/\/smans.com\/nl\/#website","url":"https:\/\/smans.com\/nl\/","name":"Smans","description":"","publisher":{"@id":"https:\/\/smans.com\/nl\/#organization"},"potentialAction":[{"@type":"SearchAction","target":{"@type":"EntryPoint","urlTemplate":"https:\/\/smans.com\/nl\/?s={search_term_string}"},"query-input":{"@type":"PropertyValueSpecification","valueRequired":true,"valueName":"search_term_string"}}],"inLanguage":"fr-FR"},{"@type":"Organization","@id":"https:\/\/smans.com\/nl\/#organization","name":"Smans","url":"https:\/\/smans.com\/nl\/","logo":{"@type":"ImageObject","inLanguage":"fr-FR","@id":"https:\/\/smans.com\/nl\/#\/schema\/logo\/image\/","url":"https:\/\/smans.com\/wp-content\/uploads\/2023\/09\/logo.svg","contentUrl":"https:\/\/smans.com\/wp-content\/uploads\/2023\/09\/logo.svg","caption":"Smans"},"image":{"@id":"https:\/\/smans.com\/nl\/#\/schema\/logo\/image\/"}}]}},"brands":[{"id":18260,"name":"Komax","slug":"brand-komax-fr"}],"_links":{"self":[{"href":"https:\/\/smans.com\/fr\/wp-json\/wp\/v2\/product\/25417","targetHints":{"allow":["GET"]}}],"collection":[{"href":"https:\/\/smans.com\/fr\/wp-json\/wp\/v2\/product"}],"about":[{"href":"https:\/\/smans.com\/fr\/wp-json\/wp\/v2\/types\/product"}],"wp:attachment":[{"href":"https:\/\/smans.com\/fr\/wp-json\/wp\/v2\/media?parent=25417"}],"wp:term":[{"taxonomy":"pwb-brand","embeddable":true,"href":"https:\/\/smans.com\/fr\/wp-json\/wp\/v2\/pwb-brand?post=25417"},{"taxonomy":"product_brand","embeddable":true,"href":"https:\/\/smans.com\/fr\/wp-json\/wp\/v2\/product_brand?post=25417"},{"taxonomy":"product_cat","embeddable":true,"href":"https:\/\/smans.com\/fr\/wp-json\/wp\/v2\/product_cat?post=25417"},{"taxonomy":"product_tag","embeddable":true,"href":"https:\/\/smans.com\/fr\/wp-json\/wp\/v2\/product_tag?post=25417"}],"curies":[{"name":"wp","href":"https:\/\/api.w.org\/{rel}","templated":true}]}}