{"id":25419,"date":"2024-06-09T17:10:20","date_gmt":"2024-06-09T15:10:20","guid":{"rendered":"https:\/\/smans.com\/product\/wire-assembly-machine-zeta-640\/"},"modified":"2026-04-06T13:17:01","modified_gmt":"2026-04-06T11:17:01","slug":"wire-assembly-machine-zeta-640","status":"publish","type":"product","link":"https:\/\/smans.com\/fr\/product\/wire-assembly-machine-zeta-640\/","title":{"rendered":"Komax - Wire Assembly Machine Zeta 640"},"content":{"rendered":"<div class=\"flex-1 overflow-hidden @container\/thread translate-y-[2rem] -mt-[2rem] pb-[1.5rem]\">\n<div class=\"flex h-full flex-col overflow-y-auto\">\n<div class=\"flex flex-col text-sm md:pb-9\">\n<article class=\"w-full text-token-text-primary focus-visible:outline-2 focus-visible:outline-offset-[-4px]\" dir=\"auto\" data-testid=\"conversation-turn-267\" data-scroll-anchor=\"true\">\n<div class=\"m-auto text-base py-[18px] px-6\">\n<div class=\"mx-auto flex flex-1 gap-4 text-base md:gap-5 lg:gap-6 md:max-w-3xl lg:max-w-[40rem] xl:max-w-[48rem]\">\n<div class=\"group\/conversation-turn relative flex w-full min-w-0 flex-col agent-turn @xs\/thread:px-0 @sm\/thread:px-1.5 @md\/thread:px-4\">\n<div class=\"flex-col gap-1 md:gap-3\">\n<div class=\"flex max-w-full flex-col flex-grow\">\n<div class=\"min-h-8 text-message flex w-full flex-col items-end gap-2 whitespace-normal break-words text-start [.text-message+&amp;]:mt-5\" dir=\"auto\" data-message-author-role=\"assistant\" data-message-id=\"bc202466-ed72-41b7-ad89-4e3b1e47711b\" data-message-model-slug=\"gpt-4o-mini\">\n<div class=\"flex w-full flex-col gap-1 empty:hidden first:pt-[3px]\">\n<div class=\"markdown prose w-full break-words dark:prose-invert light\">\n<p data-start=\"3487\" data-end=\"3694\">Gr\u00e2ce aux cinq modules de processus, la Zeta 640 peut traiter jusqu\u2019\u00e0 36 c\u00e2bles sans changement, \u00e0 partir de la taille de lot 1, et en just-in-time, ce qui augmente la productivit\u00e9 et optimise les processus.<\/p>\n<p data-start=\"3696\" data-end=\"3732\"><strong data-start=\"3696\" data-end=\"3730\">Caract\u00e9ristiques principales :<\/strong><\/p>\n<ul data-start=\"3733\" data-end=\"4707\">\n<li data-start=\"3733\" data-end=\"3843\"><strong data-start=\"3735\" data-end=\"3769\">Pas de changement n\u00e9cessaire :<\/strong> Traite jusqu\u2019\u00e0 36 c\u00e2bles sans changement, ce qui am\u00e9liore l\u2019efficacit\u00e9.<\/li>\n<li data-start=\"3844\" data-end=\"3974\"><strong data-start=\"3846\" data-end=\"3875\">Traitement just-in-time :<\/strong> Id\u00e9al pour la production \u00e0 la demande de faisceaux de c\u00e2bles sans retards ni probl\u00e8mes de stock.<\/li>\n<li data-start=\"3975\" data-end=\"4103\"><strong data-start=\"3977\" data-end=\"4017\">Assemblage enti\u00e8rement automatique :<\/strong> La Zeta 640 assemble les c\u00e2bles n\u00e9cessaires de A \u00e0 Z sur cinq modules de processus.<\/li>\n<li data-start=\"4104\" data-end=\"4332\"><strong data-start=\"4106\" data-end=\"4141\">Tri et regroupement efficaces :<\/strong> Les faisceaux de c\u00e2bles sont pr\u00e9alablement regroup\u00e9s ou tri\u00e9s dans le bon ordre, pr\u00eats pour un traitement ult\u00e9rieur, simplifiant l\u2019installation et la logistique dans le tableau \u00e9lectrique.<\/li>\n<li data-start=\"4333\" data-end=\"4568\"><strong data-start=\"4335\" data-end=\"4377\">Param\u00e8tres de traitement automatis\u00e9s :<\/strong> Les donn\u00e9es de traitement sont facilement converties via TopConvert et envoy\u00e9es directement \u00e0 la machine via l\u2019interface Komax WPCS, \u00e9liminant ainsi la programmation manuelle des articles.<\/li>\n<li data-start=\"4569\" data-end=\"4707\"><strong data-start=\"4571\" data-end=\"4599\">Traitement sans erreur :<\/strong> L\u2019alimentation et le traitement sont efficaces et sans erreur gr\u00e2ce au transfert automatique des donn\u00e9es.<\/li>\n<\/ul>\n<p data-start=\"4709\" data-end=\"4734\"><strong data-start=\"4709\" data-end=\"4732\">Options et Extras :<\/strong><\/p>\n<ul data-start=\"4735\" data-end=\"5302\" data-is-last-node=\"\">\n<li data-start=\"4735\" data-end=\"4888\"><strong data-start=\"4737\" data-end=\"4797\">Lames de coupe avec surveillance de la pr\u00e9cision (ACD) :<\/strong> Trois paires de lames de coupe pour une haute pr\u00e9cision avec surveillance ACD en option.<\/li>\n<li data-start=\"4889\" data-end=\"4991\"><strong data-start=\"4891\" data-end=\"4934\">Traitement par lot en une seule \u00e9tape :<\/strong> Les c\u00e2bles sont tri\u00e9s et regroup\u00e9s en une seule \u00e9tape.<\/li>\n<li data-start=\"4992\" data-end=\"5081\"><strong data-start=\"4994\" data-end=\"5018\">Changeur de c\u00e2bles :<\/strong> Prend en charge jusqu\u2019\u00e0 36 c\u00e2bles avec diff\u00e9rentes sections.<\/li>\n<li data-start=\"5082\" data-end=\"5182\"><strong data-start=\"5084\" data-end=\"5107\">Haute performance :<\/strong> Trois navettes fonctionnent en parall\u00e8le pour une productivit\u00e9 maximale.<\/li>\n<li data-start=\"5183\" data-end=\"5302\" data-is-last-node=\"\"><strong data-start=\"5185\" data-end=\"5221\">\u00c9tiquetage des tubes en option :<\/strong> Les faisceaux de c\u00e2bles peuvent \u00eatre \u00e9tiquet\u00e9s pour une identification facile.<\/li>\n<\/ul>\n<\/div>\n<\/div>\n<\/div>\n<\/div>\n<div class=\"mb-2 flex gap-3 empty:hidden -ml-2\">\n<div class=\"items-center justify-start rounded-xl p-1 flex\">\u00a0<\/div>\n<\/div>\n<\/div>\n<\/div>\n<\/div>\n<\/div>\n<\/article>\n<\/div>\n<\/div>\n<\/div>\n","protected":false},"excerpt":{"rendered":"<p>Machine enti\u00e8rement automatis\u00e9e pour le traitement de c\u00e2bles<\/p>\n","protected":false},"featured_media":0,"template":"","meta":{"_acf_changed":false},"pwb-brand":[18260],"product_brand":[],"product_cat":[17990,17994,17993,18044],"product_tag":[],"class_list":{"0":"post-25419","1":"product","2":"type-product","3":"status-publish","5":"pwb-brand-brand-komax-fr","6":"product_cat-cables-et-cablage-fr","7":"product_cat-construction-de-panneau-fr","8":"product_cat-couper-denuder-sertissage-fr","9":"product_cat-harness-manufacturing-fr","11":"first","12":"instock","13":"taxable","14":"shipping-taxable","15":"product-type-simple"},"acf":[],"yoast_head":"<!-- This site is optimized with the Yoast SEO plugin v27.1.1 - https:\/\/yoast.com\/product\/yoast-seo-wordpress\/ -->\n<title>Wire Assembly Machine Zeta 640 - Smans<\/title>\n<meta name=\"robots\" content=\"index, follow, max-snippet:-1, max-image-preview:large, max-video-preview:-1\" \/>\n<link rel=\"canonical\" href=\"https:\/\/smans.com\/fr\/product\/wire-assembly-machine-zeta-640\/\" \/>\n<meta property=\"og:locale\" content=\"fr_FR\" \/>\n<meta property=\"og:type\" content=\"article\" \/>\n<meta property=\"og:title\" content=\"Wire Assembly Machine Zeta 640 - Smans\" \/>\n<meta property=\"og:description\" content=\"Machine enti\u00e8rement automatis\u00e9e pour le traitement de c\u00e2bles\" \/>\n<meta property=\"og:url\" content=\"https:\/\/smans.com\/fr\/product\/wire-assembly-machine-zeta-640\/\" \/>\n<meta property=\"og:site_name\" content=\"Smans\" \/>\n<meta property=\"article:modified_time\" content=\"2026-04-06T11:17:01+00:00\" \/>\n<meta name=\"twitter:card\" content=\"summary_large_image\" \/>\n<meta name=\"twitter:label1\" content=\"Dur\u00e9e de lecture estim\u00e9e\" \/>\n\t<meta name=\"twitter:data1\" content=\"1 minute\" \/>\n<script type=\"application\/ld+json\" class=\"yoast-schema-graph\">{\"@context\":\"https:\/\/schema.org\",\"@graph\":[{\"@type\":\"WebPage\",\"@id\":\"https:\/\/smans.com\/fr\/product\/wire-assembly-machine-zeta-640\/\",\"url\":\"https:\/\/smans.com\/fr\/product\/wire-assembly-machine-zeta-640\/\",\"name\":\"Wire Assembly Machine Zeta 640 - Smans\",\"isPartOf\":{\"@id\":\"https:\/\/smans.com\/nl\/#website\"},\"datePublished\":\"2024-06-09T15:10:20+00:00\",\"dateModified\":\"2026-04-06T11:17:01+00:00\",\"breadcrumb\":{\"@id\":\"https:\/\/smans.com\/fr\/product\/wire-assembly-machine-zeta-640\/#breadcrumb\"},\"inLanguage\":\"fr-FR\",\"potentialAction\":[{\"@type\":\"ReadAction\",\"target\":[\"https:\/\/smans.com\/fr\/product\/wire-assembly-machine-zeta-640\/\"]}]},{\"@type\":\"BreadcrumbList\",\"@id\":\"https:\/\/smans.com\/fr\/product\/wire-assembly-machine-zeta-640\/#breadcrumb\",\"itemListElement\":[{\"@type\":\"ListItem\",\"position\":1,\"name\":\"Home\",\"item\":\"https:\/\/smans.com\/fr\/\"},{\"@type\":\"ListItem\",\"position\":2,\"name\":\"Boutique\",\"item\":\"https:\/\/smans.com\/nl\/shop\/\"},{\"@type\":\"ListItem\",\"position\":3,\"name\":\"Komax - Wire Assembly Machine Zeta 640\"}]},{\"@type\":\"WebSite\",\"@id\":\"https:\/\/smans.com\/nl\/#website\",\"url\":\"https:\/\/smans.com\/nl\/\",\"name\":\"Smans\",\"description\":\"\",\"publisher\":{\"@id\":\"https:\/\/smans.com\/nl\/#organization\"},\"potentialAction\":[{\"@type\":\"SearchAction\",\"target\":{\"@type\":\"EntryPoint\",\"urlTemplate\":\"https:\/\/smans.com\/nl\/?s={search_term_string}\"},\"query-input\":{\"@type\":\"PropertyValueSpecification\",\"valueRequired\":true,\"valueName\":\"search_term_string\"}}],\"inLanguage\":\"fr-FR\"},{\"@type\":\"Organization\",\"@id\":\"https:\/\/smans.com\/nl\/#organization\",\"name\":\"Smans\",\"url\":\"https:\/\/smans.com\/nl\/\",\"logo\":{\"@type\":\"ImageObject\",\"inLanguage\":\"fr-FR\",\"@id\":\"https:\/\/smans.com\/nl\/#\/schema\/logo\/image\/\",\"url\":\"https:\/\/smans.com\/wp-content\/uploads\/2023\/09\/logo.svg\",\"contentUrl\":\"https:\/\/smans.com\/wp-content\/uploads\/2023\/09\/logo.svg\",\"caption\":\"Smans\"},\"image\":{\"@id\":\"https:\/\/smans.com\/nl\/#\/schema\/logo\/image\/\"}}]}<\/script>\n<!-- \/ Yoast SEO plugin. -->","yoast_head_json":{"title":"Wire Assembly Machine Zeta 640 - Smans","robots":{"index":"index","follow":"follow","max-snippet":"max-snippet:-1","max-image-preview":"max-image-preview:large","max-video-preview":"max-video-preview:-1"},"canonical":"https:\/\/smans.com\/fr\/product\/wire-assembly-machine-zeta-640\/","og_locale":"fr_FR","og_type":"article","og_title":"Wire Assembly Machine Zeta 640 - Smans","og_description":"Machine enti\u00e8rement automatis\u00e9e pour le traitement de c\u00e2bles","og_url":"https:\/\/smans.com\/fr\/product\/wire-assembly-machine-zeta-640\/","og_site_name":"Smans","article_modified_time":"2026-04-06T11:17:01+00:00","twitter_card":"summary_large_image","twitter_misc":{"Dur\u00e9e de lecture estim\u00e9e":"1 minute"},"schema":{"@context":"https:\/\/schema.org","@graph":[{"@type":"WebPage","@id":"https:\/\/smans.com\/fr\/product\/wire-assembly-machine-zeta-640\/","url":"https:\/\/smans.com\/fr\/product\/wire-assembly-machine-zeta-640\/","name":"Wire Assembly Machine Zeta 640 - Smans","isPartOf":{"@id":"https:\/\/smans.com\/nl\/#website"},"datePublished":"2024-06-09T15:10:20+00:00","dateModified":"2026-04-06T11:17:01+00:00","breadcrumb":{"@id":"https:\/\/smans.com\/fr\/product\/wire-assembly-machine-zeta-640\/#breadcrumb"},"inLanguage":"fr-FR","potentialAction":[{"@type":"ReadAction","target":["https:\/\/smans.com\/fr\/product\/wire-assembly-machine-zeta-640\/"]}]},{"@type":"BreadcrumbList","@id":"https:\/\/smans.com\/fr\/product\/wire-assembly-machine-zeta-640\/#breadcrumb","itemListElement":[{"@type":"ListItem","position":1,"name":"Home","item":"https:\/\/smans.com\/fr\/"},{"@type":"ListItem","position":2,"name":"Boutique","item":"https:\/\/smans.com\/nl\/shop\/"},{"@type":"ListItem","position":3,"name":"Komax - Wire Assembly Machine Zeta 640"}]},{"@type":"WebSite","@id":"https:\/\/smans.com\/nl\/#website","url":"https:\/\/smans.com\/nl\/","name":"Smans","description":"","publisher":{"@id":"https:\/\/smans.com\/nl\/#organization"},"potentialAction":[{"@type":"SearchAction","target":{"@type":"EntryPoint","urlTemplate":"https:\/\/smans.com\/nl\/?s={search_term_string}"},"query-input":{"@type":"PropertyValueSpecification","valueRequired":true,"valueName":"search_term_string"}}],"inLanguage":"fr-FR"},{"@type":"Organization","@id":"https:\/\/smans.com\/nl\/#organization","name":"Smans","url":"https:\/\/smans.com\/nl\/","logo":{"@type":"ImageObject","inLanguage":"fr-FR","@id":"https:\/\/smans.com\/nl\/#\/schema\/logo\/image\/","url":"https:\/\/smans.com\/wp-content\/uploads\/2023\/09\/logo.svg","contentUrl":"https:\/\/smans.com\/wp-content\/uploads\/2023\/09\/logo.svg","caption":"Smans"},"image":{"@id":"https:\/\/smans.com\/nl\/#\/schema\/logo\/image\/"}}]}},"brands":[{"id":18260,"name":"Komax","slug":"brand-komax-fr"}],"_links":{"self":[{"href":"https:\/\/smans.com\/fr\/wp-json\/wp\/v2\/product\/25419","targetHints":{"allow":["GET"]}}],"collection":[{"href":"https:\/\/smans.com\/fr\/wp-json\/wp\/v2\/product"}],"about":[{"href":"https:\/\/smans.com\/fr\/wp-json\/wp\/v2\/types\/product"}],"wp:attachment":[{"href":"https:\/\/smans.com\/fr\/wp-json\/wp\/v2\/media?parent=25419"}],"wp:term":[{"taxonomy":"pwb-brand","embeddable":true,"href":"https:\/\/smans.com\/fr\/wp-json\/wp\/v2\/pwb-brand?post=25419"},{"taxonomy":"product_brand","embeddable":true,"href":"https:\/\/smans.com\/fr\/wp-json\/wp\/v2\/product_brand?post=25419"},{"taxonomy":"product_cat","embeddable":true,"href":"https:\/\/smans.com\/fr\/wp-json\/wp\/v2\/product_cat?post=25419"},{"taxonomy":"product_tag","embeddable":true,"href":"https:\/\/smans.com\/fr\/wp-json\/wp\/v2\/product_tag?post=25419"}],"curies":[{"name":"wp","href":"https:\/\/api.w.org\/{rel}","templated":true}]}}