{"id":25420,"date":"2024-06-09T17:11:03","date_gmt":"2024-06-09T15:11:03","guid":{"rendered":"https:\/\/smans.com\/product\/topconvert\/"},"modified":"2026-04-07T12:44:30","modified_gmt":"2026-04-07T10:44:30","slug":"topconvert","status":"publish","type":"product","link":"https:\/\/smans.com\/fr\/product\/topconvert\/","title":{"rendered":"Komax - TopConvert"},"content":{"rendered":"<p data-start=\"1995\" data-end=\"2221\">Le logiciel TopConvert permet de convertir facilement les donn\u00e9es CSV en format WPCS (Wire Processing Communication Standard). Cela facilite le chargement de listes de coupe compl\u00e8tes dans les machines de traitement de c\u00e2bles.<\/p>\n<p data-start=\"2223\" data-end=\"2259\"><strong data-start=\"2223\" data-end=\"2257\">Caract\u00e9ristiques principales :<\/strong><\/p>\n<ul data-start=\"2260\" data-end=\"2951\" data-is-last-node=\"\">\n<li data-start=\"2260\" data-end=\"2366\"><strong data-start=\"2262\" data-end=\"2290\">Conversion CSV en WPCS :<\/strong> TopConvert convertit les fichiers CSV en format WPCS lisible par machine.<\/li>\n<li data-start=\"2367\" data-end=\"2499\"><strong data-start=\"2369\" data-end=\"2386\">Flexibilit\u00e9 :<\/strong> Dans de nombreux cas, les listes de coupe sont uniquement disponibles sous forme \u00e9lectronique en fichiers CSV.<\/li>\n<li data-start=\"2500\" data-end=\"2683\"><strong data-start=\"2502\" data-end=\"2540\">Solution pour diff\u00e9rents formats :<\/strong> TopConvert traite divers formats de donn\u00e9es, tels que les mises en page sp\u00e9cifiques aux clients combinant type de c\u00e2ble, section et couleur.<\/li>\n<li data-start=\"2684\" data-end=\"2820\"><strong data-start=\"2686\" data-end=\"2718\">Conversion bas\u00e9e sur Excel :<\/strong> Une feuille de sp\u00e9cification Excel est utilis\u00e9e pour d\u00e9finir un convertisseur pour les donn\u00e9es CSV.<\/li>\n<li data-start=\"2821\" data-end=\"2951\" data-is-last-node=\"\"><strong data-start=\"2823\" data-end=\"2853\">Multiples convertisseurs :<\/strong> Cr\u00e9ez autant de convertisseurs que n\u00e9cessaire pour traiter une grande vari\u00e9t\u00e9 de listes de coupe.<\/li>\n<\/ul>\n","protected":false},"excerpt":{"rendered":"<p>Le logiciel TopConvert traduit les donn\u00e9es CSV en format WPCS (Wire Processing Communication Standard) pour charger facilement des listes de coupe compl\u00e8tes dans les machines de traitement de c\u00e2bles.<\/p>\n","protected":false},"featured_media":0,"template":"","meta":{"_acf_changed":false},"pwb-brand":[18260],"product_brand":[],"product_cat":[17990,17993,18040],"product_tag":[],"class_list":{"0":"post-25420","1":"product","2":"type-product","3":"status-publish","5":"pwb-brand-brand-komax-fr","6":"product_cat-cables-et-cablage-fr","7":"product_cat-couper-denuder-sertissage-fr","8":"product_cat-software-networking-fr","10":"first","11":"instock","12":"taxable","13":"shipping-taxable","14":"product-type-simple"},"acf":[],"yoast_head":"<!-- This site is optimized with the Yoast SEO plugin v27.1.1 - https:\/\/yoast.com\/product\/yoast-seo-wordpress\/ -->\n<title>TopConvert - Smans<\/title>\n<meta name=\"robots\" content=\"index, follow, max-snippet:-1, max-image-preview:large, max-video-preview:-1\" \/>\n<link rel=\"canonical\" href=\"https:\/\/smans.com\/fr\/product\/topconvert\/\" \/>\n<meta property=\"og:locale\" content=\"fr_FR\" \/>\n<meta property=\"og:type\" content=\"article\" \/>\n<meta property=\"og:title\" content=\"TopConvert - Smans\" \/>\n<meta property=\"og:description\" content=\"Le logiciel TopConvert traduit les donn\u00e9es CSV en format WPCS (Wire Processing Communication Standard) pour charger facilement des listes de coupe compl\u00e8tes dans les machines de traitement de c\u00e2bles.\" \/>\n<meta property=\"og:url\" content=\"https:\/\/smans.com\/fr\/product\/topconvert\/\" \/>\n<meta property=\"og:site_name\" content=\"Smans\" \/>\n<meta property=\"article:modified_time\" content=\"2026-04-07T10:44:30+00:00\" \/>\n<meta name=\"twitter:card\" content=\"summary_large_image\" \/>\n<meta name=\"twitter:label1\" content=\"Dur\u00e9e de lecture estim\u00e9e\" \/>\n\t<meta name=\"twitter:data1\" content=\"1 minute\" \/>\n<script type=\"application\/ld+json\" class=\"yoast-schema-graph\">{\"@context\":\"https:\/\/schema.org\",\"@graph\":[{\"@type\":\"WebPage\",\"@id\":\"https:\/\/smans.com\/fr\/product\/topconvert\/\",\"url\":\"https:\/\/smans.com\/fr\/product\/topconvert\/\",\"name\":\"TopConvert - Smans\",\"isPartOf\":{\"@id\":\"https:\/\/smans.com\/nl\/#website\"},\"datePublished\":\"2024-06-09T15:11:03+00:00\",\"dateModified\":\"2026-04-07T10:44:30+00:00\",\"breadcrumb\":{\"@id\":\"https:\/\/smans.com\/fr\/product\/topconvert\/#breadcrumb\"},\"inLanguage\":\"fr-FR\",\"potentialAction\":[{\"@type\":\"ReadAction\",\"target\":[\"https:\/\/smans.com\/fr\/product\/topconvert\/\"]}]},{\"@type\":\"BreadcrumbList\",\"@id\":\"https:\/\/smans.com\/fr\/product\/topconvert\/#breadcrumb\",\"itemListElement\":[{\"@type\":\"ListItem\",\"position\":1,\"name\":\"Home\",\"item\":\"https:\/\/smans.com\/fr\/\"},{\"@type\":\"ListItem\",\"position\":2,\"name\":\"Boutique\",\"item\":\"https:\/\/smans.com\/nl\/shop\/\"},{\"@type\":\"ListItem\",\"position\":3,\"name\":\"Komax - TopConvert\"}]},{\"@type\":\"WebSite\",\"@id\":\"https:\/\/smans.com\/nl\/#website\",\"url\":\"https:\/\/smans.com\/nl\/\",\"name\":\"Smans\",\"description\":\"\",\"publisher\":{\"@id\":\"https:\/\/smans.com\/nl\/#organization\"},\"potentialAction\":[{\"@type\":\"SearchAction\",\"target\":{\"@type\":\"EntryPoint\",\"urlTemplate\":\"https:\/\/smans.com\/nl\/?s={search_term_string}\"},\"query-input\":{\"@type\":\"PropertyValueSpecification\",\"valueRequired\":true,\"valueName\":\"search_term_string\"}}],\"inLanguage\":\"fr-FR\"},{\"@type\":\"Organization\",\"@id\":\"https:\/\/smans.com\/nl\/#organization\",\"name\":\"Smans\",\"url\":\"https:\/\/smans.com\/nl\/\",\"logo\":{\"@type\":\"ImageObject\",\"inLanguage\":\"fr-FR\",\"@id\":\"https:\/\/smans.com\/nl\/#\/schema\/logo\/image\/\",\"url\":\"https:\/\/smans.com\/wp-content\/uploads\/2023\/09\/logo.svg\",\"contentUrl\":\"https:\/\/smans.com\/wp-content\/uploads\/2023\/09\/logo.svg\",\"caption\":\"Smans\"},\"image\":{\"@id\":\"https:\/\/smans.com\/nl\/#\/schema\/logo\/image\/\"}}]}<\/script>\n<!-- \/ Yoast SEO plugin. -->","yoast_head_json":{"title":"TopConvert - Smans","robots":{"index":"index","follow":"follow","max-snippet":"max-snippet:-1","max-image-preview":"max-image-preview:large","max-video-preview":"max-video-preview:-1"},"canonical":"https:\/\/smans.com\/fr\/product\/topconvert\/","og_locale":"fr_FR","og_type":"article","og_title":"TopConvert - Smans","og_description":"Le logiciel TopConvert traduit les donn\u00e9es CSV en format WPCS (Wire Processing Communication Standard) pour charger facilement des listes de coupe compl\u00e8tes dans les machines de traitement de c\u00e2bles.","og_url":"https:\/\/smans.com\/fr\/product\/topconvert\/","og_site_name":"Smans","article_modified_time":"2026-04-07T10:44:30+00:00","twitter_card":"summary_large_image","twitter_misc":{"Dur\u00e9e de lecture estim\u00e9e":"1 minute"},"schema":{"@context":"https:\/\/schema.org","@graph":[{"@type":"WebPage","@id":"https:\/\/smans.com\/fr\/product\/topconvert\/","url":"https:\/\/smans.com\/fr\/product\/topconvert\/","name":"TopConvert - Smans","isPartOf":{"@id":"https:\/\/smans.com\/nl\/#website"},"datePublished":"2024-06-09T15:11:03+00:00","dateModified":"2026-04-07T10:44:30+00:00","breadcrumb":{"@id":"https:\/\/smans.com\/fr\/product\/topconvert\/#breadcrumb"},"inLanguage":"fr-FR","potentialAction":[{"@type":"ReadAction","target":["https:\/\/smans.com\/fr\/product\/topconvert\/"]}]},{"@type":"BreadcrumbList","@id":"https:\/\/smans.com\/fr\/product\/topconvert\/#breadcrumb","itemListElement":[{"@type":"ListItem","position":1,"name":"Home","item":"https:\/\/smans.com\/fr\/"},{"@type":"ListItem","position":2,"name":"Boutique","item":"https:\/\/smans.com\/nl\/shop\/"},{"@type":"ListItem","position":3,"name":"Komax - TopConvert"}]},{"@type":"WebSite","@id":"https:\/\/smans.com\/nl\/#website","url":"https:\/\/smans.com\/nl\/","name":"Smans","description":"","publisher":{"@id":"https:\/\/smans.com\/nl\/#organization"},"potentialAction":[{"@type":"SearchAction","target":{"@type":"EntryPoint","urlTemplate":"https:\/\/smans.com\/nl\/?s={search_term_string}"},"query-input":{"@type":"PropertyValueSpecification","valueRequired":true,"valueName":"search_term_string"}}],"inLanguage":"fr-FR"},{"@type":"Organization","@id":"https:\/\/smans.com\/nl\/#organization","name":"Smans","url":"https:\/\/smans.com\/nl\/","logo":{"@type":"ImageObject","inLanguage":"fr-FR","@id":"https:\/\/smans.com\/nl\/#\/schema\/logo\/image\/","url":"https:\/\/smans.com\/wp-content\/uploads\/2023\/09\/logo.svg","contentUrl":"https:\/\/smans.com\/wp-content\/uploads\/2023\/09\/logo.svg","caption":"Smans"},"image":{"@id":"https:\/\/smans.com\/nl\/#\/schema\/logo\/image\/"}}]}},"brands":[{"id":18260,"name":"Komax","slug":"brand-komax-fr"}],"_links":{"self":[{"href":"https:\/\/smans.com\/fr\/wp-json\/wp\/v2\/product\/25420","targetHints":{"allow":["GET"]}}],"collection":[{"href":"https:\/\/smans.com\/fr\/wp-json\/wp\/v2\/product"}],"about":[{"href":"https:\/\/smans.com\/fr\/wp-json\/wp\/v2\/types\/product"}],"wp:attachment":[{"href":"https:\/\/smans.com\/fr\/wp-json\/wp\/v2\/media?parent=25420"}],"wp:term":[{"taxonomy":"pwb-brand","embeddable":true,"href":"https:\/\/smans.com\/fr\/wp-json\/wp\/v2\/pwb-brand?post=25420"},{"taxonomy":"product_brand","embeddable":true,"href":"https:\/\/smans.com\/fr\/wp-json\/wp\/v2\/product_brand?post=25420"},{"taxonomy":"product_cat","embeddable":true,"href":"https:\/\/smans.com\/fr\/wp-json\/wp\/v2\/product_cat?post=25420"},{"taxonomy":"product_tag","embeddable":true,"href":"https:\/\/smans.com\/fr\/wp-json\/wp\/v2\/product_tag?post=25420"}],"curies":[{"name":"wp","href":"https:\/\/api.w.org\/{rel}","templated":true}]}}