{"id":25423,"date":"2024-06-09T17:11:11","date_gmt":"2024-06-09T15:11:11","guid":{"rendered":"https:\/\/smans.com\/product\/stripping-crimping-machine-delta-260\/"},"modified":"2026-04-07T12:44:31","modified_gmt":"2026-04-07T10:44:31","slug":"stripping-crimping-machine-delta-260","status":"publish","type":"product","link":"https:\/\/smans.com\/fr\/product\/stripping-crimping-machine-delta-260\/","title":{"rendered":"Komax - Stripping Crimping Machine Delta 260"},"content":{"rendered":"<div class=\"flex max-w-full flex-col flex-grow\">\n<div class=\"min-h-8 text-message flex w-full flex-col items-end gap-2 whitespace-normal break-words text-start [.text-message+&amp;]:mt-5\" dir=\"auto\" data-message-author-role=\"assistant\" data-message-id=\"90807994-0272-4cfb-b2ac-9199c487633d\" data-message-model-slug=\"gpt-4o-mini\">\n<div class=\"flex w-full flex-col gap-1 empty:hidden first:pt-[3px]\">\n<div class=\"markdown prose w-full break-words dark:prose-invert light\">\n<p data-start=\"4495\" data-end=\"4901\">La machine programmable Delta 260 peut en une seule cycle placer un scellant, d\u00e9nuder le fil et sertir une borne. Elle est \u00e9quip\u00e9e de la surveillance de la force de sertissage, du r\u00e9glage automatique de la hauteur du sertissage et d&rsquo;un coupe-contact d\u00e9fectueux. La Delta 260 combine trois \u00e9tapes de processus en une seule, offrant ainsi une grande efficacit\u00e9 et une pr\u00e9cision pour le traitement des c\u00e2bles.<\/p>\n<p data-start=\"4903\" data-end=\"4939\"><strong data-start=\"4903\" data-end=\"4937\">Caract\u00e9ristiques principales :<\/strong><\/p>\n<ul data-start=\"4940\" data-end=\"5941\">\n<li data-start=\"4940\" data-end=\"5043\"><strong data-start=\"4942\" data-end=\"4969\">Trois processus en un :<\/strong> Place les scellants, d\u00e9nude le fil et sertit la borne en un seul cycle.<\/li>\n<li data-start=\"5044\" data-end=\"5179\"><strong data-start=\"5046\" data-end=\"5090\">Surveillance de la force de sertissage :<\/strong> La surveillance de la force de sertissage CFA\/CFA+ garantit la fiabilit\u00e9 du processus.<\/li>\n<li data-start=\"5180\" data-end=\"5264\"><strong data-start=\"5182\" data-end=\"5205\">M\u00e9canique pr\u00e9cise :<\/strong> Offre une grande r\u00e9p\u00e9tabilit\u00e9 et un contr\u00f4le de qualit\u00e9.<\/li>\n<li data-start=\"5265\" data-end=\"5399\"><strong data-start=\"5267\" data-end=\"5298\">Pas de mouvement de c\u00e2ble :<\/strong> Le c\u00e2ble reste immobile pendant le traitement, ce qui est avantageux pour les c\u00e2bles pr\u00e9assembl\u00e9s.<\/li>\n<li data-start=\"5400\" data-end=\"5553\"><strong data-start=\"5402\" data-end=\"5427\">Op\u00e9ration intuitive :<\/strong> L&rsquo;interface graphique de l&rsquo;utilisateur offre de l&rsquo;aide contextuelle, la s\u00e9lection de la langue et les droits d&rsquo;utilisateur.<\/li>\n<li data-start=\"5554\" data-end=\"5690\"><strong data-start=\"5556\" data-end=\"5585\">R\u00e9glages reproductibles :<\/strong> Les param\u00e8tres programmables permettent la reproductibilit\u00e9, minimisant l&rsquo;intervention de l&rsquo;op\u00e9rateur.<\/li>\n<li data-start=\"5691\" data-end=\"5796\"><strong data-start=\"5693\" data-end=\"5726\">Capacit\u00e9 de stockage accrue :<\/strong> Jusqu&rsquo;\u00e0 5 000 articles peuvent \u00eatre stock\u00e9s pour plus d&rsquo;efficacit\u00e9.<\/li>\n<li data-start=\"5797\" data-end=\"5941\"><strong data-start=\"5799\" data-end=\"5828\">Extensions optionnelles :<\/strong> La Delta 260 peut \u00eatre \u00e9quip\u00e9e d&rsquo;une unit\u00e9 d&rsquo;aspiration et d&rsquo;une fonction s\u00e9quentielle pour plus de flexibilit\u00e9.<\/li>\n<\/ul>\n<p data-start=\"5943\" data-end=\"5967\"><strong data-start=\"5943\" data-end=\"5965\">Logiciel QCenter :<\/strong><\/p>\n<ul data-start=\"5968\" data-end=\"6990\" data-is-last-node=\"\">\n<li data-start=\"5968\" data-end=\"6181\">Int\u00e8gre les dispositifs de mesure de la hauteur du sertissage et de la force de traction dans le processus de production et lib\u00e8re la production uniquement lorsque les valeurs cibles et r\u00e9elles sont conformes.<\/li>\n<li data-start=\"6182\" data-end=\"6377\">Pr\u00e9vient les erreurs de production en \u00e9liminant la saisie manuelle des donn\u00e9es et assure que la production commence uniquement lorsque les valeurs de mesure sont dans les tol\u00e9rances requises.<\/li>\n<li data-start=\"6378\" data-end=\"6713\"><strong data-start=\"6380\" data-end=\"6443\">Fonction d&rsquo;identification et int\u00e9gration des codes-barres :<\/strong> Avec la fonction d&rsquo;identification simple et l&rsquo;int\u00e9gration en option d&rsquo;un scanner de codes-barres, les dispositifs de mesure pour la hauteur du sertissage et la force de traction, tels que Komax 341 ou Q1210, peuvent \u00eatre utilis\u00e9s ensemble sur jusqu&rsquo;\u00e0 20 sertisseuses.<\/li>\n<li data-start=\"6714\" data-end=\"6877\"><strong data-start=\"6716\" data-end=\"6769\">Transfert des donn\u00e9es en temps r\u00e9el vers le MES :<\/strong> Les donn\u00e9es de mesure peuvent \u00eatre envoy\u00e9es via l&rsquo;interface MIKO vers un MES pour stockage et \u00e9valuation.<\/li>\n<li data-start=\"6878\" data-end=\"6990\" data-is-last-node=\"\"><strong data-start=\"6880\" data-end=\"6897\">Komax Print :<\/strong> G\u00e9n\u00e8re automatiquement un rapport de mesure pendant la production et le stocke localement.<\/li>\n<\/ul>\n<\/div>\n<\/div>\n<\/div>\n<\/div>\n<div class=\"mb-2 flex gap-3 empty:hidden -ml-2\">\n<div class=\"items-center justify-start rounded-xl p-1 flex\">\u00a0<\/div>\n<\/div>\n","protected":false},"excerpt":{"rendered":"<p>Delta 260 : Machine Semi-Automatique Programmable pour Scellage, Sertissage et D\u00e9nudage<\/p>\n","protected":false},"featured_media":0,"template":"","meta":{"_acf_changed":false},"pwb-brand":[18260],"product_brand":[],"product_cat":[17990,17993,18036],"product_tag":[],"class_list":{"0":"post-25423","1":"product","2":"type-product","3":"status-publish","5":"pwb-brand-brand-komax-fr","6":"product_cat-cables-et-cablage-fr","7":"product_cat-couper-denuder-sertissage-fr","8":"product_cat-strip-crimp-fr","10":"first","11":"instock","12":"taxable","13":"shipping-taxable","14":"product-type-simple"},"acf":[],"yoast_head":"<!-- This site is optimized with the Yoast SEO plugin v27.1.1 - https:\/\/yoast.com\/product\/yoast-seo-wordpress\/ -->\n<title>Stripping Crimping Machine Delta 260 - Smans<\/title>\n<meta name=\"robots\" content=\"index, follow, max-snippet:-1, max-image-preview:large, max-video-preview:-1\" \/>\n<link rel=\"canonical\" href=\"https:\/\/smans.com\/fr\/product\/stripping-crimping-machine-delta-260\/\" \/>\n<meta property=\"og:locale\" content=\"fr_FR\" \/>\n<meta property=\"og:type\" content=\"article\" \/>\n<meta property=\"og:title\" content=\"Stripping Crimping Machine Delta 260 - Smans\" \/>\n<meta property=\"og:description\" content=\"Delta 260 : Machine Semi-Automatique Programmable pour Scellage, Sertissage et D\u00e9nudage\" \/>\n<meta property=\"og:url\" content=\"https:\/\/smans.com\/fr\/product\/stripping-crimping-machine-delta-260\/\" \/>\n<meta property=\"og:site_name\" content=\"Smans\" \/>\n<meta property=\"article:modified_time\" content=\"2026-04-07T10:44:31+00:00\" \/>\n<meta name=\"twitter:card\" content=\"summary_large_image\" \/>\n<meta name=\"twitter:label1\" content=\"Dur\u00e9e de lecture estim\u00e9e\" \/>\n\t<meta name=\"twitter:data1\" content=\"2 minutes\" \/>\n<script type=\"application\/ld+json\" class=\"yoast-schema-graph\">{\"@context\":\"https:\/\/schema.org\",\"@graph\":[{\"@type\":\"WebPage\",\"@id\":\"https:\/\/smans.com\/fr\/product\/stripping-crimping-machine-delta-260\/\",\"url\":\"https:\/\/smans.com\/fr\/product\/stripping-crimping-machine-delta-260\/\",\"name\":\"Stripping Crimping Machine Delta 260 - Smans\",\"isPartOf\":{\"@id\":\"https:\/\/smans.com\/nl\/#website\"},\"datePublished\":\"2024-06-09T15:11:11+00:00\",\"dateModified\":\"2026-04-07T10:44:31+00:00\",\"breadcrumb\":{\"@id\":\"https:\/\/smans.com\/fr\/product\/stripping-crimping-machine-delta-260\/#breadcrumb\"},\"inLanguage\":\"fr-FR\",\"potentialAction\":[{\"@type\":\"ReadAction\",\"target\":[\"https:\/\/smans.com\/fr\/product\/stripping-crimping-machine-delta-260\/\"]}]},{\"@type\":\"BreadcrumbList\",\"@id\":\"https:\/\/smans.com\/fr\/product\/stripping-crimping-machine-delta-260\/#breadcrumb\",\"itemListElement\":[{\"@type\":\"ListItem\",\"position\":1,\"name\":\"Home\",\"item\":\"https:\/\/smans.com\/fr\/\"},{\"@type\":\"ListItem\",\"position\":2,\"name\":\"Boutique\",\"item\":\"https:\/\/smans.com\/nl\/shop\/\"},{\"@type\":\"ListItem\",\"position\":3,\"name\":\"Komax - Stripping Crimping Machine Delta 260\"}]},{\"@type\":\"WebSite\",\"@id\":\"https:\/\/smans.com\/nl\/#website\",\"url\":\"https:\/\/smans.com\/nl\/\",\"name\":\"Smans\",\"description\":\"\",\"publisher\":{\"@id\":\"https:\/\/smans.com\/nl\/#organization\"},\"potentialAction\":[{\"@type\":\"SearchAction\",\"target\":{\"@type\":\"EntryPoint\",\"urlTemplate\":\"https:\/\/smans.com\/nl\/?s={search_term_string}\"},\"query-input\":{\"@type\":\"PropertyValueSpecification\",\"valueRequired\":true,\"valueName\":\"search_term_string\"}}],\"inLanguage\":\"fr-FR\"},{\"@type\":\"Organization\",\"@id\":\"https:\/\/smans.com\/nl\/#organization\",\"name\":\"Smans\",\"url\":\"https:\/\/smans.com\/nl\/\",\"logo\":{\"@type\":\"ImageObject\",\"inLanguage\":\"fr-FR\",\"@id\":\"https:\/\/smans.com\/nl\/#\/schema\/logo\/image\/\",\"url\":\"https:\/\/smans.com\/wp-content\/uploads\/2023\/09\/logo.svg\",\"contentUrl\":\"https:\/\/smans.com\/wp-content\/uploads\/2023\/09\/logo.svg\",\"caption\":\"Smans\"},\"image\":{\"@id\":\"https:\/\/smans.com\/nl\/#\/schema\/logo\/image\/\"}}]}<\/script>\n<!-- \/ Yoast SEO plugin. -->","yoast_head_json":{"title":"Stripping Crimping Machine Delta 260 - Smans","robots":{"index":"index","follow":"follow","max-snippet":"max-snippet:-1","max-image-preview":"max-image-preview:large","max-video-preview":"max-video-preview:-1"},"canonical":"https:\/\/smans.com\/fr\/product\/stripping-crimping-machine-delta-260\/","og_locale":"fr_FR","og_type":"article","og_title":"Stripping Crimping Machine Delta 260 - Smans","og_description":"Delta 260 : Machine Semi-Automatique Programmable pour Scellage, Sertissage et D\u00e9nudage","og_url":"https:\/\/smans.com\/fr\/product\/stripping-crimping-machine-delta-260\/","og_site_name":"Smans","article_modified_time":"2026-04-07T10:44:31+00:00","twitter_card":"summary_large_image","twitter_misc":{"Dur\u00e9e de lecture estim\u00e9e":"2 minutes"},"schema":{"@context":"https:\/\/schema.org","@graph":[{"@type":"WebPage","@id":"https:\/\/smans.com\/fr\/product\/stripping-crimping-machine-delta-260\/","url":"https:\/\/smans.com\/fr\/product\/stripping-crimping-machine-delta-260\/","name":"Stripping Crimping Machine Delta 260 - Smans","isPartOf":{"@id":"https:\/\/smans.com\/nl\/#website"},"datePublished":"2024-06-09T15:11:11+00:00","dateModified":"2026-04-07T10:44:31+00:00","breadcrumb":{"@id":"https:\/\/smans.com\/fr\/product\/stripping-crimping-machine-delta-260\/#breadcrumb"},"inLanguage":"fr-FR","potentialAction":[{"@type":"ReadAction","target":["https:\/\/smans.com\/fr\/product\/stripping-crimping-machine-delta-260\/"]}]},{"@type":"BreadcrumbList","@id":"https:\/\/smans.com\/fr\/product\/stripping-crimping-machine-delta-260\/#breadcrumb","itemListElement":[{"@type":"ListItem","position":1,"name":"Home","item":"https:\/\/smans.com\/fr\/"},{"@type":"ListItem","position":2,"name":"Boutique","item":"https:\/\/smans.com\/nl\/shop\/"},{"@type":"ListItem","position":3,"name":"Komax - Stripping Crimping Machine Delta 260"}]},{"@type":"WebSite","@id":"https:\/\/smans.com\/nl\/#website","url":"https:\/\/smans.com\/nl\/","name":"Smans","description":"","publisher":{"@id":"https:\/\/smans.com\/nl\/#organization"},"potentialAction":[{"@type":"SearchAction","target":{"@type":"EntryPoint","urlTemplate":"https:\/\/smans.com\/nl\/?s={search_term_string}"},"query-input":{"@type":"PropertyValueSpecification","valueRequired":true,"valueName":"search_term_string"}}],"inLanguage":"fr-FR"},{"@type":"Organization","@id":"https:\/\/smans.com\/nl\/#organization","name":"Smans","url":"https:\/\/smans.com\/nl\/","logo":{"@type":"ImageObject","inLanguage":"fr-FR","@id":"https:\/\/smans.com\/nl\/#\/schema\/logo\/image\/","url":"https:\/\/smans.com\/wp-content\/uploads\/2023\/09\/logo.svg","contentUrl":"https:\/\/smans.com\/wp-content\/uploads\/2023\/09\/logo.svg","caption":"Smans"},"image":{"@id":"https:\/\/smans.com\/nl\/#\/schema\/logo\/image\/"}}]}},"brands":[{"id":18260,"name":"Komax","slug":"brand-komax-fr"}],"_links":{"self":[{"href":"https:\/\/smans.com\/fr\/wp-json\/wp\/v2\/product\/25423","targetHints":{"allow":["GET"]}}],"collection":[{"href":"https:\/\/smans.com\/fr\/wp-json\/wp\/v2\/product"}],"about":[{"href":"https:\/\/smans.com\/fr\/wp-json\/wp\/v2\/types\/product"}],"wp:attachment":[{"href":"https:\/\/smans.com\/fr\/wp-json\/wp\/v2\/media?parent=25423"}],"wp:term":[{"taxonomy":"pwb-brand","embeddable":true,"href":"https:\/\/smans.com\/fr\/wp-json\/wp\/v2\/pwb-brand?post=25423"},{"taxonomy":"product_brand","embeddable":true,"href":"https:\/\/smans.com\/fr\/wp-json\/wp\/v2\/product_brand?post=25423"},{"taxonomy":"product_cat","embeddable":true,"href":"https:\/\/smans.com\/fr\/wp-json\/wp\/v2\/product_cat?post=25423"},{"taxonomy":"product_tag","embeddable":true,"href":"https:\/\/smans.com\/fr\/wp-json\/wp\/v2\/product_tag?post=25423"}],"curies":[{"name":"wp","href":"https:\/\/api.w.org\/{rel}","templated":true}]}}