{"id":25424,"date":"2024-06-09T17:11:32","date_gmt":"2024-06-09T15:11:32","guid":{"rendered":"https:\/\/smans.com\/product\/semi-automatic-modular-machine-tm4000\/"},"modified":"2026-04-13T12:52:15","modified_gmt":"2026-04-13T10:52:15","slug":"semi-automatic-modular-machine-tm4000","status":"publish","type":"product","link":"https:\/\/smans.com\/fr\/product\/semi-automatic-modular-machine-tm4000\/","title":{"rendered":"Komax - Semi-Automatic Modular Machine TM4000"},"content":{"rendered":"<p data-start=\"3350\" data-end=\"3760\">Le TM4000 offre une alternative \u00e9conomique entre deux types de syst\u00e8mes et est largement utilis\u00e9 pour l&rsquo;assemblage semi-automatique de c\u00e2bles de capteurs et de donn\u00e9es, en particulier dans les secteurs automobile et industriel. Le syst\u00e8me est polyvalent et adapt\u00e9 \u00e0 une large gamme d&rsquo;applications, avec la possibilit\u00e9 d&rsquo;int\u00e9grer divers modules de processus, outils de qualit\u00e9 et \u00e9l\u00e9ments sp\u00e9cifiques au client.<\/p>\n<p data-start=\"3762\" data-end=\"3798\"><strong data-start=\"3762\" data-end=\"3796\">Caract\u00e9ristiques principales :<\/strong><\/p>\n<ul data-start=\"3799\" data-end=\"4715\">\n<li data-start=\"3799\" data-end=\"3966\"><strong data-start=\"3801\" data-end=\"3817\">Modularit\u00e9 :<\/strong> La plateforme est enti\u00e8rement personnalisable et peut \u00eatre configur\u00e9e en un syst\u00e8me sp\u00e9cifique au client, r\u00e9pondant ainsi aux besoins individuels.<\/li>\n<li data-start=\"3967\" data-end=\"4056\"><strong data-start=\"3969\" data-end=\"3992\">Haute performance :<\/strong> Adapt\u00e9 \u00e0 divers usages avec des modules de processus fiables.<\/li>\n<li data-start=\"4057\" data-end=\"4715\"><strong data-start=\"4059\" data-end=\"4072\">Options :<\/strong>\n<ul data-start=\"4077\" data-end=\"4715\">\n<li data-start=\"4077\" data-end=\"4111\">Pinces \u00e0 c\u00e2bles personnalis\u00e9es<\/li>\n<li data-start=\"4114\" data-end=\"4157\">Application de sertissage personnalis\u00e9e<\/li>\n<li data-start=\"4160\" data-end=\"4211\">R\u00e9glage automatique de la hauteur de sertissage<\/li>\n<li data-start=\"4214\" data-end=\"4256\">Module de sertissage avec cycle divis\u00e9<\/li>\n<li data-start=\"4259\" data-end=\"4288\">Coupeur de bande de pince<\/li>\n<li data-start=\"4291\" data-end=\"4314\">Enrouleur de papier<\/li>\n<li data-start=\"4317\" data-end=\"4351\">Lames pour pi\u00e8ces d\u00e9fectueuses<\/li>\n<li data-start=\"4354\" data-end=\"4397\">Bac de collecte des pi\u00e8ces d\u00e9fectueuses<\/li>\n<li data-start=\"4400\" data-end=\"4439\">Verrouillage secondaire automatique<\/li>\n<li data-start=\"4442\" data-end=\"4502\">Alimentation automatique en blocs via alimentation komin<\/li>\n<li data-start=\"4505\" data-end=\"4551\">Unit\u00e9 pick-and-place pour pi\u00e8ces d\u00e9tach\u00e9es<\/li>\n<li data-start=\"4554\" data-end=\"4593\">Alimentation et sortie automatiques<\/li>\n<li data-start=\"4596\" data-end=\"4637\">Syst\u00e8me de tampon pour produits finis<\/li>\n<li data-start=\"4640\" data-end=\"4663\">D\u00e9clencheur externe<\/li>\n<li data-start=\"4666\" data-end=\"4686\">Acc\u00e8s \u00e0 distance<\/li>\n<li data-start=\"4689\" data-end=\"4715\">Transfert de donn\u00e9es MES<\/li>\n<\/ul>\n<\/li>\n<\/ul>\n<p data-start=\"4717\" data-end=\"4745\"><strong data-start=\"4717\" data-end=\"4743\">Modules de processus :<\/strong><\/p>\n<ul data-start=\"4746\" data-end=\"4840\">\n<li data-start=\"4746\" data-end=\"4773\">Module de double scell\u00e9<\/li>\n<li data-start=\"4774\" data-end=\"4795\">Unit\u00e9 de d\u00e9nudage<\/li>\n<li data-start=\"4796\" data-end=\"4820\">Module de sertissage<\/li>\n<li data-start=\"4821\" data-end=\"4840\">Chargeur de blocs<\/li>\n<\/ul>\n<p data-start=\"4842\" data-end=\"4867\"><strong data-start=\"4842\" data-end=\"4865\">Outils de qualit\u00e9 :<\/strong><\/p>\n<ul data-start=\"4868\" data-end=\"5125\" data-is-last-node=\"\">\n<li data-start=\"4868\" data-end=\"4923\">Capteur optique pour la v\u00e9rification de la polarit\u00e9<\/li>\n<li data-start=\"4924\" data-end=\"5005\">Capteur optique pour la surveillance de la qualit\u00e9 du d\u00e9nudage et du scellage<\/li>\n<li data-start=\"5006\" data-end=\"5050\">Analyseur de force de sertissage int\u00e9gr\u00e9<\/li>\n<li data-start=\"5051\" data-end=\"5095\">Surveillance du verrouillage de la pince<\/li>\n<li data-start=\"5096\" data-end=\"5125\" data-is-last-node=\"\">Cam\u00e9ra pour contr\u00f4le visuel<\/li>\n<\/ul>\n","protected":false},"excerpt":{"rendered":"<p>TM4000 : Assemblage Semi-Automatique pour C\u00e2bles de Capteurs et de Donn\u00e9es<\/p>\n","protected":false},"featured_media":0,"template":"","meta":{"_acf_changed":false},"pwb-brand":[18260],"product_brand":[],"product_cat":[17990,17993,18041],"product_tag":[],"class_list":{"0":"post-25424","1":"product","2":"type-product","3":"status-publish","5":"pwb-brand-brand-komax-fr","6":"product_cat-cables-et-cablage-fr","7":"product_cat-couper-denuder-sertissage-fr","8":"product_cat-special-applications-fr","10":"first","11":"instock","12":"taxable","13":"shipping-taxable","14":"product-type-simple"},"acf":[],"yoast_head":"<!-- This site is optimized with the Yoast SEO plugin v27.1.1 - https:\/\/yoast.com\/product\/yoast-seo-wordpress\/ -->\n<title>Semi-Automatic Modular Machine TM4000 - Smans<\/title>\n<meta name=\"robots\" content=\"index, follow, max-snippet:-1, max-image-preview:large, max-video-preview:-1\" \/>\n<link rel=\"canonical\" href=\"https:\/\/smans.com\/fr\/product\/semi-automatic-modular-machine-tm4000\/\" \/>\n<meta property=\"og:locale\" content=\"fr_FR\" \/>\n<meta property=\"og:type\" content=\"article\" \/>\n<meta property=\"og:title\" content=\"Semi-Automatic Modular Machine TM4000 - Smans\" \/>\n<meta property=\"og:description\" content=\"TM4000 : Assemblage Semi-Automatique pour C\u00e2bles de Capteurs et de Donn\u00e9es\" \/>\n<meta property=\"og:url\" content=\"https:\/\/smans.com\/fr\/product\/semi-automatic-modular-machine-tm4000\/\" \/>\n<meta property=\"og:site_name\" content=\"Smans\" \/>\n<meta property=\"article:modified_time\" content=\"2026-04-13T10:52:15+00:00\" \/>\n<meta name=\"twitter:card\" content=\"summary_large_image\" \/>\n<meta name=\"twitter:label1\" content=\"Dur\u00e9e de lecture estim\u00e9e\" \/>\n\t<meta name=\"twitter:data1\" content=\"1 minute\" \/>\n<script type=\"application\/ld+json\" class=\"yoast-schema-graph\">{\"@context\":\"https:\/\/schema.org\",\"@graph\":[{\"@type\":\"WebPage\",\"@id\":\"https:\/\/smans.com\/fr\/product\/semi-automatic-modular-machine-tm4000\/\",\"url\":\"https:\/\/smans.com\/fr\/product\/semi-automatic-modular-machine-tm4000\/\",\"name\":\"Semi-Automatic Modular Machine TM4000 - Smans\",\"isPartOf\":{\"@id\":\"https:\/\/smans.com\/nl\/#website\"},\"datePublished\":\"2024-06-09T15:11:32+00:00\",\"dateModified\":\"2026-04-13T10:52:15+00:00\",\"breadcrumb\":{\"@id\":\"https:\/\/smans.com\/fr\/product\/semi-automatic-modular-machine-tm4000\/#breadcrumb\"},\"inLanguage\":\"fr-FR\",\"potentialAction\":[{\"@type\":\"ReadAction\",\"target\":[\"https:\/\/smans.com\/fr\/product\/semi-automatic-modular-machine-tm4000\/\"]}]},{\"@type\":\"BreadcrumbList\",\"@id\":\"https:\/\/smans.com\/fr\/product\/semi-automatic-modular-machine-tm4000\/#breadcrumb\",\"itemListElement\":[{\"@type\":\"ListItem\",\"position\":1,\"name\":\"Home\",\"item\":\"https:\/\/smans.com\/fr\/\"},{\"@type\":\"ListItem\",\"position\":2,\"name\":\"Boutique\",\"item\":\"https:\/\/smans.com\/nl\/shop\/\"},{\"@type\":\"ListItem\",\"position\":3,\"name\":\"Komax - Semi-Automatic Modular Machine TM4000\"}]},{\"@type\":\"WebSite\",\"@id\":\"https:\/\/smans.com\/nl\/#website\",\"url\":\"https:\/\/smans.com\/nl\/\",\"name\":\"Smans\",\"description\":\"\",\"publisher\":{\"@id\":\"https:\/\/smans.com\/nl\/#organization\"},\"potentialAction\":[{\"@type\":\"SearchAction\",\"target\":{\"@type\":\"EntryPoint\",\"urlTemplate\":\"https:\/\/smans.com\/nl\/?s={search_term_string}\"},\"query-input\":{\"@type\":\"PropertyValueSpecification\",\"valueRequired\":true,\"valueName\":\"search_term_string\"}}],\"inLanguage\":\"fr-FR\"},{\"@type\":\"Organization\",\"@id\":\"https:\/\/smans.com\/nl\/#organization\",\"name\":\"Smans\",\"url\":\"https:\/\/smans.com\/nl\/\",\"logo\":{\"@type\":\"ImageObject\",\"inLanguage\":\"fr-FR\",\"@id\":\"https:\/\/smans.com\/nl\/#\/schema\/logo\/image\/\",\"url\":\"https:\/\/smans.com\/wp-content\/uploads\/2023\/09\/logo.svg\",\"contentUrl\":\"https:\/\/smans.com\/wp-content\/uploads\/2023\/09\/logo.svg\",\"caption\":\"Smans\"},\"image\":{\"@id\":\"https:\/\/smans.com\/nl\/#\/schema\/logo\/image\/\"}}]}<\/script>\n<!-- \/ Yoast SEO plugin. -->","yoast_head_json":{"title":"Semi-Automatic Modular Machine TM4000 - Smans","robots":{"index":"index","follow":"follow","max-snippet":"max-snippet:-1","max-image-preview":"max-image-preview:large","max-video-preview":"max-video-preview:-1"},"canonical":"https:\/\/smans.com\/fr\/product\/semi-automatic-modular-machine-tm4000\/","og_locale":"fr_FR","og_type":"article","og_title":"Semi-Automatic Modular Machine TM4000 - Smans","og_description":"TM4000 : Assemblage Semi-Automatique pour C\u00e2bles de Capteurs et de Donn\u00e9es","og_url":"https:\/\/smans.com\/fr\/product\/semi-automatic-modular-machine-tm4000\/","og_site_name":"Smans","article_modified_time":"2026-04-13T10:52:15+00:00","twitter_card":"summary_large_image","twitter_misc":{"Dur\u00e9e de lecture estim\u00e9e":"1 minute"},"schema":{"@context":"https:\/\/schema.org","@graph":[{"@type":"WebPage","@id":"https:\/\/smans.com\/fr\/product\/semi-automatic-modular-machine-tm4000\/","url":"https:\/\/smans.com\/fr\/product\/semi-automatic-modular-machine-tm4000\/","name":"Semi-Automatic Modular Machine TM4000 - Smans","isPartOf":{"@id":"https:\/\/smans.com\/nl\/#website"},"datePublished":"2024-06-09T15:11:32+00:00","dateModified":"2026-04-13T10:52:15+00:00","breadcrumb":{"@id":"https:\/\/smans.com\/fr\/product\/semi-automatic-modular-machine-tm4000\/#breadcrumb"},"inLanguage":"fr-FR","potentialAction":[{"@type":"ReadAction","target":["https:\/\/smans.com\/fr\/product\/semi-automatic-modular-machine-tm4000\/"]}]},{"@type":"BreadcrumbList","@id":"https:\/\/smans.com\/fr\/product\/semi-automatic-modular-machine-tm4000\/#breadcrumb","itemListElement":[{"@type":"ListItem","position":1,"name":"Home","item":"https:\/\/smans.com\/fr\/"},{"@type":"ListItem","position":2,"name":"Boutique","item":"https:\/\/smans.com\/nl\/shop\/"},{"@type":"ListItem","position":3,"name":"Komax - Semi-Automatic Modular Machine TM4000"}]},{"@type":"WebSite","@id":"https:\/\/smans.com\/nl\/#website","url":"https:\/\/smans.com\/nl\/","name":"Smans","description":"","publisher":{"@id":"https:\/\/smans.com\/nl\/#organization"},"potentialAction":[{"@type":"SearchAction","target":{"@type":"EntryPoint","urlTemplate":"https:\/\/smans.com\/nl\/?s={search_term_string}"},"query-input":{"@type":"PropertyValueSpecification","valueRequired":true,"valueName":"search_term_string"}}],"inLanguage":"fr-FR"},{"@type":"Organization","@id":"https:\/\/smans.com\/nl\/#organization","name":"Smans","url":"https:\/\/smans.com\/nl\/","logo":{"@type":"ImageObject","inLanguage":"fr-FR","@id":"https:\/\/smans.com\/nl\/#\/schema\/logo\/image\/","url":"https:\/\/smans.com\/wp-content\/uploads\/2023\/09\/logo.svg","contentUrl":"https:\/\/smans.com\/wp-content\/uploads\/2023\/09\/logo.svg","caption":"Smans"},"image":{"@id":"https:\/\/smans.com\/nl\/#\/schema\/logo\/image\/"}}]}},"brands":[{"id":18260,"name":"Komax","slug":"brand-komax-fr"}],"_links":{"self":[{"href":"https:\/\/smans.com\/fr\/wp-json\/wp\/v2\/product\/25424","targetHints":{"allow":["GET"]}}],"collection":[{"href":"https:\/\/smans.com\/fr\/wp-json\/wp\/v2\/product"}],"about":[{"href":"https:\/\/smans.com\/fr\/wp-json\/wp\/v2\/types\/product"}],"wp:attachment":[{"href":"https:\/\/smans.com\/fr\/wp-json\/wp\/v2\/media?parent=25424"}],"wp:term":[{"taxonomy":"pwb-brand","embeddable":true,"href":"https:\/\/smans.com\/fr\/wp-json\/wp\/v2\/pwb-brand?post=25424"},{"taxonomy":"product_brand","embeddable":true,"href":"https:\/\/smans.com\/fr\/wp-json\/wp\/v2\/product_brand?post=25424"},{"taxonomy":"product_cat","embeddable":true,"href":"https:\/\/smans.com\/fr\/wp-json\/wp\/v2\/product_cat?post=25424"},{"taxonomy":"product_tag","embeddable":true,"href":"https:\/\/smans.com\/fr\/wp-json\/wp\/v2\/product_tag?post=25424"}],"curies":[{"name":"wp","href":"https:\/\/api.w.org\/{rel}","templated":true}]}}