{"id":25425,"date":"2024-06-09T17:11:51","date_gmt":"2024-06-09T15:11:51","guid":{"rendered":"https:\/\/smans.com\/product\/dlw\/"},"modified":"2026-04-08T12:48:56","modified_gmt":"2026-04-08T10:48:56","slug":"dlw","status":"publish","type":"product","link":"https:\/\/smans.com\/fr\/product\/dlw\/","title":{"rendered":"Komax - DLW"},"content":{"rendered":"<p data-start=\"2583\" data-end=\"3128\">Le logiciel DLW aide le personnel qualifi\u00e9 \u00e0 pr\u00e9parer efficacement les donn\u00e9es de production pour la pr\u00e9fabrication automatis\u00e9e des c\u00e2bles, m\u00eame pour des tailles de lots \u00e0 partir de 1. Dans la production manuelle de c\u00e2bles, le personnel form\u00e9 n\u00e9cessite environ la moiti\u00e9 du temps de production pour c\u00e2bler un panneau de commande. Gr\u00e2ce \u00e0 la pr\u00e9fabrication fortement automatis\u00e9e, le temps de c\u00e2blage peut \u00eatre r\u00e9duit jusqu&rsquo;\u00e0 80%. Komax propose diverses solutions optimales pour une production flexible de c\u00e2bles afin d&rsquo;atteindre cette efficacit\u00e9.<\/p>\n<p data-start=\"3130\" data-end=\"3166\"><strong data-start=\"3130\" data-end=\"3164\">Caract\u00e9ristiques principales :<\/strong><\/p>\n<ul data-start=\"3167\" data-end=\"3526\">\n<li data-start=\"3167\" data-end=\"3313\"><strong data-start=\"3169\" data-end=\"3215\">Calcul virtuel de la longueur des c\u00e2bles :<\/strong> Calcul facile de la longueur des c\u00e2bles sur la base de dessins 2D ou d&rsquo;images haute r\u00e9solution.<\/li>\n<li data-start=\"3314\" data-end=\"3442\"><strong data-start=\"3316\" data-end=\"3351\">Faisceaux de c\u00e2bles optimis\u00e9s :<\/strong> Les faisceaux optimis\u00e9s pour le c\u00e2blage augmentent l&rsquo;efficacit\u00e9 du processus de c\u00e2blage.<\/li>\n<li data-start=\"3443\" data-end=\"3526\"><strong data-start=\"3445\" data-end=\"3470\">Aide \u00e0 l&rsquo;assemblage :<\/strong> Aide les techniciens \u00e0 poser les c\u00e2bles pr\u00e9fabriqu\u00e9s.<\/li>\n<\/ul>\n<p data-start=\"3528\" data-end=\"3952\" data-is-last-node=\"\">Avec le logiciel DLW (Digital Lean Wiring) ou via des syst\u00e8mes ECAD, les listes de c\u00e2bles avec tous les param\u00e8tres pertinents sont export\u00e9es. Cela permet aux c\u00e2bles d&rsquo;\u00eatre enti\u00e8rement pr\u00e9fabriqu\u00e9s automatiquement et pr\u00eats \u00e0 \u00eatre install\u00e9s. De la production unitaire \u00e0 la production en s\u00e9rie, des solutions \u00e9conomiques sur mesure sont possibles, depuis les premi\u00e8res \u00e9tapes d&rsquo;automatisation jusqu&rsquo;\u00e0 l&rsquo;automatisation compl\u00e8te.<\/p>\n","protected":false},"excerpt":{"rendered":"<p>Le logiciel DLW pour la pr\u00e9fabrication automatis\u00e9e<\/p>\n","protected":false},"featured_media":0,"template":"","meta":{"_acf_changed":false},"pwb-brand":[18260],"product_brand":[],"product_cat":[17990,17993,18040],"product_tag":[],"class_list":{"0":"post-25425","1":"product","2":"type-product","3":"status-publish","5":"pwb-brand-brand-komax-fr","6":"product_cat-cables-et-cablage-fr","7":"product_cat-couper-denuder-sertissage-fr","8":"product_cat-software-networking-fr","10":"first","11":"instock","12":"taxable","13":"shipping-taxable","14":"product-type-simple"},"acf":[],"yoast_head":"<!-- This site is optimized with the Yoast SEO plugin v27.1.1 - https:\/\/yoast.com\/product\/yoast-seo-wordpress\/ -->\n<title>DLW - Smans<\/title>\n<meta name=\"robots\" content=\"index, follow, max-snippet:-1, max-image-preview:large, max-video-preview:-1\" \/>\n<link rel=\"canonical\" href=\"https:\/\/smans.com\/fr\/product\/dlw\/\" \/>\n<meta property=\"og:locale\" content=\"fr_FR\" \/>\n<meta property=\"og:type\" content=\"article\" \/>\n<meta property=\"og:title\" content=\"DLW - Smans\" \/>\n<meta property=\"og:description\" content=\"Le logiciel DLW pour la pr\u00e9fabrication automatis\u00e9e\" \/>\n<meta property=\"og:url\" content=\"https:\/\/smans.com\/fr\/product\/dlw\/\" \/>\n<meta property=\"og:site_name\" content=\"Smans\" \/>\n<meta property=\"article:modified_time\" content=\"2026-04-08T10:48:56+00:00\" \/>\n<meta name=\"twitter:card\" content=\"summary_large_image\" \/>\n<meta name=\"twitter:label1\" content=\"Dur\u00e9e de lecture estim\u00e9e\" \/>\n\t<meta name=\"twitter:data1\" content=\"1 minute\" \/>\n<script type=\"application\/ld+json\" class=\"yoast-schema-graph\">{\"@context\":\"https:\/\/schema.org\",\"@graph\":[{\"@type\":\"WebPage\",\"@id\":\"https:\/\/smans.com\/fr\/product\/dlw\/\",\"url\":\"https:\/\/smans.com\/fr\/product\/dlw\/\",\"name\":\"DLW - Smans\",\"isPartOf\":{\"@id\":\"https:\/\/smans.com\/nl\/#website\"},\"datePublished\":\"2024-06-09T15:11:51+00:00\",\"dateModified\":\"2026-04-08T10:48:56+00:00\",\"breadcrumb\":{\"@id\":\"https:\/\/smans.com\/fr\/product\/dlw\/#breadcrumb\"},\"inLanguage\":\"fr-FR\",\"potentialAction\":[{\"@type\":\"ReadAction\",\"target\":[\"https:\/\/smans.com\/fr\/product\/dlw\/\"]}]},{\"@type\":\"BreadcrumbList\",\"@id\":\"https:\/\/smans.com\/fr\/product\/dlw\/#breadcrumb\",\"itemListElement\":[{\"@type\":\"ListItem\",\"position\":1,\"name\":\"Home\",\"item\":\"https:\/\/smans.com\/fr\/\"},{\"@type\":\"ListItem\",\"position\":2,\"name\":\"Boutique\",\"item\":\"https:\/\/smans.com\/nl\/shop\/\"},{\"@type\":\"ListItem\",\"position\":3,\"name\":\"Komax - DLW\"}]},{\"@type\":\"WebSite\",\"@id\":\"https:\/\/smans.com\/nl\/#website\",\"url\":\"https:\/\/smans.com\/nl\/\",\"name\":\"Smans\",\"description\":\"\",\"publisher\":{\"@id\":\"https:\/\/smans.com\/nl\/#organization\"},\"potentialAction\":[{\"@type\":\"SearchAction\",\"target\":{\"@type\":\"EntryPoint\",\"urlTemplate\":\"https:\/\/smans.com\/nl\/?s={search_term_string}\"},\"query-input\":{\"@type\":\"PropertyValueSpecification\",\"valueRequired\":true,\"valueName\":\"search_term_string\"}}],\"inLanguage\":\"fr-FR\"},{\"@type\":\"Organization\",\"@id\":\"https:\/\/smans.com\/nl\/#organization\",\"name\":\"Smans\",\"url\":\"https:\/\/smans.com\/nl\/\",\"logo\":{\"@type\":\"ImageObject\",\"inLanguage\":\"fr-FR\",\"@id\":\"https:\/\/smans.com\/nl\/#\/schema\/logo\/image\/\",\"url\":\"https:\/\/smans.com\/wp-content\/uploads\/2023\/09\/logo.svg\",\"contentUrl\":\"https:\/\/smans.com\/wp-content\/uploads\/2023\/09\/logo.svg\",\"caption\":\"Smans\"},\"image\":{\"@id\":\"https:\/\/smans.com\/nl\/#\/schema\/logo\/image\/\"}}]}<\/script>\n<!-- \/ Yoast SEO plugin. -->","yoast_head_json":{"title":"DLW - Smans","robots":{"index":"index","follow":"follow","max-snippet":"max-snippet:-1","max-image-preview":"max-image-preview:large","max-video-preview":"max-video-preview:-1"},"canonical":"https:\/\/smans.com\/fr\/product\/dlw\/","og_locale":"fr_FR","og_type":"article","og_title":"DLW - Smans","og_description":"Le logiciel DLW pour la pr\u00e9fabrication automatis\u00e9e","og_url":"https:\/\/smans.com\/fr\/product\/dlw\/","og_site_name":"Smans","article_modified_time":"2026-04-08T10:48:56+00:00","twitter_card":"summary_large_image","twitter_misc":{"Dur\u00e9e de lecture estim\u00e9e":"1 minute"},"schema":{"@context":"https:\/\/schema.org","@graph":[{"@type":"WebPage","@id":"https:\/\/smans.com\/fr\/product\/dlw\/","url":"https:\/\/smans.com\/fr\/product\/dlw\/","name":"DLW - Smans","isPartOf":{"@id":"https:\/\/smans.com\/nl\/#website"},"datePublished":"2024-06-09T15:11:51+00:00","dateModified":"2026-04-08T10:48:56+00:00","breadcrumb":{"@id":"https:\/\/smans.com\/fr\/product\/dlw\/#breadcrumb"},"inLanguage":"fr-FR","potentialAction":[{"@type":"ReadAction","target":["https:\/\/smans.com\/fr\/product\/dlw\/"]}]},{"@type":"BreadcrumbList","@id":"https:\/\/smans.com\/fr\/product\/dlw\/#breadcrumb","itemListElement":[{"@type":"ListItem","position":1,"name":"Home","item":"https:\/\/smans.com\/fr\/"},{"@type":"ListItem","position":2,"name":"Boutique","item":"https:\/\/smans.com\/nl\/shop\/"},{"@type":"ListItem","position":3,"name":"Komax - DLW"}]},{"@type":"WebSite","@id":"https:\/\/smans.com\/nl\/#website","url":"https:\/\/smans.com\/nl\/","name":"Smans","description":"","publisher":{"@id":"https:\/\/smans.com\/nl\/#organization"},"potentialAction":[{"@type":"SearchAction","target":{"@type":"EntryPoint","urlTemplate":"https:\/\/smans.com\/nl\/?s={search_term_string}"},"query-input":{"@type":"PropertyValueSpecification","valueRequired":true,"valueName":"search_term_string"}}],"inLanguage":"fr-FR"},{"@type":"Organization","@id":"https:\/\/smans.com\/nl\/#organization","name":"Smans","url":"https:\/\/smans.com\/nl\/","logo":{"@type":"ImageObject","inLanguage":"fr-FR","@id":"https:\/\/smans.com\/nl\/#\/schema\/logo\/image\/","url":"https:\/\/smans.com\/wp-content\/uploads\/2023\/09\/logo.svg","contentUrl":"https:\/\/smans.com\/wp-content\/uploads\/2023\/09\/logo.svg","caption":"Smans"},"image":{"@id":"https:\/\/smans.com\/nl\/#\/schema\/logo\/image\/"}}]}},"brands":[{"id":18260,"name":"Komax","slug":"brand-komax-fr"}],"_links":{"self":[{"href":"https:\/\/smans.com\/fr\/wp-json\/wp\/v2\/product\/25425","targetHints":{"allow":["GET"]}}],"collection":[{"href":"https:\/\/smans.com\/fr\/wp-json\/wp\/v2\/product"}],"about":[{"href":"https:\/\/smans.com\/fr\/wp-json\/wp\/v2\/types\/product"}],"wp:attachment":[{"href":"https:\/\/smans.com\/fr\/wp-json\/wp\/v2\/media?parent=25425"}],"wp:term":[{"taxonomy":"pwb-brand","embeddable":true,"href":"https:\/\/smans.com\/fr\/wp-json\/wp\/v2\/pwb-brand?post=25425"},{"taxonomy":"product_brand","embeddable":true,"href":"https:\/\/smans.com\/fr\/wp-json\/wp\/v2\/product_brand?post=25425"},{"taxonomy":"product_cat","embeddable":true,"href":"https:\/\/smans.com\/fr\/wp-json\/wp\/v2\/product_cat?post=25425"},{"taxonomy":"product_tag","embeddable":true,"href":"https:\/\/smans.com\/fr\/wp-json\/wp\/v2\/product_tag?post=25425"}],"curies":[{"name":"wp","href":"https:\/\/api.w.org\/{rel}","templated":true}]}}