{"id":25427,"date":"2024-06-09T17:11:39","date_gmt":"2024-06-09T15:11:39","guid":{"rendered":"https:\/\/smans.com\/product\/data-wire-lambda-6\/"},"modified":"2026-04-15T12:18:54","modified_gmt":"2026-04-15T10:18:54","slug":"data-wire-lambda-6","status":"publish","type":"product","link":"https:\/\/smans.com\/fr\/product\/data-wire-lambda-6\/","title":{"rendered":"Komax - Data Wire Lambda 6"},"content":{"rendered":"<p data-start=\"2653\" data-end=\"2974\">La s\u00e9rie Lambda 6 offre une base de machine pour l&rsquo;assemblage automatique des syst\u00e8mes de contacts multi-\u00e9tapes \u00e0 double face avec insertion et retrait manuels. Ces machines rotatives automatisent l&rsquo;assemblage multi-\u00e9tapes de connecteurs sp\u00e9ciaux, tels que les c\u00e2bles FAKRA\/COAX, de mani\u00e8re fiable et \u00e9conomique en temps.<\/p>\n<p data-start=\"2976\" data-end=\"3012\"><strong data-start=\"2976\" data-end=\"3010\">Caract\u00e9ristiques principales :<\/strong><\/p>\n<ul data-start=\"3013\" data-end=\"3670\">\n<li data-start=\"3013\" data-end=\"3124\"><strong data-start=\"3015\" data-end=\"3045\">Traitement \u00e0 double face :<\/strong> Permet de traiter les c\u00e2bles des deux c\u00f4t\u00e9s pour une plus grande efficacit\u00e9.<\/li>\n<li data-start=\"3125\" data-end=\"3226\"><strong data-start=\"3127\" data-end=\"3154\">Temps de cycle courts :<\/strong> Pour des temps de production plus rapides et une productivit\u00e9 accrue.<\/li>\n<li data-start=\"3227\" data-end=\"3325\"><strong data-start=\"3229\" data-end=\"3275\">Haute stabilit\u00e9 et qualit\u00e9 des processus :<\/strong> Garantit un traitement parfait des connecteurs.<\/li>\n<li data-start=\"3326\" data-end=\"3536\"><strong data-start=\"3328\" data-end=\"3359\">Syst\u00e8mes de test int\u00e9gr\u00e9s :<\/strong> Surveille l&rsquo;entr\u00e9e des c\u00e2bles, la force de sertissage, les retours de processus pendant la connexion ou l&rsquo;assemblage et effectue un rejet automatique des pi\u00e8ces d\u00e9fectueuses.<\/li>\n<li data-start=\"3537\" data-end=\"3670\"><strong data-start=\"3539\" data-end=\"3573\">Entretien et montage simples :<\/strong> Apr\u00e8s s\u00e9paration et reconnexion, le contr\u00f4leur reconna\u00eet les stations et la production continue.<\/li>\n<\/ul>\n<p data-start=\"3672\" data-end=\"3689\"><strong data-start=\"3672\" data-end=\"3687\">Avantages :<\/strong><\/p>\n<ul data-start=\"3690\" data-end=\"3941\" data-is-last-node=\"\">\n<li data-start=\"3690\" data-end=\"3775\"><strong data-start=\"3692\" data-end=\"3733\">Surveillance compl\u00e8te de la qualit\u00e9 :<\/strong> Garantit une qualit\u00e9 optimale de A \u00e0 Z.<\/li>\n<li data-start=\"3776\" data-end=\"3852\"><strong data-start=\"3778\" data-end=\"3805\">Op\u00e9ration ergonomique :<\/strong> Con\u00e7u pour un confort d&rsquo;utilisation optimal.<\/li>\n<li data-start=\"3853\" data-end=\"3941\" data-is-last-node=\"\"><strong data-start=\"3855\" data-end=\"3880\">Assemblage flexible :<\/strong> Id\u00e9al pour l&rsquo;assemblage de connexions de fiches sp\u00e9ciales.<\/li>\n<\/ul>\n","protected":false},"excerpt":{"rendered":"<p>S\u00e9rie Lambda 6 : Base de Machine pour Assemblage sur deux faces Automatique Complet<\/p>\n","protected":false},"featured_media":0,"template":"","meta":{"_acf_changed":false},"pwb-brand":[18260],"product_brand":[],"product_cat":[17990,17993,18041],"product_tag":[],"class_list":{"0":"post-25427","1":"product","2":"type-product","3":"status-publish","5":"pwb-brand-brand-komax-fr","6":"product_cat-cables-et-cablage-fr","7":"product_cat-couper-denuder-sertissage-fr","8":"product_cat-special-applications-fr","10":"first","11":"instock","12":"taxable","13":"shipping-taxable","14":"product-type-simple"},"acf":[],"yoast_head":"<!-- This site is optimized with the Yoast SEO plugin v27.1.1 - https:\/\/yoast.com\/product\/yoast-seo-wordpress\/ -->\n<title>Data Wire Lambda 6 - Smans<\/title>\n<meta name=\"robots\" content=\"index, follow, max-snippet:-1, max-image-preview:large, max-video-preview:-1\" \/>\n<link rel=\"canonical\" href=\"https:\/\/smans.com\/fr\/product\/data-wire-lambda-6\/\" \/>\n<meta property=\"og:locale\" content=\"fr_FR\" \/>\n<meta property=\"og:type\" content=\"article\" \/>\n<meta property=\"og:title\" content=\"Data Wire Lambda 6 - Smans\" \/>\n<meta property=\"og:description\" content=\"S\u00e9rie Lambda 6 : Base de Machine pour Assemblage sur deux faces Automatique Complet\" \/>\n<meta property=\"og:url\" content=\"https:\/\/smans.com\/fr\/product\/data-wire-lambda-6\/\" \/>\n<meta property=\"og:site_name\" content=\"Smans\" \/>\n<meta property=\"article:modified_time\" content=\"2026-04-15T10:18:54+00:00\" \/>\n<meta name=\"twitter:card\" content=\"summary_large_image\" \/>\n<meta name=\"twitter:label1\" content=\"Dur\u00e9e de lecture estim\u00e9e\" \/>\n\t<meta name=\"twitter:data1\" content=\"1 minute\" \/>\n<script type=\"application\/ld+json\" class=\"yoast-schema-graph\">{\"@context\":\"https:\/\/schema.org\",\"@graph\":[{\"@type\":\"WebPage\",\"@id\":\"https:\/\/smans.com\/fr\/product\/data-wire-lambda-6\/\",\"url\":\"https:\/\/smans.com\/fr\/product\/data-wire-lambda-6\/\",\"name\":\"Data Wire Lambda 6 - Smans\",\"isPartOf\":{\"@id\":\"https:\/\/smans.com\/nl\/#website\"},\"datePublished\":\"2024-06-09T15:11:39+00:00\",\"dateModified\":\"2026-04-15T10:18:54+00:00\",\"breadcrumb\":{\"@id\":\"https:\/\/smans.com\/fr\/product\/data-wire-lambda-6\/#breadcrumb\"},\"inLanguage\":\"fr-FR\",\"potentialAction\":[{\"@type\":\"ReadAction\",\"target\":[\"https:\/\/smans.com\/fr\/product\/data-wire-lambda-6\/\"]}]},{\"@type\":\"BreadcrumbList\",\"@id\":\"https:\/\/smans.com\/fr\/product\/data-wire-lambda-6\/#breadcrumb\",\"itemListElement\":[{\"@type\":\"ListItem\",\"position\":1,\"name\":\"Home\",\"item\":\"https:\/\/smans.com\/fr\/\"},{\"@type\":\"ListItem\",\"position\":2,\"name\":\"Boutique\",\"item\":\"https:\/\/smans.com\/nl\/shop\/\"},{\"@type\":\"ListItem\",\"position\":3,\"name\":\"Komax - Data Wire Lambda 6\"}]},{\"@type\":\"WebSite\",\"@id\":\"https:\/\/smans.com\/nl\/#website\",\"url\":\"https:\/\/smans.com\/nl\/\",\"name\":\"Smans\",\"description\":\"\",\"publisher\":{\"@id\":\"https:\/\/smans.com\/nl\/#organization\"},\"potentialAction\":[{\"@type\":\"SearchAction\",\"target\":{\"@type\":\"EntryPoint\",\"urlTemplate\":\"https:\/\/smans.com\/nl\/?s={search_term_string}\"},\"query-input\":{\"@type\":\"PropertyValueSpecification\",\"valueRequired\":true,\"valueName\":\"search_term_string\"}}],\"inLanguage\":\"fr-FR\"},{\"@type\":\"Organization\",\"@id\":\"https:\/\/smans.com\/nl\/#organization\",\"name\":\"Smans\",\"url\":\"https:\/\/smans.com\/nl\/\",\"logo\":{\"@type\":\"ImageObject\",\"inLanguage\":\"fr-FR\",\"@id\":\"https:\/\/smans.com\/nl\/#\/schema\/logo\/image\/\",\"url\":\"https:\/\/smans.com\/wp-content\/uploads\/2023\/09\/logo.svg\",\"contentUrl\":\"https:\/\/smans.com\/wp-content\/uploads\/2023\/09\/logo.svg\",\"caption\":\"Smans\"},\"image\":{\"@id\":\"https:\/\/smans.com\/nl\/#\/schema\/logo\/image\/\"}}]}<\/script>\n<!-- \/ Yoast SEO plugin. -->","yoast_head_json":{"title":"Data Wire Lambda 6 - Smans","robots":{"index":"index","follow":"follow","max-snippet":"max-snippet:-1","max-image-preview":"max-image-preview:large","max-video-preview":"max-video-preview:-1"},"canonical":"https:\/\/smans.com\/fr\/product\/data-wire-lambda-6\/","og_locale":"fr_FR","og_type":"article","og_title":"Data Wire Lambda 6 - Smans","og_description":"S\u00e9rie Lambda 6 : Base de Machine pour Assemblage sur deux faces Automatique Complet","og_url":"https:\/\/smans.com\/fr\/product\/data-wire-lambda-6\/","og_site_name":"Smans","article_modified_time":"2026-04-15T10:18:54+00:00","twitter_card":"summary_large_image","twitter_misc":{"Dur\u00e9e de lecture estim\u00e9e":"1 minute"},"schema":{"@context":"https:\/\/schema.org","@graph":[{"@type":"WebPage","@id":"https:\/\/smans.com\/fr\/product\/data-wire-lambda-6\/","url":"https:\/\/smans.com\/fr\/product\/data-wire-lambda-6\/","name":"Data Wire Lambda 6 - Smans","isPartOf":{"@id":"https:\/\/smans.com\/nl\/#website"},"datePublished":"2024-06-09T15:11:39+00:00","dateModified":"2026-04-15T10:18:54+00:00","breadcrumb":{"@id":"https:\/\/smans.com\/fr\/product\/data-wire-lambda-6\/#breadcrumb"},"inLanguage":"fr-FR","potentialAction":[{"@type":"ReadAction","target":["https:\/\/smans.com\/fr\/product\/data-wire-lambda-6\/"]}]},{"@type":"BreadcrumbList","@id":"https:\/\/smans.com\/fr\/product\/data-wire-lambda-6\/#breadcrumb","itemListElement":[{"@type":"ListItem","position":1,"name":"Home","item":"https:\/\/smans.com\/fr\/"},{"@type":"ListItem","position":2,"name":"Boutique","item":"https:\/\/smans.com\/nl\/shop\/"},{"@type":"ListItem","position":3,"name":"Komax - Data Wire Lambda 6"}]},{"@type":"WebSite","@id":"https:\/\/smans.com\/nl\/#website","url":"https:\/\/smans.com\/nl\/","name":"Smans","description":"","publisher":{"@id":"https:\/\/smans.com\/nl\/#organization"},"potentialAction":[{"@type":"SearchAction","target":{"@type":"EntryPoint","urlTemplate":"https:\/\/smans.com\/nl\/?s={search_term_string}"},"query-input":{"@type":"PropertyValueSpecification","valueRequired":true,"valueName":"search_term_string"}}],"inLanguage":"fr-FR"},{"@type":"Organization","@id":"https:\/\/smans.com\/nl\/#organization","name":"Smans","url":"https:\/\/smans.com\/nl\/","logo":{"@type":"ImageObject","inLanguage":"fr-FR","@id":"https:\/\/smans.com\/nl\/#\/schema\/logo\/image\/","url":"https:\/\/smans.com\/wp-content\/uploads\/2023\/09\/logo.svg","contentUrl":"https:\/\/smans.com\/wp-content\/uploads\/2023\/09\/logo.svg","caption":"Smans"},"image":{"@id":"https:\/\/smans.com\/nl\/#\/schema\/logo\/image\/"}}]}},"brands":[{"id":18260,"name":"Komax","slug":"brand-komax-fr"}],"_links":{"self":[{"href":"https:\/\/smans.com\/fr\/wp-json\/wp\/v2\/product\/25427","targetHints":{"allow":["GET"]}}],"collection":[{"href":"https:\/\/smans.com\/fr\/wp-json\/wp\/v2\/product"}],"about":[{"href":"https:\/\/smans.com\/fr\/wp-json\/wp\/v2\/types\/product"}],"wp:attachment":[{"href":"https:\/\/smans.com\/fr\/wp-json\/wp\/v2\/media?parent=25427"}],"wp:term":[{"taxonomy":"pwb-brand","embeddable":true,"href":"https:\/\/smans.com\/fr\/wp-json\/wp\/v2\/pwb-brand?post=25427"},{"taxonomy":"product_brand","embeddable":true,"href":"https:\/\/smans.com\/fr\/wp-json\/wp\/v2\/product_brand?post=25427"},{"taxonomy":"product_cat","embeddable":true,"href":"https:\/\/smans.com\/fr\/wp-json\/wp\/v2\/product_cat?post=25427"},{"taxonomy":"product_tag","embeddable":true,"href":"https:\/\/smans.com\/fr\/wp-json\/wp\/v2\/product_tag?post=25427"}],"curies":[{"name":"wp","href":"https:\/\/api.w.org\/{rel}","templated":true}]}}