{"id":25428,"date":"2024-06-09T17:12:06","date_gmt":"2024-06-09T15:12:06","guid":{"rendered":"https:\/\/smans.com\/product\/tt-crimping-machine\/"},"modified":"2026-04-10T13:08:04","modified_gmt":"2026-04-10T11:08:04","slug":"tt-crimping-machine","status":"publish","type":"product","link":"https:\/\/smans.com\/fr\/product\/tt-crimping-machine\/","title":{"rendered":"Mecal - TT Crimping Machine"},"content":{"rendered":"<h4>Sertisseuse TT : Compacte, L\u00e9g\u00e8re et Polyvalente<\/h4>\n<p>La sertisseuse TT est une presse semi-automatique extr\u00eamement compacte et l\u00e9g\u00e8re, con\u00e7ue pour diverses applications. Disponible en version semi-automatique (pour utilisation sur \u00e9tabli) ou enti\u00e8rement automatique (int\u00e9gr\u00e9e \u00e0 une machine de coupe et d\u00e9nudage), la TT offre flexibilit\u00e9 et fiabilit\u00e9.<\/p>\n<h4>Caract\u00e9ristiques Principales<\/h4>\n<ul>\n<li><strong>Conception robuste :<\/strong> Structure sph\u00e9rique en fonte monobloc pour une rigidit\u00e9 maximale et des hauteurs de sertissage stables.<\/li>\n<li><strong>Configurations flexibles :<\/strong> Course standard de 40 mm, avec d\u2019autres options disponibles sur demande.<\/li>\n<li><strong>Compatibilit\u00e9 avec les applicateurs standards :<\/strong> Hauteur de sertissage de 135,8 mm \u00b1 0,02 mm adapt\u00e9e \u00e0 tous les mini-applicateurs \u00e9quip\u00e9s d\u2019un raccord T standard.<\/li>\n<li><strong>Syst\u00e8me de r\u00e9glage en option :<\/strong> Contr\u00f4le de la hauteur de sertissage TAC TAC disponible sur demande.<\/li>\n<li><strong>S\u00e9curit\u00e9 :<\/strong> Capot de s\u00e9curit\u00e9 brevet\u00e9 offrant une visibilit\u00e9 compl\u00e8te de la zone de sertissage tout en assurant une protection optimale.<\/li>\n<li><strong>Options avanc\u00e9es :<\/strong> Compatible avec l\u2019analyseur de force de sertissage CFA de Mecal pour un contr\u00f4le optimal du processus.<\/li>\n<\/ul>\n<h4>Configuration Semi-Automatique<\/h4>\n<ul>\n<li>Comprend un capot de s\u00e9curit\u00e9, un bras de bobine et une p\u00e9dale.<\/li>\n<li>Conforme aux normes de s\u00e9curit\u00e9 internationales et aux r\u00e9glementations CE.<\/li>\n<\/ul>\n<p>La sertisseuse TT allie design compact, s\u00e9curit\u00e9 et flexibilit\u00e9, id\u00e9ale pour les applications manuelles et automatis\u00e9es.<\/p>\n","protected":false},"excerpt":{"rendered":"<p>La sertisseuse TT est une presse semi-automatique tr\u00e8s compacte et l\u00e9g\u00e8re.<\/p>\n","protected":false},"featured_media":0,"template":"","meta":{"_acf_changed":false},"pwb-brand":[18272],"product_brand":[],"product_cat":[17990,17993,18034],"product_tag":[],"class_list":{"0":"post-25428","1":"product","2":"type-product","3":"status-publish","5":"pwb-brand-brand-mecal-fr","6":"product_cat-cables-et-cablage-fr","7":"product_cat-couper-denuder-sertissage-fr","8":"product_cat-wire-crimping-machines-fr","10":"first","11":"instock","12":"taxable","13":"shipping-taxable","14":"purchasable","15":"product-type-simple"},"acf":[],"yoast_head":"<!-- This site is optimized with the Yoast SEO plugin v27.1.1 - https:\/\/yoast.com\/product\/yoast-seo-wordpress\/ -->\n<title>TT Crimping Machine - Smans<\/title>\n<meta name=\"robots\" content=\"index, follow, max-snippet:-1, max-image-preview:large, max-video-preview:-1\" \/>\n<link rel=\"canonical\" href=\"https:\/\/smans.com\/fr\/product\/tt-crimping-machine\/\" \/>\n<meta property=\"og:locale\" content=\"fr_FR\" \/>\n<meta property=\"og:type\" content=\"article\" \/>\n<meta property=\"og:title\" content=\"TT Crimping Machine - Smans\" \/>\n<meta property=\"og:description\" content=\"La sertisseuse TT est une presse semi-automatique tr\u00e8s compacte et l\u00e9g\u00e8re.\" \/>\n<meta property=\"og:url\" content=\"https:\/\/smans.com\/fr\/product\/tt-crimping-machine\/\" \/>\n<meta property=\"og:site_name\" content=\"Smans\" \/>\n<meta property=\"article:modified_time\" content=\"2026-04-10T11:08:04+00:00\" \/>\n<meta name=\"twitter:card\" content=\"summary_large_image\" \/>\n<meta name=\"twitter:label1\" content=\"Dur\u00e9e de lecture estim\u00e9e\" \/>\n\t<meta name=\"twitter:data1\" content=\"1 minute\" \/>\n<script type=\"application\/ld+json\" class=\"yoast-schema-graph\">{\"@context\":\"https:\/\/schema.org\",\"@graph\":[{\"@type\":\"WebPage\",\"@id\":\"https:\/\/smans.com\/fr\/product\/tt-crimping-machine\/\",\"url\":\"https:\/\/smans.com\/fr\/product\/tt-crimping-machine\/\",\"name\":\"TT Crimping Machine - Smans\",\"isPartOf\":{\"@id\":\"https:\/\/smans.com\/nl\/#website\"},\"datePublished\":\"2024-06-09T15:12:06+00:00\",\"dateModified\":\"2026-04-10T11:08:04+00:00\",\"breadcrumb\":{\"@id\":\"https:\/\/smans.com\/fr\/product\/tt-crimping-machine\/#breadcrumb\"},\"inLanguage\":\"fr-FR\",\"potentialAction\":[{\"@type\":\"ReadAction\",\"target\":[\"https:\/\/smans.com\/fr\/product\/tt-crimping-machine\/\"]}]},{\"@type\":\"BreadcrumbList\",\"@id\":\"https:\/\/smans.com\/fr\/product\/tt-crimping-machine\/#breadcrumb\",\"itemListElement\":[{\"@type\":\"ListItem\",\"position\":1,\"name\":\"Home\",\"item\":\"https:\/\/smans.com\/fr\/\"},{\"@type\":\"ListItem\",\"position\":2,\"name\":\"Boutique\",\"item\":\"https:\/\/smans.com\/nl\/shop\/\"},{\"@type\":\"ListItem\",\"position\":3,\"name\":\"Mecal - TT Crimping Machine\"}]},{\"@type\":\"WebSite\",\"@id\":\"https:\/\/smans.com\/nl\/#website\",\"url\":\"https:\/\/smans.com\/nl\/\",\"name\":\"Smans\",\"description\":\"\",\"publisher\":{\"@id\":\"https:\/\/smans.com\/nl\/#organization\"},\"potentialAction\":[{\"@type\":\"SearchAction\",\"target\":{\"@type\":\"EntryPoint\",\"urlTemplate\":\"https:\/\/smans.com\/nl\/?s={search_term_string}\"},\"query-input\":{\"@type\":\"PropertyValueSpecification\",\"valueRequired\":true,\"valueName\":\"search_term_string\"}}],\"inLanguage\":\"fr-FR\"},{\"@type\":\"Organization\",\"@id\":\"https:\/\/smans.com\/nl\/#organization\",\"name\":\"Smans\",\"url\":\"https:\/\/smans.com\/nl\/\",\"logo\":{\"@type\":\"ImageObject\",\"inLanguage\":\"fr-FR\",\"@id\":\"https:\/\/smans.com\/nl\/#\/schema\/logo\/image\/\",\"url\":\"https:\/\/smans.com\/wp-content\/uploads\/2023\/09\/logo.svg\",\"contentUrl\":\"https:\/\/smans.com\/wp-content\/uploads\/2023\/09\/logo.svg\",\"caption\":\"Smans\"},\"image\":{\"@id\":\"https:\/\/smans.com\/nl\/#\/schema\/logo\/image\/\"}}]}<\/script>\n<!-- \/ Yoast SEO plugin. -->","yoast_head_json":{"title":"TT Crimping Machine - Smans","robots":{"index":"index","follow":"follow","max-snippet":"max-snippet:-1","max-image-preview":"max-image-preview:large","max-video-preview":"max-video-preview:-1"},"canonical":"https:\/\/smans.com\/fr\/product\/tt-crimping-machine\/","og_locale":"fr_FR","og_type":"article","og_title":"TT Crimping Machine - Smans","og_description":"La sertisseuse TT est une presse semi-automatique tr\u00e8s compacte et l\u00e9g\u00e8re.","og_url":"https:\/\/smans.com\/fr\/product\/tt-crimping-machine\/","og_site_name":"Smans","article_modified_time":"2026-04-10T11:08:04+00:00","twitter_card":"summary_large_image","twitter_misc":{"Dur\u00e9e de lecture estim\u00e9e":"1 minute"},"schema":{"@context":"https:\/\/schema.org","@graph":[{"@type":"WebPage","@id":"https:\/\/smans.com\/fr\/product\/tt-crimping-machine\/","url":"https:\/\/smans.com\/fr\/product\/tt-crimping-machine\/","name":"TT Crimping Machine - Smans","isPartOf":{"@id":"https:\/\/smans.com\/nl\/#website"},"datePublished":"2024-06-09T15:12:06+00:00","dateModified":"2026-04-10T11:08:04+00:00","breadcrumb":{"@id":"https:\/\/smans.com\/fr\/product\/tt-crimping-machine\/#breadcrumb"},"inLanguage":"fr-FR","potentialAction":[{"@type":"ReadAction","target":["https:\/\/smans.com\/fr\/product\/tt-crimping-machine\/"]}]},{"@type":"BreadcrumbList","@id":"https:\/\/smans.com\/fr\/product\/tt-crimping-machine\/#breadcrumb","itemListElement":[{"@type":"ListItem","position":1,"name":"Home","item":"https:\/\/smans.com\/fr\/"},{"@type":"ListItem","position":2,"name":"Boutique","item":"https:\/\/smans.com\/nl\/shop\/"},{"@type":"ListItem","position":3,"name":"Mecal - TT Crimping Machine"}]},{"@type":"WebSite","@id":"https:\/\/smans.com\/nl\/#website","url":"https:\/\/smans.com\/nl\/","name":"Smans","description":"","publisher":{"@id":"https:\/\/smans.com\/nl\/#organization"},"potentialAction":[{"@type":"SearchAction","target":{"@type":"EntryPoint","urlTemplate":"https:\/\/smans.com\/nl\/?s={search_term_string}"},"query-input":{"@type":"PropertyValueSpecification","valueRequired":true,"valueName":"search_term_string"}}],"inLanguage":"fr-FR"},{"@type":"Organization","@id":"https:\/\/smans.com\/nl\/#organization","name":"Smans","url":"https:\/\/smans.com\/nl\/","logo":{"@type":"ImageObject","inLanguage":"fr-FR","@id":"https:\/\/smans.com\/nl\/#\/schema\/logo\/image\/","url":"https:\/\/smans.com\/wp-content\/uploads\/2023\/09\/logo.svg","contentUrl":"https:\/\/smans.com\/wp-content\/uploads\/2023\/09\/logo.svg","caption":"Smans"},"image":{"@id":"https:\/\/smans.com\/nl\/#\/schema\/logo\/image\/"}}]}},"brands":[{"id":18272,"name":"Mecal","slug":"brand-mecal-fr"}],"_links":{"self":[{"href":"https:\/\/smans.com\/fr\/wp-json\/wp\/v2\/product\/25428","targetHints":{"allow":["GET"]}}],"collection":[{"href":"https:\/\/smans.com\/fr\/wp-json\/wp\/v2\/product"}],"about":[{"href":"https:\/\/smans.com\/fr\/wp-json\/wp\/v2\/types\/product"}],"wp:attachment":[{"href":"https:\/\/smans.com\/fr\/wp-json\/wp\/v2\/media?parent=25428"}],"wp:term":[{"taxonomy":"pwb-brand","embeddable":true,"href":"https:\/\/smans.com\/fr\/wp-json\/wp\/v2\/pwb-brand?post=25428"},{"taxonomy":"product_brand","embeddable":true,"href":"https:\/\/smans.com\/fr\/wp-json\/wp\/v2\/product_brand?post=25428"},{"taxonomy":"product_cat","embeddable":true,"href":"https:\/\/smans.com\/fr\/wp-json\/wp\/v2\/product_cat?post=25428"},{"taxonomy":"product_tag","embeddable":true,"href":"https:\/\/smans.com\/fr\/wp-json\/wp\/v2\/product_tag?post=25428"}],"curies":[{"name":"wp","href":"https:\/\/api.w.org\/{rel}","templated":true}]}}