{"id":25429,"date":"2024-06-09T17:13:12","date_gmt":"2024-06-09T15:13:12","guid":{"rendered":"https:\/\/smans.com\/product\/crimping-machine-pcm\/"},"modified":"2026-04-08T12:48:57","modified_gmt":"2026-04-08T10:48:57","slug":"crimping-machine-pcm","status":"publish","type":"product","link":"https:\/\/smans.com\/fr\/product\/crimping-machine-pcm\/","title":{"rendered":"Z+F - Crimping Machine PCM"},"content":{"rendered":"<p data-start=\"0\" data-end=\"242\">Le sertisseur pneumatique est sp\u00e9cialement con\u00e7u pour sertir des contacts \u00e0 visser avec une plage de c\u00e2bles de 0,08 \u00e0 4 mm\u00b2 (AWG 28 &#8211; 12). Il effectue un sertissage standard \u00e0 4\/8 indentations selon les sp\u00e9cifications SAE 22520.<\/p>\n<p data-start=\"244\" data-end=\"397\"><strong data-start=\"244\" data-end=\"263\">R\u00e9glages Pr\u00e9cis<\/strong><br data-start=\"263\" data-end=\"266\" \/>La profondeur de sertissage peut \u00eatre ajust\u00e9e manuellement par incr\u00e9ments de 10 \u00b5m, garantissant des r\u00e9sultats pr\u00e9cis et constants.<\/p>\n<p data-start=\"399\" data-end=\"678\"><strong data-start=\"399\" data-end=\"424\">Flexible et Adaptable<\/strong><br data-start=\"424\" data-end=\"427\" \/>La machine est fournie avec un ensemble de matrices de sertissage standard et peut \u00eatre facilement adapt\u00e9e pour accueillir diff\u00e9rents types de contacts. Des supports optionnels sont disponibles pour une alimentation et un centrage optimaux des c\u00e2bles.<\/p>\n<p data-start=\"680\" data-end=\"753\"><strong data-start=\"680\" data-end=\"691\">Options<\/strong><br data-start=\"691\" data-end=\"694\" \/>Configurations de sertissage alternatives : 4-indentations.<\/p>\n","protected":false},"excerpt":{"rendered":"<p>Le sertisseur pneumatique est sp\u00e9cialement con\u00e7u pour sertir des contacts \u00e0 visser avec une plage de c\u00e2bles de 0,08 \u00e0 4 mm\u00b2 (AWG 28 &#8211; 12).<\/p>\n","protected":false},"featured_media":0,"template":"","meta":{"_acf_changed":false},"pwb-brand":[18322],"product_brand":[],"product_cat":[17990,17993,18034],"product_tag":[],"class_list":{"0":"post-25429","1":"product","2":"type-product","3":"status-publish","5":"pwb-brand-brand-z-f-fr","6":"product_cat-cables-et-cablage-fr","7":"product_cat-couper-denuder-sertissage-fr","8":"product_cat-wire-crimping-machines-fr","10":"first","11":"instock","12":"taxable","13":"shipping-taxable","14":"product-type-simple"},"acf":[],"yoast_head":"<!-- This site is optimized with the Yoast SEO plugin v27.1.1 - https:\/\/yoast.com\/product\/yoast-seo-wordpress\/ -->\n<title>Crimping Machine PCM - Smans<\/title>\n<meta name=\"robots\" content=\"index, follow, max-snippet:-1, max-image-preview:large, max-video-preview:-1\" \/>\n<link rel=\"canonical\" href=\"https:\/\/smans.com\/fr\/product\/crimping-machine-pcm\/\" \/>\n<meta property=\"og:locale\" content=\"fr_FR\" \/>\n<meta property=\"og:type\" content=\"article\" \/>\n<meta property=\"og:title\" content=\"Crimping Machine PCM - Smans\" \/>\n<meta property=\"og:description\" content=\"Le sertisseur pneumatique est sp\u00e9cialement con\u00e7u pour sertir des contacts \u00e0 visser avec une plage de c\u00e2bles de 0,08 \u00e0 4 mm\u00b2 (AWG 28 - 12).\" \/>\n<meta property=\"og:url\" content=\"https:\/\/smans.com\/fr\/product\/crimping-machine-pcm\/\" \/>\n<meta property=\"og:site_name\" content=\"Smans\" \/>\n<meta property=\"article:modified_time\" content=\"2026-04-08T10:48:57+00:00\" \/>\n<meta name=\"twitter:card\" content=\"summary_large_image\" \/>\n<meta name=\"twitter:label1\" content=\"Dur\u00e9e de lecture estim\u00e9e\" \/>\n\t<meta name=\"twitter:data1\" content=\"1 minute\" \/>\n<script type=\"application\/ld+json\" class=\"yoast-schema-graph\">{\"@context\":\"https:\/\/schema.org\",\"@graph\":[{\"@type\":\"WebPage\",\"@id\":\"https:\/\/smans.com\/fr\/product\/crimping-machine-pcm\/\",\"url\":\"https:\/\/smans.com\/fr\/product\/crimping-machine-pcm\/\",\"name\":\"Crimping Machine PCM - Smans\",\"isPartOf\":{\"@id\":\"https:\/\/smans.com\/nl\/#website\"},\"datePublished\":\"2024-06-09T15:13:12+00:00\",\"dateModified\":\"2026-04-08T10:48:57+00:00\",\"breadcrumb\":{\"@id\":\"https:\/\/smans.com\/fr\/product\/crimping-machine-pcm\/#breadcrumb\"},\"inLanguage\":\"fr-FR\",\"potentialAction\":[{\"@type\":\"ReadAction\",\"target\":[\"https:\/\/smans.com\/fr\/product\/crimping-machine-pcm\/\"]}]},{\"@type\":\"BreadcrumbList\",\"@id\":\"https:\/\/smans.com\/fr\/product\/crimping-machine-pcm\/#breadcrumb\",\"itemListElement\":[{\"@type\":\"ListItem\",\"position\":1,\"name\":\"Home\",\"item\":\"https:\/\/smans.com\/fr\/\"},{\"@type\":\"ListItem\",\"position\":2,\"name\":\"Boutique\",\"item\":\"https:\/\/smans.com\/nl\/shop\/\"},{\"@type\":\"ListItem\",\"position\":3,\"name\":\"Z+F - Crimping Machine PCM\"}]},{\"@type\":\"WebSite\",\"@id\":\"https:\/\/smans.com\/nl\/#website\",\"url\":\"https:\/\/smans.com\/nl\/\",\"name\":\"Smans\",\"description\":\"\",\"publisher\":{\"@id\":\"https:\/\/smans.com\/nl\/#organization\"},\"potentialAction\":[{\"@type\":\"SearchAction\",\"target\":{\"@type\":\"EntryPoint\",\"urlTemplate\":\"https:\/\/smans.com\/nl\/?s={search_term_string}\"},\"query-input\":{\"@type\":\"PropertyValueSpecification\",\"valueRequired\":true,\"valueName\":\"search_term_string\"}}],\"inLanguage\":\"fr-FR\"},{\"@type\":\"Organization\",\"@id\":\"https:\/\/smans.com\/nl\/#organization\",\"name\":\"Smans\",\"url\":\"https:\/\/smans.com\/nl\/\",\"logo\":{\"@type\":\"ImageObject\",\"inLanguage\":\"fr-FR\",\"@id\":\"https:\/\/smans.com\/nl\/#\/schema\/logo\/image\/\",\"url\":\"https:\/\/smans.com\/wp-content\/uploads\/2023\/09\/logo.svg\",\"contentUrl\":\"https:\/\/smans.com\/wp-content\/uploads\/2023\/09\/logo.svg\",\"caption\":\"Smans\"},\"image\":{\"@id\":\"https:\/\/smans.com\/nl\/#\/schema\/logo\/image\/\"}}]}<\/script>\n<!-- \/ Yoast SEO plugin. -->","yoast_head_json":{"title":"Crimping Machine PCM - Smans","robots":{"index":"index","follow":"follow","max-snippet":"max-snippet:-1","max-image-preview":"max-image-preview:large","max-video-preview":"max-video-preview:-1"},"canonical":"https:\/\/smans.com\/fr\/product\/crimping-machine-pcm\/","og_locale":"fr_FR","og_type":"article","og_title":"Crimping Machine PCM - Smans","og_description":"Le sertisseur pneumatique est sp\u00e9cialement con\u00e7u pour sertir des contacts \u00e0 visser avec une plage de c\u00e2bles de 0,08 \u00e0 4 mm\u00b2 (AWG 28 - 12).","og_url":"https:\/\/smans.com\/fr\/product\/crimping-machine-pcm\/","og_site_name":"Smans","article_modified_time":"2026-04-08T10:48:57+00:00","twitter_card":"summary_large_image","twitter_misc":{"Dur\u00e9e de lecture estim\u00e9e":"1 minute"},"schema":{"@context":"https:\/\/schema.org","@graph":[{"@type":"WebPage","@id":"https:\/\/smans.com\/fr\/product\/crimping-machine-pcm\/","url":"https:\/\/smans.com\/fr\/product\/crimping-machine-pcm\/","name":"Crimping Machine PCM - Smans","isPartOf":{"@id":"https:\/\/smans.com\/nl\/#website"},"datePublished":"2024-06-09T15:13:12+00:00","dateModified":"2026-04-08T10:48:57+00:00","breadcrumb":{"@id":"https:\/\/smans.com\/fr\/product\/crimping-machine-pcm\/#breadcrumb"},"inLanguage":"fr-FR","potentialAction":[{"@type":"ReadAction","target":["https:\/\/smans.com\/fr\/product\/crimping-machine-pcm\/"]}]},{"@type":"BreadcrumbList","@id":"https:\/\/smans.com\/fr\/product\/crimping-machine-pcm\/#breadcrumb","itemListElement":[{"@type":"ListItem","position":1,"name":"Home","item":"https:\/\/smans.com\/fr\/"},{"@type":"ListItem","position":2,"name":"Boutique","item":"https:\/\/smans.com\/nl\/shop\/"},{"@type":"ListItem","position":3,"name":"Z+F - Crimping Machine PCM"}]},{"@type":"WebSite","@id":"https:\/\/smans.com\/nl\/#website","url":"https:\/\/smans.com\/nl\/","name":"Smans","description":"","publisher":{"@id":"https:\/\/smans.com\/nl\/#organization"},"potentialAction":[{"@type":"SearchAction","target":{"@type":"EntryPoint","urlTemplate":"https:\/\/smans.com\/nl\/?s={search_term_string}"},"query-input":{"@type":"PropertyValueSpecification","valueRequired":true,"valueName":"search_term_string"}}],"inLanguage":"fr-FR"},{"@type":"Organization","@id":"https:\/\/smans.com\/nl\/#organization","name":"Smans","url":"https:\/\/smans.com\/nl\/","logo":{"@type":"ImageObject","inLanguage":"fr-FR","@id":"https:\/\/smans.com\/nl\/#\/schema\/logo\/image\/","url":"https:\/\/smans.com\/wp-content\/uploads\/2023\/09\/logo.svg","contentUrl":"https:\/\/smans.com\/wp-content\/uploads\/2023\/09\/logo.svg","caption":"Smans"},"image":{"@id":"https:\/\/smans.com\/nl\/#\/schema\/logo\/image\/"}}]}},"brands":[{"id":18322,"name":"Z+F","slug":"brand-z-f-fr"}],"_links":{"self":[{"href":"https:\/\/smans.com\/fr\/wp-json\/wp\/v2\/product\/25429","targetHints":{"allow":["GET"]}}],"collection":[{"href":"https:\/\/smans.com\/fr\/wp-json\/wp\/v2\/product"}],"about":[{"href":"https:\/\/smans.com\/fr\/wp-json\/wp\/v2\/types\/product"}],"wp:attachment":[{"href":"https:\/\/smans.com\/fr\/wp-json\/wp\/v2\/media?parent=25429"}],"wp:term":[{"taxonomy":"pwb-brand","embeddable":true,"href":"https:\/\/smans.com\/fr\/wp-json\/wp\/v2\/pwb-brand?post=25429"},{"taxonomy":"product_brand","embeddable":true,"href":"https:\/\/smans.com\/fr\/wp-json\/wp\/v2\/product_brand?post=25429"},{"taxonomy":"product_cat","embeddable":true,"href":"https:\/\/smans.com\/fr\/wp-json\/wp\/v2\/product_cat?post=25429"},{"taxonomy":"product_tag","embeddable":true,"href":"https:\/\/smans.com\/fr\/wp-json\/wp\/v2\/product_tag?post=25429"}],"curies":[{"name":"wp","href":"https:\/\/api.w.org\/{rel}","templated":true}]}}