{"id":25431,"date":"2024-06-09T17:12:55","date_gmt":"2024-06-09T15:12:55","guid":{"rendered":"https:\/\/smans.com\/product\/pneumatic-crimping-machine-ssc\/"},"modified":"2026-04-09T13:17:37","modified_gmt":"2026-04-09T11:17:37","slug":"pneumatic-crimping-machine-ssc","status":"publish","type":"product","link":"https:\/\/smans.com\/fr\/product\/pneumatic-crimping-machine-ssc\/","title":{"rendered":"Wezag - Pneumatic Crimping Machine SSC, adaptateur et matrices exclus"},"content":{"rendered":"<p data-start=\"2500\" data-end=\"2548\">La machine de sertissage pneumatique SSC offre :<\/p>\n<ul data-start=\"2550\" data-end=\"3737\" data-is-last-node=\"\">\n<li data-start=\"2550\" data-end=\"2671\"><strong data-start=\"2552\" data-end=\"2594\">Pas de protection des doigts requise :<\/strong> Elle peut \u00eatre utilis\u00e9e avec une p\u00e9dale double sans protection des doigts.<\/li>\n<li data-start=\"2672\" data-end=\"2827\"><strong data-start=\"2674\" data-end=\"2748\">Id\u00e9ale pour l&rsquo;industrie automobile et les applications industrielles :<\/strong> Gr\u00e2ce au m\u00e9canisme de travail lin\u00e9aire, elle est parfaite pour ces secteurs.<\/li>\n<li data-start=\"2828\" data-end=\"2966\"><strong data-start=\"2830\" data-end=\"2873\">Petites \u00e0 moyennes sections de c\u00e2bles :<\/strong> Id\u00e9ale pour le sertissage de sections de c\u00e2bles petites \u00e0 moyennes tout en restant mobile.<\/li>\n<li data-start=\"2967\" data-end=\"3133\"><strong data-start=\"2969\" data-end=\"3018\">Haute qualit\u00e9 et large gamme d&rsquo;applications :<\/strong> Allie les normes de qualit\u00e9 les plus \u00e9lev\u00e9es avec une large gamme d&rsquo;applications, n\u00e9cessitant un espace minimal.<\/li>\n<li data-start=\"3134\" data-end=\"3236\"><strong data-start=\"3136\" data-end=\"3162\">Flexibilit\u00e9 maximale :<\/strong> Son design pratique et son faible poids permettent un transport facile.<\/li>\n<li data-start=\"3237\" data-end=\"3360\"><strong data-start=\"3239\" data-end=\"3261\">Transport facile :<\/strong> La poign\u00e9e en T fournie rend le transport extr\u00eamement simple et permet une mobilit\u00e9 sans effort.<\/li>\n<li data-start=\"3361\" data-end=\"3458\"><strong data-start=\"3363\" data-end=\"3391\">Conception ergonomique :<\/strong> Offre des conditions de fonctionnement optimales et conviviales.<\/li>\n<li data-start=\"3459\" data-end=\"3574\"><strong data-start=\"3461\" data-end=\"3491\">Commutation s\u00e9quentielle :<\/strong> La commutation s\u00e9quentielle int\u00e9gr\u00e9e garantit une qualit\u00e9 de processus optimale.<\/li>\n<li data-start=\"3575\" data-end=\"3737\" data-is-last-node=\"\"><strong data-start=\"3577\" data-end=\"3616\">Changement rapide des adaptateurs :<\/strong> Les adaptateurs peuvent \u00eatre chang\u00e9s rapidement sans outils, facilitant ainsi le passage entre diff\u00e9rentes applications.<\/li>\n<\/ul>\n","protected":false},"excerpt":{"rendered":"<p>La machine de sertissage pneumatique SSC peut \u00eatre utilis\u00e9e sans protection de doigt et avec une p\u00e9dale double. Gr\u00e2ce \u00e0 son m\u00e9canisme de travail lin\u00e9aire, elle est id\u00e9ale pour les applications dans l&rsquo;automobile et l&rsquo;industrie.<\/p>\n","protected":false},"featured_media":0,"template":"","meta":{"_acf_changed":false},"pwb-brand":[18318],"product_brand":[],"product_cat":[17990,17993,18034],"product_tag":[],"class_list":{"0":"post-25431","1":"product","2":"type-product","3":"status-publish","5":"pwb-brand-brand-wezag-fr","6":"product_cat-cables-et-cablage-fr","7":"product_cat-couper-denuder-sertissage-fr","8":"product_cat-wire-crimping-machines-fr","10":"first","11":"instock","12":"taxable","13":"shipping-taxable","14":"purchasable","15":"product-type-simple"},"acf":[],"yoast_head":"<!-- This site is optimized with the Yoast SEO plugin v27.1.1 - https:\/\/yoast.com\/product\/yoast-seo-wordpress\/ -->\n<title>Pneumatic Crimping Machine SSC, adaptateur et matrices exclus - Smans<\/title>\n<meta name=\"robots\" content=\"index, follow, max-snippet:-1, max-image-preview:large, max-video-preview:-1\" \/>\n<link rel=\"canonical\" href=\"https:\/\/smans.com\/fr\/product\/pneumatic-crimping-machine-ssc\/\" \/>\n<meta property=\"og:locale\" content=\"fr_FR\" \/>\n<meta property=\"og:type\" content=\"article\" \/>\n<meta property=\"og:title\" content=\"Pneumatic Crimping Machine SSC, adaptateur et matrices exclus - Smans\" \/>\n<meta property=\"og:description\" content=\"La machine de sertissage pneumatique SSC peut \u00eatre utilis\u00e9e sans protection de doigt et avec une p\u00e9dale double. Gr\u00e2ce \u00e0 son m\u00e9canisme de travail lin\u00e9aire, elle est id\u00e9ale pour les applications dans l&#039;automobile et l&#039;industrie.\" \/>\n<meta property=\"og:url\" content=\"https:\/\/smans.com\/fr\/product\/pneumatic-crimping-machine-ssc\/\" \/>\n<meta property=\"og:site_name\" content=\"Smans\" \/>\n<meta property=\"article:modified_time\" content=\"2026-04-09T11:17:37+00:00\" \/>\n<meta name=\"twitter:card\" content=\"summary_large_image\" \/>\n<meta name=\"twitter:label1\" content=\"Dur\u00e9e de lecture estim\u00e9e\" \/>\n\t<meta name=\"twitter:data1\" content=\"1 minute\" \/>\n<script type=\"application\/ld+json\" class=\"yoast-schema-graph\">{\"@context\":\"https:\/\/schema.org\",\"@graph\":[{\"@type\":\"WebPage\",\"@id\":\"https:\/\/smans.com\/fr\/product\/pneumatic-crimping-machine-ssc\/\",\"url\":\"https:\/\/smans.com\/fr\/product\/pneumatic-crimping-machine-ssc\/\",\"name\":\"Pneumatic Crimping Machine SSC, adaptateur et matrices exclus - Smans\",\"isPartOf\":{\"@id\":\"https:\/\/smans.com\/nl\/#website\"},\"datePublished\":\"2024-06-09T15:12:55+00:00\",\"dateModified\":\"2026-04-09T11:17:37+00:00\",\"breadcrumb\":{\"@id\":\"https:\/\/smans.com\/fr\/product\/pneumatic-crimping-machine-ssc\/#breadcrumb\"},\"inLanguage\":\"fr-FR\",\"potentialAction\":[{\"@type\":\"ReadAction\",\"target\":[\"https:\/\/smans.com\/fr\/product\/pneumatic-crimping-machine-ssc\/\"]}]},{\"@type\":\"BreadcrumbList\",\"@id\":\"https:\/\/smans.com\/fr\/product\/pneumatic-crimping-machine-ssc\/#breadcrumb\",\"itemListElement\":[{\"@type\":\"ListItem\",\"position\":1,\"name\":\"Home\",\"item\":\"https:\/\/smans.com\/fr\/\"},{\"@type\":\"ListItem\",\"position\":2,\"name\":\"Boutique\",\"item\":\"https:\/\/smans.com\/nl\/shop\/\"},{\"@type\":\"ListItem\",\"position\":3,\"name\":\"Wezag - Pneumatic Crimping Machine SSC, adaptateur et matrices exclus\"}]},{\"@type\":\"WebSite\",\"@id\":\"https:\/\/smans.com\/nl\/#website\",\"url\":\"https:\/\/smans.com\/nl\/\",\"name\":\"Smans\",\"description\":\"\",\"publisher\":{\"@id\":\"https:\/\/smans.com\/nl\/#organization\"},\"potentialAction\":[{\"@type\":\"SearchAction\",\"target\":{\"@type\":\"EntryPoint\",\"urlTemplate\":\"https:\/\/smans.com\/nl\/?s={search_term_string}\"},\"query-input\":{\"@type\":\"PropertyValueSpecification\",\"valueRequired\":true,\"valueName\":\"search_term_string\"}}],\"inLanguage\":\"fr-FR\"},{\"@type\":\"Organization\",\"@id\":\"https:\/\/smans.com\/nl\/#organization\",\"name\":\"Smans\",\"url\":\"https:\/\/smans.com\/nl\/\",\"logo\":{\"@type\":\"ImageObject\",\"inLanguage\":\"fr-FR\",\"@id\":\"https:\/\/smans.com\/nl\/#\/schema\/logo\/image\/\",\"url\":\"https:\/\/smans.com\/wp-content\/uploads\/2023\/09\/logo.svg\",\"contentUrl\":\"https:\/\/smans.com\/wp-content\/uploads\/2023\/09\/logo.svg\",\"caption\":\"Smans\"},\"image\":{\"@id\":\"https:\/\/smans.com\/nl\/#\/schema\/logo\/image\/\"}}]}<\/script>\n<!-- \/ Yoast SEO plugin. -->","yoast_head_json":{"title":"Pneumatic Crimping Machine SSC, adaptateur et matrices exclus - Smans","robots":{"index":"index","follow":"follow","max-snippet":"max-snippet:-1","max-image-preview":"max-image-preview:large","max-video-preview":"max-video-preview:-1"},"canonical":"https:\/\/smans.com\/fr\/product\/pneumatic-crimping-machine-ssc\/","og_locale":"fr_FR","og_type":"article","og_title":"Pneumatic Crimping Machine SSC, adaptateur et matrices exclus - Smans","og_description":"La machine de sertissage pneumatique SSC peut \u00eatre utilis\u00e9e sans protection de doigt et avec une p\u00e9dale double. Gr\u00e2ce \u00e0 son m\u00e9canisme de travail lin\u00e9aire, elle est id\u00e9ale pour les applications dans l'automobile et l'industrie.","og_url":"https:\/\/smans.com\/fr\/product\/pneumatic-crimping-machine-ssc\/","og_site_name":"Smans","article_modified_time":"2026-04-09T11:17:37+00:00","twitter_card":"summary_large_image","twitter_misc":{"Dur\u00e9e de lecture estim\u00e9e":"1 minute"},"schema":{"@context":"https:\/\/schema.org","@graph":[{"@type":"WebPage","@id":"https:\/\/smans.com\/fr\/product\/pneumatic-crimping-machine-ssc\/","url":"https:\/\/smans.com\/fr\/product\/pneumatic-crimping-machine-ssc\/","name":"Pneumatic Crimping Machine SSC, adaptateur et matrices exclus - Smans","isPartOf":{"@id":"https:\/\/smans.com\/nl\/#website"},"datePublished":"2024-06-09T15:12:55+00:00","dateModified":"2026-04-09T11:17:37+00:00","breadcrumb":{"@id":"https:\/\/smans.com\/fr\/product\/pneumatic-crimping-machine-ssc\/#breadcrumb"},"inLanguage":"fr-FR","potentialAction":[{"@type":"ReadAction","target":["https:\/\/smans.com\/fr\/product\/pneumatic-crimping-machine-ssc\/"]}]},{"@type":"BreadcrumbList","@id":"https:\/\/smans.com\/fr\/product\/pneumatic-crimping-machine-ssc\/#breadcrumb","itemListElement":[{"@type":"ListItem","position":1,"name":"Home","item":"https:\/\/smans.com\/fr\/"},{"@type":"ListItem","position":2,"name":"Boutique","item":"https:\/\/smans.com\/nl\/shop\/"},{"@type":"ListItem","position":3,"name":"Wezag - Pneumatic Crimping Machine SSC, adaptateur et matrices exclus"}]},{"@type":"WebSite","@id":"https:\/\/smans.com\/nl\/#website","url":"https:\/\/smans.com\/nl\/","name":"Smans","description":"","publisher":{"@id":"https:\/\/smans.com\/nl\/#organization"},"potentialAction":[{"@type":"SearchAction","target":{"@type":"EntryPoint","urlTemplate":"https:\/\/smans.com\/nl\/?s={search_term_string}"},"query-input":{"@type":"PropertyValueSpecification","valueRequired":true,"valueName":"search_term_string"}}],"inLanguage":"fr-FR"},{"@type":"Organization","@id":"https:\/\/smans.com\/nl\/#organization","name":"Smans","url":"https:\/\/smans.com\/nl\/","logo":{"@type":"ImageObject","inLanguage":"fr-FR","@id":"https:\/\/smans.com\/nl\/#\/schema\/logo\/image\/","url":"https:\/\/smans.com\/wp-content\/uploads\/2023\/09\/logo.svg","contentUrl":"https:\/\/smans.com\/wp-content\/uploads\/2023\/09\/logo.svg","caption":"Smans"},"image":{"@id":"https:\/\/smans.com\/nl\/#\/schema\/logo\/image\/"}}]}},"brands":[{"id":18318,"name":"Wezag","slug":"brand-wezag-fr"}],"_links":{"self":[{"href":"https:\/\/smans.com\/fr\/wp-json\/wp\/v2\/product\/25431","targetHints":{"allow":["GET"]}}],"collection":[{"href":"https:\/\/smans.com\/fr\/wp-json\/wp\/v2\/product"}],"about":[{"href":"https:\/\/smans.com\/fr\/wp-json\/wp\/v2\/types\/product"}],"wp:attachment":[{"href":"https:\/\/smans.com\/fr\/wp-json\/wp\/v2\/media?parent=25431"}],"wp:term":[{"taxonomy":"pwb-brand","embeddable":true,"href":"https:\/\/smans.com\/fr\/wp-json\/wp\/v2\/pwb-brand?post=25431"},{"taxonomy":"product_brand","embeddable":true,"href":"https:\/\/smans.com\/fr\/wp-json\/wp\/v2\/product_brand?post=25431"},{"taxonomy":"product_cat","embeddable":true,"href":"https:\/\/smans.com\/fr\/wp-json\/wp\/v2\/product_cat?post=25431"},{"taxonomy":"product_tag","embeddable":true,"href":"https:\/\/smans.com\/fr\/wp-json\/wp\/v2\/product_tag?post=25431"}],"curies":[{"name":"wp","href":"https:\/\/api.w.org\/{rel}","templated":true}]}}