{"id":25435,"date":"2024-06-09T17:14:07","date_gmt":"2024-06-09T15:14:07","guid":{"rendered":"https:\/\/smans.com\/product\/stripping-machine-ai-25-20-auto\/"},"modified":"2026-04-17T13:49:20","modified_gmt":"2026-04-17T11:49:20","slug":"stripping-machine-ai-25-20-auto","status":"publish","type":"product","link":"https:\/\/smans.com\/fr\/product\/stripping-machine-ai-25-20-auto\/","title":{"rendered":"Z+F - Stripping Machine AI 2,5-20 auto"},"content":{"rendered":"<p>La Z+F AI 2,5-20 auto est une d\u00e9nudeuse \u00e9lectrique semi-automatique qui allie pr\u00e9cision et facilit\u00e9 d&rsquo;utilisation.<\/p>\n<p>Le syst\u00e8me de d\u00e9tection int\u00e9gr\u00e9 bas\u00e9 sur des capteurs d\u00e9tecte automatiquement le diam\u00e8tre du fil et ajuste la profondeur de coupe de mani\u00e8re enti\u00e8rement automatique. Cela permet de d\u00e9nuder des fils avec diff\u00e9rents mat\u00e9riaux d&rsquo;isolation et des <strong>sections de 0,5 \u00e0 2,5 mm\u00b2<\/strong> (AWG 20-14) sans r\u00e9glage manuel, toujours avec la m\u00eame pr\u00e9cision et sans endommager le conducteur.<\/p>\n<p>La longueur de d\u00e9nudage et la longueur de retrait sont facilement r\u00e9glables via le panneau de commande, et avec un temps de cycle de seulement 0,5 seconde, l&rsquo;AI 2,5-20 auto est parfaitement adapt\u00e9e \u00e0 la production en s\u00e9rie. Sa conception compacte et n\u00e9cessitant peu d&rsquo;entretien rend cette machine id\u00e9ale pour la pr\u00e9paration de c\u00e2bles, le montage \u00e9lectrique et les services d&rsquo;assemblage o\u00f9 la pr\u00e9cision et l&rsquo;efficacit\u00e9 sont essentielles.<\/p>\n","protected":false},"excerpt":{"rendered":"<p>Une d\u00e9nudeuse \u00e9lectrique semi-automatique \u00e9quip\u00e9e d&rsquo;un syst\u00e8me de d\u00e9tection avanc\u00e9 bas\u00e9 sur des capteurs pour des sections de 0,5 \u00e0 2,5 mm\u00b2.<\/p>\n","protected":false},"featured_media":0,"template":"","meta":{"_acf_changed":false},"pwb-brand":[18322],"product_brand":[],"product_cat":[17990,17993,18042],"product_tag":[],"class_list":{"0":"post-25435","1":"product","2":"type-product","3":"status-publish","5":"pwb-brand-brand-z-f-fr","6":"product_cat-cables-et-cablage-fr","7":"product_cat-couper-denuder-sertissage-fr","8":"product_cat-denudeuses-de-fils-fr","10":"first","11":"instock","12":"taxable","13":"shipping-taxable","14":"purchasable","15":"product-type-simple"},"acf":[],"yoast_head":"<!-- This site is optimized with the Yoast SEO plugin v27.1.1 - https:\/\/yoast.com\/product\/yoast-seo-wordpress\/ -->\n<title>Stripping Machine AI 2,5-20 auto - Smans<\/title>\n<meta name=\"robots\" content=\"index, follow, max-snippet:-1, max-image-preview:large, max-video-preview:-1\" \/>\n<link rel=\"canonical\" href=\"https:\/\/smans.com\/fr\/product\/stripping-machine-ai-25-20-auto\/\" \/>\n<meta property=\"og:locale\" content=\"fr_FR\" \/>\n<meta property=\"og:type\" content=\"article\" \/>\n<meta property=\"og:title\" content=\"Stripping Machine AI 2,5-20 auto - Smans\" \/>\n<meta property=\"og:description\" content=\"Une d\u00e9nudeuse \u00e9lectrique semi-automatique \u00e9quip\u00e9e d&#039;un syst\u00e8me de d\u00e9tection avanc\u00e9 bas\u00e9 sur des capteurs pour des sections de 0,5 \u00e0 2,5 mm\u00b2.\" \/>\n<meta property=\"og:url\" content=\"https:\/\/smans.com\/fr\/product\/stripping-machine-ai-25-20-auto\/\" \/>\n<meta property=\"og:site_name\" content=\"Smans\" \/>\n<meta property=\"article:modified_time\" content=\"2026-04-17T11:49:20+00:00\" \/>\n<meta name=\"twitter:card\" content=\"summary_large_image\" \/>\n<meta name=\"twitter:label1\" content=\"Dur\u00e9e de lecture estim\u00e9e\" \/>\n\t<meta name=\"twitter:data1\" content=\"1 minute\" \/>\n<script type=\"application\/ld+json\" class=\"yoast-schema-graph\">{\"@context\":\"https:\/\/schema.org\",\"@graph\":[{\"@type\":\"WebPage\",\"@id\":\"https:\/\/smans.com\/fr\/product\/stripping-machine-ai-25-20-auto\/\",\"url\":\"https:\/\/smans.com\/fr\/product\/stripping-machine-ai-25-20-auto\/\",\"name\":\"Stripping Machine AI 2,5-20 auto - Smans\",\"isPartOf\":{\"@id\":\"https:\/\/smans.com\/nl\/#website\"},\"datePublished\":\"2024-06-09T15:14:07+00:00\",\"dateModified\":\"2026-04-17T11:49:20+00:00\",\"breadcrumb\":{\"@id\":\"https:\/\/smans.com\/fr\/product\/stripping-machine-ai-25-20-auto\/#breadcrumb\"},\"inLanguage\":\"fr-FR\",\"potentialAction\":[{\"@type\":\"ReadAction\",\"target\":[\"https:\/\/smans.com\/fr\/product\/stripping-machine-ai-25-20-auto\/\"]}]},{\"@type\":\"BreadcrumbList\",\"@id\":\"https:\/\/smans.com\/fr\/product\/stripping-machine-ai-25-20-auto\/#breadcrumb\",\"itemListElement\":[{\"@type\":\"ListItem\",\"position\":1,\"name\":\"Home\",\"item\":\"https:\/\/smans.com\/fr\/\"},{\"@type\":\"ListItem\",\"position\":2,\"name\":\"Boutique\",\"item\":\"https:\/\/smans.com\/nl\/shop\/\"},{\"@type\":\"ListItem\",\"position\":3,\"name\":\"Z+F - Stripping Machine AI 2,5-20 auto\"}]},{\"@type\":\"WebSite\",\"@id\":\"https:\/\/smans.com\/nl\/#website\",\"url\":\"https:\/\/smans.com\/nl\/\",\"name\":\"Smans\",\"description\":\"\",\"publisher\":{\"@id\":\"https:\/\/smans.com\/nl\/#organization\"},\"potentialAction\":[{\"@type\":\"SearchAction\",\"target\":{\"@type\":\"EntryPoint\",\"urlTemplate\":\"https:\/\/smans.com\/nl\/?s={search_term_string}\"},\"query-input\":{\"@type\":\"PropertyValueSpecification\",\"valueRequired\":true,\"valueName\":\"search_term_string\"}}],\"inLanguage\":\"fr-FR\"},{\"@type\":\"Organization\",\"@id\":\"https:\/\/smans.com\/nl\/#organization\",\"name\":\"Smans\",\"url\":\"https:\/\/smans.com\/nl\/\",\"logo\":{\"@type\":\"ImageObject\",\"inLanguage\":\"fr-FR\",\"@id\":\"https:\/\/smans.com\/nl\/#\/schema\/logo\/image\/\",\"url\":\"https:\/\/smans.com\/wp-content\/uploads\/2023\/09\/logo.svg\",\"contentUrl\":\"https:\/\/smans.com\/wp-content\/uploads\/2023\/09\/logo.svg\",\"caption\":\"Smans\"},\"image\":{\"@id\":\"https:\/\/smans.com\/nl\/#\/schema\/logo\/image\/\"}}]}<\/script>\n<!-- \/ Yoast SEO plugin. -->","yoast_head_json":{"title":"Stripping Machine AI 2,5-20 auto - Smans","robots":{"index":"index","follow":"follow","max-snippet":"max-snippet:-1","max-image-preview":"max-image-preview:large","max-video-preview":"max-video-preview:-1"},"canonical":"https:\/\/smans.com\/fr\/product\/stripping-machine-ai-25-20-auto\/","og_locale":"fr_FR","og_type":"article","og_title":"Stripping Machine AI 2,5-20 auto - Smans","og_description":"Une d\u00e9nudeuse \u00e9lectrique semi-automatique \u00e9quip\u00e9e d'un syst\u00e8me de d\u00e9tection avanc\u00e9 bas\u00e9 sur des capteurs pour des sections de 0,5 \u00e0 2,5 mm\u00b2.","og_url":"https:\/\/smans.com\/fr\/product\/stripping-machine-ai-25-20-auto\/","og_site_name":"Smans","article_modified_time":"2026-04-17T11:49:20+00:00","twitter_card":"summary_large_image","twitter_misc":{"Dur\u00e9e de lecture estim\u00e9e":"1 minute"},"schema":{"@context":"https:\/\/schema.org","@graph":[{"@type":"WebPage","@id":"https:\/\/smans.com\/fr\/product\/stripping-machine-ai-25-20-auto\/","url":"https:\/\/smans.com\/fr\/product\/stripping-machine-ai-25-20-auto\/","name":"Stripping Machine AI 2,5-20 auto - Smans","isPartOf":{"@id":"https:\/\/smans.com\/nl\/#website"},"datePublished":"2024-06-09T15:14:07+00:00","dateModified":"2026-04-17T11:49:20+00:00","breadcrumb":{"@id":"https:\/\/smans.com\/fr\/product\/stripping-machine-ai-25-20-auto\/#breadcrumb"},"inLanguage":"fr-FR","potentialAction":[{"@type":"ReadAction","target":["https:\/\/smans.com\/fr\/product\/stripping-machine-ai-25-20-auto\/"]}]},{"@type":"BreadcrumbList","@id":"https:\/\/smans.com\/fr\/product\/stripping-machine-ai-25-20-auto\/#breadcrumb","itemListElement":[{"@type":"ListItem","position":1,"name":"Home","item":"https:\/\/smans.com\/fr\/"},{"@type":"ListItem","position":2,"name":"Boutique","item":"https:\/\/smans.com\/nl\/shop\/"},{"@type":"ListItem","position":3,"name":"Z+F - Stripping Machine AI 2,5-20 auto"}]},{"@type":"WebSite","@id":"https:\/\/smans.com\/nl\/#website","url":"https:\/\/smans.com\/nl\/","name":"Smans","description":"","publisher":{"@id":"https:\/\/smans.com\/nl\/#organization"},"potentialAction":[{"@type":"SearchAction","target":{"@type":"EntryPoint","urlTemplate":"https:\/\/smans.com\/nl\/?s={search_term_string}"},"query-input":{"@type":"PropertyValueSpecification","valueRequired":true,"valueName":"search_term_string"}}],"inLanguage":"fr-FR"},{"@type":"Organization","@id":"https:\/\/smans.com\/nl\/#organization","name":"Smans","url":"https:\/\/smans.com\/nl\/","logo":{"@type":"ImageObject","inLanguage":"fr-FR","@id":"https:\/\/smans.com\/nl\/#\/schema\/logo\/image\/","url":"https:\/\/smans.com\/wp-content\/uploads\/2023\/09\/logo.svg","contentUrl":"https:\/\/smans.com\/wp-content\/uploads\/2023\/09\/logo.svg","caption":"Smans"},"image":{"@id":"https:\/\/smans.com\/nl\/#\/schema\/logo\/image\/"}}]}},"brands":[{"id":18322,"name":"Z+F","slug":"brand-z-f-fr"}],"_links":{"self":[{"href":"https:\/\/smans.com\/fr\/wp-json\/wp\/v2\/product\/25435","targetHints":{"allow":["GET"]}}],"collection":[{"href":"https:\/\/smans.com\/fr\/wp-json\/wp\/v2\/product"}],"about":[{"href":"https:\/\/smans.com\/fr\/wp-json\/wp\/v2\/types\/product"}],"wp:attachment":[{"href":"https:\/\/smans.com\/fr\/wp-json\/wp\/v2\/media?parent=25435"}],"wp:term":[{"taxonomy":"pwb-brand","embeddable":true,"href":"https:\/\/smans.com\/fr\/wp-json\/wp\/v2\/pwb-brand?post=25435"},{"taxonomy":"product_brand","embeddable":true,"href":"https:\/\/smans.com\/fr\/wp-json\/wp\/v2\/product_brand?post=25435"},{"taxonomy":"product_cat","embeddable":true,"href":"https:\/\/smans.com\/fr\/wp-json\/wp\/v2\/product_cat?post=25435"},{"taxonomy":"product_tag","embeddable":true,"href":"https:\/\/smans.com\/fr\/wp-json\/wp\/v2\/product_tag?post=25435"}],"curies":[{"name":"wp","href":"https:\/\/api.w.org\/{rel}","templated":true}]}}