{"id":25445,"date":"2024-06-09T17:12:03","date_gmt":"2024-06-09T15:12:03","guid":{"rendered":"https:\/\/smans.com\/product\/laser-stripper-ilc-30-20-bts\/"},"modified":"2026-04-10T13:08:52","modified_gmt":"2026-04-10T11:08:52","slug":"laser-stripper-ilc-30-20-bts","status":"publish","type":"product","link":"https:\/\/smans.com\/fr\/product\/laser-stripper-ilc-30-20-bts\/","title":{"rendered":"Laselec - Laser Stripper ilc 30\/20 BTS"},"content":{"rendered":"<p data-start=\"2633\" data-end=\"2847\">L&rsquo;ILC 30\/20 BTS de LASELEC (Komax Group) est le mod\u00e8le haut de gamme de la s\u00e9rie ILC, sp\u00e9cialement con\u00e7u pour les c\u00e2bles de grand diam\u00e8tre et les isolations multicouches. La machine utilise un laser CO\u2082 infrarouge haute puissance de 30 W avec une t\u00eate de coupe rotative, qui enl\u00e8ve l&rsquo;isolant sans contact et sans endommager le conducteur ou le blindage.<\/p>\n<p data-start=\"2633\" data-end=\"2847\">La version BTS offre une polyvalence maximale avec des coupes circulaires, des rainures axiales, des bandes spiral\u00e9es et des bandes fen\u00eatr\u00e9es, ce qui est id\u00e9al pour les c\u00e2bles de construction complexe. Gr\u00e2ce au logiciel EasyCutting Config, les op\u00e9rateurs peuvent facilement cr\u00e9er, enregistrer et appeler des programmes, tandis que la fonctionnalit\u00e9 de code-barres et de code QR permet une configuration rapide. L&rsquo;alimentation manuelle avec guide de s\u00e9curit\u00e9 et le capteur de d\u00e9clenchement automatique garantissent un flux de travail s\u00fbr et efficace.<\/p>\n<p data-start=\"2633\" data-end=\"2847\">Compact, puissant et n\u00e9cessitant peu d&rsquo;entretien, l&rsquo;ILC 30\/20 BTS offre une qualit\u00e9 sup\u00e9rieure constante dans les secteurs o\u00f9 la pr\u00e9cision et la fiabilit\u00e9 des processus sont essentielles, tels que l&rsquo;a\u00e9rospatiale, la d\u00e9fense et l&rsquo;\u00e9lectronique haut de gamme.<\/p>\n","protected":false},"excerpt":{"rendered":"<p>Une machine \u00e0 d\u00e9nuder au laser avanc\u00e9e \u00e9quip\u00e9e d&rsquo;un laser CO\u2082 de 30 W, adapt\u00e9e aux c\u00e2bles ronds d&rsquo;un diam\u00e8tre maximal de 20 mm.<\/p>\n","protected":false},"featured_media":0,"template":"","meta":{"_acf_changed":false},"pwb-brand":[18266],"product_brand":[],"product_cat":[17990,17993,18436],"product_tag":[],"class_list":{"0":"post-25445","1":"product","2":"type-product","3":"status-publish","5":"pwb-brand-brand-laselec-fr","6":"product_cat-cables-et-cablage-fr","7":"product_cat-couper-denuder-sertissage-fr","8":"product_cat-machines-de-denudage-de-fils-par-laser-fr","10":"first","11":"instock","12":"taxable","13":"shipping-taxable","14":"product-type-simple"},"acf":[],"yoast_head":"<!-- This site is optimized with the Yoast SEO plugin v27.1.1 - https:\/\/yoast.com\/product\/yoast-seo-wordpress\/ -->\n<title>Laser Stripper ilc 30\/20 BTS - Smans<\/title>\n<meta name=\"robots\" content=\"index, follow, max-snippet:-1, max-image-preview:large, max-video-preview:-1\" \/>\n<link rel=\"canonical\" href=\"https:\/\/smans.com\/fr\/product\/laser-stripper-ilc-30-20-bts\/\" \/>\n<meta property=\"og:locale\" content=\"fr_FR\" \/>\n<meta property=\"og:type\" content=\"article\" \/>\n<meta property=\"og:title\" content=\"Laser Stripper ilc 30\/20 BTS - Smans\" \/>\n<meta property=\"og:description\" content=\"Une machine \u00e0 d\u00e9nuder au laser avanc\u00e9e \u00e9quip\u00e9e d&#039;un laser CO\u2082 de 30 W, adapt\u00e9e aux c\u00e2bles ronds d&#039;un diam\u00e8tre maximal de 20 mm.\" \/>\n<meta property=\"og:url\" content=\"https:\/\/smans.com\/fr\/product\/laser-stripper-ilc-30-20-bts\/\" \/>\n<meta property=\"og:site_name\" content=\"Smans\" \/>\n<meta property=\"article:modified_time\" content=\"2026-04-10T11:08:52+00:00\" \/>\n<meta name=\"twitter:card\" content=\"summary_large_image\" \/>\n<meta name=\"twitter:label1\" content=\"Dur\u00e9e de lecture estim\u00e9e\" \/>\n\t<meta name=\"twitter:data1\" content=\"1 minute\" \/>\n<script type=\"application\/ld+json\" class=\"yoast-schema-graph\">{\"@context\":\"https:\/\/schema.org\",\"@graph\":[{\"@type\":\"WebPage\",\"@id\":\"https:\/\/smans.com\/fr\/product\/laser-stripper-ilc-30-20-bts\/\",\"url\":\"https:\/\/smans.com\/fr\/product\/laser-stripper-ilc-30-20-bts\/\",\"name\":\"Laser Stripper ilc 30\/20 BTS - Smans\",\"isPartOf\":{\"@id\":\"https:\/\/smans.com\/nl\/#website\"},\"datePublished\":\"2024-06-09T15:12:03+00:00\",\"dateModified\":\"2026-04-10T11:08:52+00:00\",\"breadcrumb\":{\"@id\":\"https:\/\/smans.com\/fr\/product\/laser-stripper-ilc-30-20-bts\/#breadcrumb\"},\"inLanguage\":\"fr-FR\",\"potentialAction\":[{\"@type\":\"ReadAction\",\"target\":[\"https:\/\/smans.com\/fr\/product\/laser-stripper-ilc-30-20-bts\/\"]}]},{\"@type\":\"BreadcrumbList\",\"@id\":\"https:\/\/smans.com\/fr\/product\/laser-stripper-ilc-30-20-bts\/#breadcrumb\",\"itemListElement\":[{\"@type\":\"ListItem\",\"position\":1,\"name\":\"Home\",\"item\":\"https:\/\/smans.com\/fr\/\"},{\"@type\":\"ListItem\",\"position\":2,\"name\":\"Boutique\",\"item\":\"https:\/\/smans.com\/nl\/shop\/\"},{\"@type\":\"ListItem\",\"position\":3,\"name\":\"Laselec - Laser Stripper ilc 30\/20 BTS\"}]},{\"@type\":\"WebSite\",\"@id\":\"https:\/\/smans.com\/nl\/#website\",\"url\":\"https:\/\/smans.com\/nl\/\",\"name\":\"Smans\",\"description\":\"\",\"publisher\":{\"@id\":\"https:\/\/smans.com\/nl\/#organization\"},\"potentialAction\":[{\"@type\":\"SearchAction\",\"target\":{\"@type\":\"EntryPoint\",\"urlTemplate\":\"https:\/\/smans.com\/nl\/?s={search_term_string}\"},\"query-input\":{\"@type\":\"PropertyValueSpecification\",\"valueRequired\":true,\"valueName\":\"search_term_string\"}}],\"inLanguage\":\"fr-FR\"},{\"@type\":\"Organization\",\"@id\":\"https:\/\/smans.com\/nl\/#organization\",\"name\":\"Smans\",\"url\":\"https:\/\/smans.com\/nl\/\",\"logo\":{\"@type\":\"ImageObject\",\"inLanguage\":\"fr-FR\",\"@id\":\"https:\/\/smans.com\/nl\/#\/schema\/logo\/image\/\",\"url\":\"https:\/\/smans.com\/wp-content\/uploads\/2023\/09\/logo.svg\",\"contentUrl\":\"https:\/\/smans.com\/wp-content\/uploads\/2023\/09\/logo.svg\",\"caption\":\"Smans\"},\"image\":{\"@id\":\"https:\/\/smans.com\/nl\/#\/schema\/logo\/image\/\"}}]}<\/script>\n<!-- \/ Yoast SEO plugin. -->","yoast_head_json":{"title":"Laser Stripper ilc 30\/20 BTS - Smans","robots":{"index":"index","follow":"follow","max-snippet":"max-snippet:-1","max-image-preview":"max-image-preview:large","max-video-preview":"max-video-preview:-1"},"canonical":"https:\/\/smans.com\/fr\/product\/laser-stripper-ilc-30-20-bts\/","og_locale":"fr_FR","og_type":"article","og_title":"Laser Stripper ilc 30\/20 BTS - Smans","og_description":"Une machine \u00e0 d\u00e9nuder au laser avanc\u00e9e \u00e9quip\u00e9e d'un laser CO\u2082 de 30 W, adapt\u00e9e aux c\u00e2bles ronds d'un diam\u00e8tre maximal de 20 mm.","og_url":"https:\/\/smans.com\/fr\/product\/laser-stripper-ilc-30-20-bts\/","og_site_name":"Smans","article_modified_time":"2026-04-10T11:08:52+00:00","twitter_card":"summary_large_image","twitter_misc":{"Dur\u00e9e de lecture estim\u00e9e":"1 minute"},"schema":{"@context":"https:\/\/schema.org","@graph":[{"@type":"WebPage","@id":"https:\/\/smans.com\/fr\/product\/laser-stripper-ilc-30-20-bts\/","url":"https:\/\/smans.com\/fr\/product\/laser-stripper-ilc-30-20-bts\/","name":"Laser Stripper ilc 30\/20 BTS - Smans","isPartOf":{"@id":"https:\/\/smans.com\/nl\/#website"},"datePublished":"2024-06-09T15:12:03+00:00","dateModified":"2026-04-10T11:08:52+00:00","breadcrumb":{"@id":"https:\/\/smans.com\/fr\/product\/laser-stripper-ilc-30-20-bts\/#breadcrumb"},"inLanguage":"fr-FR","potentialAction":[{"@type":"ReadAction","target":["https:\/\/smans.com\/fr\/product\/laser-stripper-ilc-30-20-bts\/"]}]},{"@type":"BreadcrumbList","@id":"https:\/\/smans.com\/fr\/product\/laser-stripper-ilc-30-20-bts\/#breadcrumb","itemListElement":[{"@type":"ListItem","position":1,"name":"Home","item":"https:\/\/smans.com\/fr\/"},{"@type":"ListItem","position":2,"name":"Boutique","item":"https:\/\/smans.com\/nl\/shop\/"},{"@type":"ListItem","position":3,"name":"Laselec - Laser Stripper ilc 30\/20 BTS"}]},{"@type":"WebSite","@id":"https:\/\/smans.com\/nl\/#website","url":"https:\/\/smans.com\/nl\/","name":"Smans","description":"","publisher":{"@id":"https:\/\/smans.com\/nl\/#organization"},"potentialAction":[{"@type":"SearchAction","target":{"@type":"EntryPoint","urlTemplate":"https:\/\/smans.com\/nl\/?s={search_term_string}"},"query-input":{"@type":"PropertyValueSpecification","valueRequired":true,"valueName":"search_term_string"}}],"inLanguage":"fr-FR"},{"@type":"Organization","@id":"https:\/\/smans.com\/nl\/#organization","name":"Smans","url":"https:\/\/smans.com\/nl\/","logo":{"@type":"ImageObject","inLanguage":"fr-FR","@id":"https:\/\/smans.com\/nl\/#\/schema\/logo\/image\/","url":"https:\/\/smans.com\/wp-content\/uploads\/2023\/09\/logo.svg","contentUrl":"https:\/\/smans.com\/wp-content\/uploads\/2023\/09\/logo.svg","caption":"Smans"},"image":{"@id":"https:\/\/smans.com\/nl\/#\/schema\/logo\/image\/"}}]}},"brands":[{"id":18266,"name":"Laselec","slug":"brand-laselec-fr"}],"_links":{"self":[{"href":"https:\/\/smans.com\/fr\/wp-json\/wp\/v2\/product\/25445","targetHints":{"allow":["GET"]}}],"collection":[{"href":"https:\/\/smans.com\/fr\/wp-json\/wp\/v2\/product"}],"about":[{"href":"https:\/\/smans.com\/fr\/wp-json\/wp\/v2\/types\/product"}],"wp:attachment":[{"href":"https:\/\/smans.com\/fr\/wp-json\/wp\/v2\/media?parent=25445"}],"wp:term":[{"taxonomy":"pwb-brand","embeddable":true,"href":"https:\/\/smans.com\/fr\/wp-json\/wp\/v2\/pwb-brand?post=25445"},{"taxonomy":"product_brand","embeddable":true,"href":"https:\/\/smans.com\/fr\/wp-json\/wp\/v2\/product_brand?post=25445"},{"taxonomy":"product_cat","embeddable":true,"href":"https:\/\/smans.com\/fr\/wp-json\/wp\/v2\/product_cat?post=25445"},{"taxonomy":"product_tag","embeddable":true,"href":"https:\/\/smans.com\/fr\/wp-json\/wp\/v2\/product_tag?post=25445"}],"curies":[{"name":"wp","href":"https:\/\/api.w.org\/{rel}","templated":true}]}}