{"id":25448,"date":"2024-06-09T17:09:48","date_gmt":"2024-06-09T15:09:48","guid":{"rendered":"https:\/\/smans.com\/product\/fully-automatic-wire-processing-machine-alpha-550\/"},"modified":"2026-04-07T12:45:21","modified_gmt":"2026-04-07T10:45:21","slug":"fully-automatic-wire-processing-machine-alpha-550","status":"publish","type":"product","link":"https:\/\/smans.com\/fr\/product\/fully-automatic-wire-processing-machine-alpha-550\/","title":{"rendered":"Komax - Fully Automatic Wire Processing Machine Alpha 550"},"content":{"rendered":"<p data-start=\"3657\" data-end=\"4166\">La machine automatique de traitement des c\u00e2bles Alpha 550 garantit des performances \u00e9lev\u00e9es par unit\u00e9 pour des sections de c\u00e2bles de 0,13 \u00e0 6 mm\u00b2 et offre la meilleure qualit\u00e9 en mati\u00e8re de sertissage et de scellement des deux c\u00f4t\u00e9s. Le traitement de sections de c\u00e2bles plus grandes est possible sur demande. Komax propose des tests de faisabilit\u00e9 pour pr\u00e9-tester les c\u00e2bles, en particulier pour les c\u00e2bles tr\u00e8s durs ou rigides qui peuvent ne pas \u00eatre trait\u00e9s, bien qu&rsquo;ils soient conformes aux sp\u00e9cifications.<\/p>\n<p data-start=\"4168\" data-end=\"4204\"><strong data-start=\"4168\" data-end=\"4202\">Caract\u00e9ristiques principales :<\/strong><\/p>\n<ul data-start=\"4205\" data-end=\"5583\" data-is-last-node=\"\">\n<li data-start=\"4205\" data-end=\"4402\"><strong data-start=\"4207\" data-end=\"4246\">Haute productivit\u00e9 et flexibilit\u00e9 :<\/strong> L&rsquo;Alpha 550 offre une productivit\u00e9 constante et une flexibilit\u00e9 maximale dans le traitement des c\u00e2bles, essentielles pour l&rsquo;assemblage moderne de c\u00e2bles.<\/li>\n<li data-start=\"4403\" data-end=\"4576\"><strong data-start=\"4405\" data-end=\"4429\">Pr\u00e9cision maximale :<\/strong> La surveillance de pr\u00e9cision ACD et la surveillance optique de qualit\u00e9 Q1250 assurent une pr\u00e9cision maximale et des r\u00e9sultats CpK exceptionnels.<\/li>\n<li data-start=\"4577\" data-end=\"4735\"><strong data-start=\"4579\" data-end=\"4600\">Syst\u00e8me robuste :<\/strong> Des moteurs puissants assurent un syst\u00e8me robuste avec une grande pr\u00e9cision de r\u00e9p\u00e9tabilit\u00e9 dans le positionnement du bras pivotant.<\/li>\n<li data-start=\"4736\" data-end=\"4903\"><strong data-start=\"4738\" data-end=\"4766\">Interface s\u00e9quentielle :<\/strong> L&rsquo;interface utilisateur est claire, contr\u00f4l\u00e9e par s\u00e9quence et programmable individuellement, offrant une exp\u00e9rience facile \u00e0 utiliser.<\/li>\n<li data-start=\"4904\" data-end=\"5139\"><strong data-start=\"4906\" data-end=\"4959\">Traitement rapide et temps de changement courts :<\/strong> L&rsquo;Alpha 550 offre une alimentation rapide des c\u00e2bles, des distances courtes entre les stations, ainsi que des r\u00e9glages et des changements rapides, ce qui acc\u00e9l\u00e8re la production.<\/li>\n<li data-start=\"5140\" data-end=\"5285\"><strong data-start=\"5142\" data-end=\"5174\">Fonctionnement ergonomique :<\/strong> La machine offre un fonctionnement \u00e9conome en temps et ergonomique, ce qui acc\u00e9l\u00e8re davantage les processus.<\/li>\n<li data-start=\"5286\" data-end=\"5400\"><strong data-start=\"5288\" data-end=\"5313\">Option d&rsquo;efficacit\u00e9 :<\/strong> La possibilit\u00e9 de charger rapidement les c\u00e2bles augmente l&rsquo;efficacit\u00e9 de la machine.<\/li>\n<li data-start=\"5401\" data-end=\"5583\" data-is-last-node=\"\"><strong data-start=\"5403\" data-end=\"5435\">Tubes de guidage uniformes :<\/strong> La machine offre des tubes de guidage uniformes, m\u00eame pour les c\u00e2bles les plus fins, contribuant \u00e0 la fiabilit\u00e9 et \u00e0 la pr\u00e9cision des op\u00e9rations.<\/li>\n<\/ul>\n","protected":false},"excerpt":{"rendered":"<p>Machine enti\u00e8rement automatique pour le traitement de fils d&rsquo;une \u00e9paisseur comprise entre 0,13 et 6 mm\u00b2.<\/p>\n","protected":false},"featured_media":0,"template":"","meta":{"_acf_changed":false},"pwb-brand":[18260],"product_brand":[],"product_cat":[17990,17993,18043],"product_tag":[],"class_list":{"0":"post-25448","1":"product","2":"type-product","3":"status-publish","5":"pwb-brand-brand-komax-fr","6":"product_cat-cables-et-cablage-fr","7":"product_cat-couper-denuder-sertissage-fr","8":"product_cat-crimp-to-crimp-fr","10":"first","11":"instock","12":"taxable","13":"shipping-taxable","14":"product-type-simple"},"acf":[],"yoast_head":"<!-- This site is optimized with the Yoast SEO plugin v27.1.1 - https:\/\/yoast.com\/product\/yoast-seo-wordpress\/ -->\n<title>Fully Automatic Wire Processing Machine Alpha 550 - Smans<\/title>\n<meta name=\"robots\" content=\"index, follow, max-snippet:-1, max-image-preview:large, max-video-preview:-1\" \/>\n<link rel=\"canonical\" href=\"https:\/\/smans.com\/fr\/product\/fully-automatic-wire-processing-machine-alpha-550\/\" \/>\n<meta property=\"og:locale\" content=\"fr_FR\" \/>\n<meta property=\"og:type\" content=\"article\" \/>\n<meta property=\"og:title\" content=\"Fully Automatic Wire Processing Machine Alpha 550 - Smans\" \/>\n<meta property=\"og:description\" content=\"Machine enti\u00e8rement automatique pour le traitement de fils d&#039;une \u00e9paisseur comprise entre 0,13 et 6 mm\u00b2.\" \/>\n<meta property=\"og:url\" content=\"https:\/\/smans.com\/fr\/product\/fully-automatic-wire-processing-machine-alpha-550\/\" \/>\n<meta property=\"og:site_name\" content=\"Smans\" \/>\n<meta property=\"article:modified_time\" content=\"2026-04-07T10:45:21+00:00\" \/>\n<meta name=\"twitter:card\" content=\"summary_large_image\" \/>\n<meta name=\"twitter:label1\" content=\"Dur\u00e9e de lecture estim\u00e9e\" \/>\n\t<meta name=\"twitter:data1\" content=\"1 minute\" \/>\n<script type=\"application\/ld+json\" class=\"yoast-schema-graph\">{\"@context\":\"https:\/\/schema.org\",\"@graph\":[{\"@type\":\"WebPage\",\"@id\":\"https:\/\/smans.com\/fr\/product\/fully-automatic-wire-processing-machine-alpha-550\/\",\"url\":\"https:\/\/smans.com\/fr\/product\/fully-automatic-wire-processing-machine-alpha-550\/\",\"name\":\"Fully Automatic Wire Processing Machine Alpha 550 - Smans\",\"isPartOf\":{\"@id\":\"https:\/\/smans.com\/nl\/#website\"},\"datePublished\":\"2024-06-09T15:09:48+00:00\",\"dateModified\":\"2026-04-07T10:45:21+00:00\",\"breadcrumb\":{\"@id\":\"https:\/\/smans.com\/fr\/product\/fully-automatic-wire-processing-machine-alpha-550\/#breadcrumb\"},\"inLanguage\":\"fr-FR\",\"potentialAction\":[{\"@type\":\"ReadAction\",\"target\":[\"https:\/\/smans.com\/fr\/product\/fully-automatic-wire-processing-machine-alpha-550\/\"]}]},{\"@type\":\"BreadcrumbList\",\"@id\":\"https:\/\/smans.com\/fr\/product\/fully-automatic-wire-processing-machine-alpha-550\/#breadcrumb\",\"itemListElement\":[{\"@type\":\"ListItem\",\"position\":1,\"name\":\"Home\",\"item\":\"https:\/\/smans.com\/fr\/\"},{\"@type\":\"ListItem\",\"position\":2,\"name\":\"Boutique\",\"item\":\"https:\/\/smans.com\/nl\/shop\/\"},{\"@type\":\"ListItem\",\"position\":3,\"name\":\"Komax - Fully Automatic Wire Processing Machine Alpha 550\"}]},{\"@type\":\"WebSite\",\"@id\":\"https:\/\/smans.com\/nl\/#website\",\"url\":\"https:\/\/smans.com\/nl\/\",\"name\":\"Smans\",\"description\":\"\",\"publisher\":{\"@id\":\"https:\/\/smans.com\/nl\/#organization\"},\"potentialAction\":[{\"@type\":\"SearchAction\",\"target\":{\"@type\":\"EntryPoint\",\"urlTemplate\":\"https:\/\/smans.com\/nl\/?s={search_term_string}\"},\"query-input\":{\"@type\":\"PropertyValueSpecification\",\"valueRequired\":true,\"valueName\":\"search_term_string\"}}],\"inLanguage\":\"fr-FR\"},{\"@type\":\"Organization\",\"@id\":\"https:\/\/smans.com\/nl\/#organization\",\"name\":\"Smans\",\"url\":\"https:\/\/smans.com\/nl\/\",\"logo\":{\"@type\":\"ImageObject\",\"inLanguage\":\"fr-FR\",\"@id\":\"https:\/\/smans.com\/nl\/#\/schema\/logo\/image\/\",\"url\":\"https:\/\/smans.com\/wp-content\/uploads\/2023\/09\/logo.svg\",\"contentUrl\":\"https:\/\/smans.com\/wp-content\/uploads\/2023\/09\/logo.svg\",\"caption\":\"Smans\"},\"image\":{\"@id\":\"https:\/\/smans.com\/nl\/#\/schema\/logo\/image\/\"}}]}<\/script>\n<!-- \/ Yoast SEO plugin. -->","yoast_head_json":{"title":"Fully Automatic Wire Processing Machine Alpha 550 - Smans","robots":{"index":"index","follow":"follow","max-snippet":"max-snippet:-1","max-image-preview":"max-image-preview:large","max-video-preview":"max-video-preview:-1"},"canonical":"https:\/\/smans.com\/fr\/product\/fully-automatic-wire-processing-machine-alpha-550\/","og_locale":"fr_FR","og_type":"article","og_title":"Fully Automatic Wire Processing Machine Alpha 550 - Smans","og_description":"Machine enti\u00e8rement automatique pour le traitement de fils d'une \u00e9paisseur comprise entre 0,13 et 6 mm\u00b2.","og_url":"https:\/\/smans.com\/fr\/product\/fully-automatic-wire-processing-machine-alpha-550\/","og_site_name":"Smans","article_modified_time":"2026-04-07T10:45:21+00:00","twitter_card":"summary_large_image","twitter_misc":{"Dur\u00e9e de lecture estim\u00e9e":"1 minute"},"schema":{"@context":"https:\/\/schema.org","@graph":[{"@type":"WebPage","@id":"https:\/\/smans.com\/fr\/product\/fully-automatic-wire-processing-machine-alpha-550\/","url":"https:\/\/smans.com\/fr\/product\/fully-automatic-wire-processing-machine-alpha-550\/","name":"Fully Automatic Wire Processing Machine Alpha 550 - Smans","isPartOf":{"@id":"https:\/\/smans.com\/nl\/#website"},"datePublished":"2024-06-09T15:09:48+00:00","dateModified":"2026-04-07T10:45:21+00:00","breadcrumb":{"@id":"https:\/\/smans.com\/fr\/product\/fully-automatic-wire-processing-machine-alpha-550\/#breadcrumb"},"inLanguage":"fr-FR","potentialAction":[{"@type":"ReadAction","target":["https:\/\/smans.com\/fr\/product\/fully-automatic-wire-processing-machine-alpha-550\/"]}]},{"@type":"BreadcrumbList","@id":"https:\/\/smans.com\/fr\/product\/fully-automatic-wire-processing-machine-alpha-550\/#breadcrumb","itemListElement":[{"@type":"ListItem","position":1,"name":"Home","item":"https:\/\/smans.com\/fr\/"},{"@type":"ListItem","position":2,"name":"Boutique","item":"https:\/\/smans.com\/nl\/shop\/"},{"@type":"ListItem","position":3,"name":"Komax - Fully Automatic Wire Processing Machine Alpha 550"}]},{"@type":"WebSite","@id":"https:\/\/smans.com\/nl\/#website","url":"https:\/\/smans.com\/nl\/","name":"Smans","description":"","publisher":{"@id":"https:\/\/smans.com\/nl\/#organization"},"potentialAction":[{"@type":"SearchAction","target":{"@type":"EntryPoint","urlTemplate":"https:\/\/smans.com\/nl\/?s={search_term_string}"},"query-input":{"@type":"PropertyValueSpecification","valueRequired":true,"valueName":"search_term_string"}}],"inLanguage":"fr-FR"},{"@type":"Organization","@id":"https:\/\/smans.com\/nl\/#organization","name":"Smans","url":"https:\/\/smans.com\/nl\/","logo":{"@type":"ImageObject","inLanguage":"fr-FR","@id":"https:\/\/smans.com\/nl\/#\/schema\/logo\/image\/","url":"https:\/\/smans.com\/wp-content\/uploads\/2023\/09\/logo.svg","contentUrl":"https:\/\/smans.com\/wp-content\/uploads\/2023\/09\/logo.svg","caption":"Smans"},"image":{"@id":"https:\/\/smans.com\/nl\/#\/schema\/logo\/image\/"}}]}},"brands":[{"id":18260,"name":"Komax","slug":"brand-komax-fr"}],"_links":{"self":[{"href":"https:\/\/smans.com\/fr\/wp-json\/wp\/v2\/product\/25448","targetHints":{"allow":["GET"]}}],"collection":[{"href":"https:\/\/smans.com\/fr\/wp-json\/wp\/v2\/product"}],"about":[{"href":"https:\/\/smans.com\/fr\/wp-json\/wp\/v2\/types\/product"}],"wp:attachment":[{"href":"https:\/\/smans.com\/fr\/wp-json\/wp\/v2\/media?parent=25448"}],"wp:term":[{"taxonomy":"pwb-brand","embeddable":true,"href":"https:\/\/smans.com\/fr\/wp-json\/wp\/v2\/pwb-brand?post=25448"},{"taxonomy":"product_brand","embeddable":true,"href":"https:\/\/smans.com\/fr\/wp-json\/wp\/v2\/product_brand?post=25448"},{"taxonomy":"product_cat","embeddable":true,"href":"https:\/\/smans.com\/fr\/wp-json\/wp\/v2\/product_cat?post=25448"},{"taxonomy":"product_tag","embeddable":true,"href":"https:\/\/smans.com\/fr\/wp-json\/wp\/v2\/product_tag?post=25448"}],"curies":[{"name":"wp","href":"https:\/\/api.w.org\/{rel}","templated":true}]}}