{"id":25449,"date":"2024-06-09T17:06:11","date_gmt":"2024-06-09T15:06:11","guid":{"rendered":"https:\/\/smans.com\/product\/wire-delivery-system-f1150\/"},"modified":"2026-04-08T12:49:46","modified_gmt":"2026-04-08T10:49:46","slug":"wire-delivery-system-f1150","status":"publish","type":"product","link":"https:\/\/smans.com\/fr\/product\/wire-delivery-system-f1150\/","title":{"rendered":"Komax - Wire Delivery System F1150"},"content":{"rendered":"<p>Le chargeur F1150 est le tout dernier syst\u00e8me d&rsquo;alimentation motoris\u00e9 de la s\u00e9rie Komax pour le traitement automatique et sans contrainte des bobines de c\u00e2bles pesant jusqu&rsquo;\u00e0 300 kg. Gr\u00e2ce \u00e0 sa conception robuste et \u00e0 son entra\u00eenement puissant, ce chargeur traite les fils avec douceur et fiabilit\u00e9, qu&rsquo;il s&rsquo;agisse de fils toronn\u00e9s fins et flexibles ou de c\u00e2bles plus \u00e9pais sensibles \u00e0 la traction, tels que les c\u00e2bles coaxiaux. Le syst\u00e8me est disponible en deux versions pour s&rsquo;adapter \u00e0 des fils de deux diam\u00e8tres ext\u00e9rieurs diff\u00e9rents : 18 mm et 35 mm.<\/p>\n<p>Gr\u00e2ce \u00e0 son syst\u00e8me de commande hautement compatible, le F1150 s&rsquo;int\u00e8gre parfaitement dans une ligne compl\u00e8te de traitement des fils et contribue grandement \u00e0 un rendement de production \u00e9lev\u00e9. Le temps de configuration est r\u00e9duit au minimum gr\u00e2ce \u00e0 un syst\u00e8me ing\u00e9nieux qui dispose d&rsquo;axes motoris\u00e9s dans toutes les directions et qui est command\u00e9 \u00e0 partir d&rsquo;une t\u00e9l\u00e9commande manuelle.<\/p>\n","protected":false},"excerpt":{"rendered":"<p>Syst\u00e8me d&rsquo;alimentation en fil pour le traitement automatique et sans contrainte de bobines de c\u00e2bles pesant jusqu&rsquo;\u00e0 300 kg.<\/p>\n","protected":false},"featured_media":0,"template":"","meta":{"_acf_changed":false},"pwb-brand":[18260],"product_brand":[],"product_cat":[17990,18019,17998],"product_tag":[],"class_list":{"0":"post-25449","1":"product","2":"type-product","3":"status-publish","5":"pwb-brand-brand-komax-fr","6":"product_cat-cables-et-cablage-fr","7":"product_cat-prefeeding-systems-fr","8":"product_cat-traitement-de-cables-fr","10":"first","11":"instock","12":"taxable","13":"shipping-taxable","14":"product-type-simple"},"acf":[],"yoast_head":"<!-- This site is optimized with the Yoast SEO plugin v27.1.1 - https:\/\/yoast.com\/product\/yoast-seo-wordpress\/ -->\n<title>Wire Delivery System F1150 - Smans<\/title>\n<meta name=\"robots\" content=\"index, follow, max-snippet:-1, max-image-preview:large, max-video-preview:-1\" \/>\n<link rel=\"canonical\" href=\"https:\/\/smans.com\/fr\/product\/wire-delivery-system-f1150\/\" \/>\n<meta property=\"og:locale\" content=\"fr_FR\" \/>\n<meta property=\"og:type\" content=\"article\" \/>\n<meta property=\"og:title\" content=\"Wire Delivery System F1150 - Smans\" \/>\n<meta property=\"og:description\" content=\"Syst\u00e8me d&#039;alimentation en fil pour le traitement automatique et sans contrainte de bobines de c\u00e2bles pesant jusqu&#039;\u00e0 300 kg.\" \/>\n<meta property=\"og:url\" content=\"https:\/\/smans.com\/fr\/product\/wire-delivery-system-f1150\/\" \/>\n<meta property=\"og:site_name\" content=\"Smans\" \/>\n<meta property=\"article:modified_time\" content=\"2026-04-08T10:49:46+00:00\" \/>\n<meta name=\"twitter:card\" content=\"summary_large_image\" \/>\n<meta name=\"twitter:label1\" content=\"Dur\u00e9e de lecture estim\u00e9e\" \/>\n\t<meta name=\"twitter:data1\" content=\"1 minute\" \/>\n<script type=\"application\/ld+json\" class=\"yoast-schema-graph\">{\"@context\":\"https:\/\/schema.org\",\"@graph\":[{\"@type\":\"WebPage\",\"@id\":\"https:\/\/smans.com\/fr\/product\/wire-delivery-system-f1150\/\",\"url\":\"https:\/\/smans.com\/fr\/product\/wire-delivery-system-f1150\/\",\"name\":\"Wire Delivery System F1150 - Smans\",\"isPartOf\":{\"@id\":\"https:\/\/smans.com\/nl\/#website\"},\"datePublished\":\"2024-06-09T15:06:11+00:00\",\"dateModified\":\"2026-04-08T10:49:46+00:00\",\"breadcrumb\":{\"@id\":\"https:\/\/smans.com\/fr\/product\/wire-delivery-system-f1150\/#breadcrumb\"},\"inLanguage\":\"fr-FR\",\"potentialAction\":[{\"@type\":\"ReadAction\",\"target\":[\"https:\/\/smans.com\/fr\/product\/wire-delivery-system-f1150\/\"]}]},{\"@type\":\"BreadcrumbList\",\"@id\":\"https:\/\/smans.com\/fr\/product\/wire-delivery-system-f1150\/#breadcrumb\",\"itemListElement\":[{\"@type\":\"ListItem\",\"position\":1,\"name\":\"Home\",\"item\":\"https:\/\/smans.com\/fr\/\"},{\"@type\":\"ListItem\",\"position\":2,\"name\":\"Boutique\",\"item\":\"https:\/\/smans.com\/nl\/shop\/\"},{\"@type\":\"ListItem\",\"position\":3,\"name\":\"Komax - Wire Delivery System F1150\"}]},{\"@type\":\"WebSite\",\"@id\":\"https:\/\/smans.com\/nl\/#website\",\"url\":\"https:\/\/smans.com\/nl\/\",\"name\":\"Smans\",\"description\":\"\",\"publisher\":{\"@id\":\"https:\/\/smans.com\/nl\/#organization\"},\"potentialAction\":[{\"@type\":\"SearchAction\",\"target\":{\"@type\":\"EntryPoint\",\"urlTemplate\":\"https:\/\/smans.com\/nl\/?s={search_term_string}\"},\"query-input\":{\"@type\":\"PropertyValueSpecification\",\"valueRequired\":true,\"valueName\":\"search_term_string\"}}],\"inLanguage\":\"fr-FR\"},{\"@type\":\"Organization\",\"@id\":\"https:\/\/smans.com\/nl\/#organization\",\"name\":\"Smans\",\"url\":\"https:\/\/smans.com\/nl\/\",\"logo\":{\"@type\":\"ImageObject\",\"inLanguage\":\"fr-FR\",\"@id\":\"https:\/\/smans.com\/nl\/#\/schema\/logo\/image\/\",\"url\":\"https:\/\/smans.com\/wp-content\/uploads\/2023\/09\/logo.svg\",\"contentUrl\":\"https:\/\/smans.com\/wp-content\/uploads\/2023\/09\/logo.svg\",\"caption\":\"Smans\"},\"image\":{\"@id\":\"https:\/\/smans.com\/nl\/#\/schema\/logo\/image\/\"}}]}<\/script>\n<!-- \/ Yoast SEO plugin. -->","yoast_head_json":{"title":"Wire Delivery System F1150 - Smans","robots":{"index":"index","follow":"follow","max-snippet":"max-snippet:-1","max-image-preview":"max-image-preview:large","max-video-preview":"max-video-preview:-1"},"canonical":"https:\/\/smans.com\/fr\/product\/wire-delivery-system-f1150\/","og_locale":"fr_FR","og_type":"article","og_title":"Wire Delivery System F1150 - Smans","og_description":"Syst\u00e8me d'alimentation en fil pour le traitement automatique et sans contrainte de bobines de c\u00e2bles pesant jusqu'\u00e0 300 kg.","og_url":"https:\/\/smans.com\/fr\/product\/wire-delivery-system-f1150\/","og_site_name":"Smans","article_modified_time":"2026-04-08T10:49:46+00:00","twitter_card":"summary_large_image","twitter_misc":{"Dur\u00e9e de lecture estim\u00e9e":"1 minute"},"schema":{"@context":"https:\/\/schema.org","@graph":[{"@type":"WebPage","@id":"https:\/\/smans.com\/fr\/product\/wire-delivery-system-f1150\/","url":"https:\/\/smans.com\/fr\/product\/wire-delivery-system-f1150\/","name":"Wire Delivery System F1150 - Smans","isPartOf":{"@id":"https:\/\/smans.com\/nl\/#website"},"datePublished":"2024-06-09T15:06:11+00:00","dateModified":"2026-04-08T10:49:46+00:00","breadcrumb":{"@id":"https:\/\/smans.com\/fr\/product\/wire-delivery-system-f1150\/#breadcrumb"},"inLanguage":"fr-FR","potentialAction":[{"@type":"ReadAction","target":["https:\/\/smans.com\/fr\/product\/wire-delivery-system-f1150\/"]}]},{"@type":"BreadcrumbList","@id":"https:\/\/smans.com\/fr\/product\/wire-delivery-system-f1150\/#breadcrumb","itemListElement":[{"@type":"ListItem","position":1,"name":"Home","item":"https:\/\/smans.com\/fr\/"},{"@type":"ListItem","position":2,"name":"Boutique","item":"https:\/\/smans.com\/nl\/shop\/"},{"@type":"ListItem","position":3,"name":"Komax - Wire Delivery System F1150"}]},{"@type":"WebSite","@id":"https:\/\/smans.com\/nl\/#website","url":"https:\/\/smans.com\/nl\/","name":"Smans","description":"","publisher":{"@id":"https:\/\/smans.com\/nl\/#organization"},"potentialAction":[{"@type":"SearchAction","target":{"@type":"EntryPoint","urlTemplate":"https:\/\/smans.com\/nl\/?s={search_term_string}"},"query-input":{"@type":"PropertyValueSpecification","valueRequired":true,"valueName":"search_term_string"}}],"inLanguage":"fr-FR"},{"@type":"Organization","@id":"https:\/\/smans.com\/nl\/#organization","name":"Smans","url":"https:\/\/smans.com\/nl\/","logo":{"@type":"ImageObject","inLanguage":"fr-FR","@id":"https:\/\/smans.com\/nl\/#\/schema\/logo\/image\/","url":"https:\/\/smans.com\/wp-content\/uploads\/2023\/09\/logo.svg","contentUrl":"https:\/\/smans.com\/wp-content\/uploads\/2023\/09\/logo.svg","caption":"Smans"},"image":{"@id":"https:\/\/smans.com\/nl\/#\/schema\/logo\/image\/"}}]}},"brands":[{"id":18260,"name":"Komax","slug":"brand-komax-fr"}],"_links":{"self":[{"href":"https:\/\/smans.com\/fr\/wp-json\/wp\/v2\/product\/25449","targetHints":{"allow":["GET"]}}],"collection":[{"href":"https:\/\/smans.com\/fr\/wp-json\/wp\/v2\/product"}],"about":[{"href":"https:\/\/smans.com\/fr\/wp-json\/wp\/v2\/types\/product"}],"wp:attachment":[{"href":"https:\/\/smans.com\/fr\/wp-json\/wp\/v2\/media?parent=25449"}],"wp:term":[{"taxonomy":"pwb-brand","embeddable":true,"href":"https:\/\/smans.com\/fr\/wp-json\/wp\/v2\/pwb-brand?post=25449"},{"taxonomy":"product_brand","embeddable":true,"href":"https:\/\/smans.com\/fr\/wp-json\/wp\/v2\/product_brand?post=25449"},{"taxonomy":"product_cat","embeddable":true,"href":"https:\/\/smans.com\/fr\/wp-json\/wp\/v2\/product_cat?post=25449"},{"taxonomy":"product_tag","embeddable":true,"href":"https:\/\/smans.com\/fr\/wp-json\/wp\/v2\/product_tag?post=25449"}],"curies":[{"name":"wp","href":"https:\/\/api.w.org\/{rel}","templated":true}]}}