{"id":25457,"date":"2024-06-09T17:09:53","date_gmt":"2024-06-09T15:09:53","guid":{"rendered":"https:\/\/smans.com\/product\/fully-automatic-wire-processing-machine-alpha-565\/"},"modified":"2026-04-07T12:45:52","modified_gmt":"2026-04-07T10:45:52","slug":"fully-automatic-wire-processing-machine-alpha-565","status":"publish","type":"product","link":"https:\/\/smans.com\/fr\/product\/fully-automatic-wire-processing-machine-alpha-565\/","title":{"rendered":"Komax - Fully Automatic Wire Processing Machine Alpha 565"},"content":{"rendered":"<p data-start=\"3574\" data-end=\"3928\">La machine de traitement des c\u00e2bles Alpha 565 est con\u00e7ue pour des processus sp\u00e9cifiques et permet d&rsquo;int\u00e9grer jusqu&rsquo;\u00e0 sept stations de traitement pour des c\u00e2bles avec des sections transversales de 0,13 \u00e0 6 mm\u00b2. Komax propose des tests de faisabilit\u00e9 pour pr\u00e9-tester les c\u00e2bles, et le traitement de sections de c\u00e2bles plus grandes est possible sur demande.<\/p>\n<p data-start=\"3930\" data-end=\"3966\"><strong data-start=\"3930\" data-end=\"3964\">Caract\u00e9ristiques principales :<\/strong><\/p>\n<ul data-start=\"3967\" data-end=\"5468\" data-is-last-node=\"\">\n<li data-start=\"3967\" data-end=\"4173\"><strong data-start=\"3969\" data-end=\"4011\">Espace pour un traitement sp\u00e9cifique :<\/strong> Avec sept stations de traitement, l&rsquo;Alpha 565 offre beaucoup de place pour des processus de traitement personnalis\u00e9s et des applications sp\u00e9cifiques au client.<\/li>\n<li data-start=\"4174\" data-end=\"4390\"><strong data-start=\"4176\" data-end=\"4202\">Conception modulaire :<\/strong> Gr\u00e2ce \u00e0 sa conception modulaire, des processus d&rsquo;assemblage complexes tels que le traitement de c\u00e2bles \u00e0 deux noyaux, la soudure ultrasonique ou les processus de soudage sont possibles.<\/li>\n<li data-start=\"4391\" data-end=\"4732\"><strong data-start=\"4393\" data-end=\"4428\">Int\u00e9gration de divers modules :<\/strong> Des \u00e9l\u00e9ments tels que l&rsquo;unit\u00e9 de torsion X1582, le module de flux et de vernissage X1585, le module de pince double DC, le module de douille AEH-LS, le module de scellage S1441 et divers modules de sertissage peuvent \u00eatre int\u00e9gr\u00e9s individuellement pour r\u00e9pondre aux exigences changeantes et complexes.<\/li>\n<li data-start=\"4733\" data-end=\"4909\"><strong data-start=\"4735\" data-end=\"4760\">Garantie de qualit\u00e9 :<\/strong> Le traitement pr\u00e9cis est garanti gr\u00e2ce aux syst\u00e8mes de surveillance de la qualit\u00e9 CFA+\/CFA, ACD et Q1250, qui assurent des performances optimales.<\/li>\n<li data-start=\"4910\" data-end=\"5468\" data-is-last-node=\"\"><strong data-start=\"4912\" data-end=\"4942\">Fonctionnalit\u00e9s avanc\u00e9es :<\/strong>\n<ul data-start=\"4947\" data-end=\"5468\" data-is-last-node=\"\">\n<li data-start=\"4947\" data-end=\"5109\"><strong data-start=\"4949\" data-end=\"4992\">Diff\u00e9rentes combinaisons de processus :<\/strong> Gr\u00e2ce \u00e0 des applications suppl\u00e9mentaires, diff\u00e9rentes combinaisons de processus peuvent \u00eatre facilement r\u00e9alis\u00e9es.<\/li>\n<li data-start=\"5112\" data-end=\"5239\"><strong data-start=\"5114\" data-end=\"5150\">Aucune d\u00e9t\u00e9rioration des brins :<\/strong> L&rsquo;unit\u00e9 de torsion garantit qu&rsquo;aucun brin n&rsquo;est endommag\u00e9, m\u00eame avec des fils tendres.<\/li>\n<li data-start=\"5242\" data-end=\"5351\"><strong data-start=\"5244\" data-end=\"5274\">Soudure de haute qualit\u00e9 :<\/strong> Une soudure de haute qualit\u00e9 est garantie gr\u00e2ce \u00e0 un flux constant de tin.<\/li>\n<li data-start=\"5354\" data-end=\"5468\" data-is-last-node=\"\"><strong data-start=\"5356\" data-end=\"5394\">Module de pince double optionnel :<\/strong> Pour traiter simultan\u00e9ment deux c\u00e2bles, augmentant ainsi la productivit\u00e9.<\/li>\n<\/ul>\n<\/li>\n<\/ul>\n","protected":false},"excerpt":{"rendered":"<p>Machine enti\u00e8rement automatique de traitement des c\u00e2bles con\u00e7ue pour des traitements sp\u00e9ciaux<\/p>\n","protected":false},"featured_media":0,"template":"","meta":{"_acf_changed":false},"pwb-brand":[18260],"product_brand":[],"product_cat":[17990,17993,18043],"product_tag":[],"class_list":{"0":"post-25457","1":"product","2":"type-product","3":"status-publish","5":"pwb-brand-brand-komax-fr","6":"product_cat-cables-et-cablage-fr","7":"product_cat-couper-denuder-sertissage-fr","8":"product_cat-crimp-to-crimp-fr","10":"first","11":"instock","12":"taxable","13":"shipping-taxable","14":"product-type-simple"},"acf":[],"yoast_head":"<!-- This site is optimized with the Yoast SEO plugin v27.1.1 - https:\/\/yoast.com\/product\/yoast-seo-wordpress\/ -->\n<title>Fully Automatic Wire Processing Machine Alpha 565 - Smans<\/title>\n<meta name=\"robots\" content=\"index, follow, max-snippet:-1, max-image-preview:large, max-video-preview:-1\" \/>\n<link rel=\"canonical\" href=\"https:\/\/smans.com\/fr\/product\/fully-automatic-wire-processing-machine-alpha-565\/\" \/>\n<meta property=\"og:locale\" content=\"fr_FR\" \/>\n<meta property=\"og:type\" content=\"article\" \/>\n<meta property=\"og:title\" content=\"Fully Automatic Wire Processing Machine Alpha 565 - Smans\" \/>\n<meta property=\"og:description\" content=\"Machine enti\u00e8rement automatique de traitement des c\u00e2bles con\u00e7ue pour des traitements sp\u00e9ciaux\" \/>\n<meta property=\"og:url\" content=\"https:\/\/smans.com\/fr\/product\/fully-automatic-wire-processing-machine-alpha-565\/\" \/>\n<meta property=\"og:site_name\" content=\"Smans\" \/>\n<meta property=\"article:modified_time\" content=\"2026-04-07T10:45:52+00:00\" \/>\n<meta name=\"twitter:card\" content=\"summary_large_image\" \/>\n<meta name=\"twitter:label1\" content=\"Dur\u00e9e de lecture estim\u00e9e\" \/>\n\t<meta name=\"twitter:data1\" content=\"1 minute\" \/>\n<script type=\"application\/ld+json\" class=\"yoast-schema-graph\">{\"@context\":\"https:\/\/schema.org\",\"@graph\":[{\"@type\":\"WebPage\",\"@id\":\"https:\/\/smans.com\/fr\/product\/fully-automatic-wire-processing-machine-alpha-565\/\",\"url\":\"https:\/\/smans.com\/fr\/product\/fully-automatic-wire-processing-machine-alpha-565\/\",\"name\":\"Fully Automatic Wire Processing Machine Alpha 565 - Smans\",\"isPartOf\":{\"@id\":\"https:\/\/smans.com\/nl\/#website\"},\"datePublished\":\"2024-06-09T15:09:53+00:00\",\"dateModified\":\"2026-04-07T10:45:52+00:00\",\"breadcrumb\":{\"@id\":\"https:\/\/smans.com\/fr\/product\/fully-automatic-wire-processing-machine-alpha-565\/#breadcrumb\"},\"inLanguage\":\"fr-FR\",\"potentialAction\":[{\"@type\":\"ReadAction\",\"target\":[\"https:\/\/smans.com\/fr\/product\/fully-automatic-wire-processing-machine-alpha-565\/\"]}]},{\"@type\":\"BreadcrumbList\",\"@id\":\"https:\/\/smans.com\/fr\/product\/fully-automatic-wire-processing-machine-alpha-565\/#breadcrumb\",\"itemListElement\":[{\"@type\":\"ListItem\",\"position\":1,\"name\":\"Home\",\"item\":\"https:\/\/smans.com\/fr\/\"},{\"@type\":\"ListItem\",\"position\":2,\"name\":\"Boutique\",\"item\":\"https:\/\/smans.com\/nl\/shop\/\"},{\"@type\":\"ListItem\",\"position\":3,\"name\":\"Komax - Fully Automatic Wire Processing Machine Alpha 565\"}]},{\"@type\":\"WebSite\",\"@id\":\"https:\/\/smans.com\/nl\/#website\",\"url\":\"https:\/\/smans.com\/nl\/\",\"name\":\"Smans\",\"description\":\"\",\"publisher\":{\"@id\":\"https:\/\/smans.com\/nl\/#organization\"},\"potentialAction\":[{\"@type\":\"SearchAction\",\"target\":{\"@type\":\"EntryPoint\",\"urlTemplate\":\"https:\/\/smans.com\/nl\/?s={search_term_string}\"},\"query-input\":{\"@type\":\"PropertyValueSpecification\",\"valueRequired\":true,\"valueName\":\"search_term_string\"}}],\"inLanguage\":\"fr-FR\"},{\"@type\":\"Organization\",\"@id\":\"https:\/\/smans.com\/nl\/#organization\",\"name\":\"Smans\",\"url\":\"https:\/\/smans.com\/nl\/\",\"logo\":{\"@type\":\"ImageObject\",\"inLanguage\":\"fr-FR\",\"@id\":\"https:\/\/smans.com\/nl\/#\/schema\/logo\/image\/\",\"url\":\"https:\/\/smans.com\/wp-content\/uploads\/2023\/09\/logo.svg\",\"contentUrl\":\"https:\/\/smans.com\/wp-content\/uploads\/2023\/09\/logo.svg\",\"caption\":\"Smans\"},\"image\":{\"@id\":\"https:\/\/smans.com\/nl\/#\/schema\/logo\/image\/\"}}]}<\/script>\n<!-- \/ Yoast SEO plugin. -->","yoast_head_json":{"title":"Fully Automatic Wire Processing Machine Alpha 565 - Smans","robots":{"index":"index","follow":"follow","max-snippet":"max-snippet:-1","max-image-preview":"max-image-preview:large","max-video-preview":"max-video-preview:-1"},"canonical":"https:\/\/smans.com\/fr\/product\/fully-automatic-wire-processing-machine-alpha-565\/","og_locale":"fr_FR","og_type":"article","og_title":"Fully Automatic Wire Processing Machine Alpha 565 - Smans","og_description":"Machine enti\u00e8rement automatique de traitement des c\u00e2bles con\u00e7ue pour des traitements sp\u00e9ciaux","og_url":"https:\/\/smans.com\/fr\/product\/fully-automatic-wire-processing-machine-alpha-565\/","og_site_name":"Smans","article_modified_time":"2026-04-07T10:45:52+00:00","twitter_card":"summary_large_image","twitter_misc":{"Dur\u00e9e de lecture estim\u00e9e":"1 minute"},"schema":{"@context":"https:\/\/schema.org","@graph":[{"@type":"WebPage","@id":"https:\/\/smans.com\/fr\/product\/fully-automatic-wire-processing-machine-alpha-565\/","url":"https:\/\/smans.com\/fr\/product\/fully-automatic-wire-processing-machine-alpha-565\/","name":"Fully Automatic Wire Processing Machine Alpha 565 - Smans","isPartOf":{"@id":"https:\/\/smans.com\/nl\/#website"},"datePublished":"2024-06-09T15:09:53+00:00","dateModified":"2026-04-07T10:45:52+00:00","breadcrumb":{"@id":"https:\/\/smans.com\/fr\/product\/fully-automatic-wire-processing-machine-alpha-565\/#breadcrumb"},"inLanguage":"fr-FR","potentialAction":[{"@type":"ReadAction","target":["https:\/\/smans.com\/fr\/product\/fully-automatic-wire-processing-machine-alpha-565\/"]}]},{"@type":"BreadcrumbList","@id":"https:\/\/smans.com\/fr\/product\/fully-automatic-wire-processing-machine-alpha-565\/#breadcrumb","itemListElement":[{"@type":"ListItem","position":1,"name":"Home","item":"https:\/\/smans.com\/fr\/"},{"@type":"ListItem","position":2,"name":"Boutique","item":"https:\/\/smans.com\/nl\/shop\/"},{"@type":"ListItem","position":3,"name":"Komax - Fully Automatic Wire Processing Machine Alpha 565"}]},{"@type":"WebSite","@id":"https:\/\/smans.com\/nl\/#website","url":"https:\/\/smans.com\/nl\/","name":"Smans","description":"","publisher":{"@id":"https:\/\/smans.com\/nl\/#organization"},"potentialAction":[{"@type":"SearchAction","target":{"@type":"EntryPoint","urlTemplate":"https:\/\/smans.com\/nl\/?s={search_term_string}"},"query-input":{"@type":"PropertyValueSpecification","valueRequired":true,"valueName":"search_term_string"}}],"inLanguage":"fr-FR"},{"@type":"Organization","@id":"https:\/\/smans.com\/nl\/#organization","name":"Smans","url":"https:\/\/smans.com\/nl\/","logo":{"@type":"ImageObject","inLanguage":"fr-FR","@id":"https:\/\/smans.com\/nl\/#\/schema\/logo\/image\/","url":"https:\/\/smans.com\/wp-content\/uploads\/2023\/09\/logo.svg","contentUrl":"https:\/\/smans.com\/wp-content\/uploads\/2023\/09\/logo.svg","caption":"Smans"},"image":{"@id":"https:\/\/smans.com\/nl\/#\/schema\/logo\/image\/"}}]}},"brands":[{"id":18260,"name":"Komax","slug":"brand-komax-fr"}],"_links":{"self":[{"href":"https:\/\/smans.com\/fr\/wp-json\/wp\/v2\/product\/25457","targetHints":{"allow":["GET"]}}],"collection":[{"href":"https:\/\/smans.com\/fr\/wp-json\/wp\/v2\/product"}],"about":[{"href":"https:\/\/smans.com\/fr\/wp-json\/wp\/v2\/types\/product"}],"wp:attachment":[{"href":"https:\/\/smans.com\/fr\/wp-json\/wp\/v2\/media?parent=25457"}],"wp:term":[{"taxonomy":"pwb-brand","embeddable":true,"href":"https:\/\/smans.com\/fr\/wp-json\/wp\/v2\/pwb-brand?post=25457"},{"taxonomy":"product_brand","embeddable":true,"href":"https:\/\/smans.com\/fr\/wp-json\/wp\/v2\/product_brand?post=25457"},{"taxonomy":"product_cat","embeddable":true,"href":"https:\/\/smans.com\/fr\/wp-json\/wp\/v2\/product_cat?post=25457"},{"taxonomy":"product_tag","embeddable":true,"href":"https:\/\/smans.com\/fr\/wp-json\/wp\/v2\/product_tag?post=25457"}],"curies":[{"name":"wp","href":"https:\/\/api.w.org\/{rel}","templated":true}]}}