{"id":25461,"date":"2024-06-09T17:08:18","date_gmt":"2024-06-09T15:08:18","guid":{"rendered":"https:\/\/smans.com\/product\/test-module-q1250\/"},"modified":"2026-04-08T12:50:18","modified_gmt":"2026-04-08T10:50:18","slug":"test-module-q1250","status":"publish","type":"product","link":"https:\/\/smans.com\/fr\/product\/test-module-q1250\/","title":{"rendered":"Komax - Test module Q1250"},"content":{"rendered":"<p data-start=\"2364\" data-end=\"2671\">Le <strong data-start=\"2367\" data-end=\"2376\">Q1250<\/strong> est une <strong data-start=\"2385\" data-end=\"2428\">solution de test modulaire et \u00e9volutive<\/strong>, con\u00e7ue pour <strong data-start=\"2442\" data-end=\"2511\">v\u00e9rifier les processus de d\u00e9nudage, de sertissage et d\u2019\u00e9tanch\u00e9it\u00e9<\/strong>. Dans sa <strong data-start=\"2521\" data-end=\"2540\">version de base<\/strong>, il offre une <strong data-start=\"2555\" data-end=\"2595\">v\u00e9rification enti\u00e8rement automatis\u00e9e<\/strong> du d\u00e9nudage, de la pr\u00e9sence d\u2019\u00e9tanch\u00e9it\u00e9 et de l\u2019int\u00e9grit\u00e9 du sertissage.<\/p>\n<h4 data-start=\"2673\" data-end=\"2721\"><strong data-start=\"2678\" data-end=\"2719\">\u00c9volutivit\u00e9 Flexible et Extensibilit\u00e9<\/strong><\/h4>\n<ul data-start=\"2722\" data-end=\"3020\">\n<li data-start=\"2722\" data-end=\"2829\"><strong data-start=\"2724\" data-end=\"2750\">Peut \u00eatre mis \u00e0 niveau<\/strong> d\u2019un <strong data-start=\"2756\" data-end=\"2789\">outil de surveillance de base<\/strong> \u00e0 un <strong data-start=\"2795\" data-end=\"2826\">syst\u00e8me d\u2019inspection avanc\u00e9<\/strong>.<\/li>\n<li data-start=\"2830\" data-end=\"2923\"><strong data-start=\"2832\" data-end=\"2882\">Extensible avec des licences et une lampe d\u00f4me<\/strong>, s\u2019adaptant aux exigences changeantes.<\/li>\n<li data-start=\"2924\" data-end=\"3020\"><strong data-start=\"2926\" data-end=\"2951\">Un seul outil int\u00e9gr\u00e9<\/strong> permet <strong data-start=\"2959\" data-end=\"2989\">des tests qualit\u00e9 complets<\/strong> sans modifications majeures.<\/li>\n<\/ul>\n<h4 data-start=\"3022\" data-end=\"3073\"><strong data-start=\"3027\" data-end=\"3071\">Contr\u00f4le Qualit\u00e9 Intelligent et Efficace<\/strong><\/h4>\n<ul data-start=\"3074\" data-end=\"3336\">\n<li data-start=\"3074\" data-end=\"3168\"><strong data-start=\"3076\" data-end=\"3119\">V\u00e9rification automatique des param\u00e8tres<\/strong> via un algorithme, ind\u00e9pendant de l\u2019op\u00e9rateur.<\/li>\n<li data-start=\"3169\" data-end=\"3259\"><strong data-start=\"3171\" data-end=\"3218\">\u00c9limine les inspections visuelles manuelles<\/strong> et <strong data-start=\"3222\" data-end=\"3256\">r\u00e9duit les temps de changement<\/strong>.<\/li>\n<li data-start=\"3260\" data-end=\"3336\"><strong data-start=\"3262\" data-end=\"3305\">Permet des gains de temps significatifs<\/strong> et am\u00e9liore la productivit\u00e9.<\/li>\n<\/ul>\n<p data-start=\"3338\" data-end=\"3442\" data-is-last-node=\"\">\u2714 <strong data-start=\"3340\" data-end=\"3441\">D\u00e9tection num\u00e9rique \u00e9volutive des extr\u00e9mit\u00e9s de fils pour une assurance qualit\u00e9 fiable et p\u00e9renne<\/strong>.<\/p>\n","protected":false},"excerpt":{"rendered":"<p>Q1250 Module de Test : Contr\u00f4le Qualit\u00e9 \u00c9volutif pour D\u00e9nudage, Sertissage et \u00c9tanch\u00e9it\u00e9<\/p>\n","protected":false},"featured_media":0,"template":"","meta":{"_acf_changed":false},"pwb-brand":[18260],"product_brand":[],"product_cat":[17990,17997,18025],"product_tag":[],"class_list":{"0":"post-25461","1":"product","2":"type-product","3":"status-publish","5":"pwb-brand-brand-komax-fr","6":"product_cat-cables-et-cablage-fr","7":"product_cat-control-de-la-qualite-fr","8":"product_cat-quality-modules-fr","10":"first","11":"instock","12":"taxable","13":"shipping-taxable","14":"product-type-simple"},"acf":[],"yoast_head":"<!-- This site is optimized with the Yoast SEO plugin v27.1.1 - https:\/\/yoast.com\/product\/yoast-seo-wordpress\/ -->\n<title>Test module Q1250 - Smans<\/title>\n<meta name=\"robots\" content=\"index, follow, max-snippet:-1, max-image-preview:large, max-video-preview:-1\" \/>\n<link rel=\"canonical\" href=\"https:\/\/smans.com\/fr\/product\/test-module-q1250\/\" \/>\n<meta property=\"og:locale\" content=\"fr_FR\" \/>\n<meta property=\"og:type\" content=\"article\" \/>\n<meta property=\"og:title\" content=\"Test module Q1250 - Smans\" \/>\n<meta property=\"og:description\" content=\"Q1250 Module de Test : Contr\u00f4le Qualit\u00e9 \u00c9volutif pour D\u00e9nudage, Sertissage et \u00c9tanch\u00e9it\u00e9\" \/>\n<meta property=\"og:url\" content=\"https:\/\/smans.com\/fr\/product\/test-module-q1250\/\" \/>\n<meta property=\"og:site_name\" content=\"Smans\" \/>\n<meta property=\"article:modified_time\" content=\"2026-04-08T10:50:18+00:00\" \/>\n<meta name=\"twitter:card\" content=\"summary_large_image\" \/>\n<meta name=\"twitter:label1\" content=\"Dur\u00e9e de lecture estim\u00e9e\" \/>\n\t<meta name=\"twitter:data1\" content=\"1 minute\" \/>\n<script type=\"application\/ld+json\" class=\"yoast-schema-graph\">{\"@context\":\"https:\/\/schema.org\",\"@graph\":[{\"@type\":\"WebPage\",\"@id\":\"https:\/\/smans.com\/fr\/product\/test-module-q1250\/\",\"url\":\"https:\/\/smans.com\/fr\/product\/test-module-q1250\/\",\"name\":\"Test module Q1250 - Smans\",\"isPartOf\":{\"@id\":\"https:\/\/smans.com\/nl\/#website\"},\"datePublished\":\"2024-06-09T15:08:18+00:00\",\"dateModified\":\"2026-04-08T10:50:18+00:00\",\"breadcrumb\":{\"@id\":\"https:\/\/smans.com\/fr\/product\/test-module-q1250\/#breadcrumb\"},\"inLanguage\":\"fr-FR\",\"potentialAction\":[{\"@type\":\"ReadAction\",\"target\":[\"https:\/\/smans.com\/fr\/product\/test-module-q1250\/\"]}]},{\"@type\":\"BreadcrumbList\",\"@id\":\"https:\/\/smans.com\/fr\/product\/test-module-q1250\/#breadcrumb\",\"itemListElement\":[{\"@type\":\"ListItem\",\"position\":1,\"name\":\"Home\",\"item\":\"https:\/\/smans.com\/fr\/\"},{\"@type\":\"ListItem\",\"position\":2,\"name\":\"Boutique\",\"item\":\"https:\/\/smans.com\/nl\/shop\/\"},{\"@type\":\"ListItem\",\"position\":3,\"name\":\"Komax - Test module Q1250\"}]},{\"@type\":\"WebSite\",\"@id\":\"https:\/\/smans.com\/nl\/#website\",\"url\":\"https:\/\/smans.com\/nl\/\",\"name\":\"Smans\",\"description\":\"\",\"publisher\":{\"@id\":\"https:\/\/smans.com\/nl\/#organization\"},\"potentialAction\":[{\"@type\":\"SearchAction\",\"target\":{\"@type\":\"EntryPoint\",\"urlTemplate\":\"https:\/\/smans.com\/nl\/?s={search_term_string}\"},\"query-input\":{\"@type\":\"PropertyValueSpecification\",\"valueRequired\":true,\"valueName\":\"search_term_string\"}}],\"inLanguage\":\"fr-FR\"},{\"@type\":\"Organization\",\"@id\":\"https:\/\/smans.com\/nl\/#organization\",\"name\":\"Smans\",\"url\":\"https:\/\/smans.com\/nl\/\",\"logo\":{\"@type\":\"ImageObject\",\"inLanguage\":\"fr-FR\",\"@id\":\"https:\/\/smans.com\/nl\/#\/schema\/logo\/image\/\",\"url\":\"https:\/\/smans.com\/wp-content\/uploads\/2023\/09\/logo.svg\",\"contentUrl\":\"https:\/\/smans.com\/wp-content\/uploads\/2023\/09\/logo.svg\",\"caption\":\"Smans\"},\"image\":{\"@id\":\"https:\/\/smans.com\/nl\/#\/schema\/logo\/image\/\"}}]}<\/script>\n<!-- \/ Yoast SEO plugin. -->","yoast_head_json":{"title":"Test module Q1250 - Smans","robots":{"index":"index","follow":"follow","max-snippet":"max-snippet:-1","max-image-preview":"max-image-preview:large","max-video-preview":"max-video-preview:-1"},"canonical":"https:\/\/smans.com\/fr\/product\/test-module-q1250\/","og_locale":"fr_FR","og_type":"article","og_title":"Test module Q1250 - Smans","og_description":"Q1250 Module de Test : Contr\u00f4le Qualit\u00e9 \u00c9volutif pour D\u00e9nudage, Sertissage et \u00c9tanch\u00e9it\u00e9","og_url":"https:\/\/smans.com\/fr\/product\/test-module-q1250\/","og_site_name":"Smans","article_modified_time":"2026-04-08T10:50:18+00:00","twitter_card":"summary_large_image","twitter_misc":{"Dur\u00e9e de lecture estim\u00e9e":"1 minute"},"schema":{"@context":"https:\/\/schema.org","@graph":[{"@type":"WebPage","@id":"https:\/\/smans.com\/fr\/product\/test-module-q1250\/","url":"https:\/\/smans.com\/fr\/product\/test-module-q1250\/","name":"Test module Q1250 - Smans","isPartOf":{"@id":"https:\/\/smans.com\/nl\/#website"},"datePublished":"2024-06-09T15:08:18+00:00","dateModified":"2026-04-08T10:50:18+00:00","breadcrumb":{"@id":"https:\/\/smans.com\/fr\/product\/test-module-q1250\/#breadcrumb"},"inLanguage":"fr-FR","potentialAction":[{"@type":"ReadAction","target":["https:\/\/smans.com\/fr\/product\/test-module-q1250\/"]}]},{"@type":"BreadcrumbList","@id":"https:\/\/smans.com\/fr\/product\/test-module-q1250\/#breadcrumb","itemListElement":[{"@type":"ListItem","position":1,"name":"Home","item":"https:\/\/smans.com\/fr\/"},{"@type":"ListItem","position":2,"name":"Boutique","item":"https:\/\/smans.com\/nl\/shop\/"},{"@type":"ListItem","position":3,"name":"Komax - Test module Q1250"}]},{"@type":"WebSite","@id":"https:\/\/smans.com\/nl\/#website","url":"https:\/\/smans.com\/nl\/","name":"Smans","description":"","publisher":{"@id":"https:\/\/smans.com\/nl\/#organization"},"potentialAction":[{"@type":"SearchAction","target":{"@type":"EntryPoint","urlTemplate":"https:\/\/smans.com\/nl\/?s={search_term_string}"},"query-input":{"@type":"PropertyValueSpecification","valueRequired":true,"valueName":"search_term_string"}}],"inLanguage":"fr-FR"},{"@type":"Organization","@id":"https:\/\/smans.com\/nl\/#organization","name":"Smans","url":"https:\/\/smans.com\/nl\/","logo":{"@type":"ImageObject","inLanguage":"fr-FR","@id":"https:\/\/smans.com\/nl\/#\/schema\/logo\/image\/","url":"https:\/\/smans.com\/wp-content\/uploads\/2023\/09\/logo.svg","contentUrl":"https:\/\/smans.com\/wp-content\/uploads\/2023\/09\/logo.svg","caption":"Smans"},"image":{"@id":"https:\/\/smans.com\/nl\/#\/schema\/logo\/image\/"}}]}},"brands":[{"id":18260,"name":"Komax","slug":"brand-komax-fr"}],"_links":{"self":[{"href":"https:\/\/smans.com\/fr\/wp-json\/wp\/v2\/product\/25461","targetHints":{"allow":["GET"]}}],"collection":[{"href":"https:\/\/smans.com\/fr\/wp-json\/wp\/v2\/product"}],"about":[{"href":"https:\/\/smans.com\/fr\/wp-json\/wp\/v2\/types\/product"}],"wp:attachment":[{"href":"https:\/\/smans.com\/fr\/wp-json\/wp\/v2\/media?parent=25461"}],"wp:term":[{"taxonomy":"pwb-brand","embeddable":true,"href":"https:\/\/smans.com\/fr\/wp-json\/wp\/v2\/pwb-brand?post=25461"},{"taxonomy":"product_brand","embeddable":true,"href":"https:\/\/smans.com\/fr\/wp-json\/wp\/v2\/product_brand?post=25461"},{"taxonomy":"product_cat","embeddable":true,"href":"https:\/\/smans.com\/fr\/wp-json\/wp\/v2\/product_cat?post=25461"},{"taxonomy":"product_tag","embeddable":true,"href":"https:\/\/smans.com\/fr\/wp-json\/wp\/v2\/product_tag?post=25461"}],"curies":[{"name":"wp","href":"https:\/\/api.w.org\/{rel}","templated":true}]}}