{"id":25462,"date":"2025-12-18T03:54:45","date_gmt":"2025-12-18T02:54:45","guid":{"rendered":"https:\/\/smans.com\/product\/wire-assembly-machine-zeta-630\/"},"modified":"2026-04-06T13:34:00","modified_gmt":"2026-04-06T11:34:00","slug":"wire-assembly-machine-zeta-630","status":"publish","type":"product","link":"https:\/\/smans.com\/fr\/product\/wire-assembly-machine-zeta-630\/","title":{"rendered":"Komax - Wire Assembly Machine Zeta 630"},"content":{"rendered":"<p>La grande variabilit\u00e9 dans la construction des armoires de commande n\u00e9cessite de nombreux mat\u00e9riaux tels que diff\u00e9rents types de fils, bornes ou embouts. La Zeta 630 permet un traitement juste \u00e0 temps dans la production par lots ou en s\u00e9rie de divers fils pour la construction d&rsquo;armoires sans changement d&rsquo;\u00e9quipement, gr\u00e2ce au changeur de fils automatique \u00e0 36 positions, au module CM 1\/5 GS pour cinq embouts diff\u00e9rents et au CM Duo pour les manchons de 4 mm\u00b2 \/ 6 mm\u00b2.<\/p>\n<p>Gr\u00e2ce aux trois paires de lames sp\u00e9ciales, des sections de 0,22 \u00e0 6 mm\u00b2 peuvent \u00eatre parfaitement trait\u00e9es en s\u00e9quence. Les param\u00e8tres de traitement sont convertis via TopConvert et envoy\u00e9s automatiquement par l&rsquo;interface Komax WPCS directement \u00e0 la machine sans aucun effort de programmation manuelle.<\/p>\n<h4>Points forts<\/h4>\n<ul>\n<li><strong>36 variantes de fils disponibles dans le changeur de fils : <\/strong>les processus automatis\u00e9s r\u00e9duisent le temps de production jusqu&rsquo;\u00e0 50 %. Le changeur de fils automatique fournit jusqu&rsquo;\u00e0 36 fils diff\u00e9rents sans changement.<\/li>\n<li><strong>Traitement pr\u00e9cis avec une unit\u00e9 de coupe de haute qualit\u00e9 : <\/strong>l&rsquo;unit\u00e9 de coupe avec trois paires de lames traite parfaitement les sections de 0,5 \u00e0 6 mm\u00b2 en s\u00e9quence. Des lames de haute qualit\u00e9 et durables permettent des vitesses de traitement \u00e9lev\u00e9es.<\/li>\n<li><strong>Production par lots ou en s\u00e9quence sans changement possible : <\/strong>le regroupeur int\u00e9gr\u00e9 trie les lots et fixe les fils appropri\u00e9s avec du ruban adh\u00e9sif en une seule \u00e9tape. M\u00eame les t\u00e2ches complexes peuvent \u00eatre r\u00e9alis\u00e9es sans grand effort.<\/li>\n<li><strong>Traitement de jusqu&rsquo;\u00e0 5 embouts diff\u00e9rents : <\/strong>le module CM 1\/5 GS traite jusqu&rsquo;\u00e0 cinq embouts diff\u00e9rents. Une production fiable et enti\u00e8rement automatique garantit une qualit\u00e9 \u00e9lev\u00e9e et constante.<\/li>\n<li><strong>Syst\u00e8me de marquage automatique avec deux marqueurs \u00e0 jet d&rsquo;encre : <\/strong>le syst\u00e8me de marquage automatique pour deux marqueurs \u00e0 jet d&rsquo;encre diff\u00e9rents \u00e9tiquette de mani\u00e8re optimale les fils avant leur ach\u00e8vement, ce qui facilite la logistique et le traitement ult\u00e9rieur.<\/li>\n<\/ul>\n","protected":false},"excerpt":{"rendered":"<p>Le Zeta 630 augmente la productivit\u00e9 dans la construction d&rsquo;armoires \u00e9lectriques gr\u00e2ce \u00e0 deux modules de traitement \u00e0 partir d&rsquo;une taille de lot de 1 et avec jusqu&rsquo;\u00e0 36 fils diff\u00e9rents dans le changeur de fils.<\/p>\n","protected":false},"featured_media":0,"template":"","meta":{"_acf_changed":false},"pwb-brand":[18260],"product_brand":[],"product_cat":[17990,17994],"product_tag":[],"class_list":{"0":"post-25462","1":"product","2":"type-product","3":"status-publish","5":"pwb-brand-brand-komax-fr","6":"product_cat-cables-et-cablage-fr","7":"product_cat-construction-de-panneau-fr","9":"first","10":"instock","11":"taxable","12":"shipping-taxable","13":"product-type-simple"},"acf":[],"yoast_head":"<!-- This site is optimized with the Yoast SEO plugin v27.1.1 - https:\/\/yoast.com\/product\/yoast-seo-wordpress\/ -->\n<title>Wire Assembly Machine Zeta 630 - Smans<\/title>\n<meta name=\"robots\" content=\"index, follow, max-snippet:-1, max-image-preview:large, max-video-preview:-1\" \/>\n<link rel=\"canonical\" href=\"https:\/\/smans.com\/fr\/product\/wire-assembly-machine-zeta-630\/\" \/>\n<meta property=\"og:locale\" content=\"fr_FR\" \/>\n<meta property=\"og:type\" content=\"article\" \/>\n<meta property=\"og:title\" content=\"Wire Assembly Machine Zeta 630 - Smans\" \/>\n<meta property=\"og:description\" content=\"Le Zeta 630 augmente la productivit\u00e9 dans la construction d&#039;armoires \u00e9lectriques gr\u00e2ce \u00e0 deux modules de traitement \u00e0 partir d&#039;une taille de lot de 1 et avec jusqu&#039;\u00e0 36 fils diff\u00e9rents dans le changeur de fils.\" \/>\n<meta property=\"og:url\" content=\"https:\/\/smans.com\/fr\/product\/wire-assembly-machine-zeta-630\/\" \/>\n<meta property=\"og:site_name\" content=\"Smans\" \/>\n<meta property=\"article:modified_time\" content=\"2026-04-06T11:34:00+00:00\" \/>\n<meta name=\"twitter:card\" content=\"summary_large_image\" \/>\n<meta name=\"twitter:label1\" content=\"Dur\u00e9e de lecture estim\u00e9e\" \/>\n\t<meta name=\"twitter:data1\" content=\"2 minutes\" \/>\n<script type=\"application\/ld+json\" class=\"yoast-schema-graph\">{\"@context\":\"https:\/\/schema.org\",\"@graph\":[{\"@type\":\"WebPage\",\"@id\":\"https:\/\/smans.com\/fr\/product\/wire-assembly-machine-zeta-630\/\",\"url\":\"https:\/\/smans.com\/fr\/product\/wire-assembly-machine-zeta-630\/\",\"name\":\"Wire Assembly Machine Zeta 630 - Smans\",\"isPartOf\":{\"@id\":\"https:\/\/smans.com\/nl\/#website\"},\"datePublished\":\"2025-12-18T02:54:45+00:00\",\"dateModified\":\"2026-04-06T11:34:00+00:00\",\"breadcrumb\":{\"@id\":\"https:\/\/smans.com\/fr\/product\/wire-assembly-machine-zeta-630\/#breadcrumb\"},\"inLanguage\":\"fr-FR\",\"potentialAction\":[{\"@type\":\"ReadAction\",\"target\":[\"https:\/\/smans.com\/fr\/product\/wire-assembly-machine-zeta-630\/\"]}]},{\"@type\":\"BreadcrumbList\",\"@id\":\"https:\/\/smans.com\/fr\/product\/wire-assembly-machine-zeta-630\/#breadcrumb\",\"itemListElement\":[{\"@type\":\"ListItem\",\"position\":1,\"name\":\"Home\",\"item\":\"https:\/\/smans.com\/fr\/\"},{\"@type\":\"ListItem\",\"position\":2,\"name\":\"Boutique\",\"item\":\"https:\/\/smans.com\/nl\/shop\/\"},{\"@type\":\"ListItem\",\"position\":3,\"name\":\"Komax - Wire Assembly Machine Zeta 630\"}]},{\"@type\":\"WebSite\",\"@id\":\"https:\/\/smans.com\/nl\/#website\",\"url\":\"https:\/\/smans.com\/nl\/\",\"name\":\"Smans\",\"description\":\"\",\"publisher\":{\"@id\":\"https:\/\/smans.com\/nl\/#organization\"},\"potentialAction\":[{\"@type\":\"SearchAction\",\"target\":{\"@type\":\"EntryPoint\",\"urlTemplate\":\"https:\/\/smans.com\/nl\/?s={search_term_string}\"},\"query-input\":{\"@type\":\"PropertyValueSpecification\",\"valueRequired\":true,\"valueName\":\"search_term_string\"}}],\"inLanguage\":\"fr-FR\"},{\"@type\":\"Organization\",\"@id\":\"https:\/\/smans.com\/nl\/#organization\",\"name\":\"Smans\",\"url\":\"https:\/\/smans.com\/nl\/\",\"logo\":{\"@type\":\"ImageObject\",\"inLanguage\":\"fr-FR\",\"@id\":\"https:\/\/smans.com\/nl\/#\/schema\/logo\/image\/\",\"url\":\"https:\/\/smans.com\/wp-content\/uploads\/2023\/09\/logo.svg\",\"contentUrl\":\"https:\/\/smans.com\/wp-content\/uploads\/2023\/09\/logo.svg\",\"caption\":\"Smans\"},\"image\":{\"@id\":\"https:\/\/smans.com\/nl\/#\/schema\/logo\/image\/\"}}]}<\/script>\n<!-- \/ Yoast SEO plugin. -->","yoast_head_json":{"title":"Wire Assembly Machine Zeta 630 - Smans","robots":{"index":"index","follow":"follow","max-snippet":"max-snippet:-1","max-image-preview":"max-image-preview:large","max-video-preview":"max-video-preview:-1"},"canonical":"https:\/\/smans.com\/fr\/product\/wire-assembly-machine-zeta-630\/","og_locale":"fr_FR","og_type":"article","og_title":"Wire Assembly Machine Zeta 630 - Smans","og_description":"Le Zeta 630 augmente la productivit\u00e9 dans la construction d'armoires \u00e9lectriques gr\u00e2ce \u00e0 deux modules de traitement \u00e0 partir d'une taille de lot de 1 et avec jusqu'\u00e0 36 fils diff\u00e9rents dans le changeur de fils.","og_url":"https:\/\/smans.com\/fr\/product\/wire-assembly-machine-zeta-630\/","og_site_name":"Smans","article_modified_time":"2026-04-06T11:34:00+00:00","twitter_card":"summary_large_image","twitter_misc":{"Dur\u00e9e de lecture estim\u00e9e":"2 minutes"},"schema":{"@context":"https:\/\/schema.org","@graph":[{"@type":"WebPage","@id":"https:\/\/smans.com\/fr\/product\/wire-assembly-machine-zeta-630\/","url":"https:\/\/smans.com\/fr\/product\/wire-assembly-machine-zeta-630\/","name":"Wire Assembly Machine Zeta 630 - Smans","isPartOf":{"@id":"https:\/\/smans.com\/nl\/#website"},"datePublished":"2025-12-18T02:54:45+00:00","dateModified":"2026-04-06T11:34:00+00:00","breadcrumb":{"@id":"https:\/\/smans.com\/fr\/product\/wire-assembly-machine-zeta-630\/#breadcrumb"},"inLanguage":"fr-FR","potentialAction":[{"@type":"ReadAction","target":["https:\/\/smans.com\/fr\/product\/wire-assembly-machine-zeta-630\/"]}]},{"@type":"BreadcrumbList","@id":"https:\/\/smans.com\/fr\/product\/wire-assembly-machine-zeta-630\/#breadcrumb","itemListElement":[{"@type":"ListItem","position":1,"name":"Home","item":"https:\/\/smans.com\/fr\/"},{"@type":"ListItem","position":2,"name":"Boutique","item":"https:\/\/smans.com\/nl\/shop\/"},{"@type":"ListItem","position":3,"name":"Komax - Wire Assembly Machine Zeta 630"}]},{"@type":"WebSite","@id":"https:\/\/smans.com\/nl\/#website","url":"https:\/\/smans.com\/nl\/","name":"Smans","description":"","publisher":{"@id":"https:\/\/smans.com\/nl\/#organization"},"potentialAction":[{"@type":"SearchAction","target":{"@type":"EntryPoint","urlTemplate":"https:\/\/smans.com\/nl\/?s={search_term_string}"},"query-input":{"@type":"PropertyValueSpecification","valueRequired":true,"valueName":"search_term_string"}}],"inLanguage":"fr-FR"},{"@type":"Organization","@id":"https:\/\/smans.com\/nl\/#organization","name":"Smans","url":"https:\/\/smans.com\/nl\/","logo":{"@type":"ImageObject","inLanguage":"fr-FR","@id":"https:\/\/smans.com\/nl\/#\/schema\/logo\/image\/","url":"https:\/\/smans.com\/wp-content\/uploads\/2023\/09\/logo.svg","contentUrl":"https:\/\/smans.com\/wp-content\/uploads\/2023\/09\/logo.svg","caption":"Smans"},"image":{"@id":"https:\/\/smans.com\/nl\/#\/schema\/logo\/image\/"}}]}},"brands":[{"id":18260,"name":"Komax","slug":"brand-komax-fr"}],"_links":{"self":[{"href":"https:\/\/smans.com\/fr\/wp-json\/wp\/v2\/product\/25462","targetHints":{"allow":["GET"]}}],"collection":[{"href":"https:\/\/smans.com\/fr\/wp-json\/wp\/v2\/product"}],"about":[{"href":"https:\/\/smans.com\/fr\/wp-json\/wp\/v2\/types\/product"}],"wp:attachment":[{"href":"https:\/\/smans.com\/fr\/wp-json\/wp\/v2\/media?parent=25462"}],"wp:term":[{"taxonomy":"pwb-brand","embeddable":true,"href":"https:\/\/smans.com\/fr\/wp-json\/wp\/v2\/pwb-brand?post=25462"},{"taxonomy":"product_brand","embeddable":true,"href":"https:\/\/smans.com\/fr\/wp-json\/wp\/v2\/product_brand?post=25462"},{"taxonomy":"product_cat","embeddable":true,"href":"https:\/\/smans.com\/fr\/wp-json\/wp\/v2\/product_cat?post=25462"},{"taxonomy":"product_tag","embeddable":true,"href":"https:\/\/smans.com\/fr\/wp-json\/wp\/v2\/product_tag?post=25462"}],"curies":[{"name":"wp","href":"https:\/\/api.w.org\/{rel}","templated":true}]}}