{"id":25467,"date":"2024-06-09T17:08:51","date_gmt":"2024-06-09T15:08:51","guid":{"rendered":"https:\/\/smans.com\/product\/wire-splicer-gmx-w1\/"},"modified":"2026-04-10T13:09:28","modified_gmt":"2026-04-10T11:09:28","slug":"wire-splicer-gmx-w1","status":"publish","type":"product","link":"https:\/\/smans.com\/fr\/product\/wire-splicer-gmx-w1\/","title":{"rendered":"Branson Ultrasonic - Wire Splicer GMX-W1"},"content":{"rendered":"<p data-start=\"0\" data-end=\"393\">Le Branson GMX-W1 joint les fils de mani\u00e8re fiable et rapide tout en offrant une flexibilit\u00e9 maximale. Le GMX-W1 est un syst\u00e8me ergonomique de soudure de fils qui peut souder les fils en ligne ou dans une configuration de type pig-tail. L\u00e9ger et compact, le GMX-W1 est id\u00e9al pour une utilisation comme unit\u00e9 portable sur des planches d&rsquo;assemblage en ligne de faisceaux de c\u00e2bles.<\/p>\n<p data-start=\"395\" data-end=\"431\"><strong data-start=\"395\" data-end=\"429\">Caract\u00e9ristiques principales :<\/strong><\/p>\n<ul data-start=\"432\" data-end=\"865\">\n<li data-start=\"432\" data-end=\"461\">Soudure anti-lat\u00e9rale<\/li>\n<li data-start=\"462\" data-end=\"492\">Conception ergonomique<\/li>\n<li data-start=\"493\" data-end=\"539\">Interface utilisateur conviviale (HMI)<\/li>\n<li data-start=\"540\" data-end=\"573\">Calibrations automatiques<\/li>\n<li data-start=\"574\" data-end=\"622\">Indicateur de statut avec LED de couleur<\/li>\n<li data-start=\"623\" data-end=\"667\">\u00c9cran tactile capacitif de 22 pouces<\/li>\n<li data-start=\"668\" data-end=\"707\">Module de coupe de fil en ligne<\/li>\n<li data-start=\"708\" data-end=\"787\">Capable de souder des fils avec une section transversale jusqu&rsquo;\u00e0 40 mm\u00b2<\/li>\n<li data-start=\"788\" data-end=\"865\">Adapt\u00e9 pour souder des fils avec une section transversale de 0,13 mm\u00b2<\/li>\n<\/ul>\n","protected":false},"excerpt":{"rendered":"<p>Le Branson GMX-W1 joint les fils de mani\u00e8re fiable et rapide tout en offrant une flexibilit\u00e9 maximale.<\/p>\n","protected":false},"featured_media":0,"template":"","meta":{"_acf_changed":false},"pwb-brand":[18216],"product_brand":[],"product_cat":[17990,17994,17993,18034],"product_tag":[],"class_list":{"0":"post-25467","1":"product","2":"type-product","3":"status-publish","5":"pwb-brand-brand-branson-ultrasonic-fr-2","6":"product_cat-cables-et-cablage-fr","7":"product_cat-construction-de-panneau-fr","8":"product_cat-couper-denuder-sertissage-fr","9":"product_cat-wire-crimping-machines-fr","11":"first","12":"instock","13":"taxable","14":"shipping-taxable","15":"purchasable","16":"product-type-simple"},"acf":[],"yoast_head":"<!-- This site is optimized with the Yoast SEO plugin v27.1.1 - https:\/\/yoast.com\/product\/yoast-seo-wordpress\/ -->\n<title>Wire Splicer GMX-W1 - Smans<\/title>\n<meta name=\"robots\" content=\"index, follow, max-snippet:-1, max-image-preview:large, max-video-preview:-1\" \/>\n<link rel=\"canonical\" href=\"https:\/\/smans.com\/fr\/product\/wire-splicer-gmx-w1\/\" \/>\n<meta property=\"og:locale\" content=\"fr_FR\" \/>\n<meta property=\"og:type\" content=\"article\" \/>\n<meta property=\"og:title\" content=\"Wire Splicer GMX-W1 - Smans\" \/>\n<meta property=\"og:description\" content=\"Le Branson GMX-W1 joint les fils de mani\u00e8re fiable et rapide tout en offrant une flexibilit\u00e9 maximale.\" \/>\n<meta property=\"og:url\" content=\"https:\/\/smans.com\/fr\/product\/wire-splicer-gmx-w1\/\" \/>\n<meta property=\"og:site_name\" content=\"Smans\" \/>\n<meta property=\"article:modified_time\" content=\"2026-04-10T11:09:28+00:00\" \/>\n<meta name=\"twitter:card\" content=\"summary_large_image\" \/>\n<meta name=\"twitter:label1\" content=\"Dur\u00e9e de lecture estim\u00e9e\" \/>\n\t<meta name=\"twitter:data1\" content=\"1 minute\" \/>\n<script type=\"application\/ld+json\" class=\"yoast-schema-graph\">{\"@context\":\"https:\/\/schema.org\",\"@graph\":[{\"@type\":\"WebPage\",\"@id\":\"https:\/\/smans.com\/fr\/product\/wire-splicer-gmx-w1\/\",\"url\":\"https:\/\/smans.com\/fr\/product\/wire-splicer-gmx-w1\/\",\"name\":\"Wire Splicer GMX-W1 - Smans\",\"isPartOf\":{\"@id\":\"https:\/\/smans.com\/nl\/#website\"},\"datePublished\":\"2024-06-09T15:08:51+00:00\",\"dateModified\":\"2026-04-10T11:09:28+00:00\",\"breadcrumb\":{\"@id\":\"https:\/\/smans.com\/fr\/product\/wire-splicer-gmx-w1\/#breadcrumb\"},\"inLanguage\":\"fr-FR\",\"potentialAction\":[{\"@type\":\"ReadAction\",\"target\":[\"https:\/\/smans.com\/fr\/product\/wire-splicer-gmx-w1\/\"]}]},{\"@type\":\"BreadcrumbList\",\"@id\":\"https:\/\/smans.com\/fr\/product\/wire-splicer-gmx-w1\/#breadcrumb\",\"itemListElement\":[{\"@type\":\"ListItem\",\"position\":1,\"name\":\"Home\",\"item\":\"https:\/\/smans.com\/fr\/\"},{\"@type\":\"ListItem\",\"position\":2,\"name\":\"Boutique\",\"item\":\"https:\/\/smans.com\/nl\/shop\/\"},{\"@type\":\"ListItem\",\"position\":3,\"name\":\"Branson Ultrasonic - Wire Splicer GMX-W1\"}]},{\"@type\":\"WebSite\",\"@id\":\"https:\/\/smans.com\/nl\/#website\",\"url\":\"https:\/\/smans.com\/nl\/\",\"name\":\"Smans\",\"description\":\"\",\"publisher\":{\"@id\":\"https:\/\/smans.com\/nl\/#organization\"},\"potentialAction\":[{\"@type\":\"SearchAction\",\"target\":{\"@type\":\"EntryPoint\",\"urlTemplate\":\"https:\/\/smans.com\/nl\/?s={search_term_string}\"},\"query-input\":{\"@type\":\"PropertyValueSpecification\",\"valueRequired\":true,\"valueName\":\"search_term_string\"}}],\"inLanguage\":\"fr-FR\"},{\"@type\":\"Organization\",\"@id\":\"https:\/\/smans.com\/nl\/#organization\",\"name\":\"Smans\",\"url\":\"https:\/\/smans.com\/nl\/\",\"logo\":{\"@type\":\"ImageObject\",\"inLanguage\":\"fr-FR\",\"@id\":\"https:\/\/smans.com\/nl\/#\/schema\/logo\/image\/\",\"url\":\"https:\/\/smans.com\/wp-content\/uploads\/2023\/09\/logo.svg\",\"contentUrl\":\"https:\/\/smans.com\/wp-content\/uploads\/2023\/09\/logo.svg\",\"caption\":\"Smans\"},\"image\":{\"@id\":\"https:\/\/smans.com\/nl\/#\/schema\/logo\/image\/\"}}]}<\/script>\n<!-- \/ Yoast SEO plugin. -->","yoast_head_json":{"title":"Wire Splicer GMX-W1 - Smans","robots":{"index":"index","follow":"follow","max-snippet":"max-snippet:-1","max-image-preview":"max-image-preview:large","max-video-preview":"max-video-preview:-1"},"canonical":"https:\/\/smans.com\/fr\/product\/wire-splicer-gmx-w1\/","og_locale":"fr_FR","og_type":"article","og_title":"Wire Splicer GMX-W1 - Smans","og_description":"Le Branson GMX-W1 joint les fils de mani\u00e8re fiable et rapide tout en offrant une flexibilit\u00e9 maximale.","og_url":"https:\/\/smans.com\/fr\/product\/wire-splicer-gmx-w1\/","og_site_name":"Smans","article_modified_time":"2026-04-10T11:09:28+00:00","twitter_card":"summary_large_image","twitter_misc":{"Dur\u00e9e de lecture estim\u00e9e":"1 minute"},"schema":{"@context":"https:\/\/schema.org","@graph":[{"@type":"WebPage","@id":"https:\/\/smans.com\/fr\/product\/wire-splicer-gmx-w1\/","url":"https:\/\/smans.com\/fr\/product\/wire-splicer-gmx-w1\/","name":"Wire Splicer GMX-W1 - Smans","isPartOf":{"@id":"https:\/\/smans.com\/nl\/#website"},"datePublished":"2024-06-09T15:08:51+00:00","dateModified":"2026-04-10T11:09:28+00:00","breadcrumb":{"@id":"https:\/\/smans.com\/fr\/product\/wire-splicer-gmx-w1\/#breadcrumb"},"inLanguage":"fr-FR","potentialAction":[{"@type":"ReadAction","target":["https:\/\/smans.com\/fr\/product\/wire-splicer-gmx-w1\/"]}]},{"@type":"BreadcrumbList","@id":"https:\/\/smans.com\/fr\/product\/wire-splicer-gmx-w1\/#breadcrumb","itemListElement":[{"@type":"ListItem","position":1,"name":"Home","item":"https:\/\/smans.com\/fr\/"},{"@type":"ListItem","position":2,"name":"Boutique","item":"https:\/\/smans.com\/nl\/shop\/"},{"@type":"ListItem","position":3,"name":"Branson Ultrasonic - Wire Splicer GMX-W1"}]},{"@type":"WebSite","@id":"https:\/\/smans.com\/nl\/#website","url":"https:\/\/smans.com\/nl\/","name":"Smans","description":"","publisher":{"@id":"https:\/\/smans.com\/nl\/#organization"},"potentialAction":[{"@type":"SearchAction","target":{"@type":"EntryPoint","urlTemplate":"https:\/\/smans.com\/nl\/?s={search_term_string}"},"query-input":{"@type":"PropertyValueSpecification","valueRequired":true,"valueName":"search_term_string"}}],"inLanguage":"fr-FR"},{"@type":"Organization","@id":"https:\/\/smans.com\/nl\/#organization","name":"Smans","url":"https:\/\/smans.com\/nl\/","logo":{"@type":"ImageObject","inLanguage":"fr-FR","@id":"https:\/\/smans.com\/nl\/#\/schema\/logo\/image\/","url":"https:\/\/smans.com\/wp-content\/uploads\/2023\/09\/logo.svg","contentUrl":"https:\/\/smans.com\/wp-content\/uploads\/2023\/09\/logo.svg","caption":"Smans"},"image":{"@id":"https:\/\/smans.com\/nl\/#\/schema\/logo\/image\/"}}]}},"brands":[{"id":18216,"name":"Branson Ultrasonic","slug":"brand-branson-ultrasonic-fr-2"}],"_links":{"self":[{"href":"https:\/\/smans.com\/fr\/wp-json\/wp\/v2\/product\/25467","targetHints":{"allow":["GET"]}}],"collection":[{"href":"https:\/\/smans.com\/fr\/wp-json\/wp\/v2\/product"}],"about":[{"href":"https:\/\/smans.com\/fr\/wp-json\/wp\/v2\/types\/product"}],"wp:attachment":[{"href":"https:\/\/smans.com\/fr\/wp-json\/wp\/v2\/media?parent=25467"}],"wp:term":[{"taxonomy":"pwb-brand","embeddable":true,"href":"https:\/\/smans.com\/fr\/wp-json\/wp\/v2\/pwb-brand?post=25467"},{"taxonomy":"product_brand","embeddable":true,"href":"https:\/\/smans.com\/fr\/wp-json\/wp\/v2\/product_brand?post=25467"},{"taxonomy":"product_cat","embeddable":true,"href":"https:\/\/smans.com\/fr\/wp-json\/wp\/v2\/product_cat?post=25467"},{"taxonomy":"product_tag","embeddable":true,"href":"https:\/\/smans.com\/fr\/wp-json\/wp\/v2\/product_tag?post=25467"}],"curies":[{"name":"wp","href":"https:\/\/api.w.org\/{rel}","templated":true}]}}