{"id":25474,"date":"2024-06-09T17:12:14","date_gmt":"2024-06-09T15:12:14","guid":{"rendered":"https:\/\/smans.com\/product\/restyling-pneumatic-applicator\/"},"modified":"2026-04-10T13:09:30","modified_gmt":"2026-04-10T11:09:30","slug":"restyling-pneumatic-applicator","status":"publish","type":"product","link":"https:\/\/smans.com\/fr\/product\/restyling-pneumatic-applicator\/","title":{"rendered":"Mecal - Restyling Pneumatic Applicator"},"content":{"rendered":"<p data-start=\"4087\" data-end=\"4397\">L&rsquo;applicateur pneumatique Restyling est un mini-applicateur pour manchons coupl\u00e9s, avec une \u00e9paisseur &lt; 1,2 mm, une distance de pince &gt; 27 mm (si la distance est inf\u00e9rieure \u00e0 27 mm, une version avec syst\u00e8me d&rsquo;alimentation pneumatique peut \u00eatre fournie sur demande), et une section de c\u00e2ble entre 0 et 10 mm\u00b2.<\/p>\n<p data-start=\"4399\" data-end=\"4435\"><strong data-start=\"4399\" data-end=\"4433\">Caract\u00e9ristiques principales :<\/strong><\/p>\n<ul data-start=\"4436\" data-end=\"5318\">\n<li data-start=\"4436\" data-end=\"4553\"><strong data-start=\"4438\" data-end=\"4487\">Syst\u00e8me d&rsquo;alimentation lat\u00e9rale pneumatique :<\/strong> D\u00e9roule les manchons coupl\u00e9s de gauche \u00e0 droite sur un rouleau.<\/li>\n<li data-start=\"4554\" data-end=\"4630\"><strong data-start=\"4556\" data-end=\"4606\">T\u00eate de r\u00e9gulation continue ou \u00e0 quatre pads :<\/strong> Disponible en option.<\/li>\n<li data-start=\"4631\" data-end=\"4689\"><strong data-start=\"4633\" data-end=\"4687\">Compteur de cycles 7 chiffres non r\u00e9initialisable.<\/strong><\/li>\n<li data-start=\"4690\" data-end=\"4937\"><strong data-start=\"4692\" data-end=\"4722\">Compatibilit\u00e9 de montage :<\/strong> Peut \u00eatre mont\u00e9 sur toute presse \u00e0 sertir avec une hauteur de sertissage de 135,8 mm \u00b1 0,02 mm (mesur\u00e9e depuis la plaque de base du mini-applicateur jusqu&rsquo;\u00e0 la jonction en T de la presse au point mort inf\u00e9rieur).<\/li>\n<li data-start=\"4938\" data-end=\"5085\"><strong data-start=\"4940\" data-end=\"4969\">Utilisation polyvalente :<\/strong> Peut \u00eatre utilis\u00e9 manuellement (pour presse de table) ou automatiquement (pour machines de coupe et de d\u00e9nudage).<\/li>\n<li data-start=\"5086\" data-end=\"5222\"><strong data-start=\"5088\" data-end=\"5126\">Documentation technique compl\u00e8te :<\/strong> Inclut toutes les informations n\u00e9cessaires pour une utilisation s\u00fbre et un entretien correct.<\/li>\n<li data-start=\"5223\" data-end=\"5318\"><strong data-start=\"5225\" data-end=\"5260\">\u00c9tude de capacit\u00e9 sur demande :<\/strong> Comprend une photo d&rsquo;un manchon serti coup\u00e9 en section.<\/li>\n<\/ul>\n<p data-start=\"5320\" data-end=\"5365\"><strong data-start=\"5320\" data-end=\"5363\">Am\u00e9liorations de la famille Restyling :<\/strong><\/p>\n<ul data-start=\"5366\" data-end=\"6161\" data-is-last-node=\"\">\n<li data-start=\"5366\" data-end=\"5578\"><strong data-start=\"5368\" data-end=\"5394\">Aambeeld rempla\u00e7able :<\/strong> L&rsquo;aambeeld peut \u00eatre remplac\u00e9 sans retirer l&rsquo;applicateur de la presse. L&rsquo;aambeeld est compos\u00e9 de deux parties, c\u00e2ble et isolation, permettant de remplacer uniquement la partie us\u00e9e.<\/li>\n<li data-start=\"5579\" data-end=\"5704\"><strong data-start=\"5581\" data-end=\"5614\">Plaque de base plus \u00e9paisse :<\/strong> La plaque de base du mini-applicateur est plus \u00e9paisse pour une plus grande robustesse.<\/li>\n<li data-start=\"5705\" data-end=\"5870\"><strong data-start=\"5707\" data-end=\"5750\">Remplacement des sertisseurs facilit\u00e9 :<\/strong> Le corps du mini-applicateur permet de remplacer les sertisseurs sans retirer le v\u00e9rin ou l&rsquo;applicateur de la presse.<\/li>\n<li data-start=\"5871\" data-end=\"6079\"><strong data-start=\"5873\" data-end=\"5936\">Syst\u00e8me de r\u00e9glage de l&rsquo;\u00e9cartement plus facile \u00e0 utiliser :<\/strong> Le centrage du manchon sur l&rsquo;aambeeld est d\u00e9sormais encore plus facile et est clairement illustr\u00e9 dans la documentation technique d\u00e9taill\u00e9e.<\/li>\n<li data-start=\"6080\" data-end=\"6161\" data-is-last-node=\"\"><strong data-start=\"6082\" data-end=\"6159\">Produit sous un syst\u00e8me de gestion de la qualit\u00e9 certifi\u00e9 ISO 9001 (T\u00dcV).<\/strong><\/li>\n<\/ul>\n","protected":false},"excerpt":{"rendered":"<p>L&rsquo;applicateur pneumatique Restyling<\/p>\n","protected":false},"featured_media":0,"template":"","meta":{"_acf_changed":false},"pwb-brand":[18272],"product_brand":[],"product_cat":[18037,17990,17993],"product_tag":[],"class_list":{"0":"post-25474","1":"product","2":"type-product","3":"status-publish","5":"pwb-brand-brand-mecal-fr","6":"product_cat-applicators-crimptooling-fr","7":"product_cat-cables-et-cablage-fr","8":"product_cat-couper-denuder-sertissage-fr","10":"first","11":"instock","12":"taxable","13":"shipping-taxable","14":"product-type-simple"},"acf":[],"yoast_head":"<!-- This site is optimized with the Yoast SEO plugin v27.1.1 - https:\/\/yoast.com\/product\/yoast-seo-wordpress\/ -->\n<title>Restyling Pneumatic Applicator - Smans<\/title>\n<meta name=\"robots\" content=\"index, follow, max-snippet:-1, max-image-preview:large, max-video-preview:-1\" \/>\n<link rel=\"canonical\" href=\"https:\/\/smans.com\/fr\/product\/restyling-pneumatic-applicator\/\" \/>\n<meta property=\"og:locale\" content=\"fr_FR\" \/>\n<meta property=\"og:type\" content=\"article\" \/>\n<meta property=\"og:title\" content=\"Restyling Pneumatic Applicator - Smans\" \/>\n<meta property=\"og:description\" content=\"L&#039;applicateur pneumatique Restyling\" \/>\n<meta property=\"og:url\" content=\"https:\/\/smans.com\/fr\/product\/restyling-pneumatic-applicator\/\" \/>\n<meta property=\"og:site_name\" content=\"Smans\" \/>\n<meta property=\"article:modified_time\" content=\"2026-04-10T11:09:30+00:00\" \/>\n<meta name=\"twitter:card\" content=\"summary_large_image\" \/>\n<meta name=\"twitter:label1\" content=\"Dur\u00e9e de lecture estim\u00e9e\" \/>\n\t<meta name=\"twitter:data1\" content=\"2 minutes\" \/>\n<script type=\"application\/ld+json\" class=\"yoast-schema-graph\">{\"@context\":\"https:\/\/schema.org\",\"@graph\":[{\"@type\":\"WebPage\",\"@id\":\"https:\/\/smans.com\/fr\/product\/restyling-pneumatic-applicator\/\",\"url\":\"https:\/\/smans.com\/fr\/product\/restyling-pneumatic-applicator\/\",\"name\":\"Restyling Pneumatic Applicator - Smans\",\"isPartOf\":{\"@id\":\"https:\/\/smans.com\/nl\/#website\"},\"datePublished\":\"2024-06-09T15:12:14+00:00\",\"dateModified\":\"2026-04-10T11:09:30+00:00\",\"breadcrumb\":{\"@id\":\"https:\/\/smans.com\/fr\/product\/restyling-pneumatic-applicator\/#breadcrumb\"},\"inLanguage\":\"fr-FR\",\"potentialAction\":[{\"@type\":\"ReadAction\",\"target\":[\"https:\/\/smans.com\/fr\/product\/restyling-pneumatic-applicator\/\"]}]},{\"@type\":\"BreadcrumbList\",\"@id\":\"https:\/\/smans.com\/fr\/product\/restyling-pneumatic-applicator\/#breadcrumb\",\"itemListElement\":[{\"@type\":\"ListItem\",\"position\":1,\"name\":\"Home\",\"item\":\"https:\/\/smans.com\/fr\/\"},{\"@type\":\"ListItem\",\"position\":2,\"name\":\"Boutique\",\"item\":\"https:\/\/smans.com\/nl\/shop\/\"},{\"@type\":\"ListItem\",\"position\":3,\"name\":\"Mecal - Restyling Pneumatic Applicator\"}]},{\"@type\":\"WebSite\",\"@id\":\"https:\/\/smans.com\/nl\/#website\",\"url\":\"https:\/\/smans.com\/nl\/\",\"name\":\"Smans\",\"description\":\"\",\"publisher\":{\"@id\":\"https:\/\/smans.com\/nl\/#organization\"},\"potentialAction\":[{\"@type\":\"SearchAction\",\"target\":{\"@type\":\"EntryPoint\",\"urlTemplate\":\"https:\/\/smans.com\/nl\/?s={search_term_string}\"},\"query-input\":{\"@type\":\"PropertyValueSpecification\",\"valueRequired\":true,\"valueName\":\"search_term_string\"}}],\"inLanguage\":\"fr-FR\"},{\"@type\":\"Organization\",\"@id\":\"https:\/\/smans.com\/nl\/#organization\",\"name\":\"Smans\",\"url\":\"https:\/\/smans.com\/nl\/\",\"logo\":{\"@type\":\"ImageObject\",\"inLanguage\":\"fr-FR\",\"@id\":\"https:\/\/smans.com\/nl\/#\/schema\/logo\/image\/\",\"url\":\"https:\/\/smans.com\/wp-content\/uploads\/2023\/09\/logo.svg\",\"contentUrl\":\"https:\/\/smans.com\/wp-content\/uploads\/2023\/09\/logo.svg\",\"caption\":\"Smans\"},\"image\":{\"@id\":\"https:\/\/smans.com\/nl\/#\/schema\/logo\/image\/\"}}]}<\/script>\n<!-- \/ Yoast SEO plugin. -->","yoast_head_json":{"title":"Restyling Pneumatic Applicator - Smans","robots":{"index":"index","follow":"follow","max-snippet":"max-snippet:-1","max-image-preview":"max-image-preview:large","max-video-preview":"max-video-preview:-1"},"canonical":"https:\/\/smans.com\/fr\/product\/restyling-pneumatic-applicator\/","og_locale":"fr_FR","og_type":"article","og_title":"Restyling Pneumatic Applicator - Smans","og_description":"L'applicateur pneumatique Restyling","og_url":"https:\/\/smans.com\/fr\/product\/restyling-pneumatic-applicator\/","og_site_name":"Smans","article_modified_time":"2026-04-10T11:09:30+00:00","twitter_card":"summary_large_image","twitter_misc":{"Dur\u00e9e de lecture estim\u00e9e":"2 minutes"},"schema":{"@context":"https:\/\/schema.org","@graph":[{"@type":"WebPage","@id":"https:\/\/smans.com\/fr\/product\/restyling-pneumatic-applicator\/","url":"https:\/\/smans.com\/fr\/product\/restyling-pneumatic-applicator\/","name":"Restyling Pneumatic Applicator - Smans","isPartOf":{"@id":"https:\/\/smans.com\/nl\/#website"},"datePublished":"2024-06-09T15:12:14+00:00","dateModified":"2026-04-10T11:09:30+00:00","breadcrumb":{"@id":"https:\/\/smans.com\/fr\/product\/restyling-pneumatic-applicator\/#breadcrumb"},"inLanguage":"fr-FR","potentialAction":[{"@type":"ReadAction","target":["https:\/\/smans.com\/fr\/product\/restyling-pneumatic-applicator\/"]}]},{"@type":"BreadcrumbList","@id":"https:\/\/smans.com\/fr\/product\/restyling-pneumatic-applicator\/#breadcrumb","itemListElement":[{"@type":"ListItem","position":1,"name":"Home","item":"https:\/\/smans.com\/fr\/"},{"@type":"ListItem","position":2,"name":"Boutique","item":"https:\/\/smans.com\/nl\/shop\/"},{"@type":"ListItem","position":3,"name":"Mecal - Restyling Pneumatic Applicator"}]},{"@type":"WebSite","@id":"https:\/\/smans.com\/nl\/#website","url":"https:\/\/smans.com\/nl\/","name":"Smans","description":"","publisher":{"@id":"https:\/\/smans.com\/nl\/#organization"},"potentialAction":[{"@type":"SearchAction","target":{"@type":"EntryPoint","urlTemplate":"https:\/\/smans.com\/nl\/?s={search_term_string}"},"query-input":{"@type":"PropertyValueSpecification","valueRequired":true,"valueName":"search_term_string"}}],"inLanguage":"fr-FR"},{"@type":"Organization","@id":"https:\/\/smans.com\/nl\/#organization","name":"Smans","url":"https:\/\/smans.com\/nl\/","logo":{"@type":"ImageObject","inLanguage":"fr-FR","@id":"https:\/\/smans.com\/nl\/#\/schema\/logo\/image\/","url":"https:\/\/smans.com\/wp-content\/uploads\/2023\/09\/logo.svg","contentUrl":"https:\/\/smans.com\/wp-content\/uploads\/2023\/09\/logo.svg","caption":"Smans"},"image":{"@id":"https:\/\/smans.com\/nl\/#\/schema\/logo\/image\/"}}]}},"brands":[{"id":18272,"name":"Mecal","slug":"brand-mecal-fr"}],"_links":{"self":[{"href":"https:\/\/smans.com\/fr\/wp-json\/wp\/v2\/product\/25474","targetHints":{"allow":["GET"]}}],"collection":[{"href":"https:\/\/smans.com\/fr\/wp-json\/wp\/v2\/product"}],"about":[{"href":"https:\/\/smans.com\/fr\/wp-json\/wp\/v2\/types\/product"}],"wp:attachment":[{"href":"https:\/\/smans.com\/fr\/wp-json\/wp\/v2\/media?parent=25474"}],"wp:term":[{"taxonomy":"pwb-brand","embeddable":true,"href":"https:\/\/smans.com\/fr\/wp-json\/wp\/v2\/pwb-brand?post=25474"},{"taxonomy":"product_brand","embeddable":true,"href":"https:\/\/smans.com\/fr\/wp-json\/wp\/v2\/product_brand?post=25474"},{"taxonomy":"product_cat","embeddable":true,"href":"https:\/\/smans.com\/fr\/wp-json\/wp\/v2\/product_cat?post=25474"},{"taxonomy":"product_tag","embeddable":true,"href":"https:\/\/smans.com\/fr\/wp-json\/wp\/v2\/product_tag?post=25474"}],"curies":[{"name":"wp","href":"https:\/\/api.w.org\/{rel}","templated":true}]}}