{"id":25476,"date":"2024-06-09T17:11:43","date_gmt":"2024-06-09T15:11:43","guid":{"rendered":"https:\/\/smans.com\/product\/data-wire-lambda-240\/"},"modified":"2026-04-07T12:45:56","modified_gmt":"2026-04-07T10:45:56","slug":"data-wire-lambda-240","status":"publish","type":"product","link":"https:\/\/smans.com\/fr\/product\/data-wire-lambda-240\/","title":{"rendered":"Komax - Data Wire Lambda 240"},"content":{"rendered":"<div class=\"flex max-w-full flex-col flex-grow\">\n<div class=\"min-h-8 text-message flex w-full flex-col items-end gap-2 whitespace-normal break-words text-start [.text-message+&amp;]:mt-5\" dir=\"auto\" data-message-author-role=\"assistant\" data-message-id=\"552d68ae-4209-4d52-9f9a-76bed7a69dec\" data-message-model-slug=\"gpt-4o-mini\">\n<div class=\"flex w-full flex-col gap-1 empty:hidden first:pt-[3px]\">\n<div class=\"markdown prose w-full break-words dark:prose-invert light\">\n<p data-start=\"2185\" data-end=\"2414\">La Lambda 240 est con\u00e7ue pour traiter de petites quantit\u00e9s de diff\u00e9rents types de c\u00e2bles haute tension. Gr\u00e2ce \u00e0 un temps de changement rapide, les produits peuvent \u00eatre facilement remplac\u00e9s, assurant ainsi une grande flexibilit\u00e9.<\/p>\n<p data-start=\"2416\" data-end=\"2452\"><strong data-start=\"2416\" data-end=\"2450\">Caract\u00e9ristiques principales :<\/strong><\/p>\n<ul data-start=\"2453\" data-end=\"3288\" data-is-last-node=\"\">\n<li data-start=\"2453\" data-end=\"2534\"><strong data-start=\"2455\" data-end=\"2487\">Temps de changement rapide :<\/strong> Permet de remplacer facilement les produits.<\/li>\n<li data-start=\"2535\" data-end=\"2643\"><strong data-start=\"2537\" data-end=\"2570\">Changement d&rsquo;outil flexible :<\/strong> Convient pour divers processus de traitement des c\u00e2bles haute tension.<\/li>\n<li data-start=\"2644\" data-end=\"2784\"><strong data-start=\"2646\" data-end=\"2689\">Syst\u00e8me de plateforme modulaire (MPS) :<\/strong> L&rsquo;agencement de la machine peut \u00eatre personnalis\u00e9 avec les modules de processus n\u00e9cessaires.<\/li>\n<li data-start=\"2785\" data-end=\"2982\"><strong data-start=\"2787\" data-end=\"2812\">Conception compacte :<\/strong> Disponible en deux tailles, la version \u00e9troite peut supporter 2 \u00e0 3 modules de processus, tandis que la version \u00e0 cadre large peut contenir 2 \u00e0 5 modules de processus.<\/li>\n<li data-start=\"2983\" data-end=\"3112\"><strong data-start=\"2985\" data-end=\"3035\">Id\u00e9ale pour les petits volumes de production :<\/strong> Parfaite pour des volumes allant de 250 \u00e0 600 000 embouts de c\u00e2ble par an.<\/li>\n<li data-start=\"3113\" data-end=\"3184\"><strong data-start=\"3115\" data-end=\"3132\">Tra\u00e7abilit\u00e9 :<\/strong> Tra\u00e7abilit\u00e9 compl\u00e8te des mat\u00e9riaux et des outils.<\/li>\n<li data-start=\"3185\" data-end=\"3288\" data-is-last-node=\"\"><strong data-start=\"3187\" data-end=\"3214\">Qualit\u00e9 de traitement :<\/strong> Traitement des embouts de c\u00e2ble selon les meilleures normes de qualit\u00e9.<\/li>\n<\/ul>\n<\/div>\n<\/div>\n<\/div>\n<\/div>\n<div class=\"mb-2 flex gap-3 empty:hidden -ml-2\">\n<div class=\"items-center justify-start rounded-xl p-1 flex\">\u00a0<\/div>\n<\/div>\n","protected":false},"excerpt":{"rendered":"<p>La Lambda 240: le traitement des c\u00e2bles \u00e0 haute tension<\/p>\n","protected":false},"featured_media":0,"template":"","meta":{"_acf_changed":false},"pwb-brand":[18260],"product_brand":[],"product_cat":[17990,17993,18041],"product_tag":[],"class_list":{"0":"post-25476","1":"product","2":"type-product","3":"status-publish","5":"pwb-brand-brand-komax-fr","6":"product_cat-cables-et-cablage-fr","7":"product_cat-couper-denuder-sertissage-fr","8":"product_cat-special-applications-fr","10":"first","11":"instock","12":"taxable","13":"shipping-taxable","14":"product-type-simple"},"acf":[],"yoast_head":"<!-- This site is optimized with the Yoast SEO plugin v27.1.1 - https:\/\/yoast.com\/product\/yoast-seo-wordpress\/ -->\n<title>Data Wire Lambda 240 - Smans<\/title>\n<meta name=\"robots\" content=\"index, follow, max-snippet:-1, max-image-preview:large, max-video-preview:-1\" \/>\n<link rel=\"canonical\" href=\"https:\/\/smans.com\/fr\/product\/data-wire-lambda-240\/\" \/>\n<meta property=\"og:locale\" content=\"fr_FR\" \/>\n<meta property=\"og:type\" content=\"article\" \/>\n<meta property=\"og:title\" content=\"Data Wire Lambda 240 - Smans\" \/>\n<meta property=\"og:description\" content=\"La Lambda 240: le traitement des c\u00e2bles \u00e0 haute tension\" \/>\n<meta property=\"og:url\" content=\"https:\/\/smans.com\/fr\/product\/data-wire-lambda-240\/\" \/>\n<meta property=\"og:site_name\" content=\"Smans\" \/>\n<meta property=\"article:modified_time\" content=\"2026-04-07T10:45:56+00:00\" \/>\n<meta name=\"twitter:card\" content=\"summary_large_image\" \/>\n<meta name=\"twitter:label1\" content=\"Dur\u00e9e de lecture estim\u00e9e\" \/>\n\t<meta name=\"twitter:data1\" content=\"1 minute\" \/>\n<script type=\"application\/ld+json\" class=\"yoast-schema-graph\">{\"@context\":\"https:\/\/schema.org\",\"@graph\":[{\"@type\":\"WebPage\",\"@id\":\"https:\/\/smans.com\/fr\/product\/data-wire-lambda-240\/\",\"url\":\"https:\/\/smans.com\/fr\/product\/data-wire-lambda-240\/\",\"name\":\"Data Wire Lambda 240 - Smans\",\"isPartOf\":{\"@id\":\"https:\/\/smans.com\/nl\/#website\"},\"datePublished\":\"2024-06-09T15:11:43+00:00\",\"dateModified\":\"2026-04-07T10:45:56+00:00\",\"breadcrumb\":{\"@id\":\"https:\/\/smans.com\/fr\/product\/data-wire-lambda-240\/#breadcrumb\"},\"inLanguage\":\"fr-FR\",\"potentialAction\":[{\"@type\":\"ReadAction\",\"target\":[\"https:\/\/smans.com\/fr\/product\/data-wire-lambda-240\/\"]}]},{\"@type\":\"BreadcrumbList\",\"@id\":\"https:\/\/smans.com\/fr\/product\/data-wire-lambda-240\/#breadcrumb\",\"itemListElement\":[{\"@type\":\"ListItem\",\"position\":1,\"name\":\"Home\",\"item\":\"https:\/\/smans.com\/fr\/\"},{\"@type\":\"ListItem\",\"position\":2,\"name\":\"Boutique\",\"item\":\"https:\/\/smans.com\/nl\/shop\/\"},{\"@type\":\"ListItem\",\"position\":3,\"name\":\"Komax - Data Wire Lambda 240\"}]},{\"@type\":\"WebSite\",\"@id\":\"https:\/\/smans.com\/nl\/#website\",\"url\":\"https:\/\/smans.com\/nl\/\",\"name\":\"Smans\",\"description\":\"\",\"publisher\":{\"@id\":\"https:\/\/smans.com\/nl\/#organization\"},\"potentialAction\":[{\"@type\":\"SearchAction\",\"target\":{\"@type\":\"EntryPoint\",\"urlTemplate\":\"https:\/\/smans.com\/nl\/?s={search_term_string}\"},\"query-input\":{\"@type\":\"PropertyValueSpecification\",\"valueRequired\":true,\"valueName\":\"search_term_string\"}}],\"inLanguage\":\"fr-FR\"},{\"@type\":\"Organization\",\"@id\":\"https:\/\/smans.com\/nl\/#organization\",\"name\":\"Smans\",\"url\":\"https:\/\/smans.com\/nl\/\",\"logo\":{\"@type\":\"ImageObject\",\"inLanguage\":\"fr-FR\",\"@id\":\"https:\/\/smans.com\/nl\/#\/schema\/logo\/image\/\",\"url\":\"https:\/\/smans.com\/wp-content\/uploads\/2023\/09\/logo.svg\",\"contentUrl\":\"https:\/\/smans.com\/wp-content\/uploads\/2023\/09\/logo.svg\",\"caption\":\"Smans\"},\"image\":{\"@id\":\"https:\/\/smans.com\/nl\/#\/schema\/logo\/image\/\"}}]}<\/script>\n<!-- \/ Yoast SEO plugin. -->","yoast_head_json":{"title":"Data Wire Lambda 240 - Smans","robots":{"index":"index","follow":"follow","max-snippet":"max-snippet:-1","max-image-preview":"max-image-preview:large","max-video-preview":"max-video-preview:-1"},"canonical":"https:\/\/smans.com\/fr\/product\/data-wire-lambda-240\/","og_locale":"fr_FR","og_type":"article","og_title":"Data Wire Lambda 240 - Smans","og_description":"La Lambda 240: le traitement des c\u00e2bles \u00e0 haute tension","og_url":"https:\/\/smans.com\/fr\/product\/data-wire-lambda-240\/","og_site_name":"Smans","article_modified_time":"2026-04-07T10:45:56+00:00","twitter_card":"summary_large_image","twitter_misc":{"Dur\u00e9e de lecture estim\u00e9e":"1 minute"},"schema":{"@context":"https:\/\/schema.org","@graph":[{"@type":"WebPage","@id":"https:\/\/smans.com\/fr\/product\/data-wire-lambda-240\/","url":"https:\/\/smans.com\/fr\/product\/data-wire-lambda-240\/","name":"Data Wire Lambda 240 - Smans","isPartOf":{"@id":"https:\/\/smans.com\/nl\/#website"},"datePublished":"2024-06-09T15:11:43+00:00","dateModified":"2026-04-07T10:45:56+00:00","breadcrumb":{"@id":"https:\/\/smans.com\/fr\/product\/data-wire-lambda-240\/#breadcrumb"},"inLanguage":"fr-FR","potentialAction":[{"@type":"ReadAction","target":["https:\/\/smans.com\/fr\/product\/data-wire-lambda-240\/"]}]},{"@type":"BreadcrumbList","@id":"https:\/\/smans.com\/fr\/product\/data-wire-lambda-240\/#breadcrumb","itemListElement":[{"@type":"ListItem","position":1,"name":"Home","item":"https:\/\/smans.com\/fr\/"},{"@type":"ListItem","position":2,"name":"Boutique","item":"https:\/\/smans.com\/nl\/shop\/"},{"@type":"ListItem","position":3,"name":"Komax - Data Wire Lambda 240"}]},{"@type":"WebSite","@id":"https:\/\/smans.com\/nl\/#website","url":"https:\/\/smans.com\/nl\/","name":"Smans","description":"","publisher":{"@id":"https:\/\/smans.com\/nl\/#organization"},"potentialAction":[{"@type":"SearchAction","target":{"@type":"EntryPoint","urlTemplate":"https:\/\/smans.com\/nl\/?s={search_term_string}"},"query-input":{"@type":"PropertyValueSpecification","valueRequired":true,"valueName":"search_term_string"}}],"inLanguage":"fr-FR"},{"@type":"Organization","@id":"https:\/\/smans.com\/nl\/#organization","name":"Smans","url":"https:\/\/smans.com\/nl\/","logo":{"@type":"ImageObject","inLanguage":"fr-FR","@id":"https:\/\/smans.com\/nl\/#\/schema\/logo\/image\/","url":"https:\/\/smans.com\/wp-content\/uploads\/2023\/09\/logo.svg","contentUrl":"https:\/\/smans.com\/wp-content\/uploads\/2023\/09\/logo.svg","caption":"Smans"},"image":{"@id":"https:\/\/smans.com\/nl\/#\/schema\/logo\/image\/"}}]}},"brands":[{"id":18260,"name":"Komax","slug":"brand-komax-fr"}],"_links":{"self":[{"href":"https:\/\/smans.com\/fr\/wp-json\/wp\/v2\/product\/25476","targetHints":{"allow":["GET"]}}],"collection":[{"href":"https:\/\/smans.com\/fr\/wp-json\/wp\/v2\/product"}],"about":[{"href":"https:\/\/smans.com\/fr\/wp-json\/wp\/v2\/types\/product"}],"wp:attachment":[{"href":"https:\/\/smans.com\/fr\/wp-json\/wp\/v2\/media?parent=25476"}],"wp:term":[{"taxonomy":"pwb-brand","embeddable":true,"href":"https:\/\/smans.com\/fr\/wp-json\/wp\/v2\/pwb-brand?post=25476"},{"taxonomy":"product_brand","embeddable":true,"href":"https:\/\/smans.com\/fr\/wp-json\/wp\/v2\/product_brand?post=25476"},{"taxonomy":"product_cat","embeddable":true,"href":"https:\/\/smans.com\/fr\/wp-json\/wp\/v2\/product_cat?post=25476"},{"taxonomy":"product_tag","embeddable":true,"href":"https:\/\/smans.com\/fr\/wp-json\/wp\/v2\/product_tag?post=25476"}],"curies":[{"name":"wp","href":"https:\/\/api.w.org\/{rel}","templated":true}]}}